{"id":7684,"date":"2022-03-25T12:36:03","date_gmt":"2022-03-25T11:36:03","guid":{"rendered":"https:\/\/agora.xtec.cat\/ies-olivar-gran\/?page_id=7684"},"modified":"2026-04-07T08:59:34","modified_gmt":"2026-04-07T06:59:34","slug":"preinscripcio-fp-basica","status":"publish","type":"page","link":"https:\/\/agora.xtec.cat\/ies-olivar-gran\/secretaria\/preinscripcio\/preinscripcio-fp-basica\/","title":{"rendered":"Preinscripci\u00f3 CF Grau B\u00e0sic"},"content":{"rendered":"<h3><span style=\"text-decoration: underline; color: #000000;\"><strong>PREINSCRIPCI\u00d3 CF GRAU B\u00c0SIC CURS 2026-27<\/strong><\/span><\/h3>\n<p><span style=\"color: #000000;\">Del 4 al 13 de maig de 2026.<\/span><\/p>\n<p><span style=\"color: #087eb6;\"><strong><u><span style=\"font-size: 14pt;\">CALENDARI<\/span><\/u><\/strong><\/span><\/p>\n<ul style=\"list-style-type: square;\">\n<li style=\"text-align: justify;\"><span style=\"color: #000000;\">Publicaci\u00f3 de l&#8217;oferta inicial: pendent de publicaci\u00f3.<\/span><\/li>\n<li style=\"text-align: justify;\"><span style=\"color: #000000;\"><strong>Per\u00edode de presentaci\u00f3 de sol\u00b7licituds: pendent de publicaci\u00f3.<\/strong><\/span>\n<ul style=\"list-style-type: square;\">\n<li style=\"text-align: justify;\"><span style=\"color: #000000;\"><strong><a href=\"https:\/\/documents.espai.educacio.gencat.cat\/FormularisModels\/CentresGestioAdministrativa\/A151.pdf\"> Document preinscripci\u00f3<\/a>\u00a0<\/strong><\/span><\/li>\n<li><a href=\"https:\/\/agora.xtec.cat\/ies-olivar-gran\/wp-content\/uploads\/usu2116\/2026\/03\/A936.pdf\" target=\"_blank\" rel=\"noopener\"><strong>Consell orientador (documentaci\u00f3 oficial)<\/strong><\/a><\/li>\n<\/ul>\n<\/li>\n<\/ul>\n<p><span style=\"color: #000000;\"><span style=\"font-size: 10pt;\">(<\/span><\/span><span style=\"font-size: 10pt;\">Entregar presencialment a la secretaria del centre de dilluns a divendres de 9 a 16 hores, i les tardes de dimarts i dimecres de 15 a 16.30 hores).<\/span><\/p>\n<ul style=\"list-style-type: square;\">\n<li style=\"text-align: justify;\"><span style=\"color: #000000;\">Llista de sol\u00b7licituds amb la puntuaci\u00f3 provisional: pendent de publicaci\u00f3.<\/span><\/li>\n<li style=\"text-align: justify;\"><span style=\"color: #000000;\">Presentaci\u00f3 de reclamacions: pendent de publicaci\u00f3.<\/span><\/li>\n<li>Sorteig del n\u00famero de desempat: <span style=\"color: #000000;\">pendent de publicaci\u00f3.<\/span><\/li>\n<li style=\"text-align: justify;\"><span style=\"color: #000000;\">Llista de sol\u00b7licituds amb la puntuaci\u00f3 un cop resoltes les reclamacions: pendent de publicaci\u00f3.<\/span><\/li>\n<li style=\"text-align: justify;\"><span style=\"color: #000000;\">Publicaci\u00f3 de l&#8217;oferta final: pendent de publicaci\u00f3.<\/span><\/li>\n<li>Publicaci\u00f3 de les llistes d&#8217;alumnes admesos: <span style=\"color: #000000;\">pendent de publicaci\u00f3.<\/span><\/li>\n<li><span style=\"color: #000000;\"><strong>Per\u00edode de matr\u00edcula: pendent de publicaci\u00f3.<\/strong><\/span><\/li>\n<\/ul>\n<p><span style=\"color: #087eb6; font-size: 14pt;\"><strong><u>PUBLICACIONS PROC\u00c9S DE PREINSCRIPCI\u00d3 DE L\u2019INSTITUT OLIVAR GRAN 2026-27<\/u><\/strong><\/span><\/p>\n<ul>\n<li>Oferta inicial de places 30\/05<\/li>\n<li>Llista provisional 28\/05<\/li>\n<li>Llista definitiva 12\/06<\/li>\n<li>Oferta final de places 26\/06<\/li>\n<li>Llista admesos i exclosos 26\/06<\/li>\n<\/ul>\n","protected":false},"excerpt":{"rendered":"<p>PREINSCRIPCI\u00d3 CF GRAU B\u00c0SIC CURS 2026-27 Del 4 al 13 de maig de 2026. CALENDARI Publicaci\u00f3 de l&#8217;oferta inicial: pendent de publicaci\u00f3. Per\u00edode de presentaci\u00f3 de sol\u00b7licituds: pendent de publicaci\u00f3. Document preinscripci\u00f3\u00a0 Consell orientador (documentaci\u00f3 oficial) (Entregar presencialment a la secretaria del centre de dilluns a divendres de 9 a 16 hores, i les tardes [&hellip;]<\/p>\n","protected":false},"author":1,"featured_media":0,"parent":951,"menu_order":4,"comment_status":"closed","ping_status":"closed","template":"page-templates\/side-menu.php","meta":{"_bbp_topic_count":0,"_bbp_reply_count":0,"_bbp_total_topic_count":0,"_bbp_total_reply_count":0,"_bbp_voice_count":0,"_bbp_anonymous_reply_count":0,"_bbp_topic_count_hidden":0,"_bbp_reply_count_hidden":0,"_bbp_forum_subforum_count":0,"site-sidebar-layout":"default","site-content-layout":"","ast-site-content-layout":"default","site-content-style":"default","site-sidebar-style":"default","ast-global-header-display":"","ast-banner-title-visibility":"","ast-main-header-display":"","ast-hfb-above-header-display":"","ast-hfb-below-header-display":"","ast-hfb-mobile-header-display":"","site-post-title":"","ast-breadcrumbs-content":"","ast-featured-img":"","footer-sml-layout":"","theme-transparent-header-meta":"","adv-header-id-meta":"","stick-header-meta":"","header-above-stick-meta":"","header-main-stick-meta":"","header-below-stick-meta":"","astra-migrate-meta-layouts":"set","ast-page-background-enabled":"default","ast-page-background-meta":{"desktop":{"background-color":"var(--ast-global-color-4)","background-image":"","background-repeat":"repeat","background-position":"center center","background-size":"auto","background-attachment":"scroll","background-type":"","background-media":"","overlay-type":"","overlay-color":"","overlay-opacity":"","overlay-gradient":""},"tablet":{"background-color":"","background-image":"","background-repeat":"repeat","background-position":"center center","background-size":"auto","background-attachment":"scroll","background-type":"","background-media":"","overlay-type":"","overlay-color":"","overlay-opacity":"","overlay-gradient":""},"mobile":{"background-color":"","background-image":"","background-repeat":"repeat","background-position":"center center","background-size":"auto","background-attachment":"scroll","background-type":"","background-media":"","overlay-type":"","overlay-color":"","overlay-opacity":"","overlay-gradient":""}},"ast-content-background-meta":{"desktop":{"background-color":"var(--ast-global-color-5)","background-image":"","background-repeat":"repeat","background-position":"center center","background-size":"auto","background-attachment":"scroll","background-type":"","background-media":"","overlay-type":"","overlay-color":"","overlay-opacity":"","overlay-gradient":""},"tablet":{"background-color":"var(--ast-global-color-5)","background-image":"","background-repeat":"repeat","background-position":"center center","background-size":"auto","background-attachment":"scroll","background-type":"","background-media":"","overlay-type":"","overlay-color":"","overlay-opacity":"","overlay-gradient":""},"mobile":{"background-color":"var(--ast-global-color-5)","background-image":"","background-repeat":"repeat","background-position":"center center","background-size":"auto","background-attachment":"scroll","background-type":"","background-media":"","overlay-type":"","overlay-color":"","overlay-opacity":"","overlay-gradient":""}},"footnotes":""},"class_list":["post-7684","page","type-page","status-publish","hentry"],"post_mailing_queue_ids":[],"_links":{"self":[{"href":"https:\/\/agora.xtec.cat\/ies-olivar-gran\/wp-json\/wp\/v2\/pages\/7684","targetHints":{"allow":["GET"]}}],"collection":[{"href":"https:\/\/agora.xtec.cat\/ies-olivar-gran\/wp-json\/wp\/v2\/pages"}],"about":[{"href":"https:\/\/agora.xtec.cat\/ies-olivar-gran\/wp-json\/wp\/v2\/types\/page"}],"author":[{"embeddable":true,"href":"https:\/\/agora.xtec.cat\/ies-olivar-gran\/wp-json\/wp\/v2\/users\/1"}],"replies":[{"embeddable":true,"href":"https:\/\/agora.xtec.cat\/ies-olivar-gran\/wp-json\/wp\/v2\/comments?post=7684"}],"version-history":[{"count":6,"href":"https:\/\/agora.xtec.cat\/ies-olivar-gran\/wp-json\/wp\/v2\/pages\/7684\/revisions"}],"predecessor-version":[{"id":14859,"href":"https:\/\/agora.xtec.cat\/ies-olivar-gran\/wp-json\/wp\/v2\/pages\/7684\/revisions\/14859"}],"up":[{"embeddable":true,"href":"https:\/\/agora.xtec.cat\/ies-olivar-gran\/wp-json\/wp\/v2\/pages\/951"}],"wp:attachment":[{"href":"https:\/\/agora.xtec.cat\/ies-olivar-gran\/wp-json\/wp\/v2\/media?parent=7684"}],"curies":[{"name":"wp","href":"https:\/\/api.w.org\/{rel}","templated":true}]}}