{"id":649,"date":"2020-05-07T13:44:50","date_gmt":"2020-05-07T11:44:50","guid":{"rendered":"https:\/\/agora.xtec.cat\/ies-olivar-gran\/?page_id=649"},"modified":"2025-04-09T11:59:09","modified_gmt":"2025-04-09T09:59:09","slug":"og-internacional","status":"publish","type":"page","link":"https:\/\/agora.xtec.cat\/ies-olivar-gran\/og-internacional\/","title":{"rendered":"OG INTERNACIONAL"},"content":{"rendered":"<p style=\"text-align: justify;\">Des de l&#8217;Institut Olivar Gran ja fa anys que apostem per la internacionalitzaci\u00f3 dels nostres alumnes, per aix\u00f2 hem impulsat i hem participat en nombrosos projectes en col\u00b7laboraci\u00f3 amb d&#8217;altres centres tant a nivell espanyol com europeu. A continuaci\u00f3, podreu trobar l&#8217;explicaci\u00f3 de cadascun d&#8217;ells desglossats per etapes educatives. Vegeu <a href=\"https:\/\/www.canva.com\/design\/DAGi07chII4\/9SEpN1CFGT3ix2P0uSzUTg\/edit?utm_content=DAGi07chII4&amp;utm_campaign=designshare&amp;utm_medium=link2&amp;utm_source=sharebutton\" target=\"_blank\" rel=\"noopener\"><span style=\"text-decoration: underline;\">aqu\u00ed<\/span><\/a> tamb\u00e9 l&#8217;evoluci\u00f3 del nostre programa Erasmus+<\/p>\n<p>&nbsp;<\/p>\n<p>&nbsp;<\/p>\n<table style=\"width: 99.8647%; border-collapse: collapse; border-style: solid; border-color: #000000; height: 108px;\">\n<tbody>\n<tr>\n<td style=\"width: 33.3333%; border-style: solid; border-color: #000000; background-color: #1387ed; text-align: center;\"><a href=\"https:\/\/sites.google.com\/xtec.cat\/og-internacional-esobat\/inici?pli=1\" target=\"_blank\" rel=\"noopener\"><span style=\"color: #000000;\"><strong>ESO I BATXILLERAT<\/strong><\/span><\/a><\/td>\n<td style=\"width: 33.3333%; border-style: solid; border-color: #000000; background-color: #0eddf0; text-align: center;\"><a href=\"https:\/\/sites.google.com\/olivargran.cat\/og-internacional\/inici\" target=\"_blank\" rel=\"noopener\"><span style=\"color: #000000;\"><strong>CICLES FORMATIUS<\/strong><\/span><\/a><\/td>\n<td style=\"width: 33.3333%; border-style: solid; border-color: #000000; background-color: #05f559; text-align: center;\"><a href=\"https:\/\/sites.google.com\/xtec.cat\/oginternacional--professorat\/inici\" target=\"_blank\" rel=\"noopener\"><span style=\"color: #000000;\"><strong>PROFESSORAT<\/strong><\/span><\/a><\/td>\n<\/tr>\n<\/tbody>\n<\/table>\n<p>&nbsp;<\/p>\n<p><img loading=\"lazy\" decoding=\"async\" class=\"size-full wp-image-1407 aligncenter\" src=\"https:\/\/agora.xtec.cat\/ies-olivar-gran\/wp-content\/uploads\/usu2116\/2020\/06\/gente.png\" alt=\"\" width=\"512\" height=\"300\" srcset=\"https:\/\/agora.xtec.cat\/ies-olivar-gran\/wp-content\/uploads\/usu2116\/2020\/06\/gente.png 512w, https:\/\/agora.xtec.cat\/ies-olivar-gran\/wp-content\/uploads\/usu2116\/2020\/06\/gente-300x176.png 300w\" sizes=\"auto, (max-width: 512px) 100vw, 512px\" \/><\/p>\n<p>&nbsp;<\/p>\n<p><img loading=\"lazy\" decoding=\"async\" class=\"size-medium wp-image-9092 aligncenter\" src=\"https:\/\/agora.xtec.cat\/ies-olivar-gran\/wp-content\/uploads\/usu2116\/2022\/11\/cofinanciado-union-300x72.png\" alt=\"\" width=\"300\" height=\"72\" srcset=\"https:\/\/agora.xtec.cat\/ies-olivar-gran\/wp-content\/uploads\/usu2116\/2022\/11\/cofinanciado-union-300x72.png 300w, https:\/\/agora.xtec.cat\/ies-olivar-gran\/wp-content\/uploads\/usu2116\/2022\/11\/cofinanciado-union-1024x246.png 1024w, https:\/\/agora.xtec.cat\/ies-olivar-gran\/wp-content\/uploads\/usu2116\/2022\/11\/cofinanciado-union-768x184.png 768w, https:\/\/agora.xtec.cat\/ies-olivar-gran\/wp-content\/uploads\/usu2116\/2022\/11\/cofinanciado-union.png 1280w\" sizes=\"auto, (max-width: 300px) 100vw, 300px\" \/> <img loading=\"lazy\" decoding=\"async\" class=\"size-medium wp-image-9089 aligncenter\" src=\"https:\/\/agora.xtec.cat\/ies-olivar-gran\/wp-content\/uploads\/usu2116\/2022\/11\/Untitled-300x111.gif\" alt=\"\" width=\"300\" height=\"111\" \/><\/p>\n<p>&nbsp;<\/p>\n<p>&nbsp;<\/p>\n<p>&nbsp;<\/p>\n<p>&nbsp;<\/p>\n<p>&nbsp;<\/p>\n<p>&nbsp;<\/p>\n<p>&nbsp;<\/p>\n","protected":false},"excerpt":{"rendered":"<p>Des de l&#8217;Institut Olivar Gran ja fa anys que apostem per la internacionalitzaci\u00f3 dels nostres alumnes, per aix\u00f2 hem impulsat i hem participat en nombrosos projectes en col\u00b7laboraci\u00f3 amb d&#8217;altres centres tant a nivell espanyol com europeu. A continuaci\u00f3, podreu trobar l&#8217;explicaci\u00f3 de cadascun d&#8217;ells desglossats per etapes educatives. Vegeu aqu\u00ed tamb\u00e9 l&#8217;evoluci\u00f3 del nostre [&hellip;]<\/p>\n","protected":false},"author":1,"featured_media":0,"parent":0,"menu_order":0,"comment_status":"closed","ping_status":"closed","template":"page-templates\/side-menu.php","meta":{"_bbp_topic_count":0,"_bbp_reply_count":0,"_bbp_total_topic_count":0,"_bbp_total_reply_count":0,"_bbp_voice_count":0,"_bbp_anonymous_reply_count":0,"_bbp_topic_count_hidden":0,"_bbp_reply_count_hidden":0,"_bbp_forum_subforum_count":0,"site-sidebar-layout":"default","site-content-layout":"","ast-site-content-layout":"","site-content-style":"default","site-sidebar-style":"default","ast-global-header-display":"","ast-banner-title-visibility":"","ast-main-header-display":"","ast-hfb-above-header-display":"","ast-hfb-below-header-display":"","ast-hfb-mobile-header-display":"","site-post-title":"","ast-breadcrumbs-content":"","ast-featured-img":"","footer-sml-layout":"","theme-transparent-header-meta":"","adv-header-id-meta":"","stick-header-meta":"","header-above-stick-meta":"","header-main-stick-meta":"","header-below-stick-meta":"","astra-migrate-meta-layouts":"default","ast-page-background-enabled":"default","ast-page-background-meta":{"desktop":{"background-color":"var(--ast-global-color-4)","background-image":"","background-repeat":"repeat","background-position":"center center","background-size":"auto","background-attachment":"scroll","background-type":"","background-media":"","overlay-type":"","overlay-color":"","overlay-opacity":"","overlay-gradient":""},"tablet":{"background-color":"","background-image":"","background-repeat":"repeat","background-position":"center center","background-size":"auto","background-attachment":"scroll","background-type":"","background-media":"","overlay-type":"","overlay-color":"","overlay-opacity":"","overlay-gradient":""},"mobile":{"background-color":"","background-image":"","background-repeat":"repeat","background-position":"center center","background-size":"auto","background-attachment":"scroll","background-type":"","background-media":"","overlay-type":"","overlay-color":"","overlay-opacity":"","overlay-gradient":""}},"ast-content-background-meta":{"desktop":{"background-color":"var(--ast-global-color-5)","background-image":"","background-repeat":"repeat","background-position":"center center","background-size":"auto","background-attachment":"scroll","background-type":"","background-media":"","overlay-type":"","overlay-color":"","overlay-opacity":"","overlay-gradient":""},"tablet":{"background-color":"var(--ast-global-color-5)","background-image":"","background-repeat":"repeat","background-position":"center center","background-size":"auto","background-attachment":"scroll","background-type":"","background-media":"","overlay-type":"","overlay-color":"","overlay-opacity":"","overlay-gradient":""},"mobile":{"background-color":"var(--ast-global-color-5)","background-image":"","background-repeat":"repeat","background-position":"center center","background-size":"auto","background-attachment":"scroll","background-type":"","background-media":"","overlay-type":"","overlay-color":"","overlay-opacity":"","overlay-gradient":""}},"footnotes":""},"class_list":["post-649","page","type-page","status-publish","hentry"],"post_mailing_queue_ids":[],"_links":{"self":[{"href":"https:\/\/agora.xtec.cat\/ies-olivar-gran\/wp-json\/wp\/v2\/pages\/649","targetHints":{"allow":["GET"]}}],"collection":[{"href":"https:\/\/agora.xtec.cat\/ies-olivar-gran\/wp-json\/wp\/v2\/pages"}],"about":[{"href":"https:\/\/agora.xtec.cat\/ies-olivar-gran\/wp-json\/wp\/v2\/types\/page"}],"author":[{"embeddable":true,"href":"https:\/\/agora.xtec.cat\/ies-olivar-gran\/wp-json\/wp\/v2\/users\/1"}],"replies":[{"embeddable":true,"href":"https:\/\/agora.xtec.cat\/ies-olivar-gran\/wp-json\/wp\/v2\/comments?post=649"}],"version-history":[{"count":5,"href":"https:\/\/agora.xtec.cat\/ies-olivar-gran\/wp-json\/wp\/v2\/pages\/649\/revisions"}],"predecessor-version":[{"id":13427,"href":"https:\/\/agora.xtec.cat\/ies-olivar-gran\/wp-json\/wp\/v2\/pages\/649\/revisions\/13427"}],"wp:attachment":[{"href":"https:\/\/agora.xtec.cat\/ies-olivar-gran\/wp-json\/wp\/v2\/media?parent=649"}],"curies":[{"name":"wp","href":"https:\/\/api.w.org\/{rel}","templated":true}]}}