{"id":634,"date":"2020-05-07T12:37:34","date_gmt":"2020-05-07T10:37:34","guid":{"rendered":"https:\/\/agora.xtec.cat\/ies-olivar-gran\/?page_id=634"},"modified":"2026-04-17T10:12:35","modified_gmt":"2026-04-17T08:12:35","slug":"matricula","status":"publish","type":"page","link":"https:\/\/agora.xtec.cat\/ies-olivar-gran\/secretaria\/matricula\/","title":{"rendered":"Matr\u00edcula"},"content":{"rendered":"\n<h3 class=\"wp-block-heading\"><strong><span style=\"color: #000000;\">CURS 2026-27<\/span><\/strong><\/h3>\n\n\n\n<p>Trobareu aqu\u00ed tota la informaci\u00f3 espec\u00edfica sobre la matr\u00edcula de l\u2019Institut Olivar Gran.<\/p>\n\n\n\n<figure class=\"wp-block-table  aligncenter\"><table class=\"has-fixed-layout\"><tbody><tr><td><span style=\"color: #000000;\"><b>MATR\u00cdCULA ESO<\/b><\/span><\/td><td><strong>del 22 al 30 de juny de 2026<\/strong><\/td><\/tr><tr><td><a href=\"https:\/\/agora.xtec.cat\/ies-olivar-gran\/secretaria\/matricula\/matricula-1r-eso\/\"><span style=\"color: #000000;\"><b>Matr\u00edcula 1r ESO<\/b><\/span><\/a><\/td><td><strong>PENDENT<\/strong><\/td><\/tr><tr><td><a href=\"https:\/\/agora.xtec.cat\/ies-olivar-gran\/secretaria\/matricula\/matricula-interna-eso\/\"><span style=\"color: #000000;\"><strong>Matr\u00edcula INTERNA 2n, 3r i 4t ESO<\/strong><\/span><\/a><\/td><td>&nbsp;<\/td><\/tr><tr><td colspan=\"2\"><strong>Els alumnes, que actualment fan 1r, 2n i 3r d&#8217;ESO, no s&#8217;han de matricular. Se&#8217;ls passar\u00e0 un full de confirmaci\u00f3 de pla\u00e7a durant el mes d&#8217;abril. Full de pagament Material Escolar. Full de pagament Asseguran\u00e7a Obligat\u00f2ria Escolar (Motxilla Pedag\u00f2gica).<\/strong><\/td><\/tr><tr><td><a href=\"https:\/\/agora.xtec.cat\/ies-olivar-gran\/secretaria\/matricula\/matricula-batxillerat\/\" target=\"_blank\" rel=\"noopener\"><span style=\"color: #000000;\"><strong>Matr\u00edcula BATXILLERAT<\/strong><\/span><\/a><\/td><td><strong>del 18 al 30 de juny de 202<\/strong>6<\/td><\/tr><tr><td><a href=\"https:\/\/agora.xtec.cat\/ies-olivar-gran\/secretaria\/matricula\/matricula-batxibac\/\" target=\"_blank\" rel=\"noopener\"><span style=\"color: #000000;\"><strong>Matr\u00edcula <\/strong><strong>BATXIBAC<\/strong><\/span><\/a><\/td><td><strong>pendent de publicaci\u00f3<\/strong><\/td><\/tr><tr><td><a href=\"https:\/\/agora.xtec.cat\/ies-olivar-gran\/secretaria\/matricula\/matricula-fp-basica\/\" target=\"_blank\" rel=\"noopener\"><span style=\"color: #000000;\"><strong>Matr\u00edcula CF GRAU B\u00c0SIC<\/strong><\/span><\/a><\/td><td><strong>pendent de publicaci\u00f3<\/strong><\/td><\/tr><tr><td><a href=\"https:\/\/agora.xtec.cat\/ies-olivar-gran\/secretaria\/matricula\/matricula-cicles-formatius-de-grau-mig-2\/\" target=\"_blank\" rel=\"noopener\"><span style=\"color: #000000;\"><strong>Matr\u00edcula CICLES FORMATIUS DE GRAU MITJ\u00c0<\/strong><\/span><\/a><\/td><td><strong>1a assignaci\u00f3: del 10 al 14 de juliol de 2026<\/strong> <p><strong>2a assignaci\u00f3: el 24 i 28 de juliol de 2026<\/strong><\/p><\/td><\/tr><tr><td><a href=\"https:\/\/agora.xtec.cat\/ies-olivar-gran\/secretaria\/matricula\/matricula-cicles-formatius-de-grau-superior-2\/\" target=\"_blank\" rel=\"noopener\"><span style=\"color: #000000;\"><strong>Matr\u00edcula CICLES FORMATIUS DE GRAU SUPERIOR<\/strong><\/span><\/a><\/td><td><strong>1a assignaci\u00f3: del 10 al 14 de juliol de 2026<\/strong> <p><strong>2a assignaci\u00f3: el 24 i 28 de juliol de 2026<\/strong><\/p><\/td><\/tr><tr><td><a href=\"https:\/\/agora.xtec.cat\/ies-olivar-gran\/secretaria\/matricula\/matricula-pfi\/\" target=\"_blank\" rel=\"noopener\"><span style=\"color: #000000;\"><strong>Matr\u00edcula PFI<\/strong><\/span><\/a><\/td><td><strong>del 6 al 10 de juliol de 2026<\/strong><\/td><\/tr><tr><td><a href=\"https:\/\/agora.xtec.cat\/ies-olivar-gran\/secretaria\/matricula\/matricula-itinerari-de-formacio-especifica-ife\/\" target=\"_blank\" rel=\"noopener\"><span style=\"color: #000000;\"><strong>Matr\u00edcula IFE&nbsp;<\/strong><\/span><\/a><\/td><td><strong>del 19 al 26 de juny de 2026<\/strong><\/td><\/tr><tr><td><span style=\"color: #000000;\"><strong>FULLS DE PAGAMENT ESO I BAT<\/strong><\/span><\/td><td><span style=\"text-decoration: underline;\"><a href=\"https:\/\/agora.xtec.cat\/ies-olivar-gran\/ins-olivar-gran\/fulls-de-pagament-eso-i-bat\/\" target=\"_blank\" rel=\"noopener\"><strong>ENLLA\u00c7<\/strong><\/a><\/span><\/td><\/tr><\/tbody><\/table><\/figure>\n\n\n\n<figure class=\"wp-block-image aligncenter\"><img loading=\"lazy\" decoding=\"async\" width=\"512\" height=\"512\" src=\"https:\/\/agora.xtec.cat\/ies-olivar-gran\/wp-content\/uploads\/usu2116\/2020\/06\/matr\u00edcula.png\" alt=\"\" class=\"wp-image-1197\" srcset=\"https:\/\/agora.xtec.cat\/ies-olivar-gran\/wp-content\/uploads\/usu2116\/2020\/06\/matr\u00edcula.png 512w, https:\/\/agora.xtec.cat\/ies-olivar-gran\/wp-content\/uploads\/usu2116\/2020\/06\/matr\u00edcula-150x150.png 150w, https:\/\/agora.xtec.cat\/ies-olivar-gran\/wp-content\/uploads\/usu2116\/2020\/06\/matr\u00edcula-300x300.png 300w\" sizes=\"auto, (max-width: 512px) 100vw, 512px\" \/><\/figure>\n","protected":false},"excerpt":{"rendered":"<p>CURS 2026-27 Trobareu aqu\u00ed tota la informaci\u00f3 espec\u00edfica sobre la matr\u00edcula de l\u2019Institut Olivar Gran. MATR\u00cdCULA ESO del 22 al 30 de juny de 2026 Matr\u00edcula 1r ESO PENDENT Matr\u00edcula INTERNA 2n, 3r i 4t ESO &nbsp; Els alumnes, que actualment fan 1r, 2n i 3r d&#8217;ESO, no s&#8217;han de matricular. Se&#8217;ls passar\u00e0 un full [&hellip;]<\/p>\n","protected":false},"author":1,"featured_media":0,"parent":81,"menu_order":3,"comment_status":"closed","ping_status":"closed","template":"page-templates\/side-menu.php","meta":{"_bbp_topic_count":0,"_bbp_reply_count":0,"_bbp_total_topic_count":0,"_bbp_total_reply_count":0,"_bbp_voice_count":0,"_bbp_anonymous_reply_count":0,"_bbp_topic_count_hidden":0,"_bbp_reply_count_hidden":0,"_bbp_forum_subforum_count":0,"site-sidebar-layout":"default","site-content-layout":"","ast-site-content-layout":"default","site-content-style":"default","site-sidebar-style":"default","ast-global-header-display":"","ast-banner-title-visibility":"","ast-main-header-display":"","ast-hfb-above-header-display":"","ast-hfb-below-header-display":"","ast-hfb-mobile-header-display":"","site-post-title":"","ast-breadcrumbs-content":"","ast-featured-img":"","footer-sml-layout":"","theme-transparent-header-meta":"","adv-header-id-meta":"","stick-header-meta":"","header-above-stick-meta":"","header-main-stick-meta":"","header-below-stick-meta":"","astra-migrate-meta-layouts":"set","ast-page-background-enabled":"default","ast-page-background-meta":{"desktop":{"background-color":"var(--ast-global-color-4)","background-image":"","background-repeat":"repeat","background-position":"center center","background-size":"auto","background-attachment":"scroll","background-type":"","background-media":"","overlay-type":"","overlay-color":"","overlay-opacity":"","overlay-gradient":""},"tablet":{"background-color":"","background-image":"","background-repeat":"repeat","background-position":"center center","background-size":"auto","background-attachment":"scroll","background-type":"","background-media":"","overlay-type":"","overlay-color":"","overlay-opacity":"","overlay-gradient":""},"mobile":{"background-color":"","background-image":"","background-repeat":"repeat","background-position":"center center","background-size":"auto","background-attachment":"scroll","background-type":"","background-media":"","overlay-type":"","overlay-color":"","overlay-opacity":"","overlay-gradient":""}},"ast-content-background-meta":{"desktop":{"background-color":"var(--ast-global-color-5)","background-image":"","background-repeat":"repeat","background-position":"center center","background-size":"auto","background-attachment":"scroll","background-type":"","background-media":"","overlay-type":"","overlay-color":"","overlay-opacity":"","overlay-gradient":""},"tablet":{"background-color":"var(--ast-global-color-5)","background-image":"","background-repeat":"repeat","background-position":"center center","background-size":"auto","background-attachment":"scroll","background-type":"","background-media":"","overlay-type":"","overlay-color":"","overlay-opacity":"","overlay-gradient":""},"mobile":{"background-color":"var(--ast-global-color-5)","background-image":"","background-repeat":"repeat","background-position":"center center","background-size":"auto","background-attachment":"scroll","background-type":"","background-media":"","overlay-type":"","overlay-color":"","overlay-opacity":"","overlay-gradient":""}},"footnotes":""},"class_list":["post-634","page","type-page","status-publish","hentry"],"post_mailing_queue_ids":[],"_links":{"self":[{"href":"https:\/\/agora.xtec.cat\/ies-olivar-gran\/wp-json\/wp\/v2\/pages\/634","targetHints":{"allow":["GET"]}}],"collection":[{"href":"https:\/\/agora.xtec.cat\/ies-olivar-gran\/wp-json\/wp\/v2\/pages"}],"about":[{"href":"https:\/\/agora.xtec.cat\/ies-olivar-gran\/wp-json\/wp\/v2\/types\/page"}],"author":[{"embeddable":true,"href":"https:\/\/agora.xtec.cat\/ies-olivar-gran\/wp-json\/wp\/v2\/users\/1"}],"replies":[{"embeddable":true,"href":"https:\/\/agora.xtec.cat\/ies-olivar-gran\/wp-json\/wp\/v2\/comments?post=634"}],"version-history":[{"count":6,"href":"https:\/\/agora.xtec.cat\/ies-olivar-gran\/wp-json\/wp\/v2\/pages\/634\/revisions"}],"predecessor-version":[{"id":14914,"href":"https:\/\/agora.xtec.cat\/ies-olivar-gran\/wp-json\/wp\/v2\/pages\/634\/revisions\/14914"}],"up":[{"embeddable":true,"href":"https:\/\/agora.xtec.cat\/ies-olivar-gran\/wp-json\/wp\/v2\/pages\/81"}],"wp:attachment":[{"href":"https:\/\/agora.xtec.cat\/ies-olivar-gran\/wp-json\/wp\/v2\/media?parent=634"}],"curies":[{"name":"wp","href":"https:\/\/api.w.org\/{rel}","templated":true}]}}