{"id":6244,"date":"2021-08-13T18:42:21","date_gmt":"2021-08-13T16:42:21","guid":{"rendered":"https:\/\/agora.xtec.cat\/ies-olivar-gran\/?page_id=6244"},"modified":"2026-04-10T10:46:27","modified_gmt":"2026-04-10T08:46:27","slug":"horaris-cicles-formatius-i-ife","status":"publish","type":"page","link":"https:\/\/agora.xtec.cat\/ies-olivar-gran\/horaris-cicles-formatius-i-ife\/","title":{"rendered":"Horaris Cicles Formatius, IFE i CF Grau B\u00e0sic CURS 25-26"},"content":{"rendered":"<p><span style=\"text-decoration: underline; font-size: 14pt;\"><span style=\"color: #000000; font-family: 'arial black', sans-serif;\"><strong>HORARIS IFE:<\/strong><\/span><\/span><\/p>\n<table style=\"border-collapse: collapse; width: 100%; height: 32px;\">\n<tbody>\n<tr style=\"height: 32px;\">\n<td style=\"width: 8.62006%; height: 32px; border-style: solid; border-color: #000000; background-color: #f9e79f;\"><span style=\"font-size: 12pt;\"><strong>IFE<\/strong><\/span><\/td>\n<td style=\"width: 18.6428%; height: 32px; border-style: solid; border-color: #000000; text-align: center; background-color: #f9e79f;\"><span style=\"color: #000000;\"><a style=\"color: #000000;\" href=\"https:\/\/agora.xtec.cat\/ies-olivar-gran\/wp-content\/uploads\/usu2116\/2025\/07\/1R-IFE.pdf\" target=\"_blank\" rel=\"noopener\"><strong>1r CURS<\/strong><\/a><\/span><\/td>\n<td style=\"width: 21.9458%; border-style: solid; border-color: #000000; text-align: center; background-color: #f9e79f;\"><span style=\"color: #000000;\"><a style=\"color: #000000;\" href=\"https:\/\/agora.xtec.cat\/ies-olivar-gran\/wp-content\/uploads\/usu2116\/2025\/07\/2n-IFE.pdf\" target=\"_blank\" rel=\"noopener\"><strong>2n CURS<\/strong><\/a><\/span><\/td>\n<td style=\"width: 23.4509%; border-style: solid; border-color: #000000; text-align: center; background-color: #f9e79f;\"><span style=\"color: #000000;\"><a style=\"color: #000000;\" href=\"https:\/\/agora.xtec.cat\/ies-olivar-gran\/wp-content\/uploads\/usu2116\/2025\/07\/3r-IFE.pdf\" target=\"_blank\" rel=\"noopener\"><strong>3r CURS<\/strong><\/a><\/span><\/td>\n<td style=\"width: 20.5603%; border-style: solid; border-color: #000000; text-align: center; background-color: #f9e79f;\"><span style=\"color: #000000;\"><a style=\"color: #000000;\" href=\"https:\/\/agora.xtec.cat\/ies-olivar-gran\/wp-content\/uploads\/usu2116\/2025\/07\/4rt-IFE.pdf\" target=\"_blank\" rel=\"noopener\"><strong>4t CURS<\/strong><\/a><\/span><\/td>\n<td style=\"width: 6.78021%; height: 32px; border-style: solid; border-color: #ffffff; background-color: #ffffff;\">\u00a0<\/td>\n<\/tr>\n<\/tbody>\n<\/table>\n<p><span style=\"text-decoration: underline; font-size: 14pt;\"><span style=\"color: #000000; font-family: 'arial black', sans-serif;\"><strong>HORARIS CF GRAU B\u00c0SIC<\/strong><\/span><\/span><\/p>\n<table style=\"border-collapse: collapse; width: 60.3256%; height: 32px;\">\n<tbody>\n<tr style=\"height: 32px;\">\n<td style=\"width: 36.8525%; height: 32px; border-style: solid; border-color: #000000; background-color: #f9e79f;\"><span style=\"font-size: 12pt;\"><strong>CF GRAU B\u00c0SIC<\/strong><\/span><\/td>\n<td style=\"width: 33.5228%; height: 32px; border-style: solid; border-color: #000000; text-align: center; background-color: #f9e79f;\"><span style=\"color: #000000;\"><strong><a style=\"color: #000000;\" href=\"https:\/\/agora.xtec.cat\/ies-olivar-gran\/wp-content\/uploads\/usu2116\/2025\/07\/1r-GRAU-BASIC.pdf\" target=\"_blank\" rel=\"noopener\">1r CURS<\/a><\/strong><\/span><\/td>\n<td style=\"width: 73.7622%; border-style: solid; border-color: #000000; text-align: center; background-color: #f9e79f; height: 32px;\"><span style=\"color: #000000;\"><a style=\"color: #000000;\" href=\"https:\/\/agora.xtec.cat\/ies-olivar-gran\/wp-content\/uploads\/usu2116\/2025\/07\/2n-GRAU-BASIC.pdf\" target=\"_blank\" rel=\"noopener\"><strong>2n CURS<\/strong><\/a><\/span><\/td>\n<\/tr>\n<\/tbody>\n<\/table>\n<p><span style=\"text-decoration: underline; font-size: 14pt;\"><span style=\"color: #000000; font-family: 'arial black', sans-serif;\"><strong>HORARIS CICLES FORMATIUS DE GRAU MIG:<\/strong><\/span><\/span><\/p>\n<table style=\"height: 96px; width: 93.2212%; border-collapse: collapse; border-style: solid; border-color: #ffffff;\">\n<tbody>\n<tr style=\"height: 32px;\">\n<td style=\"width: 28.6409%; height: 32px; border-style: solid; border-color: #000000; background-color: #f7dc6f;\"><span style=\"font-size: 12pt;\"><strong>Cuina i Gastronomia<\/strong><\/span><\/td>\n<td style=\"width: 17.2204%; height: 32px; border-style: solid; border-color: #000000; background-color: #f7dc6f; text-align: center;\"><span style=\"color: #000000;\"><a style=\"color: #000000;\" href=\"https:\/\/agora.xtec.cat\/ies-olivar-gran\/wp-content\/uploads\/usu2116\/2025\/07\/1r-CUINA-I-GASTRONOMIA-A.pdf\" target=\"_blank\" rel=\"noopener\"><strong>1r CURS Grup A<\/strong><\/a><\/span><\/td>\n<td style=\"width: 19.012%; height: 32px; border-style: solid; border-color: #000000; background-color: #f7dc6f; text-align: center;\"><span style=\"color: #000000;\"><a style=\"color: #000000;\" href=\"https:\/\/agora.xtec.cat\/ies-olivar-gran\/wp-content\/uploads\/usu2116\/2025\/07\/1R-CUINA-I-GASTRONOMIA-B-1.pdf\" target=\"_blank\" rel=\"noopener\"><strong>1r CURS Grup B<\/strong><\/a><\/span><\/td>\n<td style=\"width: 28.3488%; height: 32px; text-align: center; border-style: solid; border-color: #000000; background-color: #f7dc6f;\"><span style=\"color: #000000;\"><a style=\"color: #000000;\" href=\"https:\/\/agora.xtec.cat\/ies-olivar-gran\/wp-content\/uploads\/usu2116\/2025\/07\/2n-CUINA-I-GASTRONOMIA.pdf\" target=\"_blank\" rel=\"noopener\"><strong>2n CURS<\/strong><\/a><\/span><\/td>\n<\/tr>\n<tr style=\"height: 32px;\">\n<td style=\"width: 28.6409%; height: 32px; border-style: solid; border-color: #000000; background-color: #f1c40f;\"><span style=\"font-size: 12pt;\"><strong>Serveis en restauraci\u00f3<\/strong><\/span><\/td>\n<td style=\"width: 36.2324%; height: 32px; text-align: center; border-style: solid; border-color: #000000; background-color: #f1c40f;\" colspan=\"2\"><span style=\"color: #000000;\"><a style=\"color: #000000;\" href=\"https:\/\/agora.xtec.cat\/ies-olivar-gran\/wp-content\/uploads\/usu2116\/2025\/07\/1r-SERVEIS-EN-RESTAURACIO.pdf\" target=\"_blank\" rel=\"noopener\"><strong>1r CURS<\/strong><\/a><\/span><\/td>\n<td style=\"width: 28.3488%; height: 32px; text-align: center; border-style: solid; border-color: #000000; background-color: #f1c40f;\"><span style=\"color: #000000;\"><a style=\"color: #000000;\" href=\"https:\/\/agora.xtec.cat\/ies-olivar-gran\/wp-content\/uploads\/usu2116\/2025\/07\/2n-SERVEIS-EN-RESTAURACIO.pdf\" target=\"_blank\" rel=\"noopener\"><strong>2n CURS<\/strong><\/a><\/span><\/td>\n<\/tr>\n<tr style=\"height: 32px;\">\n<td style=\"width: 28.6409%; height: 32px; border-style: solid; border-color: #000000; background-color: #b7950b;\"><span style=\"font-size: 12pt;\"><strong>Forneria, Pastisseria i Confiteria<\/strong><\/span><\/td>\n<td style=\"width: 36.2324%; height: 32px; text-align: center; border-style: solid; border-color: #000000; background-color: #b7950b;\" colspan=\"2\"><span style=\"color: #000000;\"><a style=\"color: #000000;\" href=\"https:\/\/agora.xtec.cat\/ies-olivar-gran\/wp-content\/uploads\/usu2116\/2025\/07\/1r-FORNERIA-PASTISSERIA-I-CONFITERIA.pdf\" target=\"_blank\" rel=\"noopener\"><strong>1r CURS<\/strong><\/a><\/span><\/td>\n<td style=\"width: 28.3488%; height: 32px; text-align: center; border-style: solid; border-color: #000000; background-color: #b7950b;\"><span style=\"color: #000000;\"><a style=\"color: #000000;\" href=\"https:\/\/agora.xtec.cat\/ies-olivar-gran\/wp-content\/uploads\/usu2116\/2025\/07\/2n-FORNERIA-PASTISSERIA-I-CONFITERIA.pdf\" target=\"_blank\" rel=\"noopener\"><strong>2n CURS<\/strong><\/a><\/span><\/td>\n<\/tr>\n<\/tbody>\n<\/table>\n<p><span style=\"text-decoration: underline; font-size: 14pt;\"><span style=\"color: #000000; font-family: 'arial black', sans-serif;\"><strong>HORARIS CICLES FORMATIUS DE GRAU SUPERIOR:<\/strong><\/span><\/span><\/p>\n<table style=\"width: 71.6369%; border-collapse: collapse; border-style: solid; border-color: #ffffff; height: 32px;\">\n<tbody>\n<tr style=\"height: 32px;\">\n<td style=\"width: 14.3317%; border-style: solid; border-color: #000000; background-color: #b7950b; height: 32px;\"><strong><span style=\"font-size: 12pt;\">Direcci\u00f3 de Cuina DUAL<\/span><\/strong><\/td>\n<td style=\"width: 23.2399%; border-style: solid; border-color: #000000; background-color: #b7950b; text-align: center; height: 32px;\"><span style=\"color: #000000;\"><a style=\"color: #000000;\" href=\"https:\/\/agora.xtec.cat\/ies-olivar-gran\/wp-content\/uploads\/usu2116\/2025\/07\/1R-DIRECCIO-DE-CUINA.pdf\" target=\"_blank\" rel=\"noopener\"><strong>1r CURS<\/strong><\/a><\/span><\/td>\n<td style=\"width: 15.0109%; border-style: solid; border-color: #000000; background-color: #b7950b; height: 32px; text-align: center;\"><span style=\"color: #000000;\"><a style=\"color: #000000;\" href=\"https:\/\/agora.xtec.cat\/ies-olivar-gran\/wp-content\/uploads\/usu2116\/2025\/07\/2n-DIRECCIO-DE-CUINA.pdf\" target=\"_blank\" rel=\"noopener\"><strong>2n CURS<\/strong><\/a><\/span><\/td>\n<\/tr>\n<\/tbody>\n<\/table>\n<p><span style=\"text-decoration: underline; font-size: 14pt;\"><span style=\"color: #000000; font-family: 'arial black', sans-serif;\"><strong>HORARIS PFI-PIP AUX. HOTELERIA:<\/strong><\/span><\/span><\/p>\n<table style=\"width: 72.0256%; border-collapse: collapse; border-style: solid; border-color: #ffffff; height: 32px;\">\n<tbody>\n<tr style=\"height: 32px;\">\n<td style=\"width: 27.2522%; border-style: solid; border-color: #000000; height: 32px; background-color: #f9e79f;\"><strong><span style=\"font-size: 12pt;\">PFI-PIP Aux. D&#8217;Hoteleria: Cuina i Serveis en Restauraci\u00f3<\/span><\/strong><\/td>\n<td style=\"width: 11.4414%; border-style: solid; border-color: #000000; text-align: center; height: 32px; background-color: #f9e79f;\"><span style=\"color: #000000;\"><a style=\"color: #000000;\" href=\"https:\/\/agora.xtec.cat\/ies-olivar-gran\/wp-content\/uploads\/usu2116\/2025\/07\/PFI-PIP-CUINA-I-SERVEIS-EN-RESTAURACIO.pdf\" target=\"_blank\" rel=\"noopener\"><strong>1r CURS<\/strong><\/a><\/span><\/td>\n<\/tr>\n<\/tbody>\n<\/table>\n\n\n<hr class=\"wp-block-separator has-alpha-channel-opacity\"\/>\n\n\n\n<p>L&#8217;inici de les estades en empreses de l\u2019alumnat de CFGM i CFGS est\u00e0 previst per a finals del tercer trimestre del primer curs de cada cicle formatiu.<\/p>\n\n\n\n<p>Abans de comen\u00e7ar-les, s&#8217;adjudicaran els tutors als diferents grups d\u2019alumnes, d\u2019acord amb l\u2019especialitat.<\/p>\n\n\n\n<p>L\u2019alumnat que pugui accedir a la realitzaci\u00f3 de l&#8217;estada haur\u00e0 de tenir aprovada la RA2 del m\u00f2dul d\u2019IPO (IPO 1), aix\u00ed com haver rebut formaci\u00f3 en protecci\u00f3 de dades i tenir signat el document&nbsp;<strong>Declaraci\u00f3 de recepci\u00f3 de formaci\u00f3 en normativa de protecci\u00f3 de dades<\/strong>.<\/p>\n","protected":false},"excerpt":{"rendered":"<p>HORARIS IFE: IFE 1r CURS 2n CURS 3r CURS 4t CURS \u00a0 HORARIS CF GRAU B\u00c0SIC CF GRAU B\u00c0SIC 1r CURS 2n CURS HORARIS CICLES FORMATIUS DE GRAU MIG: Cuina i Gastronomia 1r CURS Grup A 1r CURS Grup B 2n CURS Serveis en restauraci\u00f3 1r CURS 2n CURS Forneria, Pastisseria i Confiteria 1r CURS [&hellip;]<\/p>\n","protected":false},"author":1,"featured_media":0,"parent":0,"menu_order":0,"comment_status":"closed","ping_status":"closed","template":"page-templates\/side-menu.php","meta":{"_bbp_topic_count":0,"_bbp_reply_count":0,"_bbp_total_topic_count":0,"_bbp_total_reply_count":0,"_bbp_voice_count":0,"_bbp_anonymous_reply_count":0,"_bbp_topic_count_hidden":0,"_bbp_reply_count_hidden":0,"_bbp_forum_subforum_count":0,"site-sidebar-layout":"default","site-content-layout":"","ast-site-content-layout":"default","site-content-style":"default","site-sidebar-style":"default","ast-global-header-display":"","ast-banner-title-visibility":"","ast-main-header-display":"","ast-hfb-above-header-display":"","ast-hfb-below-header-display":"","ast-hfb-mobile-header-display":"","site-post-title":"","ast-breadcrumbs-content":"","ast-featured-img":"","footer-sml-layout":"","theme-transparent-header-meta":"","adv-header-id-meta":"","stick-header-meta":"","header-above-stick-meta":"","header-main-stick-meta":"","header-below-stick-meta":"","astra-migrate-meta-layouts":"set","ast-page-background-enabled":"default","ast-page-background-meta":{"desktop":{"background-color":"var(--ast-global-color-4)","background-image":"","background-repeat":"repeat","background-position":"center center","background-size":"auto","background-attachment":"scroll","background-type":"","background-media":"","overlay-type":"","overlay-color":"","overlay-opacity":"","overlay-gradient":""},"tablet":{"background-color":"","background-image":"","background-repeat":"repeat","background-position":"center center","background-size":"auto","background-attachment":"scroll","background-type":"","background-media":"","overlay-type":"","overlay-color":"","overlay-opacity":"","overlay-gradient":""},"mobile":{"background-color":"","background-image":"","background-repeat":"repeat","background-position":"center center","background-size":"auto","background-attachment":"scroll","background-type":"","background-media":"","overlay-type":"","overlay-color":"","overlay-opacity":"","overlay-gradient":""}},"ast-content-background-meta":{"desktop":{"background-color":"var(--ast-global-color-5)","background-image":"","background-repeat":"repeat","background-position":"center center","background-size":"auto","background-attachment":"scroll","background-type":"","background-media":"","overlay-type":"","overlay-color":"","overlay-opacity":"","overlay-gradient":""},"tablet":{"background-color":"var(--ast-global-color-5)","background-image":"","background-repeat":"repeat","background-position":"center center","background-size":"auto","background-attachment":"scroll","background-type":"","background-media":"","overlay-type":"","overlay-color":"","overlay-opacity":"","overlay-gradient":""},"mobile":{"background-color":"var(--ast-global-color-5)","background-image":"","background-repeat":"repeat","background-position":"center center","background-size":"auto","background-attachment":"scroll","background-type":"","background-media":"","overlay-type":"","overlay-color":"","overlay-opacity":"","overlay-gradient":""}},"footnotes":""},"class_list":["post-6244","page","type-page","status-publish","hentry"],"post_mailing_queue_ids":[],"_links":{"self":[{"href":"https:\/\/agora.xtec.cat\/ies-olivar-gran\/wp-json\/wp\/v2\/pages\/6244","targetHints":{"allow":["GET"]}}],"collection":[{"href":"https:\/\/agora.xtec.cat\/ies-olivar-gran\/wp-json\/wp\/v2\/pages"}],"about":[{"href":"https:\/\/agora.xtec.cat\/ies-olivar-gran\/wp-json\/wp\/v2\/types\/page"}],"author":[{"embeddable":true,"href":"https:\/\/agora.xtec.cat\/ies-olivar-gran\/wp-json\/wp\/v2\/users\/1"}],"replies":[{"embeddable":true,"href":"https:\/\/agora.xtec.cat\/ies-olivar-gran\/wp-json\/wp\/v2\/comments?post=6244"}],"version-history":[{"count":6,"href":"https:\/\/agora.xtec.cat\/ies-olivar-gran\/wp-json\/wp\/v2\/pages\/6244\/revisions"}],"predecessor-version":[{"id":14895,"href":"https:\/\/agora.xtec.cat\/ies-olivar-gran\/wp-json\/wp\/v2\/pages\/6244\/revisions\/14895"}],"wp:attachment":[{"href":"https:\/\/agora.xtec.cat\/ies-olivar-gran\/wp-json\/wp\/v2\/media?parent=6244"}],"curies":[{"name":"wp","href":"https:\/\/api.w.org\/{rel}","templated":true}]}}