{"id":5779,"date":"2021-06-04T09:42:15","date_gmt":"2021-06-04T07:42:15","guid":{"rendered":"https:\/\/agora.xtec.cat\/ies-olivar-gran\/?page_id=5779"},"modified":"2025-07-03T18:34:17","modified_gmt":"2025-07-03T16:34:17","slug":"matricula-1r-eso","status":"publish","type":"page","link":"https:\/\/agora.xtec.cat\/ies-olivar-gran\/secretaria\/matricula\/matricula-1r-eso\/","title":{"rendered":"Matr\u00edcula 1r ESO"},"content":{"rendered":"<h3><span style=\"text-decoration: underline; color: #000000;\"><strong>MATR\u00cdCULA 1r D&#8217;ESO CURS 2025-26<\/strong><\/span><\/h3>\n<p><span style=\"color: #087eb6;\"><strong><u><span style=\"font-size: 14pt;\">INSTRUCCIONS:<\/span><\/u><\/strong><\/span><\/p>\n<ul>\n<li><a href=\"https:\/\/agora.xtec.cat\/ies-olivar-gran\/wp-content\/uploads\/usu2116\/2025\/06\/MATERIAL-25-26-INS-OLIVAR-GRAN-AEO.pdf\" target=\"_blank\" rel=\"noopener\">Pagament Material Escolar<\/a><\/li>\n<li><a href=\"https:\/\/agora.xtec.cat\/ies-olivar-gran\/wp-content\/uploads\/usu2116\/2025\/07\/ASSEGURANCA-ESCOLAR-OBLIGATORIA-AEO-25-26.pdf\" target=\"_blank\" rel=\"noopener\">Pagament Asseguran\u00e7a Escolar Obligat\u00f2ria (Motxilla Pedag\u00f2gica)<\/a><\/li>\n<\/ul>\n<p><span style=\"color: #087eb6;\"><strong><u><span style=\"font-size: 14pt;\">DOCUMENTS ADJUNTS:<\/span><\/u><\/strong><\/span><\/p>\n<ul>\n<li><a href=\"https:\/\/agora.xtec.cat\/ies-olivar-gran\/wp-content\/uploads\/usu2116\/2024\/05\/Autoritzacions-1r-ESO.pdf\" target=\"_blank\" rel=\"noopener noreferrer\">Full d&#8217;autoritzacions<\/a><\/li>\n<li><a href=\"https:\/\/agora.xtec.cat\/ies-olivar-gran\/wp-content\/uploads\/usu2116\/2024\/05\/tria-llengua-estrangera-1r-eso-1.docx-2.pdf\" target=\"_blank\" rel=\"noopener noreferrer\">Full tria de primera llengua estrangera<\/a><\/li>\n<\/ul>\n<p>&nbsp;<\/p>\n","protected":false},"excerpt":{"rendered":"<p>MATR\u00cdCULA 1r D&#8217;ESO CURS 2025-26 INSTRUCCIONS: Pagament Material Escolar Pagament Asseguran\u00e7a Escolar Obligat\u00f2ria (Motxilla Pedag\u00f2gica) DOCUMENTS ADJUNTS: Full d&#8217;autoritzacions Full tria de primera llengua estrangera &nbsp;<\/p>\n","protected":false},"author":1,"featured_media":0,"parent":634,"menu_order":1,"comment_status":"closed","ping_status":"closed","template":"page-templates\/side-menu.php","meta":{"_bbp_topic_count":0,"_bbp_reply_count":0,"_bbp_total_topic_count":0,"_bbp_total_reply_count":0,"_bbp_voice_count":0,"_bbp_anonymous_reply_count":0,"_bbp_topic_count_hidden":0,"_bbp_reply_count_hidden":0,"_bbp_forum_subforum_count":0,"site-sidebar-layout":"default","site-content-layout":"","ast-site-content-layout":"","site-content-style":"default","site-sidebar-style":"default","ast-global-header-display":"","ast-banner-title-visibility":"","ast-main-header-display":"","ast-hfb-above-header-display":"","ast-hfb-below-header-display":"","ast-hfb-mobile-header-display":"","site-post-title":"","ast-breadcrumbs-content":"","ast-featured-img":"","footer-sml-layout":"","theme-transparent-header-meta":"","adv-header-id-meta":"","stick-header-meta":"","header-above-stick-meta":"","header-main-stick-meta":"","header-below-stick-meta":"","astra-migrate-meta-layouts":"default","ast-page-background-enabled":"default","ast-page-background-meta":{"desktop":{"background-color":"var(--ast-global-color-4)","background-image":"","background-repeat":"repeat","background-position":"center center","background-size":"auto","background-attachment":"scroll","background-type":"","background-media":"","overlay-type":"","overlay-color":"","overlay-opacity":"","overlay-gradient":""},"tablet":{"background-color":"","background-image":"","background-repeat":"repeat","background-position":"center center","background-size":"auto","background-attachment":"scroll","background-type":"","background-media":"","overlay-type":"","overlay-color":"","overlay-opacity":"","overlay-gradient":""},"mobile":{"background-color":"","background-image":"","background-repeat":"repeat","background-position":"center center","background-size":"auto","background-attachment":"scroll","background-type":"","background-media":"","overlay-type":"","overlay-color":"","overlay-opacity":"","overlay-gradient":""}},"ast-content-background-meta":{"desktop":{"background-color":"var(--ast-global-color-5)","background-image":"","background-repeat":"repeat","background-position":"center center","background-size":"auto","background-attachment":"scroll","background-type":"","background-media":"","overlay-type":"","overlay-color":"","overlay-opacity":"","overlay-gradient":""},"tablet":{"background-color":"var(--ast-global-color-5)","background-image":"","background-repeat":"repeat","background-position":"center center","background-size":"auto","background-attachment":"scroll","background-type":"","background-media":"","overlay-type":"","overlay-color":"","overlay-opacity":"","overlay-gradient":""},"mobile":{"background-color":"var(--ast-global-color-5)","background-image":"","background-repeat":"repeat","background-position":"center center","background-size":"auto","background-attachment":"scroll","background-type":"","background-media":"","overlay-type":"","overlay-color":"","overlay-opacity":"","overlay-gradient":""}},"footnotes":""},"class_list":["post-5779","page","type-page","status-publish","hentry"],"post_mailing_queue_ids":[],"_links":{"self":[{"href":"https:\/\/agora.xtec.cat\/ies-olivar-gran\/wp-json\/wp\/v2\/pages\/5779","targetHints":{"allow":["GET"]}}],"collection":[{"href":"https:\/\/agora.xtec.cat\/ies-olivar-gran\/wp-json\/wp\/v2\/pages"}],"about":[{"href":"https:\/\/agora.xtec.cat\/ies-olivar-gran\/wp-json\/wp\/v2\/types\/page"}],"author":[{"embeddable":true,"href":"https:\/\/agora.xtec.cat\/ies-olivar-gran\/wp-json\/wp\/v2\/users\/1"}],"replies":[{"embeddable":true,"href":"https:\/\/agora.xtec.cat\/ies-olivar-gran\/wp-json\/wp\/v2\/comments?post=5779"}],"version-history":[{"count":6,"href":"https:\/\/agora.xtec.cat\/ies-olivar-gran\/wp-json\/wp\/v2\/pages\/5779\/revisions"}],"predecessor-version":[{"id":13857,"href":"https:\/\/agora.xtec.cat\/ies-olivar-gran\/wp-json\/wp\/v2\/pages\/5779\/revisions\/13857"}],"up":[{"embeddable":true,"href":"https:\/\/agora.xtec.cat\/ies-olivar-gran\/wp-json\/wp\/v2\/pages\/634"}],"wp:attachment":[{"href":"https:\/\/agora.xtec.cat\/ies-olivar-gran\/wp-json\/wp\/v2\/media?parent=5779"}],"curies":[{"name":"wp","href":"https:\/\/api.w.org\/{rel}","templated":true}]}}