{"id":5596,"date":"2021-05-12T18:20:18","date_gmt":"2021-05-12T16:20:18","guid":{"rendered":"https:\/\/agora.xtec.cat\/ies-olivar-gran\/?page_id=5596"},"modified":"2026-04-07T09:41:14","modified_gmt":"2026-04-07T07:41:14","slug":"preinscripcio-ife","status":"publish","type":"page","link":"https:\/\/agora.xtec.cat\/ies-olivar-gran\/secretaria\/preinscripcio\/preinscripcio-ife\/","title":{"rendered":"Preinscripci\u00f3 IFE"},"content":{"rendered":"<h3><span style=\"text-decoration: underline; color: #000000;\"><strong>PREINSCRIPCI\u00d3 IFE CURS 2026-27<img loading=\"lazy\" decoding=\"async\" class=\"alignright wp-image-5602\" src=\"https:\/\/agora.xtec.cat\/ies-olivar-gran\/wp-content\/uploads\/usu2116\/2021\/05\/pixlr-bg-result-12-300x258.png\" alt=\"\" width=\"360\" height=\"310\" srcset=\"https:\/\/agora.xtec.cat\/ies-olivar-gran\/wp-content\/uploads\/usu2116\/2021\/05\/pixlr-bg-result-12-300x258.png 300w, https:\/\/agora.xtec.cat\/ies-olivar-gran\/wp-content\/uploads\/usu2116\/2021\/05\/pixlr-bg-result-12.png 735w\" sizes=\"auto, (max-width: 360px) 100vw, 360px\" \/><\/strong><\/span><\/h3>\n<p><span style=\"color: #000000;\"><strong>de l&#8217;11 al 22 de maig de 2026<\/strong><\/span><\/p>\n<p><span style=\"color: #000000;\">Tota la informaci\u00f3 general sobre el proc\u00e9s de preinscripci\u00f3 la trobareu a la p\u00e0gina oficial\u00a0 del Departament d\u2019Educaci\u00f3<\/span> <a href=\"https:\/\/preinscripcio.gencat.cat\/ca\/estudis\/ife\/inici\/\">https:\/\/preinscripcio.gencat.cat\/ca\/estudis\/ife\/inici\/<\/a><\/p>\n<p><span style=\"color: #000000;\">Per a qualsevol dubte, truqueu al tel\u00e8fon del centre 972 50 45 62, us acompanyarem en tot el proc\u00e9s de preinscripci\u00f3.<\/span><\/p>\n<p><span style=\"text-decoration: underline; color: #000000;\"><strong>Jornada Portes Obertes IFE:<\/strong><\/span> Descarrega&#8217;t el document (DOCUMENT PENDENT)<\/p>\n<p><span style=\"color: #087eb6;\"><strong><u><span style=\"font-size: 14pt;\">CALENDARI<\/span> <\/u><\/strong><\/span><\/p>\n<ul>\n<li><span style=\"color: #000000;\">Oferta p\u00fablica de places: 8 de maig de 2026.<\/span><\/li>\n<li><span style=\"color: #000000;\"><strong>Presentaci\u00f3 de sol\u00b7licituds de preinscripci\u00f3: de l&#8217;11 al 22 de maig de 2026, ambd\u00f3s inclosos.\u00a0<\/strong><\/span><\/li>\n<li><span style=\"color: #000000;\">Llista de sol\u00b7licituds amb la puntuaci\u00f3 provisional: 29 de maig de 2026.<\/span><\/li>\n<li><span style=\"color: #000000;\">Sorteig del n\u00famero de desempat: 2 de juny de 2026 en el mateix centre.<\/span><\/li>\n<li><span style=\"color: #000000;\">Presentaci\u00f3 de reclamacions: del 3 al 10 de juny de 2026, ambd\u00f3s inclosos.<\/span><\/li>\n<li><span style=\"color: #000000;\">Llista d\u2019alumnes admesos: 16 de juny de 2026.\u00a0<\/span><\/li>\n<li><span style=\"color: #000000;\"><strong>Matr\u00edcula ordin\u00e0ria: del 19 al 26 de juny de 2026, ambd\u00f3s inclosos.\u00a0<\/strong><\/span><\/li>\n<\/ul>\n<p><span style=\"color: #087eb6; font-size: 14pt;\"><strong><u>PUBLICACIONS PROC\u00c9S DE PREINSCRIPCI\u00d3 DE L\u2019INSTITUT OLIVAR GRAN 2025-26<\/u><\/strong><\/span><\/p>\n<ul>\n<li>Oferta de places IFE (09\/05)<\/li>\n<li>Llista provisional (29\/05)<\/li>\n<li>Llista admesos IFE (16\/05)<\/li>\n<\/ul>\n<p><span style=\"color: #087eb6; font-size: 14pt;\"><strong><u>SOL\u00b7LICITUD DE PREINSCRIPCI\u00d3 (de l&#8217;11 al 22 de maig de 2026)<\/u><\/strong><\/span><\/p>\n<p><span style=\"color: #000000;\">Has de presentar al nostre centre la<\/span>\u00a0<a href=\"http:\/\/educacio.gencat.cat\/ca\/tramits\/tramits-temes\/20816-itineraris-formatius?category=74447ed8-a82c-11e3-a972-000c29052e2c&amp;moda=1\"><strong>sol\u00b7licitud de preinscripci\u00f3 dels itineraris formatius espec\u00edfics<\/strong><\/a> <span style=\"color: #000000;\">de l&#8217;11 al 22 de maig:<\/span><\/p>\n<ul>\n<li>Document preinscripci\u00f3 IFE (DOCUMENT PENDENT)\n<ul>\n<li>(Entregar presencialment a la secretaria del centre de dilluns a divendres de 9 a 16 hores, i les tardes de dimarts i dimecres de 15 a 16.30 hores).<\/li>\n<\/ul>\n<\/li>\n<\/ul>\n<p style=\"text-align: justify;\"><span style=\"color: #000000;\">Has d&#8217;adjuntar-hi la documentaci\u00f3 d&#8217;identificaci\u00f3 o de criteris que correspongui.<\/span><\/p>\n<ol>\n<li style=\"text-align: justify;\"><span style=\"color: #000000;\"><strong> Documentaci\u00f3 identificativa<\/strong><\/span><\/li>\n<\/ol>\n<ul>\n<li style=\"text-align: justify;\"><span style=\"color: #000000;\"><strong>DNI, NIE o passaport vigent.<\/strong> Si es tracta d&#8217;estrangers comunitaris, document d&#8217;identitat del pa\u00eds d&#8217;origen.<\/span><\/li>\n<li style=\"text-align: justify;\"><span style=\"color: #000000;\"><strong>Dictamen d&#8217;escolaritzaci\u00f3 o informe de reconeixement de necessitats educatives especials<\/strong> em\u00e8s per l&#8217;equip d&#8217;assessorament i orientaci\u00f3 psicopedag\u00f2gic (EAP) durant l&#8217;educaci\u00f3 obligat\u00f2ria en qu\u00e8 consti la condici\u00f3 d&#8217;alumne amb necessitats educatives especials associades a discapacitat intel\u00b7lectual lleu o moderada, inclosos els alumnes amb trastorn de l&#8217;espectre autista (TEA).<\/span><\/li>\n<\/ul>\n<p style=\"text-align: justify;\"><span style=\"color: #000000;\">Si la persona sol\u00b7licitant \u00e9s menor d&#8217;edat tamb\u00e9 s&#8217;ha de presentar:<\/span><\/p>\n<ul>\n<li style=\"text-align: justify;\"><span style=\"color: #000000;\"><strong>Llibre de fam\u00edlia<\/strong> o altres documents relatius a la filiaci\u00f3. Si est\u00e0 en situaci\u00f3 d&#8217;acolliment, la resoluci\u00f3 d&#8217;acolliment del Departament de Treball, Afers Socials i Fam\u00edlies.<\/span><\/li>\n<li style=\"text-align: justify;\"><span style=\"color: #000000;\"><strong>DNI de la persona sol\u00b7licitant<\/strong> (pare, mare, tutor o tutora o guardador o guardadora de fet) o, si la persona sol\u00b7licitant \u00e9s estrangera, de la targeta de resid\u00e8ncia on consta el NIE, o del passaport. Si es tracta d&#8217;estrangers comunitaris, document d&#8217;identitat del pa\u00eds d&#8217;origen.<\/span><\/li>\n<\/ul>\n<ol start=\"2\">\n<li><span style=\"color: #000000;\"><strong> Documentaci\u00f3 acreditativa dels criteris espec\u00edfics<\/strong><\/span><\/li>\n<\/ol>\n<p><span style=\"color: #000000;\">Proximitat del domicili al lloc de realitzaci\u00f3 de l&#8217;itinerari: <strong>DNI o targeta de resid\u00e8ncia on consta el NIE<\/strong>.<\/span><\/p>\n<ul>\n<li><span style=\"color: #000000;\">Nom\u00e9s en el cas que el domicili al\u00b7legat no coincideixi amb el del DNI o la targeta de resid\u00e8ncia, o si \u00e9s un estranger sense NIE, s&#8217;acredita amb el certificat o volant municipal de conviv\u00e8ncia de l&#8217;alumne.<\/span><\/li>\n<\/ul>\n<p><span style=\"color: #000000;\">Situaci\u00f3 d&#8217;escolaritzaci\u00f3 en el curs acad\u00e8mic 2025-2026: <strong>certificat d&#8217;estudis<\/strong> o altra documentaci\u00f3 que acrediti l&#8217;escolaritzaci\u00f3.<\/span><\/p>\n<p><span style=\"color: #000000;\">Participaci\u00f3 per primera vegada en programes postobligatoris: l&#8217;acreditaci\u00f3 d&#8217;aquest criteri es fa <strong>marcant la casella corresponent en la sol\u00b7licitud de preinscripci\u00f3<\/strong>.<\/span><\/p>\n<h2 style=\"text-align: justify;\"><span style=\"color: #000000;\">Ent\u00e9n els criteris d&#8217;assignaci\u00f3 de pla\u00e7a<\/span><\/h2>\n<p style=\"text-align: justify;\"><span style=\"color: #000000;\">Per ordenar les sol\u00b7licituds i assignar les places quan el nombre de sol\u00b7licituds \u00e9s superior a l&#8217;oferta, s&#8217;apliquen els criteris de prioritat. La puntuaci\u00f3 obtinguda a la primera petici\u00f3 d&#8217;una sol\u00b7licitud es mant\u00e9 per la resta de peticions, si n&#8217;hi ha.<\/span><\/p>\n<p style=\"text-align: justify;\"><span style=\"color: #000000;\">En cas d&#8217;empat en les puntuacions tenen prefer\u00e8ncia els alumnes que no hagin obtingut el t\u00edtol de graduat en educaci\u00f3 secund\u00e0ria obligat\u00f2ria. Per desfer les situacions d&#8217;empat que encara es mantinguin es far\u00e0 un sorteig en cada centre. El resultat del sorteig es publicar\u00e0 en el tauler del centre.<\/span><\/p>\n<p style=\"text-align: justify;\"><span style=\"color: #000000;\">Nom\u00e9s es tenen en compte la segona i tercera petici\u00f3 si, un cop publicades les llistes definitives d&#8217;admesos, no s&#8217;ha aconseguit pla\u00e7a en el centre de la primera petici\u00f3 i hi ha vacants en els altres centres demanats.<\/span><\/p>\n<p style=\"text-align: justify;\"><span style=\"color: #000000;\">La falsedat o frau en les dades al\u00b7legades o la presentaci\u00f3 de m\u00e9s d&#8217;una sol\u00b7licitud de preinscripci\u00f3 comporten la invalidaci\u00f3 dels drets de prioritat que puguin correspondre.<\/span><\/p>\n<h2 style=\"text-align: justify;\"><span style=\"color: #000000;\">Criteris de prioritat<\/span><\/h2>\n<p style=\"text-align: justify;\"><span style=\"color: #000000;\"><strong>Proximitat del domicili al lloc de realitzaci\u00f3 de l&#8217;itinerar<\/strong>i (les puntuacions no s\u00f3n acumulables)<\/span><\/p>\n<ul style=\"text-align: justify;\">\n<li><span style=\"color: #000000;\">Si el domicili est\u00e0 en el mateix municipi que el centre en qu\u00e8 s&#8217;imparteix l&#8217;itinerari: 50 punts.<\/span><\/li>\n<li><span style=\"color: #000000;\">Si el domicili est\u00e0 en la mateixa comarca que el centre en qu\u00e8 s&#8217;imparteix l&#8217;itinerari: 30 punts.<\/span><\/li>\n<li><span style=\"color: #000000;\">Si el domicili est\u00e0 ubicat en els mateixos serveis territorials que el centre on s&#8217;imparteix l&#8217;itinerari: 15 punts.<\/span><\/li>\n<\/ul>\n<p style=\"text-align: justify;\"><span style=\"color: #000000;\"><strong>Situaci\u00f3 d&#8217;escolaritzaci\u00f3 en el curs acad\u00e8mic 2025-2026:<\/strong>\u00a0per estar matriculat en un centre ordinari o en un centre d&#8217;educaci\u00f3 especial a l&#8217;etapa obligat\u00f2ria: 25 punts.<\/span><\/p>\n<p style=\"text-align: justify;\"><span style=\"color: #000000;\"><strong>Participaci\u00f3 per primera vegada en programes postobligatoris:<\/strong>\u00a0per no haver cursat i finalitzat programes de qualificaci\u00f3 professional inicial (PQPI) ni programes de formaci\u00f3 i inserci\u00f3 (PFI): 10 punts<\/span><\/p>\n","protected":false},"excerpt":{"rendered":"<p>PREINSCRIPCI\u00d3 IFE CURS 2026-27 de l&#8217;11 al 22 de maig de 2026 Tota la informaci\u00f3 general sobre el proc\u00e9s de preinscripci\u00f3 la trobareu a la p\u00e0gina oficial\u00a0 del Departament d\u2019Educaci\u00f3 https:\/\/preinscripcio.gencat.cat\/ca\/estudis\/ife\/inici\/ Per a qualsevol dubte, truqueu al tel\u00e8fon del centre 972 50 45 62, us acompanyarem en tot el proc\u00e9s de preinscripci\u00f3. Jornada Portes Obertes [&hellip;]<\/p>\n","protected":false},"author":1,"featured_media":0,"parent":951,"menu_order":8,"comment_status":"closed","ping_status":"closed","template":"page-templates\/side-menu.php","meta":{"_bbp_topic_count":0,"_bbp_reply_count":0,"_bbp_total_topic_count":0,"_bbp_total_reply_count":0,"_bbp_voice_count":0,"_bbp_anonymous_reply_count":0,"_bbp_topic_count_hidden":0,"_bbp_reply_count_hidden":0,"_bbp_forum_subforum_count":0,"site-sidebar-layout":"default","site-content-layout":"","ast-site-content-layout":"default","site-content-style":"default","site-sidebar-style":"default","ast-global-header-display":"","ast-banner-title-visibility":"","ast-main-header-display":"","ast-hfb-above-header-display":"","ast-hfb-below-header-display":"","ast-hfb-mobile-header-display":"","site-post-title":"","ast-breadcrumbs-content":"","ast-featured-img":"","footer-sml-layout":"","theme-transparent-header-meta":"","adv-header-id-meta":"","stick-header-meta":"","header-above-stick-meta":"","header-main-stick-meta":"","header-below-stick-meta":"","astra-migrate-meta-layouts":"set","ast-page-background-enabled":"default","ast-page-background-meta":{"desktop":{"background-color":"var(--ast-global-color-4)","background-image":"","background-repeat":"repeat","background-position":"center center","background-size":"auto","background-attachment":"scroll","background-type":"","background-media":"","overlay-type":"","overlay-color":"","overlay-opacity":"","overlay-gradient":""},"tablet":{"background-color":"","background-image":"","background-repeat":"repeat","background-position":"center center","background-size":"auto","background-attachment":"scroll","background-type":"","background-media":"","overlay-type":"","overlay-color":"","overlay-opacity":"","overlay-gradient":""},"mobile":{"background-color":"","background-image":"","background-repeat":"repeat","background-position":"center center","background-size":"auto","background-attachment":"scroll","background-type":"","background-media":"","overlay-type":"","overlay-color":"","overlay-opacity":"","overlay-gradient":""}},"ast-content-background-meta":{"desktop":{"background-color":"var(--ast-global-color-5)","background-image":"","background-repeat":"repeat","background-position":"center center","background-size":"auto","background-attachment":"scroll","background-type":"","background-media":"","overlay-type":"","overlay-color":"","overlay-opacity":"","overlay-gradient":""},"tablet":{"background-color":"var(--ast-global-color-5)","background-image":"","background-repeat":"repeat","background-position":"center center","background-size":"auto","background-attachment":"scroll","background-type":"","background-media":"","overlay-type":"","overlay-color":"","overlay-opacity":"","overlay-gradient":""},"mobile":{"background-color":"var(--ast-global-color-5)","background-image":"","background-repeat":"repeat","background-position":"center center","background-size":"auto","background-attachment":"scroll","background-type":"","background-media":"","overlay-type":"","overlay-color":"","overlay-opacity":"","overlay-gradient":""}},"footnotes":""},"class_list":["post-5596","page","type-page","status-publish","hentry"],"post_mailing_queue_ids":[],"_links":{"self":[{"href":"https:\/\/agora.xtec.cat\/ies-olivar-gran\/wp-json\/wp\/v2\/pages\/5596","targetHints":{"allow":["GET"]}}],"collection":[{"href":"https:\/\/agora.xtec.cat\/ies-olivar-gran\/wp-json\/wp\/v2\/pages"}],"about":[{"href":"https:\/\/agora.xtec.cat\/ies-olivar-gran\/wp-json\/wp\/v2\/types\/page"}],"author":[{"embeddable":true,"href":"https:\/\/agora.xtec.cat\/ies-olivar-gran\/wp-json\/wp\/v2\/users\/1"}],"replies":[{"embeddable":true,"href":"https:\/\/agora.xtec.cat\/ies-olivar-gran\/wp-json\/wp\/v2\/comments?post=5596"}],"version-history":[{"count":6,"href":"https:\/\/agora.xtec.cat\/ies-olivar-gran\/wp-json\/wp\/v2\/pages\/5596\/revisions"}],"predecessor-version":[{"id":14873,"href":"https:\/\/agora.xtec.cat\/ies-olivar-gran\/wp-json\/wp\/v2\/pages\/5596\/revisions\/14873"}],"up":[{"embeddable":true,"href":"https:\/\/agora.xtec.cat\/ies-olivar-gran\/wp-json\/wp\/v2\/pages\/951"}],"wp:attachment":[{"href":"https:\/\/agora.xtec.cat\/ies-olivar-gran\/wp-json\/wp\/v2\/media?parent=5596"}],"curies":[{"name":"wp","href":"https:\/\/api.w.org\/{rel}","templated":true}]}}