{"id":49,"date":"2014-09-17T16:55:55","date_gmt":"2014-09-17T16:55:55","guid":{"rendered":"http:\/\/agora.xtec.cat\/ies-olivar-gran\/?page_id=49"},"modified":"2026-03-05T07:43:00","modified_gmt":"2026-03-05T06:43:00","slug":"normes-dorganitzacio-i-funcionament","status":"publish","type":"page","link":"https:\/\/agora.xtec.cat\/ies-olivar-gran\/linstitut\/normes-dorganitzacio-i-funcionament\/","title":{"rendered":"Documents de centre"},"content":{"rendered":"<blockquote>\n<ul>\n<li><a href=\"https:\/\/agora.xtec.cat\/ies-olivar-gran\/wp-content\/uploads\/usu2116\/2025\/02\/PEC-v05-DEF-24-25-1.pdf\" target=\"_blank\" rel=\"noopener\"><span style=\"color: #000000;\">PEC\u00a0<\/span><\/a><\/li>\n<li><a href=\"https:\/\/agora.xtec.cat\/ies-olivar-gran\/wp-content\/uploads\/usu2116\/2025\/10\/NOFC25-26-1.pdf\" target=\"_blank\" rel=\"noopener\"><span style=\"color: #000000;\"><span style=\"color: #000000;\">NOFC<\/span> <\/span><\/a><span style=\"color: #999999;\"><img loading=\"lazy\" decoding=\"async\" class=\"alignright size-full wp-image-1263\" src=\"https:\/\/agora.xtec.cat\/ies-olivar-gran\/wp-content\/uploads\/usu2116\/2020\/06\/documents-1.png\" alt=\"\" width=\"262\" height=\"224\" \/><\/span><span style=\"color: #999999;\">\u00a0<\/span><\/li>\n<li><a href=\"https:\/\/agora.xtec.cat\/ies-olivar-gran\/wp-content\/uploads\/usu2116\/2022\/09\/Projecte-linguistic-PL-v03-DEF-1.pdf\" target=\"_blank\" rel=\"noopener noreferrer\"><span style=\"color: #000000;\">Projecte ling\u00fc\u00edstic<\/span><\/a><\/li>\n<li><a href=\"https:\/\/agora.xtec.cat\/ies-olivar-gran\/wp-content\/uploads\/usu2116\/2023\/02\/Politica-que-qualitat_v1-1.pdf\" target=\"_blank\" rel=\"noopener noreferrer\"><span style=\"color: #000000;\">Pol\u00edtica de Qualitat<\/span><\/a><\/li>\n<li><a href=\"https:\/\/agora.xtec.cat\/ies-olivar-gran\/wp-content\/uploads\/usu2116\/2021\/07\/PC0103d08v02-Carta-de-compromis-educatiu.pdf\" target=\"_blank\" rel=\"noopener noreferrer\"><span style=\"color: #000000;\">Carta de comprom\u00eds educatiu<\/span><\/a><\/li>\n<li><a href=\"https:\/\/agora.xtec.cat\/ies-olivar-gran\/wp-content\/uploads\/usu2116\/2020\/11\/projecte-convivencia.pdf\" target=\"_blank\" rel=\"noopener noreferrer\"><span style=\"color: #000000;\">Projecte de conviv\u00e8ncia<\/span><\/a><\/li>\n<li><a href=\"https:\/\/agora.xtec.cat\/ies-olivar-gran\/wp-content\/uploads\/usu2116\/2025\/07\/PdD-25-29versio3.pdf\" target=\"_blank\" rel=\"noopener\"><span style=\"color: #000000;\">PdD 2025 &#8211; 2029<\/span><\/a><\/li>\n<li><a href=\"https:\/\/agora.xtec.cat\/ies-olivar-gran\/wp-content\/uploads\/usu2116\/2025\/10\/instancia-vaga-alumnat_v22.pdf\" target=\"_blank\" rel=\"noopener\"><span style=\"color: #000000;\">I<\/span><span style=\"color: #000000;\">nst\u00e0ncia de vaga<\/span><span style=\"color: #000000;\"> &#8211; estudiants<\/span><\/a><\/li>\n<li><a href=\"https:\/\/agora.xtec.cat\/ies-olivar-gran\/wp-content\/uploads\/usu2116\/2022\/12\/pautes-vagues-DRETS-ESTUDIANTPE0105d02v01.pdf\" target=\"_blank\" rel=\"noopener\"><span style=\"color: #000000;\">Pautes a seguir &#8211; vaga estudiants<\/span><\/a><\/li>\n<li><a href=\"https:\/\/agora.xtec.cat\/ies-olivar-gran\/wp-content\/uploads\/usu2116\/2026\/03\/PLA-DEMERGENCIA-PEM_2025_2026_-v_febrer_26.pdf\" target=\"_blank\" rel=\"noopener\"><span style=\"color: #000000;\">Pla d&#8217;emerg\u00e8ncia<\/span><\/a><\/li>\n<li><a href=\"https:\/\/agora.xtec.cat\/ies-olivar-gran\/wp-content\/uploads\/usu2116\/2025\/09\/Proces-devacuacio-25-26-Documents-de-Google.pdf\" target=\"_blank\" rel=\"noopener\"><span style=\"color: #000000;\">Proc\u00e9s d&#8217;evacuaci\u00f3 2025-2026<\/span><\/a><\/li>\n<li><a href=\"https:\/\/agora.xtec.cat\/ies-olivar-gran\/wp-content\/uploads\/usu2116\/2025\/10\/PGA-25-26-V2.pdf\" target=\"_blank\" rel=\"noopener\"><span style=\"color: #000000;\">PGA 25-26<\/span><\/a><\/li>\n<li><a href=\"https:\/\/agora.xtec.cat\/ies-olivar-gran\/wp-content\/uploads\/usu2116\/2022\/12\/Resum-FPDUAL-2022PC0104D03V01.pdf\" target=\"_blank\" rel=\"noopener\"><span style=\"color: #000000;\">Formaci\u00f3 DUAL<\/span><\/a><\/li>\n<li><span style=\"color: #000000;\"><a style=\"color: #000000;\" href=\"https:\/\/sites.google.com\/xtec.cat\/edc-olivar-gran\/edc\" target=\"_blank\" rel=\"noopener\">Estrat\u00e8gia digital de centre<\/a> (EDC)<\/span><\/li>\n<li><a href=\"https:\/\/agora.xtec.cat\/ies-olivar-gran\/wp-content\/uploads\/usu2116\/2023\/09\/Conformitat-cessio-dordinadors_v1_dades-centre.pdf\" target=\"_blank\" rel=\"noopener\"><span style=\"color: #000000;\">Conformitat Cessi\u00f3 d&#8217;ordinadors<\/span><\/a><\/li>\n<li><a href=\"https:\/\/agora.xtec.cat\/ies-olivar-gran\/wp-content\/uploads\/usu2116\/2023\/10\/SIM-A70076023101812201.pdf\" target=\"_blank\" rel=\"noopener\"><span style=\"color: #000000;\">Carta Erasmus Educaci\u00f3n Superior (ECHE) en espanyol<\/span><\/a><\/li>\n<li><a href=\"https:\/\/agora.xtec.cat\/ies-olivar-gran\/wp-content\/uploads\/usu2116\/2023\/10\/SIM-A70076023101812200.pdf\" target=\"_blank\" rel=\"noopener\"><span style=\"color: #000000;\">Carta Erasmus for Higher Education (ECHE) en angl\u00e8s<\/span><\/a><\/li>\n<li><a href=\"https:\/\/agora.xtec.cat\/ies-olivar-gran\/wp-content\/uploads\/usu2116\/2024\/09\/Acollida-professorat-nou_v4.pdf\" target=\"_blank\" rel=\"noopener\"><span style=\"color: #000000;\">Pla acollida professorat nou<\/span><\/a><\/li>\n<li><a href=\"https:\/\/agora.xtec.cat\/ies-olivar-gran\/wp-content\/uploads\/usu2116\/2024\/11\/PLA-DE-FUNCIONAMENT-DEL-TRANSPORT-ESCOLAR-INSTITUT-OLIVAR-GRAN_24_25V1.pdf\" target=\"_blank\" rel=\"noopener\"><span style=\"color: #000000;\">Pla de Funcionament Transport Escolar<\/span><\/a><\/li>\n<li><a href=\"https:\/\/agora.xtec.cat\/ies-olivar-gran\/wp-content\/uploads\/usu2116\/2025\/01\/Procediment-gestio-expedient-disciplinari-sancionador.pdf\" target=\"_blank\" rel=\"noopener\"><span style=\"color: #000000;\">Procediment gesti\u00f3 expedient disciplinari sancionador<\/span><\/a><\/li>\n<\/ul>\n<\/blockquote>\n<h3><span style=\"color: #000000;\"><strong>Altres documents de centre<\/strong><\/span><\/h3>\n<ul>\n<li><a href=\"https:\/\/agora.xtec.cat\/ies-olivar-gran\/wp-content\/uploads\/usu2116\/2025\/03\/Liquidacio-del-pressupost-2024_17007609_INS-OLIVAR-GRAN.pdf\" target=\"_blank\" rel=\"noopener\"><span style=\"color: #000000;\">Liquidaci\u00f3 del pressupost 2024<\/span><\/a><\/li>\n<li><a href=\"https:\/\/agora.xtec.cat\/ies-olivar-gran\/wp-content\/uploads\/usu2116\/2025\/10\/Certificat-dels-acords-que-shan-pres-en-el-consell-escolar_24_09_2025_INS-OLIVAR-GRAN_S.pdf\" target=\"_blank\" rel=\"noopener\"><span style=\"color: #000000;\">Acords Consell Escolar setembre 2025.<\/span><\/a><\/li>\n<li><span style=\"color: #000000;\"><a style=\"color: #000000;\" href=\"https:\/\/agora.xtec.cat\/ies-olivar-gran\/wp-content\/uploads\/usu2116\/2025\/12\/Certificat-dels-acords-que-shan-pres-en-el-consell-escolar-03_12_2025_INS-OLIVAR-GRAN_-1.pdf\" target=\"_blank\" rel=\"noopener\">Acords Consell Escolar desembre 2025.<\/a><\/span><\/li>\n<li><span style=\"color: #000000;\"><a style=\"color: #000000;\" href=\"https:\/\/agora.xtec.cat\/ies-olivar-gran\/wp-content\/uploads\/usu2116\/2026\/02\/Certificat-dels-acords-que-shan-pres-en-el-consell-escolar-26_01_2026_INS-OLIVAR-GRAN.pdf\" target=\"_blank\" rel=\"noopener\">Acords Consell Escolar gener 2026.<\/a><\/span><\/li>\n<\/ul>\n\n\n<p><\/p>\n","protected":false},"excerpt":{"rendered":"<p>PEC\u00a0 NOFC \u00a0 Projecte ling\u00fc\u00edstic Pol\u00edtica de Qualitat Carta de comprom\u00eds educatiu Projecte de conviv\u00e8ncia PdD 2025 &#8211; 2029 Inst\u00e0ncia de vaga &#8211; estudiants Pautes a seguir &#8211; vaga estudiants Pla d&#8217;emerg\u00e8ncia Proc\u00e9s d&#8217;evacuaci\u00f3 2025-2026 PGA 25-26 Formaci\u00f3 DUAL Estrat\u00e8gia digital de centre (EDC) Conformitat Cessi\u00f3 d&#8217;ordinadors Carta Erasmus Educaci\u00f3n Superior (ECHE) en espanyol Carta [&hellip;]<\/p>\n","protected":false},"author":1,"featured_media":0,"parent":19,"menu_order":60,"comment_status":"closed","ping_status":"closed","template":"page-templates\/side-menu.php","meta":{"_bbp_topic_count":0,"_bbp_reply_count":0,"_bbp_total_topic_count":0,"_bbp_total_reply_count":0,"_bbp_voice_count":0,"_bbp_anonymous_reply_count":0,"_bbp_topic_count_hidden":0,"_bbp_reply_count_hidden":0,"_bbp_forum_subforum_count":0,"site-sidebar-layout":"default","site-content-layout":"","ast-site-content-layout":"default","site-content-style":"default","site-sidebar-style":"default","ast-global-header-display":"","ast-banner-title-visibility":"","ast-main-header-display":"","ast-hfb-above-header-display":"","ast-hfb-below-header-display":"","ast-hfb-mobile-header-display":"","site-post-title":"","ast-breadcrumbs-content":"","ast-featured-img":"","footer-sml-layout":"","theme-transparent-header-meta":"","adv-header-id-meta":"","stick-header-meta":"","header-above-stick-meta":"","header-main-stick-meta":"","header-below-stick-meta":"","astra-migrate-meta-layouts":"set","ast-page-background-enabled":"default","ast-page-background-meta":{"desktop":{"background-color":"var(--ast-global-color-4)","background-image":"","background-repeat":"repeat","background-position":"center center","background-size":"auto","background-attachment":"scroll","background-type":"","background-media":"","overlay-type":"","overlay-color":"","overlay-opacity":"","overlay-gradient":""},"tablet":{"background-color":"","background-image":"","background-repeat":"repeat","background-position":"center center","background-size":"auto","background-attachment":"scroll","background-type":"","background-media":"","overlay-type":"","overlay-color":"","overlay-opacity":"","overlay-gradient":""},"mobile":{"background-color":"","background-image":"","background-repeat":"repeat","background-position":"center center","background-size":"auto","background-attachment":"scroll","background-type":"","background-media":"","overlay-type":"","overlay-color":"","overlay-opacity":"","overlay-gradient":""}},"ast-content-background-meta":{"desktop":{"background-color":"var(--ast-global-color-5)","background-image":"","background-repeat":"repeat","background-position":"center center","background-size":"auto","background-attachment":"scroll","background-type":"","background-media":"","overlay-type":"","overlay-color":"","overlay-opacity":"","overlay-gradient":""},"tablet":{"background-color":"var(--ast-global-color-5)","background-image":"","background-repeat":"repeat","background-position":"center center","background-size":"auto","background-attachment":"scroll","background-type":"","background-media":"","overlay-type":"","overlay-color":"","overlay-opacity":"","overlay-gradient":""},"mobile":{"background-color":"var(--ast-global-color-5)","background-image":"","background-repeat":"repeat","background-position":"center center","background-size":"auto","background-attachment":"scroll","background-type":"","background-media":"","overlay-type":"","overlay-color":"","overlay-opacity":"","overlay-gradient":""}},"footnotes":""},"class_list":["post-49","page","type-page","status-publish","hentry"],"post_mailing_queue_ids":[],"_links":{"self":[{"href":"https:\/\/agora.xtec.cat\/ies-olivar-gran\/wp-json\/wp\/v2\/pages\/49","targetHints":{"allow":["GET"]}}],"collection":[{"href":"https:\/\/agora.xtec.cat\/ies-olivar-gran\/wp-json\/wp\/v2\/pages"}],"about":[{"href":"https:\/\/agora.xtec.cat\/ies-olivar-gran\/wp-json\/wp\/v2\/types\/page"}],"author":[{"embeddable":true,"href":"https:\/\/agora.xtec.cat\/ies-olivar-gran\/wp-json\/wp\/v2\/users\/1"}],"replies":[{"embeddable":true,"href":"https:\/\/agora.xtec.cat\/ies-olivar-gran\/wp-json\/wp\/v2\/comments?post=49"}],"version-history":[{"count":6,"href":"https:\/\/agora.xtec.cat\/ies-olivar-gran\/wp-json\/wp\/v2\/pages\/49\/revisions"}],"predecessor-version":[{"id":14744,"href":"https:\/\/agora.xtec.cat\/ies-olivar-gran\/wp-json\/wp\/v2\/pages\/49\/revisions\/14744"}],"up":[{"embeddable":true,"href":"https:\/\/agora.xtec.cat\/ies-olivar-gran\/wp-json\/wp\/v2\/pages\/19"}],"wp:attachment":[{"href":"https:\/\/agora.xtec.cat\/ies-olivar-gran\/wp-json\/wp\/v2\/media?parent=49"}],"curies":[{"name":"wp","href":"https:\/\/api.w.org\/{rel}","templated":true}]}}