{"id":4894,"date":"2021-03-24T12:47:36","date_gmt":"2021-03-24T11:47:36","guid":{"rendered":"https:\/\/agora.xtec.cat\/ies-olivar-gran\/?page_id=4894"},"modified":"2024-06-13T12:29:47","modified_gmt":"2024-06-13T10:29:47","slug":"ife","status":"publish","type":"page","link":"https:\/\/agora.xtec.cat\/ies-olivar-gran\/estudis\/ife\/","title":{"rendered":"IFE"},"content":{"rendered":"<p><span style=\"text-decoration: underline; font-size: 14pt; color: #000000;\"><strong>AUXILIAR EN SERVEIS DE RESTAURACI\u00d3 I ELABORACI\u00d3 D&#8217;\u00c0PATS<\/strong><\/span><\/p>\n<ul>\n<li><span style=\"text-decoration: underline; font-size: 14pt; color: #087eb6;\"><strong>QU\u00c8 \u00c9S L&#8217;IFE?<\/strong><\/span><\/li>\n<\/ul>\n<p>Aqu\u00ed podr\u00e0s consultar tota la informaci\u00f3 relacionada amb els estudis d&#8217;IFE que oferim a l&#8217;Olivar Gran.<\/p>\n<p>Consulta <span style=\"text-decoration: underline;\"><a href=\"https:\/\/triaeducativa.gencat.cat\/ca\/fp\/ife\/\" target=\"_blank\" rel=\"noopener noreferrer\">aqu\u00ed<\/a> <\/span>m\u00e9s informaci\u00f3 relacionada amb l&#8217;IFE.<\/p>\n<ul>\n<li><span style=\"text-decoration: underline; font-size: 14pt; color: #087eb6;\"><strong>QU\u00c8 \u00c9S L&#8217;IFE A L&#8217;OLIVAR GRAN?<\/strong><\/span><\/li>\n<\/ul>\n<p>Accedeix al seg\u00fcent enlla\u00e7 per con\u00e8ixer l&#8217;IFE del nostre institut. Entra <span style=\"text-decoration: underline;\"><a href=\"https:\/\/sites.google.com\/xtec.cat\/somlife\/p%C3%A0gina-principal?authuser=0\" target=\"_blank\" rel=\"noopener\">aqu\u00ed<\/a><\/span> per saber-ne m\u00e9s.<\/p>\n<ul>\n<li><span style=\"text-decoration: underline; color: #087eb6;\"><strong><span style=\"font-size: 14pt;\">COM ARRIBAR-HI?<\/span><\/strong><\/span><\/li>\n<\/ul>\n<div class=\"container-wrapper-genially\" style=\"position: relative; min-height: 400px; max-width: 100%;\">\n<p><video class=\"loader-genially\" style=\"position: absolute; top: 45%; left: 50%; transform: translate(-50%, -50%); width: 80px; height: 80px; margin-bottom: 10%;\" autoplay=\"autoplay\" loop=\"loop\" muted=\"muted\" width=\"300\" height=\"150\"><source src=\"https:\/\/static.genial.ly\/resources\/panel-loader-low.mp4\" type=\"video\/mp4\" \/>Your browser does not support the video tag.<\/video><\/p>\n<div id=\"607b174e5a25e70d38beb0c2\" class=\"genially-embed\" style=\"margin: 0px auto; position: relative; height: auto; width: 100%;\"><\/div>\n<\/div>\n<p><script>(function (d) { var js, id = \"genially-embed-js\", ref = d.getElementsByTagName(\"script\")[0]; if (d.getElementById(id)) { return; } js = d.createElement(\"script\"); js.id = id; js.async = true; js.src = \"https:\/\/view.genial.ly\/static\/embed\/embed.js\"; ref.parentNode.insertBefore(js, ref); }(document));<\/script><\/p>\n<ul>\n<li><span style=\"text-decoration: underline; color: #087eb6;\"><strong><span style=\"font-size: 14pt;\">QU\u00c8 NECESSITAR\u00c0S?<\/span><\/strong><\/span><\/li>\n<\/ul>\n<p>Aqu\u00ed pots consultar all\u00f2 que necessitar\u00e0s relacionat amb l&#8217;IFE:<\/p>\n<ul>\n<li style=\"list-style-type: none;\">\n<ul>\n<li><a href=\"https:\/\/agora.xtec.cat\/ies-olivar-gran\/secretaria\/matricula\/matricula-itinerari-de-formacio-especifica-ife\/\" target=\"_blank\" rel=\"noopener\">Despeses<\/a><\/li>\n<\/ul>\n<\/li>\n<\/ul>\n<p>&nbsp;<\/p>\n<ul>\n<li><span style=\"text-decoration: underline; color: #087eb6;\"><strong>VOLS SABER M\u00c9S SOBRE L&#8217;IFE? CONSULTA LES PORTES OBERTES<\/strong><\/span><\/li>\n<\/ul>\n<p>Descarrega&#8217;t el nou full de portes obertes clicant <a href=\"https:\/\/agora.xtec.cat\/ies-olivar-gran\/wp-content\/uploads\/usu2116\/2024\/04\/JPO-IFE-24-25.jpg\" target=\"_blank\" rel=\"noopener\"><span style=\"text-decoration: underline;\">aqu\u00ed<\/span><\/a>.<\/p>\n<ul>\n<li><span style=\"text-decoration: underline; color: #087eb6;\"><strong><span style=\"font-size: 14pt;\">BEQUES<\/span><\/strong><\/span><\/li>\n<\/ul>\n<p>Per sol\u00b7licitar beques i ajudes per alumnes amb necessitats espec\u00edfica a l&#8217;educaci\u00f3, s&#8217;ha de fer a trav\u00e9s del seg\u00fcent enlla\u00e7: <a href=\"https:\/\/www.educacionyfp.gob.es\/servicios-al-ciudadano\/catalogo\/estudiantes\/becas-ayudas\/para-estudiar\/primaria-secundaria\/necesidad-especifica-apoyo-educativo.html#ds1\" target=\"_blank\" rel=\"noopener\">accedeix<\/a><\/p>\n","protected":false},"excerpt":{"rendered":"<p>AUXILIAR EN SERVEIS DE RESTAURACI\u00d3 I ELABORACI\u00d3 D&#8217;\u00c0PATS QU\u00c8 \u00c9S L&#8217;IFE? Aqu\u00ed podr\u00e0s consultar tota la informaci\u00f3 relacionada amb els estudis d&#8217;IFE que oferim a l&#8217;Olivar Gran. Consulta aqu\u00ed m\u00e9s informaci\u00f3 relacionada amb l&#8217;IFE. QU\u00c8 \u00c9S L&#8217;IFE A L&#8217;OLIVAR GRAN? Accedeix al seg\u00fcent enlla\u00e7 per con\u00e8ixer l&#8217;IFE del nostre institut. Entra aqu\u00ed per saber-ne m\u00e9s. [&hellip;]<\/p>\n","protected":false},"author":1,"featured_media":0,"parent":195,"menu_order":5,"comment_status":"closed","ping_status":"closed","template":"page-templates\/side-menu.php","meta":{"_bbp_topic_count":0,"_bbp_reply_count":0,"_bbp_total_topic_count":0,"_bbp_total_reply_count":0,"_bbp_voice_count":0,"_bbp_anonymous_reply_count":0,"_bbp_topic_count_hidden":0,"_bbp_reply_count_hidden":0,"_bbp_forum_subforum_count":0,"site-sidebar-layout":"default","site-content-layout":"","ast-site-content-layout":"","site-content-style":"default","site-sidebar-style":"default","ast-global-header-display":"","ast-banner-title-visibility":"","ast-main-header-display":"","ast-hfb-above-header-display":"","ast-hfb-below-header-display":"","ast-hfb-mobile-header-display":"","site-post-title":"","ast-breadcrumbs-content":"","ast-featured-img":"","footer-sml-layout":"","theme-transparent-header-meta":"","adv-header-id-meta":"","stick-header-meta":"","header-above-stick-meta":"","header-main-stick-meta":"","header-below-stick-meta":"","astra-migrate-meta-layouts":"default","ast-page-background-enabled":"default","ast-page-background-meta":{"desktop":{"background-color":"var(--ast-global-color-4)","background-image":"","background-repeat":"repeat","background-position":"center center","background-size":"auto","background-attachment":"scroll","background-type":"","background-media":"","overlay-type":"","overlay-color":"","overlay-opacity":"","overlay-gradient":""},"tablet":{"background-color":"","background-image":"","background-repeat":"repeat","background-position":"center center","background-size":"auto","background-attachment":"scroll","background-type":"","background-media":"","overlay-type":"","overlay-color":"","overlay-opacity":"","overlay-gradient":""},"mobile":{"background-color":"","background-image":"","background-repeat":"repeat","background-position":"center center","background-size":"auto","background-attachment":"scroll","background-type":"","background-media":"","overlay-type":"","overlay-color":"","overlay-opacity":"","overlay-gradient":""}},"ast-content-background-meta":{"desktop":{"background-color":"var(--ast-global-color-5)","background-image":"","background-repeat":"repeat","background-position":"center center","background-size":"auto","background-attachment":"scroll","background-type":"","background-media":"","overlay-type":"","overlay-color":"","overlay-opacity":"","overlay-gradient":""},"tablet":{"background-color":"var(--ast-global-color-5)","background-image":"","background-repeat":"repeat","background-position":"center center","background-size":"auto","background-attachment":"scroll","background-type":"","background-media":"","overlay-type":"","overlay-color":"","overlay-opacity":"","overlay-gradient":""},"mobile":{"background-color":"var(--ast-global-color-5)","background-image":"","background-repeat":"repeat","background-position":"center center","background-size":"auto","background-attachment":"scroll","background-type":"","background-media":"","overlay-type":"","overlay-color":"","overlay-opacity":"","overlay-gradient":""}},"footnotes":""},"class_list":["post-4894","page","type-page","status-publish","hentry"],"post_mailing_queue_ids":[],"_links":{"self":[{"href":"https:\/\/agora.xtec.cat\/ies-olivar-gran\/wp-json\/wp\/v2\/pages\/4894","targetHints":{"allow":["GET"]}}],"collection":[{"href":"https:\/\/agora.xtec.cat\/ies-olivar-gran\/wp-json\/wp\/v2\/pages"}],"about":[{"href":"https:\/\/agora.xtec.cat\/ies-olivar-gran\/wp-json\/wp\/v2\/types\/page"}],"author":[{"embeddable":true,"href":"https:\/\/agora.xtec.cat\/ies-olivar-gran\/wp-json\/wp\/v2\/users\/1"}],"replies":[{"embeddable":true,"href":"https:\/\/agora.xtec.cat\/ies-olivar-gran\/wp-json\/wp\/v2\/comments?post=4894"}],"version-history":[{"count":7,"href":"https:\/\/agora.xtec.cat\/ies-olivar-gran\/wp-json\/wp\/v2\/pages\/4894\/revisions"}],"predecessor-version":[{"id":12288,"href":"https:\/\/agora.xtec.cat\/ies-olivar-gran\/wp-json\/wp\/v2\/pages\/4894\/revisions\/12288"}],"up":[{"embeddable":true,"href":"https:\/\/agora.xtec.cat\/ies-olivar-gran\/wp-json\/wp\/v2\/pages\/195"}],"wp:attachment":[{"href":"https:\/\/agora.xtec.cat\/ies-olivar-gran\/wp-json\/wp\/v2\/media?parent=4894"}],"curies":[{"name":"wp","href":"https:\/\/api.w.org\/{rel}","templated":true}]}}