{"id":4865,"date":"2021-03-24T10:35:47","date_gmt":"2021-03-24T09:35:47","guid":{"rendered":"https:\/\/agora.xtec.cat\/ies-olivar-gran\/?page_id=4865"},"modified":"2026-04-07T09:08:49","modified_gmt":"2026-04-07T07:08:49","slug":"preinscripcio-cicles-grau-mig","status":"publish","type":"page","link":"https:\/\/agora.xtec.cat\/ies-olivar-gran\/secretaria\/preinscripcio\/preinscripcio-cicles-grau-mig\/","title":{"rendered":"Preinscripci\u00f3 Cicles Grau Mig (tot l&#8217;alumnat)"},"content":{"rendered":"<h3><span style=\"text-decoration: underline; color: #000000;\"><strong>PREINSCRIPCI\u00d3 CICLES DE GRAU MITJ\u00c0 CURS 2026-27<img loading=\"lazy\" decoding=\"async\" class=\"alignright wp-image-4878\" src=\"https:\/\/agora.xtec.cat\/ies-olivar-gran\/wp-content\/uploads\/usu2116\/2021\/03\/PREINSCRIPCI\u00d3-ESO-10-1-300x258.png\" alt=\"\" width=\"360\" height=\"309\" srcset=\"https:\/\/agora.xtec.cat\/ies-olivar-gran\/wp-content\/uploads\/usu2116\/2021\/03\/PREINSCRIPCI\u00d3-ESO-10-1-300x258.png 300w, https:\/\/agora.xtec.cat\/ies-olivar-gran\/wp-content\/uploads\/usu2116\/2021\/03\/PREINSCRIPCI\u00d3-ESO-10-1.png 600w\" sizes=\"auto, (max-width: 360px) 100vw, 360px\" \/><\/strong><\/span><\/h3>\n<p><span style=\"color: #000000;\"><b>del 26 de maig a l&#8217;1 de juny de 2026<\/b><\/span><\/p>\n<p><span style=\"color: #000000;\">Tota la informaci\u00f3 general sobre el proc\u00e9s de preinscripci\u00f3 la trobareu a la p\u00e0gina oficial\u00a0 del Departament d\u2019Educaci\u00f3<\/span><span style=\"font-family: inherit; font-size: 1em;\">\u00a0<\/span><a style=\"font-family: inherit; font-size: 1em;\" href=\"https:\/\/preinscripcio.gencat.cat\/ca\/estudis\/fp-grau-mitja\/inici\/\" target=\"_blank\" rel=\"noopener noreferrer\">https:\/\/preinscripcio.gencat.cat\/ca\/estudis\/fp-grau-mitja\/inici\/<\/a><\/p>\n<p><span style=\"color: #087eb6;\"><strong><u><span style=\"font-size: 14pt;\">CALENDARI<\/span> <\/u><\/strong><\/span><\/p>\n<ul>\n<li><span style=\"color: #000000;\">Oferta p\u00fablica de places: 22 de maig de 2026<\/span><\/li>\n<li><span style=\"color: #000000;\"><strong style=\"font-family: inherit; font-size: 1em;\">Presentaci\u00f3 de sol\u00b7licituds de preinscripci\u00f3: del 26 de maig a l&#8217;1 de juny de 2026<\/strong><\/span><\/li>\n<li><span style=\"color: #000000;\"><strong>Presentaci\u00f3 de documentaci\u00f3: fins al 2 de juny de 2026<\/strong><\/span><\/li>\n<li><span style=\"color: #000000;\">Publicaci\u00f3 de la llista provisional de sol\u00b7licituds admeses i excloses a aquest proc\u00e9s: 29 de juny de 2026<\/span><\/li>\n<li><span style=\"color: #000000;\">Presentaci\u00f3 de reclamacions: del 29 de juny al 2 de juliol de 2026<\/span><\/li>\n<li>Sorteig del n\u00famero de desempat: 6 de juliol de 2026<\/li>\n<li>Publicaci\u00f3 de la llista de sol\u00b7licituds de preinscripci\u00f3 al centre amb la puntuaci\u00f3, un cop resoltes les reclamacions: 7 de juliol de 2026<\/li>\n<li><span style=\"color: #000000;\">Oferta final de places: 10 de juliol de 2026<\/span><\/li>\n<li>Publicaci\u00f3 de places de la primera assignaci\u00f3, amb indicaci\u00f3 del n\u00famero de petici\u00f3 atesa: 10 de juliol de 2026<\/li>\n<li><strong>Per\u00edode de matr\u00edcula per als alumnes que se&#8217;ls ha assignat la seva primera opci\u00f3 en la primera assignaci\u00f3: del 10 al 14 de juliol de 2026, ambd\u00f3s inclosos.\u00a0<\/strong><\/li>\n<li>Publicaci\u00f3 de places de la segona assignaci\u00f3, amb indicaci\u00f3 del n\u00famero de petici\u00f3 atesa: 24 de juliol de 2026<\/li>\n<li><span style=\"color: #000000;\">Per\u00edode de matr\u00edcula per als alumnes que han obtingut pla\u00e7a en el segon proc\u00e9s d&#8217;assignaci\u00f3: 24 i 28 de juliol de 2026, ambd\u00f3s inclosos.<\/span><\/li>\n<\/ul>\n<p><span style=\"color: #087eb6; font-size: 14pt;\"><strong><u>PUBLICACIONS PROC\u00c9S DE PREINSCRIPCI\u00d3 DE L\u2019INSTITUT OLIVAR GRAN 2026-27<\/u><\/strong><\/span><\/p>\n<ul>\n<li>Places ofertades<\/li>\n<li>Informe barem provisional<\/li>\n<li>Informe resoltes les reclamacions<\/li>\n<li>Oferta final de places<\/li>\n<li>Alumnes preinscrits al centre en 2a tanda<\/li>\n<li>Alumnes assignats en 2a tanda<\/li>\n<li>Alumnes assignats en 3a tanda<\/li>\n<\/ul>\n<p><span style=\"color: #087eb6; font-size: 14pt;\"><strong><u>INSTRUCCIONS PREINSCRIPCI\u00d3<\/u><\/strong><\/span><br \/>\n<iframe loading=\"lazy\" src=\"\" width=\"800\" height=\"800\"><span data-mce-type=\"bookmark\" style=\"display: inline-block; width: 0px; overflow: hidden; line-height: 0;\" class=\"mce_SELRES_start\">\ufeff<\/span><\/iframe><\/p>\n","protected":false},"excerpt":{"rendered":"<p>PREINSCRIPCI\u00d3 CICLES DE GRAU MITJ\u00c0 CURS 2026-27 del 26 de maig a l&#8217;1 de juny de 2026 Tota la informaci\u00f3 general sobre el proc\u00e9s de preinscripci\u00f3 la trobareu a la p\u00e0gina oficial\u00a0 del Departament d\u2019Educaci\u00f3\u00a0https:\/\/preinscripcio.gencat.cat\/ca\/estudis\/fp-grau-mitja\/inici\/ CALENDARI Oferta p\u00fablica de places: 22 de maig de 2026 Presentaci\u00f3 de sol\u00b7licituds de preinscripci\u00f3: del 26 de maig a [&hellip;]<\/p>\n","protected":false},"author":1,"featured_media":0,"parent":951,"menu_order":5,"comment_status":"closed","ping_status":"closed","template":"page-templates\/side-menu.php","meta":{"_bbp_topic_count":0,"_bbp_reply_count":0,"_bbp_total_topic_count":0,"_bbp_total_reply_count":0,"_bbp_voice_count":0,"_bbp_anonymous_reply_count":0,"_bbp_topic_count_hidden":0,"_bbp_reply_count_hidden":0,"_bbp_forum_subforum_count":0,"site-sidebar-layout":"default","site-content-layout":"","ast-site-content-layout":"default","site-content-style":"default","site-sidebar-style":"default","ast-global-header-display":"","ast-banner-title-visibility":"","ast-main-header-display":"","ast-hfb-above-header-display":"","ast-hfb-below-header-display":"","ast-hfb-mobile-header-display":"","site-post-title":"","ast-breadcrumbs-content":"","ast-featured-img":"","footer-sml-layout":"","theme-transparent-header-meta":"","adv-header-id-meta":"","stick-header-meta":"","header-above-stick-meta":"","header-main-stick-meta":"","header-below-stick-meta":"","astra-migrate-meta-layouts":"set","ast-page-background-enabled":"default","ast-page-background-meta":{"desktop":{"background-color":"var(--ast-global-color-4)","background-image":"","background-repeat":"repeat","background-position":"center center","background-size":"auto","background-attachment":"scroll","background-type":"","background-media":"","overlay-type":"","overlay-color":"","overlay-opacity":"","overlay-gradient":""},"tablet":{"background-color":"","background-image":"","background-repeat":"repeat","background-position":"center center","background-size":"auto","background-attachment":"scroll","background-type":"","background-media":"","overlay-type":"","overlay-color":"","overlay-opacity":"","overlay-gradient":""},"mobile":{"background-color":"","background-image":"","background-repeat":"repeat","background-position":"center center","background-size":"auto","background-attachment":"scroll","background-type":"","background-media":"","overlay-type":"","overlay-color":"","overlay-opacity":"","overlay-gradient":""}},"ast-content-background-meta":{"desktop":{"background-color":"var(--ast-global-color-5)","background-image":"","background-repeat":"repeat","background-position":"center center","background-size":"auto","background-attachment":"scroll","background-type":"","background-media":"","overlay-type":"","overlay-color":"","overlay-opacity":"","overlay-gradient":""},"tablet":{"background-color":"var(--ast-global-color-5)","background-image":"","background-repeat":"repeat","background-position":"center center","background-size":"auto","background-attachment":"scroll","background-type":"","background-media":"","overlay-type":"","overlay-color":"","overlay-opacity":"","overlay-gradient":""},"mobile":{"background-color":"var(--ast-global-color-5)","background-image":"","background-repeat":"repeat","background-position":"center center","background-size":"auto","background-attachment":"scroll","background-type":"","background-media":"","overlay-type":"","overlay-color":"","overlay-opacity":"","overlay-gradient":""}},"footnotes":""},"class_list":["post-4865","page","type-page","status-publish","hentry"],"post_mailing_queue_ids":[],"_links":{"self":[{"href":"https:\/\/agora.xtec.cat\/ies-olivar-gran\/wp-json\/wp\/v2\/pages\/4865","targetHints":{"allow":["GET"]}}],"collection":[{"href":"https:\/\/agora.xtec.cat\/ies-olivar-gran\/wp-json\/wp\/v2\/pages"}],"about":[{"href":"https:\/\/agora.xtec.cat\/ies-olivar-gran\/wp-json\/wp\/v2\/types\/page"}],"author":[{"embeddable":true,"href":"https:\/\/agora.xtec.cat\/ies-olivar-gran\/wp-json\/wp\/v2\/users\/1"}],"replies":[{"embeddable":true,"href":"https:\/\/agora.xtec.cat\/ies-olivar-gran\/wp-json\/wp\/v2\/comments?post=4865"}],"version-history":[{"count":6,"href":"https:\/\/agora.xtec.cat\/ies-olivar-gran\/wp-json\/wp\/v2\/pages\/4865\/revisions"}],"predecessor-version":[{"id":14863,"href":"https:\/\/agora.xtec.cat\/ies-olivar-gran\/wp-json\/wp\/v2\/pages\/4865\/revisions\/14863"}],"up":[{"embeddable":true,"href":"https:\/\/agora.xtec.cat\/ies-olivar-gran\/wp-json\/wp\/v2\/pages\/951"}],"wp:attachment":[{"href":"https:\/\/agora.xtec.cat\/ies-olivar-gran\/wp-json\/wp\/v2\/media?parent=4865"}],"curies":[{"name":"wp","href":"https:\/\/api.w.org\/{rel}","templated":true}]}}