{"id":4417,"date":"2021-02-18T19:26:04","date_gmt":"2021-02-18T18:26:04","guid":{"rendered":"https:\/\/agora.xtec.cat\/ies-olivar-gran\/?page_id=4417"},"modified":"2021-02-25T16:49:38","modified_gmt":"2021-02-25T15:49:38","slug":"impulsfp-dual-olivar-gran","status":"publish","type":"page","link":"https:\/\/agora.xtec.cat\/ies-olivar-gran\/estudis\/cicles-formatius\/impulsfp-dual-olivar-gran\/","title":{"rendered":"Impuls FP DUAL Olivar Gran"},"content":{"rendered":"<h3><span style=\"text-decoration: underline; color: #000000;\"><strong>DIFUSI\u00d3 DUAL<\/strong><\/span><\/h3>\n<p style=\"text-align: justify;\">A l&#8217;Olivar oferim la formaci\u00f3 DUAL en Direcci\u00f3 de Cuina. Des del mateix centre intentem fer la m\u00e0xima difusi\u00f3 de l&#8217;oferta per la captaci\u00f3 de m\u00e9s empreses que s&#8217;adhereixin amb nosaltres i el nostre projecte.<\/p>\n<p style=\"text-align: justify;\">La difusi\u00f3 d&#8217;aquest curs ha estat marcada per la pand\u00e8mia que estem vivint, aquest fet ha provocat que moltres empreses ens segueixin a trav\u00e9s de xarxes socials, la nostra web i amb contacte directe a trav\u00e9s de videoconfer\u00e8ncies i correus electr\u00f2nics.<\/p>\n<p style=\"text-align: justify;\">L&#8217;Associaci\u00f3 d&#8217;Hostaleria de l&#8217;Alt Empord\u00e0 s&#8217;ha interessat per poder col\u00b7laborar pel curs vinent a ajudar a adherir empreses del sector amb nosaltres.<\/p>\n<p style=\"text-align: justify;\">Tamb\u00e9 hem pogut realitzar pon\u00e8ncies i demostracions amb empreses del sector.<\/p>\n<p style=\"text-align: justify;\">Per a m\u00e9s informaci\u00f3 sobre l&#8217;impuls FP DUAL visita la seg\u00fcent p\u00e0gina: <a href=\"https:\/\/agora.xtec.cat\/fpdual\/\">https:\/\/agora.xtec.cat\/fpdual\/<\/a><\/p>\n<p style=\"text-align: justify;\">Us deixem un recull de fotografies de jornades que hem fet internament.<\/p>\n<table style=\"height: 32px; border-style: solid; width: 657px; border-color: #fff;\" width=\"657\">\n<tbody>\n<tr>\n<td style=\"width: 215.333px; border-style: solid; border-color: #ffffff;\"><img loading=\"lazy\" decoding=\"async\" class=\"aligncenter size-medium wp-image-4421\" src=\"https:\/\/agora.xtec.cat\/ies-olivar-gran\/wp-content\/uploads\/usu2116\/2021\/02\/IMG_20210212_114121-300x225.jpg\" alt=\"\" width=\"300\" height=\"225\" srcset=\"https:\/\/agora.xtec.cat\/ies-olivar-gran\/wp-content\/uploads\/usu2116\/2021\/02\/IMG_20210212_114121-300x225.jpg 300w, https:\/\/agora.xtec.cat\/ies-olivar-gran\/wp-content\/uploads\/usu2116\/2021\/02\/IMG_20210212_114121-768x576.jpg 768w, https:\/\/agora.xtec.cat\/ies-olivar-gran\/wp-content\/uploads\/usu2116\/2021\/02\/IMG_20210212_114121-1024x768.jpg 1024w, https:\/\/agora.xtec.cat\/ies-olivar-gran\/wp-content\/uploads\/usu2116\/2021\/02\/IMG_20210212_114121-200x150.jpg 200w, https:\/\/agora.xtec.cat\/ies-olivar-gran\/wp-content\/uploads\/usu2116\/2021\/02\/IMG_20210212_114121.jpg 2048w\" sizes=\"auto, (max-width: 300px) 100vw, 300px\" \/><\/td>\n<td style=\"width: 216px; border-style: solid; border-color: #ffffff;\"><img loading=\"lazy\" decoding=\"async\" class=\"aligncenter wp-image-4422 size-thumbnail\" src=\"https:\/\/agora.xtec.cat\/ies-olivar-gran\/wp-content\/uploads\/usu2116\/2021\/02\/IMG_20210212_121831_Bokeh-150x150.jpg\" alt=\"\" width=\"150\" height=\"150\" \/><\/td>\n<td style=\"width: 216px; border-style: solid; border-color: #ffffff;\"><img loading=\"lazy\" decoding=\"async\" class=\"aligncenter size-medium wp-image-4420\" src=\"https:\/\/agora.xtec.cat\/ies-olivar-gran\/wp-content\/uploads\/usu2116\/2021\/02\/IMG_20210203_102512-300x225.jpg\" alt=\"\" width=\"300\" height=\"225\" srcset=\"https:\/\/agora.xtec.cat\/ies-olivar-gran\/wp-content\/uploads\/usu2116\/2021\/02\/IMG_20210203_102512-300x225.jpg 300w, https:\/\/agora.xtec.cat\/ies-olivar-gran\/wp-content\/uploads\/usu2116\/2021\/02\/IMG_20210203_102512-768x576.jpg 768w, https:\/\/agora.xtec.cat\/ies-olivar-gran\/wp-content\/uploads\/usu2116\/2021\/02\/IMG_20210203_102512-1024x768.jpg 1024w, https:\/\/agora.xtec.cat\/ies-olivar-gran\/wp-content\/uploads\/usu2116\/2021\/02\/IMG_20210203_102512-200x150.jpg 200w, https:\/\/agora.xtec.cat\/ies-olivar-gran\/wp-content\/uploads\/usu2116\/2021\/02\/IMG_20210203_102512.jpg 2048w\" sizes=\"auto, (max-width: 300px) 100vw, 300px\" \/><\/td>\n<\/tr>\n<\/tbody>\n<\/table>\n<table style=\"height: 9px; border-style: solid; width: 657; border-color: #fff;\" width=\"657 \">\n<tbody>\n<tr>\n<td style=\"width: 323.333px; border-style: solid; border-color: #ffffff;\"><img loading=\"lazy\" decoding=\"async\" class=\"aligncenter wp-image-4424\" src=\"https:\/\/agora.xtec.cat\/ies-olivar-gran\/wp-content\/uploads\/usu2116\/2021\/02\/IMG_20210212_123120-225x300.jpg\" alt=\"\" width=\"169\" height=\"225\" srcset=\"https:\/\/agora.xtec.cat\/ies-olivar-gran\/wp-content\/uploads\/usu2116\/2021\/02\/IMG_20210212_123120-225x300.jpg 225w, https:\/\/agora.xtec.cat\/ies-olivar-gran\/wp-content\/uploads\/usu2116\/2021\/02\/IMG_20210212_123120-768x1024.jpg 768w, https:\/\/agora.xtec.cat\/ies-olivar-gran\/wp-content\/uploads\/usu2116\/2021\/02\/IMG_20210212_123120.jpg 1536w\" sizes=\"auto, (max-width: 169px) 100vw, 169px\" \/><\/td>\n<td style=\"width: 324px; border-style: solid; border-color: #ffffff;\"><img loading=\"lazy\" decoding=\"async\" class=\"aligncenter size-medium wp-image-4423\" src=\"https:\/\/agora.xtec.cat\/ies-olivar-gran\/wp-content\/uploads\/usu2116\/2021\/02\/IMG_20210212_122638-300x225.jpg\" alt=\"\" width=\"300\" height=\"225\" srcset=\"https:\/\/agora.xtec.cat\/ies-olivar-gran\/wp-content\/uploads\/usu2116\/2021\/02\/IMG_20210212_122638-300x225.jpg 300w, https:\/\/agora.xtec.cat\/ies-olivar-gran\/wp-content\/uploads\/usu2116\/2021\/02\/IMG_20210212_122638-768x576.jpg 768w, https:\/\/agora.xtec.cat\/ies-olivar-gran\/wp-content\/uploads\/usu2116\/2021\/02\/IMG_20210212_122638-1024x768.jpg 1024w, https:\/\/agora.xtec.cat\/ies-olivar-gran\/wp-content\/uploads\/usu2116\/2021\/02\/IMG_20210212_122638-200x150.jpg 200w, https:\/\/agora.xtec.cat\/ies-olivar-gran\/wp-content\/uploads\/usu2116\/2021\/02\/IMG_20210212_122638.jpg 2048w\" sizes=\"auto, (max-width: 300px) 100vw, 300px\" \/><\/td>\n<\/tr>\n<\/tbody>\n<\/table>\n<table style=\"height: 9px; border-style: solid; width: 657; border-color: #fff;\" width=\"657 \">\n<tbody>\n<tr>\n<td style=\"width: 323.333px; border-style: solid; border-color: #ffffff;\"><img loading=\"lazy\" decoding=\"async\" class=\"aligncenter size-medium wp-image-4419\" src=\"https:\/\/agora.xtec.cat\/ies-olivar-gran\/wp-content\/uploads\/usu2116\/2021\/02\/IMG_20210202_125549-300x225.jpg\" alt=\"\" width=\"300\" height=\"225\" srcset=\"https:\/\/agora.xtec.cat\/ies-olivar-gran\/wp-content\/uploads\/usu2116\/2021\/02\/IMG_20210202_125549-300x225.jpg 300w, https:\/\/agora.xtec.cat\/ies-olivar-gran\/wp-content\/uploads\/usu2116\/2021\/02\/IMG_20210202_125549-768x576.jpg 768w, https:\/\/agora.xtec.cat\/ies-olivar-gran\/wp-content\/uploads\/usu2116\/2021\/02\/IMG_20210202_125549-1024x768.jpg 1024w, https:\/\/agora.xtec.cat\/ies-olivar-gran\/wp-content\/uploads\/usu2116\/2021\/02\/IMG_20210202_125549-200x150.jpg 200w, https:\/\/agora.xtec.cat\/ies-olivar-gran\/wp-content\/uploads\/usu2116\/2021\/02\/IMG_20210202_125549.jpg 2048w\" sizes=\"auto, (max-width: 300px) 100vw, 300px\" \/><\/td>\n<td style=\"width: 324px; border-style: solid; border-color: #ffffff;\"><img loading=\"lazy\" decoding=\"async\" class=\"aligncenter size-medium wp-image-4418\" src=\"https:\/\/agora.xtec.cat\/ies-olivar-gran\/wp-content\/uploads\/usu2116\/2021\/02\/IMG_20210202_123710-300x225.jpg\" alt=\"\" width=\"300\" height=\"225\" srcset=\"https:\/\/agora.xtec.cat\/ies-olivar-gran\/wp-content\/uploads\/usu2116\/2021\/02\/IMG_20210202_123710-300x225.jpg 300w, https:\/\/agora.xtec.cat\/ies-olivar-gran\/wp-content\/uploads\/usu2116\/2021\/02\/IMG_20210202_123710-768x576.jpg 768w, https:\/\/agora.xtec.cat\/ies-olivar-gran\/wp-content\/uploads\/usu2116\/2021\/02\/IMG_20210202_123710-1024x768.jpg 1024w, https:\/\/agora.xtec.cat\/ies-olivar-gran\/wp-content\/uploads\/usu2116\/2021\/02\/IMG_20210202_123710-200x150.jpg 200w, https:\/\/agora.xtec.cat\/ies-olivar-gran\/wp-content\/uploads\/usu2116\/2021\/02\/IMG_20210202_123710.jpg 2048w\" sizes=\"auto, (max-width: 300px) 100vw, 300px\" \/><\/td>\n<\/tr>\n<\/tbody>\n<\/table>\n<table style=\"height: 21px; border-style: solid; width: 472px; border-color: #fff;\" width=\"472\">\n<tbody>\n<tr>\n<td style=\"width: 232px; border-style: solid; border-color: #ffffff;\"><img loading=\"lazy\" decoding=\"async\" class=\"aligncenter size-medium wp-image-4425\" src=\"https:\/\/agora.xtec.cat\/ies-olivar-gran\/wp-content\/uploads\/usu2116\/2021\/02\/generalitat-300x71.png\" alt=\"\" width=\"300\" height=\"71\" srcset=\"https:\/\/agora.xtec.cat\/ies-olivar-gran\/wp-content\/uploads\/usu2116\/2021\/02\/generalitat-300x71.png 300w, https:\/\/agora.xtec.cat\/ies-olivar-gran\/wp-content\/uploads\/usu2116\/2021\/02\/generalitat.png 596w\" sizes=\"auto, (max-width: 300px) 100vw, 300px\" \/><\/td>\n<td style=\"width: 232.667px; border-style: solid; border-color: #ffffff;\"><img loading=\"lazy\" decoding=\"async\" class=\"aligncenter wp-image-1892\" src=\"https:\/\/agora.xtec.cat\/ies-olivar-gran\/wp-content\/uploads\/usu2116\/2020\/06\/DUAL_alta-300x300.jpg\" alt=\"\" width=\"100\" height=\"100\" srcset=\"https:\/\/agora.xtec.cat\/ies-olivar-gran\/wp-content\/uploads\/usu2116\/2020\/06\/DUAL_alta-300x300.jpg 300w, https:\/\/agora.xtec.cat\/ies-olivar-gran\/wp-content\/uploads\/usu2116\/2020\/06\/DUAL_alta-150x150.jpg 150w, https:\/\/agora.xtec.cat\/ies-olivar-gran\/wp-content\/uploads\/usu2116\/2020\/06\/DUAL_alta.jpg 553w\" sizes=\"auto, (max-width: 100px) 100vw, 100px\" \/><\/td>\n<\/tr>\n<tr>\n<td style=\"width: 232px; border-style: solid; border-color: #ffffff; background-color: #ffffff;\"><img loading=\"lazy\" decoding=\"async\" class=\"aligncenter size-full wp-image-4362\" src=\"https:\/\/agora.xtec.cat\/ies-olivar-gran\/wp-content\/uploads\/usu2116\/2021\/02\/escudo-mefp.gif\" alt=\"\" width=\"297\" height=\"72\" \/><\/td>\n<td style=\"width: 232.667px; border-style: solid; border-color: #ffffff; background-color: #ffffff;\"><img loading=\"lazy\" decoding=\"async\" class=\"aligncenter size-full wp-image-1890\" src=\"https:\/\/agora.xtec.cat\/ies-olivar-gran\/wp-content\/uploads\/usu2116\/2020\/06\/logo_FSE_amb_lema_capcalera.png\" alt=\"\" width=\"265\" height=\"48\" \/><\/td>\n<\/tr>\n<\/tbody>\n<\/table>\n","protected":false},"excerpt":{"rendered":"<p>DIFUSI\u00d3 DUAL A l&#8217;Olivar oferim la formaci\u00f3 DUAL en Direcci\u00f3 de Cuina. Des del mateix centre intentem fer la m\u00e0xima difusi\u00f3 de l&#8217;oferta per la captaci\u00f3 de m\u00e9s empreses que s&#8217;adhereixin amb nosaltres i el nostre projecte. La difusi\u00f3 d&#8217;aquest curs ha estat marcada per la pand\u00e8mia que estem vivint, aquest fet ha provocat que [&hellip;]<\/p>\n","protected":false},"author":1,"featured_media":0,"parent":2065,"menu_order":7,"comment_status":"closed","ping_status":"closed","template":"page-templates\/side-menu.php","meta":{"_bbp_topic_count":0,"_bbp_reply_count":0,"_bbp_total_topic_count":0,"_bbp_total_reply_count":0,"_bbp_voice_count":0,"_bbp_anonymous_reply_count":0,"_bbp_topic_count_hidden":0,"_bbp_reply_count_hidden":0,"_bbp_forum_subforum_count":0,"site-sidebar-layout":"default","site-content-layout":"","ast-site-content-layout":"","site-content-style":"default","site-sidebar-style":"default","ast-global-header-display":"","ast-banner-title-visibility":"","ast-main-header-display":"","ast-hfb-above-header-display":"","ast-hfb-below-header-display":"","ast-hfb-mobile-header-display":"","site-post-title":"","ast-breadcrumbs-content":"","ast-featured-img":"","footer-sml-layout":"","theme-transparent-header-meta":"","adv-header-id-meta":"","stick-header-meta":"","header-above-stick-meta":"","header-main-stick-meta":"","header-below-stick-meta":"","astra-migrate-meta-layouts":"default","ast-page-background-enabled":"default","ast-page-background-meta":{"desktop":{"background-color":"var(--ast-global-color-4)","background-image":"","background-repeat":"repeat","background-position":"center center","background-size":"auto","background-attachment":"scroll","background-type":"","background-media":"","overlay-type":"","overlay-color":"","overlay-opacity":"","overlay-gradient":""},"tablet":{"background-color":"","background-image":"","background-repeat":"repeat","background-position":"center center","background-size":"auto","background-attachment":"scroll","background-type":"","background-media":"","overlay-type":"","overlay-color":"","overlay-opacity":"","overlay-gradient":""},"mobile":{"background-color":"","background-image":"","background-repeat":"repeat","background-position":"center center","background-size":"auto","background-attachment":"scroll","background-type":"","background-media":"","overlay-type":"","overlay-color":"","overlay-opacity":"","overlay-gradient":""}},"ast-content-background-meta":{"desktop":{"background-color":"var(--ast-global-color-5)","background-image":"","background-repeat":"repeat","background-position":"center center","background-size":"auto","background-attachment":"scroll","background-type":"","background-media":"","overlay-type":"","overlay-color":"","overlay-opacity":"","overlay-gradient":""},"tablet":{"background-color":"var(--ast-global-color-5)","background-image":"","background-repeat":"repeat","background-position":"center center","background-size":"auto","background-attachment":"scroll","background-type":"","background-media":"","overlay-type":"","overlay-color":"","overlay-opacity":"","overlay-gradient":""},"mobile":{"background-color":"var(--ast-global-color-5)","background-image":"","background-repeat":"repeat","background-position":"center center","background-size":"auto","background-attachment":"scroll","background-type":"","background-media":"","overlay-type":"","overlay-color":"","overlay-opacity":"","overlay-gradient":""}},"footnotes":""},"class_list":["post-4417","page","type-page","status-publish","hentry"],"post_mailing_queue_ids":[],"_links":{"self":[{"href":"https:\/\/agora.xtec.cat\/ies-olivar-gran\/wp-json\/wp\/v2\/pages\/4417","targetHints":{"allow":["GET"]}}],"collection":[{"href":"https:\/\/agora.xtec.cat\/ies-olivar-gran\/wp-json\/wp\/v2\/pages"}],"about":[{"href":"https:\/\/agora.xtec.cat\/ies-olivar-gran\/wp-json\/wp\/v2\/types\/page"}],"author":[{"embeddable":true,"href":"https:\/\/agora.xtec.cat\/ies-olivar-gran\/wp-json\/wp\/v2\/users\/1"}],"replies":[{"embeddable":true,"href":"https:\/\/agora.xtec.cat\/ies-olivar-gran\/wp-json\/wp\/v2\/comments?post=4417"}],"version-history":[{"count":3,"href":"https:\/\/agora.xtec.cat\/ies-olivar-gran\/wp-json\/wp\/v2\/pages\/4417\/revisions"}],"predecessor-version":[{"id":4445,"href":"https:\/\/agora.xtec.cat\/ies-olivar-gran\/wp-json\/wp\/v2\/pages\/4417\/revisions\/4445"}],"up":[{"embeddable":true,"href":"https:\/\/agora.xtec.cat\/ies-olivar-gran\/wp-json\/wp\/v2\/pages\/2065"}],"wp:attachment":[{"href":"https:\/\/agora.xtec.cat\/ies-olivar-gran\/wp-json\/wp\/v2\/media?parent=4417"}],"curies":[{"name":"wp","href":"https:\/\/api.w.org\/{rel}","templated":true}]}}