{"id":4393,"date":"2021-02-18T18:00:54","date_gmt":"2021-02-18T17:00:54","guid":{"rendered":"https:\/\/agora.xtec.cat\/ies-olivar-gran\/?page_id=4393"},"modified":"2021-02-25T16:48:13","modified_gmt":"2021-02-25T15:48:13","slug":"impuls-fp-openspace","status":"publish","type":"page","link":"https:\/\/agora.xtec.cat\/ies-olivar-gran\/estudis\/cicles-formatius\/impuls-fp-openspace\/","title":{"rendered":"Impuls FP &#8211; Openspace"},"content":{"rendered":"<h3><span style=\"text-decoration: underline; color: #000000;\"><strong>IMPULS FP &#8211; OPENSPACE<img loading=\"lazy\" decoding=\"async\" class=\"wp-image-4396 size-large aligncenter\" src=\"https:\/\/agora.xtec.cat\/ies-olivar-gran\/wp-content\/uploads\/usu2116\/2021\/02\/OPENSPACES-1024x215.png\" alt=\"\" width=\"1024\" height=\"215\" srcset=\"https:\/\/agora.xtec.cat\/ies-olivar-gran\/wp-content\/uploads\/usu2116\/2021\/02\/OPENSPACES-1024x215.png 1024w, https:\/\/agora.xtec.cat\/ies-olivar-gran\/wp-content\/uploads\/usu2116\/2021\/02\/OPENSPACES-300x63.png 300w, https:\/\/agora.xtec.cat\/ies-olivar-gran\/wp-content\/uploads\/usu2116\/2021\/02\/OPENSPACES-768x161.png 768w\" sizes=\"auto, (max-width: 1024px) 100vw, 1024px\" \/><\/strong><\/span><\/h3>\n<p style=\"text-align: justify;\">El projecte Open Space de l&#8217;Olivar Gran vol crear un espai de creativitat, reciclatge i trobada entre alumnes, empreses i exalumnes per tal de satisfer la curiositat i iniciativa d&#8217;uns i les seves necessitats.<\/p>\n<ul>\n<li style=\"text-align: justify;\">Aquest espai est\u00e0 pensat per treballar en grup creant un espai de treball de diversos \u00e0mbits.<\/li>\n<li style=\"text-align: justify;\">Aquest espai es vol dotar d&#8217;ordinadors per poder fer consultes i apropar pantalles t\u00e0ctils per fer presentacions.<\/li>\n<li style=\"text-align: justify;\">Tamb\u00e9 consta de pissarres tradicionals i parets pintades de pissarra per poder apuntar amb guix.<\/li>\n<li style=\"text-align: justify;\">Ha de ser un lloc de pas, obert, c\u00f2mode i on tots els alumnes tinguin cabuda. Un lloc on l&#8217;alumnat vulgui passar-hi temps.<\/li>\n<li style=\"text-align: justify;\">Prop de l&#8217;aula de demostraci\u00f3, del bar i del rac\u00f3 de cocteleria per si algun alumne ha de realitzar I+D i com no, prop del restaurant, ja que com ja sabem, els grans projectes sempre es tanquen al voltant d&#8217;una taula.<\/li>\n<li style=\"text-align: justify;\">C\u00f2mode i agradable, obert a l&#8217;exterior i amb comunicacions. Lloc de trobada amb tranquil\u00b7litat, de pas, de reunions i de consulta.<\/li>\n<li style=\"text-align: justify;\">Aquest espai est\u00e0 disposat en una part del menjador de clients del restaurant de l&#8217;escola d&#8217;hostaleria. L&#8217;espai consta en total de m\u00e9s de 200 m2.<\/li>\n<li style=\"text-align: justify;\">La part que s&#8217;ocupar\u00e0 \u00e9s tota la zona del bar, amb porta d&#8217;acc\u00e9s al jard\u00ed, on tamb\u00e9 es voldria adequar per poder-hi treballar. S&#8217;ubicaran uns sof\u00e0s, pufs i tauletes envoltades de pissarra per poder crear un espai de discussi\u00f3. Aquest espai \u00e9s totalment m\u00f2bil. Al mateix temps a l&#8217;entrada del menjador tamb\u00e9 s&#8217;ubicar\u00e0 una pantalla prometheus, que ja tenim, i una pissarra per tal de fer una separaci\u00f3 i poder crear parts de treball de diferents punts i en qu\u00e8 cada moment es necessiti.<\/li>\n<li style=\"text-align: justify;\">A l&#8217;entrada de l&#8217;EdH i del menjador de clients, es posaran tots els logos d&#8217;empreses i entitats que col\u00b7laboren amb el centre. En aquest mateix punt es volen posar dos ordinadors per tal que tothom els pugui utilitzar.<\/li>\n<li>L&#8217;Openspace est\u00e0 finan\u00e7at pel Ministeri d\u2019Educaci\u00f3 i Formaci\u00f3 Professional, i cofinan\u00e7at pel Fons Social Europeu.<\/li>\n<\/ul>\n<table style=\"border-style: solid; border-color: #FFF;\">\n<tbody>\n<tr>\n<td style=\"border-style: solid; border-color: #000; background-color: #0cf533;\"><span style=\"color: #000000;\"><a style=\"color: #000000;\" href=\"https:\/\/agora.xtec.cat\/ies-olivar-gran\/wp-content\/uploads\/usu2116\/2021\/02\/Open-Spaces.pdf\" target=\"_blank\" rel=\"noopener noreferrer\"><strong>PROJECTE OPEN SPACES<\/strong><\/a><\/span><\/td>\n<\/tr>\n<\/tbody>\n<\/table>\n<table style=\"height: 25px; border-style: solid; width: 652px; border-color: #fff;\" width=\"652\">\n<tbody>\n<tr>\n<td style=\"width: 322px; border-style: solid; border-color: #ffffff;\"><img loading=\"lazy\" decoding=\"async\" class=\"aligncenter size-medium wp-image-4410\" src=\"https:\/\/agora.xtec.cat\/ies-olivar-gran\/wp-content\/uploads\/usu2116\/2021\/02\/IMG_20210217_092955-min-300x225.jpg\" alt=\"\" width=\"300\" height=\"225\" srcset=\"https:\/\/agora.xtec.cat\/ies-olivar-gran\/wp-content\/uploads\/usu2116\/2021\/02\/IMG_20210217_092955-min-300x225.jpg 300w, https:\/\/agora.xtec.cat\/ies-olivar-gran\/wp-content\/uploads\/usu2116\/2021\/02\/IMG_20210217_092955-min-768x577.jpg 768w, https:\/\/agora.xtec.cat\/ies-olivar-gran\/wp-content\/uploads\/usu2116\/2021\/02\/IMG_20210217_092955-min-1024x769.jpg 1024w, https:\/\/agora.xtec.cat\/ies-olivar-gran\/wp-content\/uploads\/usu2116\/2021\/02\/IMG_20210217_092955-min-200x150.jpg 200w\" sizes=\"auto, (max-width: 300px) 100vw, 300px\" \/><\/td>\n<td style=\"width: 322.667px; border-style: solid; border-color: #ffffff;\"><img loading=\"lazy\" decoding=\"async\" class=\"aligncenter size-medium wp-image-4409\" src=\"https:\/\/agora.xtec.cat\/ies-olivar-gran\/wp-content\/uploads\/usu2116\/2021\/02\/IMG_20210217_092927-min-300x225.jpg\" alt=\"\" width=\"300\" height=\"225\" srcset=\"https:\/\/agora.xtec.cat\/ies-olivar-gran\/wp-content\/uploads\/usu2116\/2021\/02\/IMG_20210217_092927-min-300x225.jpg 300w, https:\/\/agora.xtec.cat\/ies-olivar-gran\/wp-content\/uploads\/usu2116\/2021\/02\/IMG_20210217_092927-min-768x577.jpg 768w, https:\/\/agora.xtec.cat\/ies-olivar-gran\/wp-content\/uploads\/usu2116\/2021\/02\/IMG_20210217_092927-min-1024x769.jpg 1024w, https:\/\/agora.xtec.cat\/ies-olivar-gran\/wp-content\/uploads\/usu2116\/2021\/02\/IMG_20210217_092927-min-200x150.jpg 200w\" sizes=\"auto, (max-width: 300px) 100vw, 300px\" \/><\/td>\n<\/tr>\n<\/tbody>\n<\/table>\n<table style=\"height: 25px; border-style: solid; width: 652px; border-color: #fff;\" width=\"652\">\n<tbody>\n<tr>\n<td style=\"width: 322px; border-style: solid; border-color: #ffffff;\"><img loading=\"lazy\" decoding=\"async\" class=\"aligncenter size-medium wp-image-4408\" src=\"https:\/\/agora.xtec.cat\/ies-olivar-gran\/wp-content\/uploads\/usu2116\/2021\/02\/IMG_20210217_092744-min-300x225.jpg\" alt=\"\" width=\"300\" height=\"225\" srcset=\"https:\/\/agora.xtec.cat\/ies-olivar-gran\/wp-content\/uploads\/usu2116\/2021\/02\/IMG_20210217_092744-min-300x225.jpg 300w, https:\/\/agora.xtec.cat\/ies-olivar-gran\/wp-content\/uploads\/usu2116\/2021\/02\/IMG_20210217_092744-min-768x577.jpg 768w, https:\/\/agora.xtec.cat\/ies-olivar-gran\/wp-content\/uploads\/usu2116\/2021\/02\/IMG_20210217_092744-min-1024x769.jpg 1024w, https:\/\/agora.xtec.cat\/ies-olivar-gran\/wp-content\/uploads\/usu2116\/2021\/02\/IMG_20210217_092744-min-200x150.jpg 200w\" sizes=\"auto, (max-width: 300px) 100vw, 300px\" \/><\/td>\n<td style=\"width: 322.667px; border-style: solid; border-color: #ffffff;\"><img loading=\"lazy\" decoding=\"async\" class=\"aligncenter size-medium wp-image-4413\" src=\"https:\/\/agora.xtec.cat\/ies-olivar-gran\/wp-content\/uploads\/usu2116\/2021\/02\/IMG_20210217_092416-min-300x225.jpg\" alt=\"\" width=\"300\" height=\"225\" srcset=\"https:\/\/agora.xtec.cat\/ies-olivar-gran\/wp-content\/uploads\/usu2116\/2021\/02\/IMG_20210217_092416-min-300x225.jpg 300w, https:\/\/agora.xtec.cat\/ies-olivar-gran\/wp-content\/uploads\/usu2116\/2021\/02\/IMG_20210217_092416-min-768x577.jpg 768w, https:\/\/agora.xtec.cat\/ies-olivar-gran\/wp-content\/uploads\/usu2116\/2021\/02\/IMG_20210217_092416-min-1024x769.jpg 1024w, https:\/\/agora.xtec.cat\/ies-olivar-gran\/wp-content\/uploads\/usu2116\/2021\/02\/IMG_20210217_092416-min-200x150.jpg 200w\" sizes=\"auto, (max-width: 300px) 100vw, 300px\" \/><\/td>\n<\/tr>\n<\/tbody>\n<\/table>\n<table style=\"height: 25px; border-style: solid; width: 652px; border-color: #fff;\" width=\"652\">\n<tbody>\n<tr>\n<td style=\"width: 322px; border-style: solid; border-color: #ffffff;\"><img loading=\"lazy\" decoding=\"async\" class=\"aligncenter size-medium wp-image-4412\" src=\"https:\/\/agora.xtec.cat\/ies-olivar-gran\/wp-content\/uploads\/usu2116\/2021\/02\/IMG_20210217_093105-min-300x225.jpg\" alt=\"\" width=\"300\" height=\"225\" srcset=\"https:\/\/agora.xtec.cat\/ies-olivar-gran\/wp-content\/uploads\/usu2116\/2021\/02\/IMG_20210217_093105-min-300x225.jpg 300w, https:\/\/agora.xtec.cat\/ies-olivar-gran\/wp-content\/uploads\/usu2116\/2021\/02\/IMG_20210217_093105-min-768x577.jpg 768w, https:\/\/agora.xtec.cat\/ies-olivar-gran\/wp-content\/uploads\/usu2116\/2021\/02\/IMG_20210217_093105-min-1024x769.jpg 1024w, https:\/\/agora.xtec.cat\/ies-olivar-gran\/wp-content\/uploads\/usu2116\/2021\/02\/IMG_20210217_093105-min-200x150.jpg 200w\" sizes=\"auto, (max-width: 300px) 100vw, 300px\" \/><\/td>\n<td style=\"width: 322.667px; border-style: solid; border-color: #ffffff;\"><img loading=\"lazy\" decoding=\"async\" class=\"aligncenter size-medium wp-image-4411\" src=\"https:\/\/agora.xtec.cat\/ies-olivar-gran\/wp-content\/uploads\/usu2116\/2021\/02\/IMG_20210217_093051-min-300x225.jpg\" alt=\"\" width=\"300\" height=\"225\" srcset=\"https:\/\/agora.xtec.cat\/ies-olivar-gran\/wp-content\/uploads\/usu2116\/2021\/02\/IMG_20210217_093051-min-300x225.jpg 300w, https:\/\/agora.xtec.cat\/ies-olivar-gran\/wp-content\/uploads\/usu2116\/2021\/02\/IMG_20210217_093051-min-768x577.jpg 768w, https:\/\/agora.xtec.cat\/ies-olivar-gran\/wp-content\/uploads\/usu2116\/2021\/02\/IMG_20210217_093051-min-1024x769.jpg 1024w, https:\/\/agora.xtec.cat\/ies-olivar-gran\/wp-content\/uploads\/usu2116\/2021\/02\/IMG_20210217_093051-min-200x150.jpg 200w\" sizes=\"auto, (max-width: 300px) 100vw, 300px\" \/><\/td>\n<\/tr>\n<\/tbody>\n<\/table>\n<table style=\"height: 25px; border-style: solid; width: 652px; border-color: #fff;\" width=\"652\">\n<tbody>\n<tr>\n<td style=\"width: 322px; border-style: solid; border-color: #ffffff;\"><img loading=\"lazy\" decoding=\"async\" class=\"aligncenter size-medium wp-image-4415\" src=\"https:\/\/agora.xtec.cat\/ies-olivar-gran\/wp-content\/uploads\/usu2116\/2021\/02\/IMG_20210217_092512-min-225x300.jpg\" alt=\"\" width=\"225\" height=\"300\" srcset=\"https:\/\/agora.xtec.cat\/ies-olivar-gran\/wp-content\/uploads\/usu2116\/2021\/02\/IMG_20210217_092512-min-225x300.jpg 225w, https:\/\/agora.xtec.cat\/ies-olivar-gran\/wp-content\/uploads\/usu2116\/2021\/02\/IMG_20210217_092512-min-768x1023.jpg 768w, https:\/\/agora.xtec.cat\/ies-olivar-gran\/wp-content\/uploads\/usu2116\/2021\/02\/IMG_20210217_092512-min-769x1024.jpg 769w\" sizes=\"auto, (max-width: 225px) 100vw, 225px\" \/><\/td>\n<td style=\"width: 322.667px; border-style: solid; border-color: #ffffff;\"><img loading=\"lazy\" decoding=\"async\" class=\"aligncenter size-medium wp-image-4407\" src=\"https:\/\/agora.xtec.cat\/ies-olivar-gran\/wp-content\/uploads\/usu2116\/2021\/02\/IMG_20210217_092803-min-225x300.jpg\" alt=\"\" width=\"225\" height=\"300\" srcset=\"https:\/\/agora.xtec.cat\/ies-olivar-gran\/wp-content\/uploads\/usu2116\/2021\/02\/IMG_20210217_092803-min-225x300.jpg 225w, https:\/\/agora.xtec.cat\/ies-olivar-gran\/wp-content\/uploads\/usu2116\/2021\/02\/IMG_20210217_092803-min-768x1023.jpg 768w, https:\/\/agora.xtec.cat\/ies-olivar-gran\/wp-content\/uploads\/usu2116\/2021\/02\/IMG_20210217_092803-min-769x1024.jpg 769w\" sizes=\"auto, (max-width: 225px) 100vw, 225px\" \/><\/td>\n<\/tr>\n<\/tbody>\n<\/table>\n<table style=\"height: 33px; border-style: solid; width: 661px; border-color: #fff;\" width=\"661\">\n<tbody>\n<tr>\n<td style=\"width: 326.667px; border-style: solid; border-color: #ffffff;\">&nbsp;<\/p>\n<p>&nbsp;<\/p>\n<p><img loading=\"lazy\" decoding=\"async\" class=\"aligncenter size-medium wp-image-4396\" src=\"https:\/\/agora.xtec.cat\/ies-olivar-gran\/wp-content\/uploads\/usu2116\/2021\/02\/OPENSPACES-300x63.png\" alt=\"\" width=\"300\" height=\"63\" srcset=\"https:\/\/agora.xtec.cat\/ies-olivar-gran\/wp-content\/uploads\/usu2116\/2021\/02\/OPENSPACES-300x63.png 300w, https:\/\/agora.xtec.cat\/ies-olivar-gran\/wp-content\/uploads\/usu2116\/2021\/02\/OPENSPACES-768x161.png 768w, https:\/\/agora.xtec.cat\/ies-olivar-gran\/wp-content\/uploads\/usu2116\/2021\/02\/OPENSPACES-1024x215.png 1024w\" sizes=\"auto, (max-width: 300px) 100vw, 300px\" \/><\/td>\n<td style=\"width: 326.667px; border-style: solid; border-color: #ffffff;\">\r\n\t<div class=\"slideshow_container slideshow_container_style-light\" style=\"height: 100px; \" data-slideshow-id=\"4398\" data-style-name=\"style-light\" data-style-version=\"2.3.1\" >\r\n\r\n\t\t\t\t\t<div class=\"slideshow_loading_icon\"><\/div>\r\n\t\t\r\n\t\t<div class=\"slideshow_content\" style=\"display: none;\">\r\n\r\n\t\t\t<div class=\"slideshow_view\">\r\n\t\t\t\t<div class=\"slideshow_slide slideshow_slide_image\">\r\n\t\t\t\t\t\t\t\t\t\t\t<img src=\"https:\/\/agora.xtec.cat\/ies-olivar-gran\/wp-content\/uploads\/usu2116\/2021\/02\/LOGO-impulsfp.gif\" alt=\"LOGO impulsfp\" width=\"1234\" height=\"839\" \/>\r\n\t\t\t\t\t\t\t\t\t\t<div class=\"slideshow_description_box slideshow_transparent\">\r\n\t\t\t\t\t\t<div class=\"slideshow_title\">LOGO impulsfp<\/div>\t\t\t\t\t\t\t\t\t\t\t<\/div>\r\n\t\t\t\t<\/div>\r\n\r\n\t\t\t\t\t\t<div style=\"clear: both;\"><\/div><\/div>\r\n\t\t<\/div>\r\n\r\n\t\t<div class=\"slideshow_controlPanel slideshow_transparent\" style=\"display: none;\"><ul><li class=\"slideshow_togglePlay\" data-play-text=\"Visualitza\" data-pause-text=\"Pausa\"><\/li><\/ul><\/div>\r\n\r\n\t\t<div class=\"slideshow_button slideshow_previous slideshow_transparent\" role=\"button\" data-previous-text=\"Anterior\" style=\"display: none;\"><\/div>\r\n\t\t<div class=\"slideshow_button slideshow_next slideshow_transparent\" role=\"button\" data-next-text=\"Seg\u00fcent\" style=\"display: none;\"><\/div>\r\n\r\n\t\t<div class=\"slideshow_pagination\" style=\"display: none;\" data-go-to-text=\"V\u00e9s a la diapositiva\"><div class=\"slideshow_pagination_center\"><\/div><\/div>\r\n\r\n\t\t<!-- WordPress Slideshow Version 2.3.1 -->\r\n\r\n\t\t\t<\/div>\r\n\r\n<\/td>\n<\/tr>\n<\/tbody>\n<\/table>\n<table style=\"height: 33px; border-style: solid; width: 661px; border-color: #fff;\">\n<tbody>\n<tr>\n<td style=\"width: 326.667px; border-style: solid; border-color: #ffffff;\">&nbsp;<\/p>\n<p><img loading=\"lazy\" decoding=\"async\" class=\"aligncenter size-full wp-image-4362\" src=\"https:\/\/agora.xtec.cat\/ies-olivar-gran\/wp-content\/uploads\/usu2116\/2021\/02\/escudo-mefp.gif\" alt=\"\" width=\"297\" height=\"72\" \/><\/td>\n<td style=\"width: 326.667px; border-style: solid; border-color: #ffffff;\"><img loading=\"lazy\" decoding=\"async\" class=\"aligncenter size-full wp-image-1890\" src=\"https:\/\/agora.xtec.cat\/ies-olivar-gran\/wp-content\/uploads\/usu2116\/2020\/06\/logo_FSE_amb_lema_capcalera.png\" alt=\"\" width=\"265\" height=\"48\" \/><\/td>\n<\/tr>\n<\/tbody>\n<\/table>\n","protected":false},"excerpt":{"rendered":"<p>IMPULS FP &#8211; OPENSPACE El projecte Open Space de l&#8217;Olivar Gran vol crear un espai de creativitat, reciclatge i trobada entre alumnes, empreses i exalumnes per tal de satisfer la curiositat i iniciativa d&#8217;uns i les seves necessitats. Aquest espai est\u00e0 pensat per treballar en grup creant un espai de treball de diversos \u00e0mbits. Aquest [&hellip;]<\/p>\n","protected":false},"author":1,"featured_media":0,"parent":2065,"menu_order":6,"comment_status":"closed","ping_status":"closed","template":"page-templates\/side-menu.php","meta":{"_bbp_topic_count":0,"_bbp_reply_count":0,"_bbp_total_topic_count":0,"_bbp_total_reply_count":0,"_bbp_voice_count":0,"_bbp_anonymous_reply_count":0,"_bbp_topic_count_hidden":0,"_bbp_reply_count_hidden":0,"_bbp_forum_subforum_count":0,"site-sidebar-layout":"default","site-content-layout":"","ast-site-content-layout":"","site-content-style":"default","site-sidebar-style":"default","ast-global-header-display":"","ast-banner-title-visibility":"","ast-main-header-display":"","ast-hfb-above-header-display":"","ast-hfb-below-header-display":"","ast-hfb-mobile-header-display":"","site-post-title":"","ast-breadcrumbs-content":"","ast-featured-img":"","footer-sml-layout":"","theme-transparent-header-meta":"","adv-header-id-meta":"","stick-header-meta":"","header-above-stick-meta":"","header-main-stick-meta":"","header-below-stick-meta":"","astra-migrate-meta-layouts":"default","ast-page-background-enabled":"default","ast-page-background-meta":{"desktop":{"background-color":"var(--ast-global-color-4)","background-image":"","background-repeat":"repeat","background-position":"center center","background-size":"auto","background-attachment":"scroll","background-type":"","background-media":"","overlay-type":"","overlay-color":"","overlay-opacity":"","overlay-gradient":""},"tablet":{"background-color":"","background-image":"","background-repeat":"repeat","background-position":"center center","background-size":"auto","background-attachment":"scroll","background-type":"","background-media":"","overlay-type":"","overlay-color":"","overlay-opacity":"","overlay-gradient":""},"mobile":{"background-color":"","background-image":"","background-repeat":"repeat","background-position":"center center","background-size":"auto","background-attachment":"scroll","background-type":"","background-media":"","overlay-type":"","overlay-color":"","overlay-opacity":"","overlay-gradient":""}},"ast-content-background-meta":{"desktop":{"background-color":"var(--ast-global-color-5)","background-image":"","background-repeat":"repeat","background-position":"center center","background-size":"auto","background-attachment":"scroll","background-type":"","background-media":"","overlay-type":"","overlay-color":"","overlay-opacity":"","overlay-gradient":""},"tablet":{"background-color":"var(--ast-global-color-5)","background-image":"","background-repeat":"repeat","background-position":"center center","background-size":"auto","background-attachment":"scroll","background-type":"","background-media":"","overlay-type":"","overlay-color":"","overlay-opacity":"","overlay-gradient":""},"mobile":{"background-color":"var(--ast-global-color-5)","background-image":"","background-repeat":"repeat","background-position":"center center","background-size":"auto","background-attachment":"scroll","background-type":"","background-media":"","overlay-type":"","overlay-color":"","overlay-opacity":"","overlay-gradient":""}},"footnotes":""},"class_list":["post-4393","page","type-page","status-publish","hentry"],"post_mailing_queue_ids":[],"_links":{"self":[{"href":"https:\/\/agora.xtec.cat\/ies-olivar-gran\/wp-json\/wp\/v2\/pages\/4393","targetHints":{"allow":["GET"]}}],"collection":[{"href":"https:\/\/agora.xtec.cat\/ies-olivar-gran\/wp-json\/wp\/v2\/pages"}],"about":[{"href":"https:\/\/agora.xtec.cat\/ies-olivar-gran\/wp-json\/wp\/v2\/types\/page"}],"author":[{"embeddable":true,"href":"https:\/\/agora.xtec.cat\/ies-olivar-gran\/wp-json\/wp\/v2\/users\/1"}],"replies":[{"embeddable":true,"href":"https:\/\/agora.xtec.cat\/ies-olivar-gran\/wp-json\/wp\/v2\/comments?post=4393"}],"version-history":[{"count":4,"href":"https:\/\/agora.xtec.cat\/ies-olivar-gran\/wp-json\/wp\/v2\/pages\/4393\/revisions"}],"predecessor-version":[{"id":4448,"href":"https:\/\/agora.xtec.cat\/ies-olivar-gran\/wp-json\/wp\/v2\/pages\/4393\/revisions\/4448"}],"up":[{"embeddable":true,"href":"https:\/\/agora.xtec.cat\/ies-olivar-gran\/wp-json\/wp\/v2\/pages\/2065"}],"wp:attachment":[{"href":"https:\/\/agora.xtec.cat\/ies-olivar-gran\/wp-json\/wp\/v2\/media?parent=4393"}],"curies":[{"name":"wp","href":"https:\/\/api.w.org\/{rel}","templated":true}]}}