{"id":4384,"date":"2021-02-18T17:38:01","date_gmt":"2021-02-18T16:38:01","guid":{"rendered":"https:\/\/agora.xtec.cat\/ies-olivar-gran\/?page_id=4384"},"modified":"2021-03-02T08:25:29","modified_gmt":"2021-03-02T07:25:29","slug":"catskills-skill-47","status":"publish","type":"page","link":"https:\/\/agora.xtec.cat\/ies-olivar-gran\/estudis\/cicles-formatius\/catskills-skill-47\/","title":{"rendered":"CatSkills &#8211; Skill 47"},"content":{"rendered":"<h3><span style=\"text-decoration: underline; color: #000000;\"><strong>CATSKILLS<\/strong><\/span><\/h3>\n<p style=\"text-align: justify;\">Enguany que som seu dels CatSkills, una competici\u00f3 que CatSkills \u00e9s el campionat de Catalunya de formaci\u00f3 professional on els alumnes d&#8217;ensenyament professional d&#8217;arreu del territori catal\u00e0 competeixen en 38 oficis (skills) relacionats amb els estudis que estan cursant.<\/p>\n<p style=\"text-align: justify;\">El CatSkills est\u00e0 finan\u00e7at pel Ministeri d&#8217;Educaci\u00f3 i Formaci\u00f3 Professional, i cofinan\u00e7at pel Fons Social Europeu.<\/p>\n<p style=\"text-align: justify;\">Per saber les directrius t\u00e8cniques cliqueu en el seg\u00fcent enlla\u00e7:<\/p>\n<p><a href=\"https:\/\/projectes.xtec.cat\/catskills\/catskills-2020\/directrius-tecniques-2021\/\"> https:\/\/projectes.xtec.cat\/catskills\/catskills-2020\/directrius-tecniques-2021\/<\/a><\/p>\n<table class=\" aligncenter\" style=\"height: 48px; width: 692px; border-style: solid; border-color: #fff;\" width=\"692\">\n<tbody>\n<tr>\n<td style=\"width: 226.667px; border-style: solid; border-color: #ffffff;\"><img loading=\"lazy\" decoding=\"async\" class=\"aligncenter size-medium wp-image-4388\" src=\"https:\/\/agora.xtec.cat\/ies-olivar-gran\/wp-content\/uploads\/usu2116\/2021\/02\/IMG_20191128_110423_060-300x225.jpg\" alt=\"\" width=\"300\" height=\"225\" srcset=\"https:\/\/agora.xtec.cat\/ies-olivar-gran\/wp-content\/uploads\/usu2116\/2021\/02\/IMG_20191128_110423_060-300x225.jpg 300w, https:\/\/agora.xtec.cat\/ies-olivar-gran\/wp-content\/uploads\/usu2116\/2021\/02\/IMG_20191128_110423_060-768x576.jpg 768w, https:\/\/agora.xtec.cat\/ies-olivar-gran\/wp-content\/uploads\/usu2116\/2021\/02\/IMG_20191128_110423_060-1024x768.jpg 1024w, https:\/\/agora.xtec.cat\/ies-olivar-gran\/wp-content\/uploads\/usu2116\/2021\/02\/IMG_20191128_110423_060-200x150.jpg 200w\" sizes=\"auto, (max-width: 300px) 100vw, 300px\" \/><\/td>\n<td style=\"width: 226.667px; border-style: solid; border-color: #ffffff;\"><img loading=\"lazy\" decoding=\"async\" class=\"aligncenter size-medium wp-image-4387\" src=\"https:\/\/agora.xtec.cat\/ies-olivar-gran\/wp-content\/uploads\/usu2116\/2021\/02\/IMG_20191128_094014_093-300x225.jpg\" alt=\"\" width=\"300\" height=\"225\" srcset=\"https:\/\/agora.xtec.cat\/ies-olivar-gran\/wp-content\/uploads\/usu2116\/2021\/02\/IMG_20191128_094014_093-300x225.jpg 300w, https:\/\/agora.xtec.cat\/ies-olivar-gran\/wp-content\/uploads\/usu2116\/2021\/02\/IMG_20191128_094014_093-768x576.jpg 768w, https:\/\/agora.xtec.cat\/ies-olivar-gran\/wp-content\/uploads\/usu2116\/2021\/02\/IMG_20191128_094014_093-1024x768.jpg 1024w, https:\/\/agora.xtec.cat\/ies-olivar-gran\/wp-content\/uploads\/usu2116\/2021\/02\/IMG_20191128_094014_093-200x150.jpg 200w\" sizes=\"auto, (max-width: 300px) 100vw, 300px\" \/><\/td>\n<td style=\"width: 228.667px; border-style: solid; border-color: #ffffff;\"><img loading=\"lazy\" decoding=\"async\" class=\"aligncenter size-medium wp-image-4386\" src=\"https:\/\/agora.xtec.cat\/ies-olivar-gran\/wp-content\/uploads\/usu2116\/2021\/02\/IMG_20191128_072201_643-300x225.jpg\" alt=\"\" width=\"300\" height=\"225\" srcset=\"https:\/\/agora.xtec.cat\/ies-olivar-gran\/wp-content\/uploads\/usu2116\/2021\/02\/IMG_20191128_072201_643-300x225.jpg 300w, https:\/\/agora.xtec.cat\/ies-olivar-gran\/wp-content\/uploads\/usu2116\/2021\/02\/IMG_20191128_072201_643-768x576.jpg 768w, https:\/\/agora.xtec.cat\/ies-olivar-gran\/wp-content\/uploads\/usu2116\/2021\/02\/IMG_20191128_072201_643-1024x768.jpg 1024w, https:\/\/agora.xtec.cat\/ies-olivar-gran\/wp-content\/uploads\/usu2116\/2021\/02\/IMG_20191128_072201_643-200x150.jpg 200w\" sizes=\"auto, (max-width: 300px) 100vw, 300px\" \/><\/td>\n<\/tr>\n<\/tbody>\n<\/table>\n<p>&nbsp;<\/p>\n<p>&nbsp;<\/p>\n<p>&nbsp;<\/p>\n<table class=\" aligncenter\" style=\"height: 6px; width: 705px; border-style: solid; border-color: #fff;\" width=\"705\">\n<tbody>\n<tr>\n<td style=\"width: 348.667px; border-style: solid; border-color: #fff;\"><img loading=\"lazy\" decoding=\"async\" class=\"aligncenter size-medium wp-image-4390\" src=\"https:\/\/agora.xtec.cat\/ies-olivar-gran\/wp-content\/uploads\/usu2116\/2021\/02\/IMG_20191128_161522_483-300x225.jpg\" alt=\"\" width=\"300\" height=\"225\" srcset=\"https:\/\/agora.xtec.cat\/ies-olivar-gran\/wp-content\/uploads\/usu2116\/2021\/02\/IMG_20191128_161522_483-300x225.jpg 300w, https:\/\/agora.xtec.cat\/ies-olivar-gran\/wp-content\/uploads\/usu2116\/2021\/02\/IMG_20191128_161522_483-768x576.jpg 768w, https:\/\/agora.xtec.cat\/ies-olivar-gran\/wp-content\/uploads\/usu2116\/2021\/02\/IMG_20191128_161522_483-1024x768.jpg 1024w, https:\/\/agora.xtec.cat\/ies-olivar-gran\/wp-content\/uploads\/usu2116\/2021\/02\/IMG_20191128_161522_483-200x150.jpg 200w\" sizes=\"auto, (max-width: 300px) 100vw, 300px\" \/><\/td>\n<td style=\"width: 348.667px; border-style: solid; border-color: #fff;\"><img loading=\"lazy\" decoding=\"async\" class=\"aligncenter size-medium wp-image-4389\" src=\"https:\/\/agora.xtec.cat\/ies-olivar-gran\/wp-content\/uploads\/usu2116\/2021\/02\/IMG_20191128_155536_844-300x225.jpg\" alt=\"\" width=\"300\" height=\"225\" srcset=\"https:\/\/agora.xtec.cat\/ies-olivar-gran\/wp-content\/uploads\/usu2116\/2021\/02\/IMG_20191128_155536_844-300x225.jpg 300w, https:\/\/agora.xtec.cat\/ies-olivar-gran\/wp-content\/uploads\/usu2116\/2021\/02\/IMG_20191128_155536_844-768x576.jpg 768w, https:\/\/agora.xtec.cat\/ies-olivar-gran\/wp-content\/uploads\/usu2116\/2021\/02\/IMG_20191128_155536_844-1024x768.jpg 1024w, https:\/\/agora.xtec.cat\/ies-olivar-gran\/wp-content\/uploads\/usu2116\/2021\/02\/IMG_20191128_155536_844-200x150.jpg 200w\" sizes=\"auto, (max-width: 300px) 100vw, 300px\" \/><\/td>\n<\/tr>\n<\/tbody>\n<\/table>\n<p>&nbsp;<\/p>\n<p>&nbsp;<\/p>\n<p>&nbsp;<\/p>\n<p>&nbsp;<\/p>\n<p>&nbsp;<\/p>\n<p style=\"text-align: center;\">Imatges dels entrenaments CatSkills 20-21 &#8211; Novembre 2020<\/p>\n<table class=\" aligncenter\" style=\"height: 75px; border-style: solid; width: 676px; border-color: #fff;\" width=\"676\">\n<tbody>\n<tr>\n<td style=\"width: 222px; border-style: solid; border-color: #ffffff;\"><img loading=\"lazy\" decoding=\"async\" class=\"aligncenter wp-image-4385\" src=\"https:\/\/agora.xtec.cat\/ies-olivar-gran\/wp-content\/uploads\/usu2116\/2021\/02\/catskills-300x230.png\" alt=\"\" width=\"150\" height=\"115\" srcset=\"https:\/\/agora.xtec.cat\/ies-olivar-gran\/wp-content\/uploads\/usu2116\/2021\/02\/catskills-300x230.png 300w, https:\/\/agora.xtec.cat\/ies-olivar-gran\/wp-content\/uploads\/usu2116\/2021\/02\/catskills.png 591w\" sizes=\"auto, (max-width: 150px) 100vw, 150px\" \/><\/td>\n<td style=\"width: 222px; border-style: solid; border-color: #ffffff;\"><img loading=\"lazy\" decoding=\"async\" class=\"aligncenter size-full wp-image-4362\" src=\"https:\/\/agora.xtec.cat\/ies-olivar-gran\/wp-content\/uploads\/usu2116\/2021\/02\/escudo-mefp.gif\" alt=\"\" width=\"297\" height=\"72\" \/><\/td>\n<td style=\"width: 222.667px; border-style: solid; border-color: #ffffff;\"><img loading=\"lazy\" decoding=\"async\" class=\"aligncenter size-full wp-image-1890\" src=\"https:\/\/agora.xtec.cat\/ies-olivar-gran\/wp-content\/uploads\/usu2116\/2020\/06\/logo_FSE_amb_lema_capcalera.png\" alt=\"\" width=\"265\" height=\"48\" \/><\/td>\n<\/tr>\n<\/tbody>\n<\/table>\n<p>&nbsp;<\/p>\n","protected":false},"excerpt":{"rendered":"<p>CATSKILLS Enguany que som seu dels CatSkills, una competici\u00f3 que CatSkills \u00e9s el campionat de Catalunya de formaci\u00f3 professional on els alumnes d&#8217;ensenyament professional d&#8217;arreu del territori catal\u00e0 competeixen en 38 oficis (skills) relacionats amb els estudis que estan cursant. El CatSkills est\u00e0 finan\u00e7at pel Ministeri d&#8217;Educaci\u00f3 i Formaci\u00f3 Professional, i cofinan\u00e7at pel Fons Social [&hellip;]<\/p>\n","protected":false},"author":1,"featured_media":0,"parent":2065,"menu_order":5,"comment_status":"closed","ping_status":"closed","template":"page-templates\/side-menu.php","meta":{"_bbp_topic_count":0,"_bbp_reply_count":0,"_bbp_total_topic_count":0,"_bbp_total_reply_count":0,"_bbp_voice_count":0,"_bbp_anonymous_reply_count":0,"_bbp_topic_count_hidden":0,"_bbp_reply_count_hidden":0,"_bbp_forum_subforum_count":0,"site-sidebar-layout":"default","site-content-layout":"","ast-site-content-layout":"","site-content-style":"default","site-sidebar-style":"default","ast-global-header-display":"","ast-banner-title-visibility":"","ast-main-header-display":"","ast-hfb-above-header-display":"","ast-hfb-below-header-display":"","ast-hfb-mobile-header-display":"","site-post-title":"","ast-breadcrumbs-content":"","ast-featured-img":"","footer-sml-layout":"","theme-transparent-header-meta":"","adv-header-id-meta":"","stick-header-meta":"","header-above-stick-meta":"","header-main-stick-meta":"","header-below-stick-meta":"","astra-migrate-meta-layouts":"default","ast-page-background-enabled":"default","ast-page-background-meta":{"desktop":{"background-color":"var(--ast-global-color-4)","background-image":"","background-repeat":"repeat","background-position":"center center","background-size":"auto","background-attachment":"scroll","background-type":"","background-media":"","overlay-type":"","overlay-color":"","overlay-opacity":"","overlay-gradient":""},"tablet":{"background-color":"","background-image":"","background-repeat":"repeat","background-position":"center center","background-size":"auto","background-attachment":"scroll","background-type":"","background-media":"","overlay-type":"","overlay-color":"","overlay-opacity":"","overlay-gradient":""},"mobile":{"background-color":"","background-image":"","background-repeat":"repeat","background-position":"center center","background-size":"auto","background-attachment":"scroll","background-type":"","background-media":"","overlay-type":"","overlay-color":"","overlay-opacity":"","overlay-gradient":""}},"ast-content-background-meta":{"desktop":{"background-color":"var(--ast-global-color-5)","background-image":"","background-repeat":"repeat","background-position":"center center","background-size":"auto","background-attachment":"scroll","background-type":"","background-media":"","overlay-type":"","overlay-color":"","overlay-opacity":"","overlay-gradient":""},"tablet":{"background-color":"var(--ast-global-color-5)","background-image":"","background-repeat":"repeat","background-position":"center center","background-size":"auto","background-attachment":"scroll","background-type":"","background-media":"","overlay-type":"","overlay-color":"","overlay-opacity":"","overlay-gradient":""},"mobile":{"background-color":"var(--ast-global-color-5)","background-image":"","background-repeat":"repeat","background-position":"center center","background-size":"auto","background-attachment":"scroll","background-type":"","background-media":"","overlay-type":"","overlay-color":"","overlay-opacity":"","overlay-gradient":""}},"footnotes":""},"class_list":["post-4384","page","type-page","status-publish","hentry"],"post_mailing_queue_ids":[],"_links":{"self":[{"href":"https:\/\/agora.xtec.cat\/ies-olivar-gran\/wp-json\/wp\/v2\/pages\/4384","targetHints":{"allow":["GET"]}}],"collection":[{"href":"https:\/\/agora.xtec.cat\/ies-olivar-gran\/wp-json\/wp\/v2\/pages"}],"about":[{"href":"https:\/\/agora.xtec.cat\/ies-olivar-gran\/wp-json\/wp\/v2\/types\/page"}],"author":[{"embeddable":true,"href":"https:\/\/agora.xtec.cat\/ies-olivar-gran\/wp-json\/wp\/v2\/users\/1"}],"replies":[{"embeddable":true,"href":"https:\/\/agora.xtec.cat\/ies-olivar-gran\/wp-json\/wp\/v2\/comments?post=4384"}],"version-history":[{"count":4,"href":"https:\/\/agora.xtec.cat\/ies-olivar-gran\/wp-json\/wp\/v2\/pages\/4384\/revisions"}],"predecessor-version":[{"id":4455,"href":"https:\/\/agora.xtec.cat\/ies-olivar-gran\/wp-json\/wp\/v2\/pages\/4384\/revisions\/4455"}],"up":[{"embeddable":true,"href":"https:\/\/agora.xtec.cat\/ies-olivar-gran\/wp-json\/wp\/v2\/pages\/2065"}],"wp:attachment":[{"href":"https:\/\/agora.xtec.cat\/ies-olivar-gran\/wp-json\/wp\/v2\/media?parent=4384"}],"curies":[{"name":"wp","href":"https:\/\/api.w.org\/{rel}","templated":true}]}}