{"id":3547,"date":"2020-10-01T10:35:04","date_gmt":"2020-10-01T08:35:04","guid":{"rendered":"https:\/\/agora.xtec.cat\/ies-olivar-gran\/?page_id=3547"},"modified":"2025-03-31T18:55:36","modified_gmt":"2025-03-31T16:55:36","slug":"inforestaurant","status":"publish","type":"page","link":"https:\/\/agora.xtec.cat\/ies-olivar-gran\/inforestaurant\/","title":{"rendered":"INFO RESTAURANT"},"content":{"rendered":"<p dir=\"ltr\" style=\"text-align: justify;\"><span style=\"font-family: arial, helvetica, sans-serif; color: #000000;\"><img loading=\"lazy\" decoding=\"async\" class=\"alignright wp-image-3562\" src=\"https:\/\/agora.xtec.cat\/ies-olivar-gran\/wp-content\/uploads\/usu2116\/2020\/10\/collage-1.1.png\" alt=\"\" width=\"400\" height=\"405\" srcset=\"https:\/\/agora.xtec.cat\/ies-olivar-gran\/wp-content\/uploads\/usu2116\/2020\/10\/collage-1.1.png 556w, https:\/\/agora.xtec.cat\/ies-olivar-gran\/wp-content\/uploads\/usu2116\/2020\/10\/collage-1.1-296x300.png 296w\" sizes=\"auto, (max-width: 400px) 100vw, 400px\" \/><\/span><\/p>\n<p dir=\"ltr\"><span style=\"text-decoration: underline; font-size: 18pt;\"><strong>OBERT<\/strong><\/span><\/p>\n<p dir=\"ltr\" style=\"text-align: justify;\"><span style=\"font-family: arial, helvetica, sans-serif; color: #000000;\">Benvinguts a l\u2019espai de reserves de l\u2019Escola d\u2019hostaleria de Figueres by Olivar Gran.<\/span><\/p>\n<p dir=\"ltr\" style=\"text-align: justify;\"><span style=\"font-family: arial, helvetica, sans-serif; color: #000000;\">Obrim de dilluns a divendres als migdies de 13,30 hores a 14,45 hores per realitzar l\u2019entrada al menjador.<\/span><\/p>\n<p dir=\"ltr\"><span style=\"font-family: arial, helvetica, sans-serif; color: #000000;\"><b>Poden realitzar la seva reserva a trav\u00e9s de:<\/b><\/span><\/p>\n<table style=\"border-style: solid; border-color: #fff;\">\n<tbody>\n<tr>\n<td style=\"border-style: solid; border-color: #ffffff;\"><a href=\"tel:+34667090861\"><img loading=\"lazy\" decoding=\"async\" class=\"aligncenter wp-image-3548\" src=\"https:\/\/agora.xtec.cat\/ies-olivar-gran\/wp-content\/uploads\/usu2116\/2020\/10\/phone-call.png\" alt=\"\" width=\"50\" height=\"50\" srcset=\"https:\/\/agora.xtec.cat\/ies-olivar-gran\/wp-content\/uploads\/usu2116\/2020\/10\/phone-call.png 512w, https:\/\/agora.xtec.cat\/ies-olivar-gran\/wp-content\/uploads\/usu2116\/2020\/10\/phone-call-150x150.png 150w, https:\/\/agora.xtec.cat\/ies-olivar-gran\/wp-content\/uploads\/usu2116\/2020\/10\/phone-call-300x300.png 300w\" sizes=\"auto, (max-width: 50px) 100vw, 50px\" \/><\/a><\/td>\n<td style=\"border-style: solid; border-color: #ffffff;\"><a href=\"tel:+34972905997\">972905997 (a partir de les 10 del mat\u00ed)<\/a><\/td>\n<\/tr>\n<tr>\n<td style=\"border-style: solid; border-color: #ffffff; background-color: #ffffff;\"><a href=\"mailto:reserva@olivargran.cat\"><img loading=\"lazy\" decoding=\"async\" class=\"aligncenter wp-image-3549\" src=\"https:\/\/agora.xtec.cat\/ies-olivar-gran\/wp-content\/uploads\/usu2116\/2020\/10\/email-2-150x150.png\" alt=\"\" width=\"50\" height=\"50\" srcset=\"https:\/\/agora.xtec.cat\/ies-olivar-gran\/wp-content\/uploads\/usu2116\/2020\/10\/email-2-150x150.png 150w, https:\/\/agora.xtec.cat\/ies-olivar-gran\/wp-content\/uploads\/usu2116\/2020\/10\/email-2-300x300.png 300w, https:\/\/agora.xtec.cat\/ies-olivar-gran\/wp-content\/uploads\/usu2116\/2020\/10\/email-2.png 512w\" sizes=\"auto, (max-width: 50px) 100vw, 50px\" \/><\/a><\/td>\n<td style=\"border-style: solid; border-color: #ffffff; background-color: #ffffff;\"><a href=\"mailto:reserva@olivargran.cat\">reserva@olivargran.cat<\/a><\/td>\n<\/tr>\n<\/tbody>\n<\/table>\n<p>&nbsp;<\/p>\n<p><img loading=\"lazy\" decoding=\"async\" class=\"alignright wp-image-3588\" src=\"https:\/\/agora.xtec.cat\/ies-olivar-gran\/wp-content\/uploads\/usu2116\/2020\/10\/collage-3.png\" alt=\"\" width=\"300\" height=\"406\" srcset=\"https:\/\/agora.xtec.cat\/ies-olivar-gran\/wp-content\/uploads\/usu2116\/2020\/10\/collage-3.png 559w, https:\/\/agora.xtec.cat\/ies-olivar-gran\/wp-content\/uploads\/usu2116\/2020\/10\/collage-3-222x300.png 222w\" sizes=\"auto, (max-width: 300px) 100vw, 300px\" \/><\/p>\n<table style=\"border-style: solid; border-color: #ffffff;\">\n<tbody>\n<tr>\n<td style=\"width: 443.333px; border-style: solid; border-color: #000000; background-color: #cc9900;\">\n<p dir=\"ltr\"><span style=\"font-family: arial, helvetica, sans-serif; color: #ffffff; font-size: 12pt;\"><b>Dilluns<\/b><\/span><\/p>\n<p dir=\"ltr\"><span style=\"color: #ffffff;\"><strong>Men\u00fa Hostal Brasa 10,00\u20ac<\/strong><\/span><\/p>\n<p dir=\"ltr\"><span style=\"color: #ffffff;\">Inclou un primer, segon i postres fixes. Aigua i Pa. (opci\u00f3 caf\u00e8 i vi a part).\u00a0<\/span><\/p>\n<\/td>\n<\/tr>\n<tr>\n<td style=\"width: 443.333px; border-style: solid; border-color: #000000; background-color: #333b7a;\">\n<p dir=\"ltr\"><span style=\"font-family: arial, helvetica, sans-serif; color: #ffffff; font-size: 12pt;\"><b>Dimarts<\/b><\/span><\/p>\n<p dir=\"ltr\"><strong><span style=\"color: #ffffff;\">Men\u00fa Hostal Arr\u00f2s 10,00\u20ac<\/span><\/strong><\/p>\n<p dir=\"ltr\"><span style=\"color: #ffffff;\">Inclou un primer, segon i postres fixes. Aigua i Pa. (opci\u00f3 de caf\u00e8 i vi a part)<\/span><\/p>\n<\/td>\n<\/tr>\n<tr>\n<td style=\"width: 443.333px; border-style: solid; border-color: #000000; background-color: #cc9900;\">\n<p dir=\"ltr\"><span style=\"font-family: arial, helvetica, sans-serif; color: #ffffff; font-size: 12pt;\"><u><b>Dimecres i dijous<\/b><\/u><\/span><\/p>\n<ul>\n<li dir=\"ltr\"><span style=\"font-family: arial, helvetica, sans-serif; color: #ffffff; font-size: 12pt;\">Men\u00fa curt 18,00\u20ac<\/span>\n<ul>\n<li dir=\"ltr\"><span style=\"color: #ffffff;\">Inclou primer, segon i postres a escollir. Copa de benvinguda, caf\u00e8, pa i aigua.\u00a0<\/span><\/li>\n<\/ul>\n<\/li>\n<\/ul>\n<ul>\n<li dir=\"ltr\"><span style=\"font-family: arial, helvetica, sans-serif; color: #ffffff; font-size: 12pt;\">Men\u00fa degustaci\u00f3\u00a0 29,00\u20ac<\/span>\n<ul>\n<li dir=\"ltr\"><span style=\"color: #ffffff;\">Inclou 2 aperitius, 1 entrant fred, 1 entrant calent, 1 peix, 1 carn, pre-postre i postre. Copa de benvinguda, caf\u00e8, pa i ia aigua.\u00a0<\/span><\/li>\n<\/ul>\n<\/li>\n<\/ul>\n<p dir=\"ltr\" style=\"text-align: justify;\"><span style=\"text-decoration: underline;\"><span style=\"font-family: arial, helvetica, sans-serif; color: #ffffff; text-decoration: underline;\">Opci\u00f3 de maridatge de vins<\/span><\/span><span style=\"font-family: arial, helvetica, sans-serif; color: #ffffff;\">:\u00a0<\/span><\/p>\n<ul>\n<li style=\"list-style-type: none;\">\n<ul>\n<li dir=\"ltr\"><span style=\"color: #ffffff;\">Curt (3 copes) &#8211; 7,00\u20ac<\/span><\/li>\n<li dir=\"ltr\"><span style=\"color: #ffffff;\">Llarg (5 copes) &#8211; 10,00\u20ac<\/span><\/li>\n<li dir=\"ltr\"><span style=\"color: #ffffff;\">1 copa de vi &#8211; 2,5\u20ac<\/span><\/li>\n<\/ul>\n<\/li>\n<\/ul>\n<p dir=\"ltr\" style=\"text-align: justify;\"><span style=\"font-family: arial, helvetica, sans-serif; color: #ffffff; font-size: 9pt;\">Els maridatges es realitzen amb cellers de la DO Empord\u00e0<\/span><\/p>\n<\/td>\n<\/tr>\n<tr>\n<td style=\"width: 443.333px; border-style: solid; border-color: #000000; background-color: #333b7a;\">\n<p dir=\"ltr\" style=\"text-align: justify;\"><span style=\"font-family: arial, helvetica, sans-serif; color: #ffffff; font-size: 12pt;\"><b><u>Divendres<\/u><\/b><\/span><\/p>\n<ul>\n<li dir=\"ltr\" style=\"text-align: justify;\"><span style=\"font-family: arial, helvetica, sans-serif; color: #ffffff; font-size: 12pt;\">Experi\u00e8ncia GASTROBAR\u00a0 29,00\u20ac<\/span>\n<ul>\n<li dir=\"ltr\"><span style=\"color: #ffffff;\">Inclou 2 aperitius, 1 entrant fred, 1 entrant calent, 1 peix, 1 carn, pre-postre i postre. Copa de benvinguda, caf\u00e8, pa i aigua.\u00a0<\/span><\/li>\n<\/ul>\n<\/li>\n<\/ul>\n<p dir=\"ltr\" style=\"text-align: justify;\"><span style=\"font-family: arial, helvetica, sans-serif; color: #ffffff;\">Opci\u00f3 de maridatge de vins:\u00a0<\/span><\/p>\n<ul>\n<li style=\"list-style-type: none;\">\n<ul>\n<li dir=\"ltr\"><span style=\"color: #ffffff;\">Curt (3 copes) &#8211; 7,00\u20ac<\/span><\/li>\n<li dir=\"ltr\"><span style=\"color: #ffffff;\">Llarg (5 copes) &#8211; 10,00\u20ac<\/span><\/li>\n<li dir=\"ltr\"><span style=\"color: #ffffff;\">1 copa de vi &#8211; 2,5\u20ac<\/span><\/li>\n<\/ul>\n<\/li>\n<\/ul>\n<p dir=\"ltr\" style=\"text-align: justify;\"><span style=\"font-family: arial, helvetica, sans-serif; color: #ffffff; font-size: 9pt;\">Els maridatges es realitzen amb cellers de la DO Empord\u00e0.<\/span><\/p>\n<\/td>\n<\/tr>\n<\/tbody>\n<\/table>\n<p>&nbsp;<\/p>\n<p>&nbsp;<\/p>\n<p><img loading=\"lazy\" decoding=\"async\" class=\"aligncenter wp-image-3564\" src=\"https:\/\/agora.xtec.cat\/ies-olivar-gran\/wp-content\/uploads\/usu2116\/2020\/10\/collage-2.png\" alt=\"\" width=\"880\" height=\"409\" srcset=\"https:\/\/agora.xtec.cat\/ies-olivar-gran\/wp-content\/uploads\/usu2116\/2020\/10\/collage-2.png 860w, https:\/\/agora.xtec.cat\/ies-olivar-gran\/wp-content\/uploads\/usu2116\/2020\/10\/collage-2-300x140.png 300w, https:\/\/agora.xtec.cat\/ies-olivar-gran\/wp-content\/uploads\/usu2116\/2020\/10\/collage-2-768x357.png 768w\" sizes=\"auto, (max-width: 880px) 100vw, 880px\" \/><\/p>\n","protected":false},"excerpt":{"rendered":"<p>OBERT Benvinguts a l\u2019espai de reserves de l\u2019Escola d\u2019hostaleria de Figueres by Olivar Gran. Obrim de dilluns a divendres als migdies de 13,30 hores a 14,45 hores per realitzar l\u2019entrada al menjador. Poden realitzar la seva reserva a trav\u00e9s de: 972905997 (a partir de les 10 del mat\u00ed) reserva@olivargran.cat &nbsp; Dilluns Men\u00fa Hostal Brasa 10,00\u20ac [&hellip;]<\/p>\n","protected":false},"author":1,"featured_media":0,"parent":0,"menu_order":0,"comment_status":"closed","ping_status":"closed","template":"page-templates\/side-menu.php","meta":{"_bbp_topic_count":0,"_bbp_reply_count":0,"_bbp_total_topic_count":0,"_bbp_total_reply_count":0,"_bbp_voice_count":0,"_bbp_anonymous_reply_count":0,"_bbp_topic_count_hidden":0,"_bbp_reply_count_hidden":0,"_bbp_forum_subforum_count":0,"site-sidebar-layout":"default","site-content-layout":"","ast-site-content-layout":"","site-content-style":"default","site-sidebar-style":"default","ast-global-header-display":"","ast-banner-title-visibility":"","ast-main-header-display":"","ast-hfb-above-header-display":"","ast-hfb-below-header-display":"","ast-hfb-mobile-header-display":"","site-post-title":"","ast-breadcrumbs-content":"","ast-featured-img":"","footer-sml-layout":"","theme-transparent-header-meta":"","adv-header-id-meta":"","stick-header-meta":"","header-above-stick-meta":"","header-main-stick-meta":"","header-below-stick-meta":"","astra-migrate-meta-layouts":"default","ast-page-background-enabled":"default","ast-page-background-meta":{"desktop":{"background-color":"var(--ast-global-color-4)","background-image":"","background-repeat":"repeat","background-position":"center center","background-size":"auto","background-attachment":"scroll","background-type":"","background-media":"","overlay-type":"","overlay-color":"","overlay-opacity":"","overlay-gradient":""},"tablet":{"background-color":"","background-image":"","background-repeat":"repeat","background-position":"center center","background-size":"auto","background-attachment":"scroll","background-type":"","background-media":"","overlay-type":"","overlay-color":"","overlay-opacity":"","overlay-gradient":""},"mobile":{"background-color":"","background-image":"","background-repeat":"repeat","background-position":"center center","background-size":"auto","background-attachment":"scroll","background-type":"","background-media":"","overlay-type":"","overlay-color":"","overlay-opacity":"","overlay-gradient":""}},"ast-content-background-meta":{"desktop":{"background-color":"var(--ast-global-color-5)","background-image":"","background-repeat":"repeat","background-position":"center center","background-size":"auto","background-attachment":"scroll","background-type":"","background-media":"","overlay-type":"","overlay-color":"","overlay-opacity":"","overlay-gradient":""},"tablet":{"background-color":"var(--ast-global-color-5)","background-image":"","background-repeat":"repeat","background-position":"center center","background-size":"auto","background-attachment":"scroll","background-type":"","background-media":"","overlay-type":"","overlay-color":"","overlay-opacity":"","overlay-gradient":""},"mobile":{"background-color":"var(--ast-global-color-5)","background-image":"","background-repeat":"repeat","background-position":"center center","background-size":"auto","background-attachment":"scroll","background-type":"","background-media":"","overlay-type":"","overlay-color":"","overlay-opacity":"","overlay-gradient":""}},"footnotes":""},"class_list":["post-3547","page","type-page","status-publish","hentry"],"post_mailing_queue_ids":[],"_links":{"self":[{"href":"https:\/\/agora.xtec.cat\/ies-olivar-gran\/wp-json\/wp\/v2\/pages\/3547","targetHints":{"allow":["GET"]}}],"collection":[{"href":"https:\/\/agora.xtec.cat\/ies-olivar-gran\/wp-json\/wp\/v2\/pages"}],"about":[{"href":"https:\/\/agora.xtec.cat\/ies-olivar-gran\/wp-json\/wp\/v2\/types\/page"}],"author":[{"embeddable":true,"href":"https:\/\/agora.xtec.cat\/ies-olivar-gran\/wp-json\/wp\/v2\/users\/1"}],"replies":[{"embeddable":true,"href":"https:\/\/agora.xtec.cat\/ies-olivar-gran\/wp-json\/wp\/v2\/comments?post=3547"}],"version-history":[{"count":7,"href":"https:\/\/agora.xtec.cat\/ies-olivar-gran\/wp-json\/wp\/v2\/pages\/3547\/revisions"}],"predecessor-version":[{"id":13394,"href":"https:\/\/agora.xtec.cat\/ies-olivar-gran\/wp-json\/wp\/v2\/pages\/3547\/revisions\/13394"}],"wp:attachment":[{"href":"https:\/\/agora.xtec.cat\/ies-olivar-gran\/wp-json\/wp\/v2\/media?parent=3547"}],"curies":[{"name":"wp","href":"https:\/\/api.w.org\/{rel}","templated":true}]}}