{"id":3289,"date":"2020-08-02T01:12:11","date_gmt":"2020-08-01T23:12:11","guid":{"rendered":"https:\/\/agora.xtec.cat\/ies-olivar-gran\/?page_id=3289"},"modified":"2020-08-02T01:34:13","modified_gmt":"2020-08-01T23:34:13","slug":"presentacio","status":"publish","type":"page","link":"https:\/\/agora.xtec.cat\/ies-olivar-gran\/coordinacio-i-departaments\/departament-de-llengues-romaniques\/presentacio\/","title":{"rendered":"Presentaci\u00f3"},"content":{"rendered":"<p style=\"text-align: justify;\"><span style=\"color: #000000;\"><b> <img loading=\"lazy\" decoding=\"async\" class=\"aligncenter wp-image-3307\" src=\"https:\/\/agora.xtec.cat\/ies-olivar-gran\/wp-content\/uploads\/usu2116\/2020\/08\/foto-presentacio.png\" alt=\"\" width=\"417\" height=\"300\" srcset=\"https:\/\/agora.xtec.cat\/ies-olivar-gran\/wp-content\/uploads\/usu2116\/2020\/08\/foto-presentacio.png 712w, https:\/\/agora.xtec.cat\/ies-olivar-gran\/wp-content\/uploads\/usu2116\/2020\/08\/foto-presentacio-300x216.png 300w\" sizes=\"auto, (max-width: 417px) 100vw, 417px\" \/><\/b><\/span><b style=\"color: #000000; text-align: justify;\"><\/b><\/p>\n<p style=\"text-align: justify;\"><span style=\"color: #000000;\"><b>Us donem la benvinguda al Departament de Lleng\u00fces (Catal\u00e0,Castell\u00e0 i Llat\u00ed).<\/b><\/span><\/p>\n<p style=\"text-align: justify;\"><span style=\"color: #000000;\"><b>En aquesta p\u00e0gina hi trobar\u00e0s tota la informaci\u00f3 relacionada amb el nostre departament:les mat\u00e8ries que cursar\u00e0s a cada etapa, el professorat, <\/b><b>les activitats i les sortides que organitzem.<\/b><\/span><\/p>\n<p style=\"text-align: justify;\"><span style=\"color: #000000;\"><b>La compet\u00e8ncia comunicativa en Llengua catalana i Llengua castellana \u00e9s la capacitat de saber comunicar oralment (escoltar, conversar i expressar-se) i per escrit el nostre missatge al receptor corresponent, utilitzant les tecnologies de la comunicaci\u00f3 a partir de diferents suports i tipus de textos.<\/b><\/span><\/p>\n<p style=\"text-align: justify;\"><span style=\"color: #000000;\"><b>Conscients que la compet\u00e8ncia comunicativa \u00e9s l\u2019eix de tot aprenentatge,\u00a0 emprendrem un itinerari de coneixement ling\u00fc\u00edstic per millorar les habilitats comunicatives;realitzar presentacions davant els companys del grup classe us ajudar\u00e0 a fomentar l\u2019expressi\u00f3 oral, un treball acurat en comprensi\u00f3 lectora estimular\u00e0 el gust per lectura i els exercicis d\u2019expressi\u00f3 escrita us permetran la redacci\u00f3 d\u2019un ampli ventall de textos, que us seran d\u2019utilitat en diversos \u00e0mbits de la vostra vida.<\/b><\/span><\/p>\n<p style=\"text-align: justify;\"><span style=\"color: #000000;\"><b>Pel que fa a la literatura, coneixereu l\u2019obra dels autors m\u00e9s significatius de la nostra tradici\u00f3 liter\u00e0ria aix\u00ed com els cl\u00e0ssics de la Literatura Universal.<\/b><\/span><\/p>\n<p style=\"text-align: justify;\"><span style=\"color: #000000;\"><b>Per acabar, us podreu apropar a l\u2019univers de la Llengua Llatina i la Cultura Cl\u00e0ssica, descobrireu l\u2019origen d\u2019un nombre important dels nostres mots aix\u00ed com la gran aportaci\u00f3 dels mites i llegendes grecoromans a\u00a0 la nostra cultura.<\/b><\/span><\/p>\n<p><img loading=\"lazy\" decoding=\"async\" class=\"aligncenter wp-image-3315\" src=\"https:\/\/agora.xtec.cat\/ies-olivar-gran\/wp-content\/uploads\/usu2116\/2020\/08\/presentacio-playmobilg-1.png\" alt=\"\" width=\"567\" height=\"375\" srcset=\"https:\/\/agora.xtec.cat\/ies-olivar-gran\/wp-content\/uploads\/usu2116\/2020\/08\/presentacio-playmobilg-1.png 891w, https:\/\/agora.xtec.cat\/ies-olivar-gran\/wp-content\/uploads\/usu2116\/2020\/08\/presentacio-playmobilg-1-300x198.png 300w, https:\/\/agora.xtec.cat\/ies-olivar-gran\/wp-content\/uploads\/usu2116\/2020\/08\/presentacio-playmobilg-1-768x508.png 768w\" sizes=\"auto, (max-width: 567px) 100vw, 567px\" \/><\/p>\n","protected":false},"excerpt":{"rendered":"<p>Us donem la benvinguda al Departament de Lleng\u00fces (Catal\u00e0,Castell\u00e0 i Llat\u00ed). En aquesta p\u00e0gina hi trobar\u00e0s tota la informaci\u00f3 relacionada amb el nostre departament:les mat\u00e8ries que cursar\u00e0s a cada etapa, el professorat, les activitats i les sortides que organitzem. La compet\u00e8ncia comunicativa en Llengua catalana i Llengua castellana \u00e9s la capacitat de saber comunicar oralment [&hellip;]<\/p>\n","protected":false},"author":1,"featured_media":0,"parent":1727,"menu_order":1,"comment_status":"closed","ping_status":"closed","template":"page-templates\/side-menu.php","meta":{"_bbp_topic_count":0,"_bbp_reply_count":0,"_bbp_total_topic_count":0,"_bbp_total_reply_count":0,"_bbp_voice_count":0,"_bbp_anonymous_reply_count":0,"_bbp_topic_count_hidden":0,"_bbp_reply_count_hidden":0,"_bbp_forum_subforum_count":0,"site-sidebar-layout":"default","site-content-layout":"","ast-site-content-layout":"","site-content-style":"default","site-sidebar-style":"default","ast-global-header-display":"","ast-banner-title-visibility":"","ast-main-header-display":"","ast-hfb-above-header-display":"","ast-hfb-below-header-display":"","ast-hfb-mobile-header-display":"","site-post-title":"","ast-breadcrumbs-content":"","ast-featured-img":"","footer-sml-layout":"","theme-transparent-header-meta":"","adv-header-id-meta":"","stick-header-meta":"","header-above-stick-meta":"","header-main-stick-meta":"","header-below-stick-meta":"","astra-migrate-meta-layouts":"default","ast-page-background-enabled":"default","ast-page-background-meta":{"desktop":{"background-color":"var(--ast-global-color-4)","background-image":"","background-repeat":"repeat","background-position":"center center","background-size":"auto","background-attachment":"scroll","background-type":"","background-media":"","overlay-type":"","overlay-color":"","overlay-opacity":"","overlay-gradient":""},"tablet":{"background-color":"","background-image":"","background-repeat":"repeat","background-position":"center center","background-size":"auto","background-attachment":"scroll","background-type":"","background-media":"","overlay-type":"","overlay-color":"","overlay-opacity":"","overlay-gradient":""},"mobile":{"background-color":"","background-image":"","background-repeat":"repeat","background-position":"center center","background-size":"auto","background-attachment":"scroll","background-type":"","background-media":"","overlay-type":"","overlay-color":"","overlay-opacity":"","overlay-gradient":""}},"ast-content-background-meta":{"desktop":{"background-color":"var(--ast-global-color-5)","background-image":"","background-repeat":"repeat","background-position":"center center","background-size":"auto","background-attachment":"scroll","background-type":"","background-media":"","overlay-type":"","overlay-color":"","overlay-opacity":"","overlay-gradient":""},"tablet":{"background-color":"var(--ast-global-color-5)","background-image":"","background-repeat":"repeat","background-position":"center center","background-size":"auto","background-attachment":"scroll","background-type":"","background-media":"","overlay-type":"","overlay-color":"","overlay-opacity":"","overlay-gradient":""},"mobile":{"background-color":"var(--ast-global-color-5)","background-image":"","background-repeat":"repeat","background-position":"center center","background-size":"auto","background-attachment":"scroll","background-type":"","background-media":"","overlay-type":"","overlay-color":"","overlay-opacity":"","overlay-gradient":""}},"footnotes":""},"class_list":["post-3289","page","type-page","status-publish","hentry"],"post_mailing_queue_ids":[],"_links":{"self":[{"href":"https:\/\/agora.xtec.cat\/ies-olivar-gran\/wp-json\/wp\/v2\/pages\/3289","targetHints":{"allow":["GET"]}}],"collection":[{"href":"https:\/\/agora.xtec.cat\/ies-olivar-gran\/wp-json\/wp\/v2\/pages"}],"about":[{"href":"https:\/\/agora.xtec.cat\/ies-olivar-gran\/wp-json\/wp\/v2\/types\/page"}],"author":[{"embeddable":true,"href":"https:\/\/agora.xtec.cat\/ies-olivar-gran\/wp-json\/wp\/v2\/users\/1"}],"replies":[{"embeddable":true,"href":"https:\/\/agora.xtec.cat\/ies-olivar-gran\/wp-json\/wp\/v2\/comments?post=3289"}],"version-history":[{"count":3,"href":"https:\/\/agora.xtec.cat\/ies-olivar-gran\/wp-json\/wp\/v2\/pages\/3289\/revisions"}],"predecessor-version":[{"id":3316,"href":"https:\/\/agora.xtec.cat\/ies-olivar-gran\/wp-json\/wp\/v2\/pages\/3289\/revisions\/3316"}],"up":[{"embeddable":true,"href":"https:\/\/agora.xtec.cat\/ies-olivar-gran\/wp-json\/wp\/v2\/pages\/1727"}],"wp:attachment":[{"href":"https:\/\/agora.xtec.cat\/ies-olivar-gran\/wp-json\/wp\/v2\/media?parent=3289"}],"curies":[{"name":"wp","href":"https:\/\/api.w.org\/{rel}","templated":true}]}}