{"id":27,"date":"2014-09-17T16:24:03","date_gmt":"2014-09-17T16:24:03","guid":{"rendered":"http:\/\/agora.xtec.cat\/ies-olivar-gran\/?page_id=27"},"modified":"2023-09-21T09:42:13","modified_gmt":"2023-09-21T07:42:13","slug":"historia","status":"publish","type":"page","link":"https:\/\/agora.xtec.cat\/ies-olivar-gran\/linstitut\/historia\/","title":{"rendered":"Hist\u00f2ria"},"content":{"rendered":"<h3><strong><span style=\"color: #000000;\">BREU HIST\u00d2RIA DE L&#8217;INSTITUT OLIVAR GRAN<\/span><\/strong><\/h3>\n<p style=\"text-align: justify;\"><img loading=\"lazy\" decoding=\"async\" class=\"alignright wp-image-1876\" src=\"https:\/\/agora.xtec.cat\/ies-olivar-gran\/wp-content\/uploads\/usu2116\/2020\/06\/hist\u00f2ria-centre-2.png\" alt=\"\" width=\"450\" height=\"228\" srcset=\"https:\/\/agora.xtec.cat\/ies-olivar-gran\/wp-content\/uploads\/usu2116\/2020\/06\/hist\u00f2ria-centre-2.png 1058w, https:\/\/agora.xtec.cat\/ies-olivar-gran\/wp-content\/uploads\/usu2116\/2020\/06\/hist\u00f2ria-centre-2-300x152.png 300w, https:\/\/agora.xtec.cat\/ies-olivar-gran\/wp-content\/uploads\/usu2116\/2020\/06\/hist\u00f2ria-centre-2-768x390.png 768w, https:\/\/agora.xtec.cat\/ies-olivar-gran\/wp-content\/uploads\/usu2116\/2020\/06\/hist\u00f2ria-centre-2-1024x520.png 1024w\" sizes=\"auto, (max-width: 450px) 100vw, 450px\" \/>L\u2019embri\u00f3 del que avui \u00e9s l\u2019 Institut Olivar Gran va comen\u00e7ar el curs 1996-1997 per una necessitat, no se sabia si transit\u00f2ria, degut a un creixement de la poblaci\u00f3 que havia de comen\u00e7ar estudis d\u2019 ESO, en aplicaci\u00f3 de la LOGSE. Va ser llavors, quan es van habilitar dues aules del CEIP \u201cJosep Pous i Pag\u00e8s\u201d com a extensi\u00f3 de l\u2019 Institut Alexandre Deulofeu, de forma provisional.<\/p>\n<p style=\"text-align: justify;\">A partir del curs 1997-1998, el centre es va situar en m\u00f2duls prefabricats a la urbanitzaci\u00f3 Olivar Gran a la zona sud de Figueres. En aquell moment, va ser una secci\u00f3 d\u2019educaci\u00f3 secund\u00e0ria fins que el Decret 300\/2000, del 31 d\u2019agost, el va consolidar com a IES (Institut d\u2019Ensenyament Secundari).<\/p>\n<p style=\"text-align: justify;\">L\u2019evoluci\u00f3 pel que fa al nombre d\u2019alumnes i de grups ha estat sempre ascendent. El curs 1997-98, es comen\u00e7ar amb dos grups de 1r d\u2019ESO, un de segon i un de quart (els dos \u00faltims provinents del CEIP \u201cJosep Pous i Pag\u00e8s\u201d). Al curs 2001-2002, es va comen\u00e7ar a impartir batxillerat.<\/p>\n<p style=\"text-align: justify;\">Les noves instal\u00b7lacions de l\u2019Avinguda M. \u00c0ngels Anglada n.11, es van estrenar el curs 2006-2007 amb 440 alumnes, una plantilla de 49 professors\/es i 4 membres del personal d\u2019administraci\u00f3 i serveis.<\/p>\n<p style=\"text-align: justify;\">L\u2019Institut no ha deixat de cr\u00e9ixer al llarg dels anys. Des del curs 2010-2011 s\u2019ofereixen els cicles formatius de grau mig de Cuina i Gastronomia i Serveis en Restauraci\u00f3. El curs 2017-2018, es va ofertar per primera vegada el CFGM de Forneria, Pastisseria i Confiteria i, finalment, el curs 2018-2019 s\u2019iniciava el CFGS de Direcci\u00f3 de Cuina.<\/p>\n<p style=\"text-align: justify;\">El curs 2021-22 s&#8217;inicien els estudis d&#8217;IFE (Itinerari Formatiu Espec\u00edfic) i el curs 22-23 comen\u00e7ar\u00e0 el CFGB (Cicle Formatiu de Grau B\u00e0sic).<\/p>\n<p style=\"text-align: justify;\">Actualment, el centre compta amb m\u00e9s de 800 alumnes, m\u00e9s de 100 professors i 5 membres del PAS. Cal esmentar que l\u2019 actual Institut, es distribueix entre dos edificis: l\u2019edifici original inaugurat el curs 2006-07 i l\u2019edifici ocupat antigament per l\u2019Escola d\u2019Hostaleria de l\u2019Alt Empord\u00e0.<\/p>\n<p style=\"text-align: justify;\">Benvinguts a la gran fam\u00edlia que formem tots els membres de la Comunitat Educativa de l\u2019 Institut Olivar Gran.<\/p>\n<p>&nbsp;<\/p>\n","protected":false},"excerpt":{"rendered":"<p>BREU HIST\u00d2RIA DE L&#8217;INSTITUT OLIVAR GRAN L\u2019embri\u00f3 del que avui \u00e9s l\u2019 Institut Olivar Gran va comen\u00e7ar el curs 1996-1997 per una necessitat, no se sabia si transit\u00f2ria, degut a un creixement de la poblaci\u00f3 que havia de comen\u00e7ar estudis d\u2019 ESO, en aplicaci\u00f3 de la LOGSE. Va ser llavors, quan es van habilitar dues [&hellip;]<\/p>\n","protected":false},"author":1,"featured_media":0,"parent":19,"menu_order":20,"comment_status":"closed","ping_status":"closed","template":"page-templates\/side-menu.php","meta":{"_bbp_topic_count":0,"_bbp_reply_count":0,"_bbp_total_topic_count":0,"_bbp_total_reply_count":0,"_bbp_voice_count":0,"_bbp_anonymous_reply_count":0,"_bbp_topic_count_hidden":0,"_bbp_reply_count_hidden":0,"_bbp_forum_subforum_count":0,"site-sidebar-layout":"default","site-content-layout":"","ast-site-content-layout":"","site-content-style":"default","site-sidebar-style":"default","ast-global-header-display":"","ast-banner-title-visibility":"","ast-main-header-display":"","ast-hfb-above-header-display":"","ast-hfb-below-header-display":"","ast-hfb-mobile-header-display":"","site-post-title":"","ast-breadcrumbs-content":"","ast-featured-img":"","footer-sml-layout":"","theme-transparent-header-meta":"","adv-header-id-meta":"","stick-header-meta":"","header-above-stick-meta":"","header-main-stick-meta":"","header-below-stick-meta":"","astra-migrate-meta-layouts":"default","ast-page-background-enabled":"default","ast-page-background-meta":{"desktop":{"background-color":"var(--ast-global-color-4)","background-image":"","background-repeat":"repeat","background-position":"center center","background-size":"auto","background-attachment":"scroll","background-type":"","background-media":"","overlay-type":"","overlay-color":"","overlay-opacity":"","overlay-gradient":""},"tablet":{"background-color":"","background-image":"","background-repeat":"repeat","background-position":"center center","background-size":"auto","background-attachment":"scroll","background-type":"","background-media":"","overlay-type":"","overlay-color":"","overlay-opacity":"","overlay-gradient":""},"mobile":{"background-color":"","background-image":"","background-repeat":"repeat","background-position":"center center","background-size":"auto","background-attachment":"scroll","background-type":"","background-media":"","overlay-type":"","overlay-color":"","overlay-opacity":"","overlay-gradient":""}},"ast-content-background-meta":{"desktop":{"background-color":"var(--ast-global-color-5)","background-image":"","background-repeat":"repeat","background-position":"center center","background-size":"auto","background-attachment":"scroll","background-type":"","background-media":"","overlay-type":"","overlay-color":"","overlay-opacity":"","overlay-gradient":""},"tablet":{"background-color":"var(--ast-global-color-5)","background-image":"","background-repeat":"repeat","background-position":"center center","background-size":"auto","background-attachment":"scroll","background-type":"","background-media":"","overlay-type":"","overlay-color":"","overlay-opacity":"","overlay-gradient":""},"mobile":{"background-color":"var(--ast-global-color-5)","background-image":"","background-repeat":"repeat","background-position":"center center","background-size":"auto","background-attachment":"scroll","background-type":"","background-media":"","overlay-type":"","overlay-color":"","overlay-opacity":"","overlay-gradient":""}},"footnotes":""},"class_list":["post-27","page","type-page","status-publish","hentry"],"post_mailing_queue_ids":[],"_links":{"self":[{"href":"https:\/\/agora.xtec.cat\/ies-olivar-gran\/wp-json\/wp\/v2\/pages\/27","targetHints":{"allow":["GET"]}}],"collection":[{"href":"https:\/\/agora.xtec.cat\/ies-olivar-gran\/wp-json\/wp\/v2\/pages"}],"about":[{"href":"https:\/\/agora.xtec.cat\/ies-olivar-gran\/wp-json\/wp\/v2\/types\/page"}],"author":[{"embeddable":true,"href":"https:\/\/agora.xtec.cat\/ies-olivar-gran\/wp-json\/wp\/v2\/users\/1"}],"replies":[{"embeddable":true,"href":"https:\/\/agora.xtec.cat\/ies-olivar-gran\/wp-json\/wp\/v2\/comments?post=27"}],"version-history":[{"count":3,"href":"https:\/\/agora.xtec.cat\/ies-olivar-gran\/wp-json\/wp\/v2\/pages\/27\/revisions"}],"predecessor-version":[{"id":10927,"href":"https:\/\/agora.xtec.cat\/ies-olivar-gran\/wp-json\/wp\/v2\/pages\/27\/revisions\/10927"}],"up":[{"embeddable":true,"href":"https:\/\/agora.xtec.cat\/ies-olivar-gran\/wp-json\/wp\/v2\/pages\/19"}],"wp:attachment":[{"href":"https:\/\/agora.xtec.cat\/ies-olivar-gran\/wp-json\/wp\/v2\/media?parent=27"}],"curies":[{"name":"wp","href":"https:\/\/api.w.org\/{rel}","templated":true}]}}