{"id":2692,"date":"2020-07-02T13:18:15","date_gmt":"2020-07-02T11:18:15","guid":{"rendered":"https:\/\/agora.xtec.cat\/ies-olivar-gran\/?page_id=2692"},"modified":"2020-07-02T13:24:09","modified_gmt":"2020-07-02T11:24:09","slug":"presentacio","status":"publish","type":"page","link":"https:\/\/agora.xtec.cat\/ies-olivar-gran\/coordinacio-i-departaments\/departament-de-matematiques\/presentacio\/","title":{"rendered":"Presentaci\u00f3"},"content":{"rendered":"<p><img loading=\"lazy\" decoding=\"async\" class=\"aligncenter wp-image-2703 size-full\" src=\"https:\/\/agora.xtec.cat\/ies-olivar-gran\/wp-content\/uploads\/usu2116\/2020\/07\/presentaci\u00f3.png\" alt=\"\" width=\"567\" height=\"300\" srcset=\"https:\/\/agora.xtec.cat\/ies-olivar-gran\/wp-content\/uploads\/usu2116\/2020\/07\/presentaci\u00f3.png 567w, https:\/\/agora.xtec.cat\/ies-olivar-gran\/wp-content\/uploads\/usu2116\/2020\/07\/presentaci\u00f3-300x159.png 300w\" sizes=\"auto, (max-width: 567px) 100vw, 567px\" \/><\/p>\n<p style=\"text-align: justify;\"><span style=\"color: #000000;\"><strong>Benvinguts\/des al Departament de Matem\u00e0tiques i Economia. En aquesta p\u00e0gina podreu trobar tota la informaci\u00f3 relacionada amb el nostre Departament. <\/strong><\/span><\/p>\n<p style=\"text-align: justify;\"><span style=\"color: #000000;\"><strong>Les matem\u00e0tiques s\u00f3n la base de totes les ci\u00e8ncies, i l\u2019Economia \u00e9s la base de l\u2019actual societat, sense elles no s\u2019haurien pogut aconseguir tots els invents i progressos que ens faciliten tant la vida.<\/strong><\/span><\/p>\n<p style=\"text-align: justify;\"><span style=\"color: #000000;\"><strong>La imatge superior \u00e9s un gravat que apareix al llibre \u201cAlicia en el pais de les Maravelles\u201d de l\u2019angl\u00e8s Lewis Carroll, mestre de la matem\u00e0tica recreativa, que asegurava que les matem\u00e0tiques s\u00f3n la resoluci\u00f3 de problemes curiosos que en principi no estan relacionats, per\u00f2 que tenen algun aspecte que ens desafia o sobre el que volem pensar \u00fanicament per plaer o entreteniment. Al 1880, a \u201cThe Monty Packet\u201d Carroll va plantejar el seg\u00fcent enigma: \u201c- Si 6 gats es mengen 6 ratolins en 6 minuts, quants gats caldran per menjar-se 100 ratolins en 50 minuts? \u201c<\/strong><\/span><\/p>\n<p style=\"text-align: justify;\"><span style=\"color: #000000;\"><strong>I \u00e9s aix\u00ed com nosaltres entenem les matem\u00e0tiques: no com una\u00a0 simple transmissi\u00f3 d\u2019uns continguts acad\u00e8mics sin\u00f3 com una disciplina que treballa habilitats com la capaciata d\u2019abstracci\u00f3, de deducci\u00f3, per\u00f2 tamb\u00e9 la imaginaci\u00f3, el rigor, l\u2019autoaprenentatge per assaig-error, etc.<\/strong><\/span><\/p>\n","protected":false},"excerpt":{"rendered":"<p>Benvinguts\/des al Departament de Matem\u00e0tiques i Economia. En aquesta p\u00e0gina podreu trobar tota la informaci\u00f3 relacionada amb el nostre Departament. Les matem\u00e0tiques s\u00f3n la base de totes les ci\u00e8ncies, i l\u2019Economia \u00e9s la base de l\u2019actual societat, sense elles no s\u2019haurien pogut aconseguir tots els invents i progressos que ens faciliten tant la vida. La [&hellip;]<\/p>\n","protected":false},"author":1,"featured_media":0,"parent":1729,"menu_order":1,"comment_status":"closed","ping_status":"closed","template":"page-templates\/side-menu.php","meta":{"_bbp_topic_count":0,"_bbp_reply_count":0,"_bbp_total_topic_count":0,"_bbp_total_reply_count":0,"_bbp_voice_count":0,"_bbp_anonymous_reply_count":0,"_bbp_topic_count_hidden":0,"_bbp_reply_count_hidden":0,"_bbp_forum_subforum_count":0,"site-sidebar-layout":"default","site-content-layout":"","ast-site-content-layout":"","site-content-style":"default","site-sidebar-style":"default","ast-global-header-display":"","ast-banner-title-visibility":"","ast-main-header-display":"","ast-hfb-above-header-display":"","ast-hfb-below-header-display":"","ast-hfb-mobile-header-display":"","site-post-title":"","ast-breadcrumbs-content":"","ast-featured-img":"","footer-sml-layout":"","theme-transparent-header-meta":"","adv-header-id-meta":"","stick-header-meta":"","header-above-stick-meta":"","header-main-stick-meta":"","header-below-stick-meta":"","astra-migrate-meta-layouts":"default","ast-page-background-enabled":"default","ast-page-background-meta":{"desktop":{"background-color":"var(--ast-global-color-4)","background-image":"","background-repeat":"repeat","background-position":"center center","background-size":"auto","background-attachment":"scroll","background-type":"","background-media":"","overlay-type":"","overlay-color":"","overlay-opacity":"","overlay-gradient":""},"tablet":{"background-color":"","background-image":"","background-repeat":"repeat","background-position":"center center","background-size":"auto","background-attachment":"scroll","background-type":"","background-media":"","overlay-type":"","overlay-color":"","overlay-opacity":"","overlay-gradient":""},"mobile":{"background-color":"","background-image":"","background-repeat":"repeat","background-position":"center center","background-size":"auto","background-attachment":"scroll","background-type":"","background-media":"","overlay-type":"","overlay-color":"","overlay-opacity":"","overlay-gradient":""}},"ast-content-background-meta":{"desktop":{"background-color":"var(--ast-global-color-5)","background-image":"","background-repeat":"repeat","background-position":"center center","background-size":"auto","background-attachment":"scroll","background-type":"","background-media":"","overlay-type":"","overlay-color":"","overlay-opacity":"","overlay-gradient":""},"tablet":{"background-color":"var(--ast-global-color-5)","background-image":"","background-repeat":"repeat","background-position":"center center","background-size":"auto","background-attachment":"scroll","background-type":"","background-media":"","overlay-type":"","overlay-color":"","overlay-opacity":"","overlay-gradient":""},"mobile":{"background-color":"var(--ast-global-color-5)","background-image":"","background-repeat":"repeat","background-position":"center center","background-size":"auto","background-attachment":"scroll","background-type":"","background-media":"","overlay-type":"","overlay-color":"","overlay-opacity":"","overlay-gradient":""}},"footnotes":""},"class_list":["post-2692","page","type-page","status-publish","hentry"],"post_mailing_queue_ids":[],"_links":{"self":[{"href":"https:\/\/agora.xtec.cat\/ies-olivar-gran\/wp-json\/wp\/v2\/pages\/2692","targetHints":{"allow":["GET"]}}],"collection":[{"href":"https:\/\/agora.xtec.cat\/ies-olivar-gran\/wp-json\/wp\/v2\/pages"}],"about":[{"href":"https:\/\/agora.xtec.cat\/ies-olivar-gran\/wp-json\/wp\/v2\/types\/page"}],"author":[{"embeddable":true,"href":"https:\/\/agora.xtec.cat\/ies-olivar-gran\/wp-json\/wp\/v2\/users\/1"}],"replies":[{"embeddable":true,"href":"https:\/\/agora.xtec.cat\/ies-olivar-gran\/wp-json\/wp\/v2\/comments?post=2692"}],"version-history":[{"count":3,"href":"https:\/\/agora.xtec.cat\/ies-olivar-gran\/wp-json\/wp\/v2\/pages\/2692\/revisions"}],"predecessor-version":[{"id":2705,"href":"https:\/\/agora.xtec.cat\/ies-olivar-gran\/wp-json\/wp\/v2\/pages\/2692\/revisions\/2705"}],"up":[{"embeddable":true,"href":"https:\/\/agora.xtec.cat\/ies-olivar-gran\/wp-json\/wp\/v2\/pages\/1729"}],"wp:attachment":[{"href":"https:\/\/agora.xtec.cat\/ies-olivar-gran\/wp-json\/wp\/v2\/media?parent=2692"}],"curies":[{"name":"wp","href":"https:\/\/api.w.org\/{rel}","templated":true}]}}