{"id":2413,"date":"2020-06-26T01:11:54","date_gmt":"2020-06-25T23:11:54","guid":{"rendered":"https:\/\/agora.xtec.cat\/ies-olivar-gran\/?page_id=2413"},"modified":"2020-06-30T11:34:20","modified_gmt":"2020-06-30T09:34:20","slug":"presentacio","status":"publish","type":"page","link":"https:\/\/agora.xtec.cat\/ies-olivar-gran\/coordinacio-i-departaments\/departament-artistic-esportiu\/presentacio\/","title":{"rendered":"Presentaci\u00f3"},"content":{"rendered":"<p><span style=\"color: #000000;\"><img loading=\"lazy\" decoding=\"async\" class=\"aligncenter wp-image-2508 size-full\" src=\"https:\/\/agora.xtec.cat\/ies-olivar-gran\/wp-content\/uploads\/usu2116\/2020\/06\/portada-final.png\" alt=\"\" width=\"1679\" height=\"363\" srcset=\"https:\/\/agora.xtec.cat\/ies-olivar-gran\/wp-content\/uploads\/usu2116\/2020\/06\/portada-final.png 1679w, https:\/\/agora.xtec.cat\/ies-olivar-gran\/wp-content\/uploads\/usu2116\/2020\/06\/portada-final-300x65.png 300w, https:\/\/agora.xtec.cat\/ies-olivar-gran\/wp-content\/uploads\/usu2116\/2020\/06\/portada-final-768x166.png 768w, https:\/\/agora.xtec.cat\/ies-olivar-gran\/wp-content\/uploads\/usu2116\/2020\/06\/portada-final-1024x221.png 1024w\" sizes=\"auto, (max-width: 1679px) 100vw, 1679px\" \/><\/span><\/p>\n<p style=\"text-align: justify;\"><span style=\"color: #000000;\"><b>Benvinguts\/des al Departament Art\u00edstic-Esportiu. En aquesta p\u00e0gina podr\u00e0s trobar tota la informaci\u00f3 relacionada amb el nostre departament.\u00a0<\/b><\/span><\/p>\n<p style=\"text-align: justify;\"><span style=\"color: #000000;\"><b>Com el seu nom indica, aquest departament engloba l\u2019Art (Educaci\u00f3 Visual i Pl\u00e0stica i Dibuix T\u00e8cnic; M\u00fasica i Arts Esc\u00e8niques) i l\u2019Esport i activitat f\u00edsica (Educaci\u00f3 F\u00edsica).<\/b><\/span><\/p>\n<p style=\"text-align: justify;\"><span style=\"color: #000000;\"><b>Tots tres \u00e0mbits formen part de l\u2019expressi\u00f3 de l\u2019\u00e9sser hum\u00e0 i des de sempre han format part de la vida de les persones i, en l\u2019actualitat, m\u00e9s que mai s\u00f3n presents en la nostra vida di\u00e0ria.<\/b><\/span><\/p>\n<p style=\"text-align: justify;\"><span style=\"color: #000000;\"><b>Les imatges, els sons, el moviment del cos\u2026\u00a0<\/b><\/span><\/p>\n<p style=\"text-align: justify;\"><span style=\"color: #000000;\"><b>\u00c9s per aix\u00f2 que tractarem aquestes mat\u00e8ries tant des de la teoria com des de la pr\u00e0ctica, ja que con\u00e8ixer-les en profunditat us donar\u00e0 les eines per gaudir-ne tant com a protagonistes\u00a0 com a espectadors.<\/b><\/span><\/p>\n","protected":false},"excerpt":{"rendered":"<p>Benvinguts\/des al Departament Art\u00edstic-Esportiu. En aquesta p\u00e0gina podr\u00e0s trobar tota la informaci\u00f3 relacionada amb el nostre departament.\u00a0 Com el seu nom indica, aquest departament engloba l\u2019Art (Educaci\u00f3 Visual i Pl\u00e0stica i Dibuix T\u00e8cnic; M\u00fasica i Arts Esc\u00e8niques) i l\u2019Esport i activitat f\u00edsica (Educaci\u00f3 F\u00edsica). Tots tres \u00e0mbits formen part de l\u2019expressi\u00f3 de l\u2019\u00e9sser hum\u00e0 i [&hellip;]<\/p>\n","protected":false},"author":1,"featured_media":0,"parent":1719,"menu_order":1,"comment_status":"closed","ping_status":"closed","template":"page-templates\/side-menu.php","meta":{"_bbp_topic_count":0,"_bbp_reply_count":0,"_bbp_total_topic_count":0,"_bbp_total_reply_count":0,"_bbp_voice_count":0,"_bbp_anonymous_reply_count":0,"_bbp_topic_count_hidden":0,"_bbp_reply_count_hidden":0,"_bbp_forum_subforum_count":0,"site-sidebar-layout":"default","site-content-layout":"","ast-site-content-layout":"","site-content-style":"default","site-sidebar-style":"default","ast-global-header-display":"","ast-banner-title-visibility":"","ast-main-header-display":"","ast-hfb-above-header-display":"","ast-hfb-below-header-display":"","ast-hfb-mobile-header-display":"","site-post-title":"","ast-breadcrumbs-content":"","ast-featured-img":"","footer-sml-layout":"","theme-transparent-header-meta":"","adv-header-id-meta":"","stick-header-meta":"","header-above-stick-meta":"","header-main-stick-meta":"","header-below-stick-meta":"","astra-migrate-meta-layouts":"default","ast-page-background-enabled":"default","ast-page-background-meta":{"desktop":{"background-color":"var(--ast-global-color-4)","background-image":"","background-repeat":"repeat","background-position":"center center","background-size":"auto","background-attachment":"scroll","background-type":"","background-media":"","overlay-type":"","overlay-color":"","overlay-opacity":"","overlay-gradient":""},"tablet":{"background-color":"","background-image":"","background-repeat":"repeat","background-position":"center center","background-size":"auto","background-attachment":"scroll","background-type":"","background-media":"","overlay-type":"","overlay-color":"","overlay-opacity":"","overlay-gradient":""},"mobile":{"background-color":"","background-image":"","background-repeat":"repeat","background-position":"center center","background-size":"auto","background-attachment":"scroll","background-type":"","background-media":"","overlay-type":"","overlay-color":"","overlay-opacity":"","overlay-gradient":""}},"ast-content-background-meta":{"desktop":{"background-color":"var(--ast-global-color-5)","background-image":"","background-repeat":"repeat","background-position":"center center","background-size":"auto","background-attachment":"scroll","background-type":"","background-media":"","overlay-type":"","overlay-color":"","overlay-opacity":"","overlay-gradient":""},"tablet":{"background-color":"var(--ast-global-color-5)","background-image":"","background-repeat":"repeat","background-position":"center center","background-size":"auto","background-attachment":"scroll","background-type":"","background-media":"","overlay-type":"","overlay-color":"","overlay-opacity":"","overlay-gradient":""},"mobile":{"background-color":"var(--ast-global-color-5)","background-image":"","background-repeat":"repeat","background-position":"center center","background-size":"auto","background-attachment":"scroll","background-type":"","background-media":"","overlay-type":"","overlay-color":"","overlay-opacity":"","overlay-gradient":""}},"footnotes":""},"class_list":["post-2413","page","type-page","status-publish","hentry"],"post_mailing_queue_ids":[],"_links":{"self":[{"href":"https:\/\/agora.xtec.cat\/ies-olivar-gran\/wp-json\/wp\/v2\/pages\/2413","targetHints":{"allow":["GET"]}}],"collection":[{"href":"https:\/\/agora.xtec.cat\/ies-olivar-gran\/wp-json\/wp\/v2\/pages"}],"about":[{"href":"https:\/\/agora.xtec.cat\/ies-olivar-gran\/wp-json\/wp\/v2\/types\/page"}],"author":[{"embeddable":true,"href":"https:\/\/agora.xtec.cat\/ies-olivar-gran\/wp-json\/wp\/v2\/users\/1"}],"replies":[{"embeddable":true,"href":"https:\/\/agora.xtec.cat\/ies-olivar-gran\/wp-json\/wp\/v2\/comments?post=2413"}],"version-history":[{"count":3,"href":"https:\/\/agora.xtec.cat\/ies-olivar-gran\/wp-json\/wp\/v2\/pages\/2413\/revisions"}],"predecessor-version":[{"id":2509,"href":"https:\/\/agora.xtec.cat\/ies-olivar-gran\/wp-json\/wp\/v2\/pages\/2413\/revisions\/2509"}],"up":[{"embeddable":true,"href":"https:\/\/agora.xtec.cat\/ies-olivar-gran\/wp-json\/wp\/v2\/pages\/1719"}],"wp:attachment":[{"href":"https:\/\/agora.xtec.cat\/ies-olivar-gran\/wp-json\/wp\/v2\/media?parent=2413"}],"curies":[{"name":"wp","href":"https:\/\/api.w.org\/{rel}","templated":true}]}}