{"id":2210,"date":"2020-06-23T02:58:36","date_gmt":"2020-06-23T00:58:36","guid":{"rendered":"https:\/\/agora.xtec.cat\/ies-olivar-gran\/?page_id=2210"},"modified":"2020-07-02T00:26:02","modified_gmt":"2020-07-01T22:26:02","slug":"quines-materies-aprendras","status":"publish","type":"page","link":"https:\/\/agora.xtec.cat\/ies-olivar-gran\/coordinacio-i-departaments\/departament-cientific-tecnologic\/quines-materies-aprendras\/","title":{"rendered":"Quines mat\u00e8ries aprendr\u00e0s?"},"content":{"rendered":"<p><span style=\"color: #000000;\"><strong><u>ESO<\/u><\/strong><\/span><\/p>\n<p style=\"text-align: justify;\"><span style=\"color: #000000;\"><b>Les mat\u00e8ries del Departament Cientificotecnol\u00f2gic que estudiar\u00e0s al llarg de l\u2019 ESO s\u00f3n (hores\/setmanals):\u00a0<\/b><\/span><\/p>\n<table style=\"border-style: solid; border-color: #FFF;\">\n<tbody>\n<tr>\n<td style=\"border-style: solid; background-color: #d9d9d9; border-color: #000000; text-align: center;\"><\/td>\n<td style=\"text-align: center; background-color: #66ffff; border-style: solid; border-color: #000000;\"><b>1r ESO<\/b><\/td>\n<td style=\"text-align: center; background-color: #66ffff; border-style: solid; border-color: #000000;\"><b>2n ESO<\/b><\/td>\n<td style=\"text-align: center; background-color: #66ffff; border-style: solid; border-color: #000000;\"><b>3r ESO<\/b><\/td>\n<td style=\"text-align: center; background-color: #66ffff; border-style: solid; border-color: #000000;\"><b>4t ESO<\/b><\/td>\n<\/tr>\n<tr>\n<td style=\"text-align: center; border-style: solid; border-color: #000000;\"><b>Biologia i Geologia<\/b><\/td>\n<td style=\"text-align: center; border-style: solid; border-color: #000000;\"><b>3<\/b><\/td>\n<td style=\"border-style: solid; border-color: #000000; background-color: #d9d9d9; text-align: center;\"><\/td>\n<td style=\"text-align: center; border-style: solid; border-color: #000000;\"><b>2<\/b><\/td>\n<td style=\"text-align: center; border-style: solid; border-color: #000000;\"><b>3<\/b><\/p>\n<p><b>OPTATIVA<\/b><\/td>\n<\/tr>\n<tr>\n<td style=\"text-align: center; border-style: solid; border-color: #000000;\"><b>F\u00edsica i Qu\u00edmica<\/b><\/td>\n<td style=\"border-style: solid; border-color: #000000; background-color: #d9d9d9; text-align: center;\"><\/td>\n<td style=\"text-align: center; border-style: solid; border-color: #000000;\"><b>3<\/b><\/td>\n<td style=\"text-align: center; border-style: solid; border-color: #000000;\"><b>2<\/b><\/td>\n<td style=\"text-align: center; border-style: solid; border-color: #000000;\"><b>3<\/b><\/p>\n<p><b>OPTATIVA<\/b><\/td>\n<\/tr>\n<tr>\n<td style=\"text-align: center; border-style: solid; border-color: #000000;\"><b>Tecnologia<\/b><\/td>\n<td style=\"text-align: center; border-style: solid; border-color: #000000;\"><b>2<\/b><\/td>\n<td style=\"text-align: center; border-style: solid; border-color: #000000;\"><b>2<\/b><\/td>\n<td style=\"text-align: center; border-style: solid; border-color: #000000;\"><b>2<\/b><\/td>\n<td style=\"text-align: center; border-style: solid; border-color: #000000;\"><b>3<\/b><\/p>\n<p><b>OPTATIVA<\/b><\/td>\n<\/tr>\n<tr>\n<td style=\"text-align: center; border-style: solid; border-color: #000000;\"><b>Inform\u00e0tica<\/b><\/td>\n<td style=\"border-style: solid; border-color: #000000; background-color: #d9d9d9; text-align: center;\"><\/td>\n<td style=\"border-style: solid; border-color: #000000; background-color: #d9d9d9; text-align: center;\"><\/td>\n<td style=\"border-style: solid; border-color: #000000; background-color: #d9d9d9; text-align: center;\"><\/td>\n<td style=\"text-align: center; border-style: solid; border-color: #000000;\"><b>3<\/b><\/p>\n<p><b>OPTATIVA<\/b><\/td>\n<\/tr>\n<\/tbody>\n<\/table>\n<p>&nbsp;<\/p>\n<p><span style=\"color: #000000;\"><strong><u>BATXILLERAT<\/u><\/strong><\/span><\/p>\n<p style=\"text-align: justify;\"><b>Les mat\u00e8ries del Departament Cientificotecnol\u00f2gic que podr\u00e0s estudiar en el Batxillerat s\u00f3n (hores\/setmanals):<\/b><\/p>\n<table style=\"border-style: solid; border-color: #FFF;\">\n<tbody>\n<tr>\n<td style=\"width: 233.333px; border-style: solid; border-color: #000000; background-color: #d9d9d9; text-align: center;\"><\/td>\n<td style=\"width: 65px; text-align: center; border-style: solid; border-color: #000000; background-color: #66ffff;\"><b>1r BTX<\/b><\/td>\n<td style=\"width: 68.3333px; text-align: center; border-style: solid; border-color: #000000; background-color: #66ffff;\"><b>2n BTX<\/b><\/td>\n<\/tr>\n<tr>\n<td style=\"width: 233.333px; text-align: center; border-color: #000000; border-style: solid;\"><b>Biologia<\/b><\/td>\n<td style=\"width: 65px; text-align: center; border-color: #000000; border-style: solid;\"><b>4<\/b><\/td>\n<td style=\"width: 68.3333px; text-align: center; border-color: #000000; border-style: solid;\"><b>4<\/b><\/td>\n<\/tr>\n<tr>\n<td style=\"width: 233.333px; text-align: center; border-color: #000000; border-style: solid;\"><b>Ci\u00e8ncies de la Terra<\/b><\/td>\n<td style=\"width: 65px; text-align: center; border-color: #000000; border-style: solid;\"><b>4<\/b><\/td>\n<td style=\"width: 68.3333px; text-align: center; border-color: #000000; border-style: solid;\"><b>4<\/b><\/td>\n<\/tr>\n<tr>\n<td style=\"width: 233.333px; text-align: center; border-color: #000000; border-style: solid;\"><b>F\u00edsica<\/b><\/td>\n<td style=\"width: 65px; text-align: center; border-color: #000000; border-style: solid;\"><b>4<\/b><\/td>\n<td style=\"width: 68.3333px; text-align: center; border-color: #000000; border-style: solid;\"><b>4<\/b><\/td>\n<\/tr>\n<tr>\n<td style=\"width: 233.333px; text-align: center; border-color: #000000; border-style: solid;\"><b>Qu\u00edmica<\/b><\/td>\n<td style=\"width: 65px; text-align: center; border-color: #000000; border-style: solid;\"><b>4<\/b><\/td>\n<td style=\"width: 68.3333px; text-align: center; border-color: #000000; border-style: solid;\"><b>4<\/b><\/td>\n<\/tr>\n<tr>\n<td style=\"width: 233.333px; text-align: center; border-color: #000000; border-style: solid;\"><b>Tecnologia Industrial<\/b><\/td>\n<td style=\"width: 65px; text-align: center; border-color: #000000; border-style: solid;\"><b>4<\/b><\/td>\n<td style=\"width: 68.3333px; text-align: center; border-color: #000000; border-style: solid;\"><b>4<\/b><\/td>\n<\/tr>\n<tr>\n<td style=\"width: 233.333px; text-align: center; border-color: #000000; border-style: solid;\"><b>Ci\u00e8ncies del M\u00f3n Contemporani<\/b><\/td>\n<td style=\"width: 65px; text-align: center; border-color: #000000; border-style: solid;\"><b>2<\/b><\/td>\n<td style=\"width: 68.3333px; border-color: #000000; border-style: solid; background-color: #d9d9d9; text-align: center;\"><\/td>\n<\/tr>\n<\/tbody>\n<\/table>\n<p style=\"text-align: justify;\"><b>Totes les mat\u00e8ries, excepte les Ci\u00e8ncies del M\u00f3n contemporani, s\u00f3n de modalitat i corresponen als Batxillerats Cient\u00edfic i Tecnol\u00f2gic. <\/b><\/p>\n","protected":false},"excerpt":{"rendered":"<p>ESO Les mat\u00e8ries del Departament Cientificotecnol\u00f2gic que estudiar\u00e0s al llarg de l\u2019 ESO s\u00f3n (hores\/setmanals):\u00a0 1r ESO 2n ESO 3r ESO 4t ESO Biologia i Geologia 3 2 3 OPTATIVA F\u00edsica i Qu\u00edmica 3 2 3 OPTATIVA Tecnologia 2 2 2 3 OPTATIVA Inform\u00e0tica 3 OPTATIVA &nbsp; BATXILLERAT Les mat\u00e8ries del Departament Cientificotecnol\u00f2gic que podr\u00e0s [&hellip;]<\/p>\n","protected":false},"author":1,"featured_media":0,"parent":1721,"menu_order":2,"comment_status":"closed","ping_status":"closed","template":"page-templates\/side-menu.php","meta":{"_bbp_topic_count":0,"_bbp_reply_count":0,"_bbp_total_topic_count":0,"_bbp_total_reply_count":0,"_bbp_voice_count":0,"_bbp_anonymous_reply_count":0,"_bbp_topic_count_hidden":0,"_bbp_reply_count_hidden":0,"_bbp_forum_subforum_count":0,"site-sidebar-layout":"default","site-content-layout":"","ast-site-content-layout":"","site-content-style":"default","site-sidebar-style":"default","ast-global-header-display":"","ast-banner-title-visibility":"","ast-main-header-display":"","ast-hfb-above-header-display":"","ast-hfb-below-header-display":"","ast-hfb-mobile-header-display":"","site-post-title":"","ast-breadcrumbs-content":"","ast-featured-img":"","footer-sml-layout":"","theme-transparent-header-meta":"","adv-header-id-meta":"","stick-header-meta":"","header-above-stick-meta":"","header-main-stick-meta":"","header-below-stick-meta":"","astra-migrate-meta-layouts":"default","ast-page-background-enabled":"default","ast-page-background-meta":{"desktop":{"background-color":"var(--ast-global-color-4)","background-image":"","background-repeat":"repeat","background-position":"center center","background-size":"auto","background-attachment":"scroll","background-type":"","background-media":"","overlay-type":"","overlay-color":"","overlay-opacity":"","overlay-gradient":""},"tablet":{"background-color":"","background-image":"","background-repeat":"repeat","background-position":"center center","background-size":"auto","background-attachment":"scroll","background-type":"","background-media":"","overlay-type":"","overlay-color":"","overlay-opacity":"","overlay-gradient":""},"mobile":{"background-color":"","background-image":"","background-repeat":"repeat","background-position":"center center","background-size":"auto","background-attachment":"scroll","background-type":"","background-media":"","overlay-type":"","overlay-color":"","overlay-opacity":"","overlay-gradient":""}},"ast-content-background-meta":{"desktop":{"background-color":"var(--ast-global-color-5)","background-image":"","background-repeat":"repeat","background-position":"center center","background-size":"auto","background-attachment":"scroll","background-type":"","background-media":"","overlay-type":"","overlay-color":"","overlay-opacity":"","overlay-gradient":""},"tablet":{"background-color":"var(--ast-global-color-5)","background-image":"","background-repeat":"repeat","background-position":"center center","background-size":"auto","background-attachment":"scroll","background-type":"","background-media":"","overlay-type":"","overlay-color":"","overlay-opacity":"","overlay-gradient":""},"mobile":{"background-color":"var(--ast-global-color-5)","background-image":"","background-repeat":"repeat","background-position":"center center","background-size":"auto","background-attachment":"scroll","background-type":"","background-media":"","overlay-type":"","overlay-color":"","overlay-opacity":"","overlay-gradient":""}},"footnotes":""},"class_list":["post-2210","page","type-page","status-publish","hentry"],"post_mailing_queue_ids":[],"_links":{"self":[{"href":"https:\/\/agora.xtec.cat\/ies-olivar-gran\/wp-json\/wp\/v2\/pages\/2210","targetHints":{"allow":["GET"]}}],"collection":[{"href":"https:\/\/agora.xtec.cat\/ies-olivar-gran\/wp-json\/wp\/v2\/pages"}],"about":[{"href":"https:\/\/agora.xtec.cat\/ies-olivar-gran\/wp-json\/wp\/v2\/types\/page"}],"author":[{"embeddable":true,"href":"https:\/\/agora.xtec.cat\/ies-olivar-gran\/wp-json\/wp\/v2\/users\/1"}],"replies":[{"embeddable":true,"href":"https:\/\/agora.xtec.cat\/ies-olivar-gran\/wp-json\/wp\/v2\/comments?post=2210"}],"version-history":[{"count":3,"href":"https:\/\/agora.xtec.cat\/ies-olivar-gran\/wp-json\/wp\/v2\/pages\/2210\/revisions"}],"predecessor-version":[{"id":2661,"href":"https:\/\/agora.xtec.cat\/ies-olivar-gran\/wp-json\/wp\/v2\/pages\/2210\/revisions\/2661"}],"up":[{"embeddable":true,"href":"https:\/\/agora.xtec.cat\/ies-olivar-gran\/wp-json\/wp\/v2\/pages\/1721"}],"wp:attachment":[{"href":"https:\/\/agora.xtec.cat\/ies-olivar-gran\/wp-json\/wp\/v2\/media?parent=2210"}],"curies":[{"name":"wp","href":"https:\/\/api.w.org\/{rel}","templated":true}]}}