{"id":2150,"date":"2020-06-19T02:36:59","date_gmt":"2020-06-19T00:36:59","guid":{"rendered":"https:\/\/agora.xtec.cat\/ies-olivar-gran\/?page_id=2150"},"modified":"2020-07-02T02:20:54","modified_gmt":"2020-07-02T00:20:54","slug":"projectes-i-activitats","status":"publish","type":"page","link":"https:\/\/agora.xtec.cat\/ies-olivar-gran\/coordinacio-i-departaments\/departament-dorientacio\/projectes-i-activitats\/","title":{"rendered":"Projectes i activitats"},"content":{"rendered":"<p><span style=\"color: #000000;\"><strong><u>PROJECTES I ACTIVITATS DESENVOLUPADES DES DEL NOSTRE DEPARTAMENT:<\/u><\/strong><\/span><\/p>\n<table style=\"border-style: solid; border-color: #FFF;\">\n<tbody>\n<tr>\n<td style=\"border-style: solid; border-color: #000;\"><\/td>\n<td style=\"border-style: solid; background-color: #d9d9d9; border-color: #000;\"><strong>PROJECTES I ACTIVITATS DEL DEPARTAMENT<\/strong><\/td>\n<\/tr>\n<tr>\n<td style=\"border-style: solid; background-color: #92f7dc; border-color: #000000; text-align: center;\"><strong style=\"font-size: 16px;\">La mediaci\u00f3, com a estrat\u00e8gia per a la prevenci\u00f3 del conflicte.<\/strong><\/td>\n<td style=\"border-style: solid; border-color: #000000;\">\n<p style=\"font-family: 'Helvetica Neue', Helvetica, Helvetica, Arial, sans-serif; font-size: 16px;\"><span style=\"color: #000000;\">Cliqueu sobre la imatge per saber-ne m\u00e9s:<\/span><a href=\"https:\/\/agora.xtec.cat\/ies-olivar-gran\/projectes\/projecte-mediacio\/\"><img loading=\"lazy\" decoding=\"async\" class=\"wp-image-2171 alignleft\" src=\"https:\/\/agora.xtec.cat\/ies-olivar-gran\/wp-content\/uploads\/usu2116\/2020\/06\/link-150x150.png\" alt=\"\" width=\"50\" height=\"50\" srcset=\"https:\/\/agora.xtec.cat\/ies-olivar-gran\/wp-content\/uploads\/usu2116\/2020\/06\/link-150x150.png 150w, https:\/\/agora.xtec.cat\/ies-olivar-gran\/wp-content\/uploads\/usu2116\/2020\/06\/link-300x300.png 300w, https:\/\/agora.xtec.cat\/ies-olivar-gran\/wp-content\/uploads\/usu2116\/2020\/06\/link.png 512w\" sizes=\"auto, (max-width: 50px) 100vw, 50px\" \/><\/a><\/p>\n<\/td>\n<\/tr>\n<tr>\n<td style=\"border-style: solid; background-color: #92f7dc; border-color: #000000; text-align: center;\"><strong style=\"font-size: 16px;\">Programa Salut i Escola<\/strong><\/td>\n<td style=\"border-style: solid; border-color: #000000;\"><span style=\"font-size: 16px;\"><span style=\"color: #000000;\">L\u2019Agn\u00e8s Pastrana \u00e9s la nostra infermera. Ella ve cada dilluns al centre per atendre dubtes del nostre alumnat.<\/span>\u00a0<\/span><a style=\"font-size: 16px;\" href=\"mailto:salutiescola@olivargran.cat\">salutiescola@olivargran.cat<\/a><\/td>\n<\/tr>\n<tr>\n<td style=\"border-style: solid; background-color: #92f7dc; border-color: #000000; text-align: center;\"><strong style=\"font-size: 16px;\">La dormida<\/strong><\/td>\n<td style=\"border-style: solid; border-color: #000000;\"><span style=\"font-size: 16px; background-color: #ffffff; color: #000000;\">A l\u2019Olivar tenim per tradici\u00f3 de realitzar \u201cla dormida\u201d amb l\u2019alumnat i els tutors de 1r d\u2019ESO. L\u2019objectiu d\u2019aquesta, \u00e9s d\u2019oferir l\u2019oportunitat de con\u00e8ixer-se i relacionar-se i fomentar el sentit de pertinen\u00e7a. En aquesta activitat, l\u2019alumnat voluntari de 3r d\u2019ESO, dinamitza una s\u00e8rie d\u2019activitats. <\/span><\/td>\n<\/tr>\n<tr>\n<td style=\"border-style: solid; background-color: #92f7dc; border-color: #000000; text-align: center;\"><strong style=\"font-size: 16px;\">Prevenci\u00f3 de les addiccions i drogodepend\u00e8ncies<\/strong><\/td>\n<td style=\"border-style: solid; border-color: #000000;\">\n<p style=\"font-family: 'Helvetica Neue', Helvetica, Helvetica, Arial, sans-serif; font-size: 16px;\"><span style=\"color: #000000;\">Es treballa de manera transversal a trav\u00e9s de les tutories i la mat\u00e8ria de Cultura i Valors: <\/span><\/p>\n<ul style=\"list-style-type: square;\">\n<li style=\"font-family: 'Helvetica Neue', Helvetica, Helvetica, Arial, sans-serif; font-size: 16px;\"><span style=\"color: #000000;\">1r ESO: H\u00e0bits saludables i alimentaris<\/span><\/li>\n<li style=\"font-family: 'Helvetica Neue', Helvetica, Helvetica, Arial, sans-serif; font-size: 16px;\"><span style=\"color: #000000;\">2n ESO: Addicci\u00f3 a les pantalles<\/span><\/li>\n<li style=\"font-family: 'Helvetica Neue', Helvetica, Helvetica, Arial, sans-serif; font-size: 16px;\"><span style=\"color: #000000;\">3r i 4rt ESO: Informaci\u00f3 sobre el consum d\u2019alcohol, drogues i tabac.<\/span><\/li>\n<\/ul>\n<\/td>\n<\/tr>\n<tr>\n<td style=\"border-style: solid; background-color: #92f7dc; border-color: #000000; text-align: center;\"><strong style=\"font-size: 16px;\">Jornades d&#8217;Orientaci\u00f3<\/strong><\/td>\n<td style=\"border-style: solid; border-color: #000000; text-align: left;\"><span style=\"font-size: 16px; background-color: #ffffff; color: #000000;\">Durant el mes de febrer se celebren les \u201cJornades d\u2019Orientaci\u00f3\u201d. Durant dos dies tenim la visita d\u2019una quarantena de professionals els quals expliquen la seva traject\u00f2ria personal i professional amb la finalitat d\u2019ajudar al nostre alumnat de 4rt d\u2019ESO amb la tria del seu itinerari formatiu i\/o laboral.<\/span><\/td>\n<\/tr>\n<tr>\n<td style=\"border-style: solid; background-color: #92f7dc; border-color: #000000;\">\n<p style=\"font-family: 'Helvetica Neue', Helvetica, Helvetica, Arial, sans-serif; font-size: 16px; text-align: center;\"><strong>L\u2019OLI-BAR,<\/strong><\/p>\n<p style=\"font-family: 'Helvetica Neue', Helvetica, Helvetica, Arial, sans-serif; font-size: 16px; text-align: center;\"><strong>Gestionat des del SIEI<\/strong><\/p>\n<\/td>\n<td style=\"border-style: solid; border-color: #000000;\"><span style=\"font-size: 16px; color: #000000;\">L\u2019equip de professors i alumnes del SIEI ens delecten cada dia a l\u2019hora del pati amb el seu tracte \u201cexquisit\u201d i les seves propostes \u201csaludables\u201d. \u00a0<\/span><\/td>\n<\/tr>\n<tr>\n<td style=\"border-style: solid; background-color: #92f7dc; border-color: #000000; text-align: center;\"><strong style=\"font-size: 16px;\">La revista del nostre institut<\/strong><\/td>\n<td style=\"border-style: solid; border-color: #000000;\"><span style=\"font-size: 16px; background-color: #ffffff; color: #000000;\">El curs 2019-20 vam iniciar la revista del nostre institut, amb un grup redu\u00eft de 1r d\u2019ESO. La intenci\u00f3 es poder seguir endavant amb el projecte per tal de donar resposta a les inquietuds del nostre alumnat.<\/span><\/td>\n<\/tr>\n<\/tbody>\n<\/table>\n","protected":false},"excerpt":{"rendered":"<p>PROJECTES I ACTIVITATS DESENVOLUPADES DES DEL NOSTRE DEPARTAMENT: PROJECTES I ACTIVITATS DEL DEPARTAMENT La mediaci\u00f3, com a estrat\u00e8gia per a la prevenci\u00f3 del conflicte. Cliqueu sobre la imatge per saber-ne m\u00e9s: Programa Salut i Escola L\u2019Agn\u00e8s Pastrana \u00e9s la nostra infermera. Ella ve cada dilluns al centre per atendre dubtes del nostre alumnat.\u00a0salutiescola@olivargran.cat La dormida [&hellip;]<\/p>\n","protected":false},"author":1,"featured_media":0,"parent":1731,"menu_order":4,"comment_status":"closed","ping_status":"closed","template":"page-templates\/side-menu.php","meta":{"_bbp_topic_count":0,"_bbp_reply_count":0,"_bbp_total_topic_count":0,"_bbp_total_reply_count":0,"_bbp_voice_count":0,"_bbp_anonymous_reply_count":0,"_bbp_topic_count_hidden":0,"_bbp_reply_count_hidden":0,"_bbp_forum_subforum_count":0,"site-sidebar-layout":"default","site-content-layout":"","ast-site-content-layout":"","site-content-style":"default","site-sidebar-style":"default","ast-global-header-display":"","ast-banner-title-visibility":"","ast-main-header-display":"","ast-hfb-above-header-display":"","ast-hfb-below-header-display":"","ast-hfb-mobile-header-display":"","site-post-title":"","ast-breadcrumbs-content":"","ast-featured-img":"","footer-sml-layout":"","theme-transparent-header-meta":"","adv-header-id-meta":"","stick-header-meta":"","header-above-stick-meta":"","header-main-stick-meta":"","header-below-stick-meta":"","astra-migrate-meta-layouts":"default","ast-page-background-enabled":"default","ast-page-background-meta":{"desktop":{"background-color":"var(--ast-global-color-4)","background-image":"","background-repeat":"repeat","background-position":"center center","background-size":"auto","background-attachment":"scroll","background-type":"","background-media":"","overlay-type":"","overlay-color":"","overlay-opacity":"","overlay-gradient":""},"tablet":{"background-color":"","background-image":"","background-repeat":"repeat","background-position":"center center","background-size":"auto","background-attachment":"scroll","background-type":"","background-media":"","overlay-type":"","overlay-color":"","overlay-opacity":"","overlay-gradient":""},"mobile":{"background-color":"","background-image":"","background-repeat":"repeat","background-position":"center center","background-size":"auto","background-attachment":"scroll","background-type":"","background-media":"","overlay-type":"","overlay-color":"","overlay-opacity":"","overlay-gradient":""}},"ast-content-background-meta":{"desktop":{"background-color":"var(--ast-global-color-5)","background-image":"","background-repeat":"repeat","background-position":"center center","background-size":"auto","background-attachment":"scroll","background-type":"","background-media":"","overlay-type":"","overlay-color":"","overlay-opacity":"","overlay-gradient":""},"tablet":{"background-color":"var(--ast-global-color-5)","background-image":"","background-repeat":"repeat","background-position":"center center","background-size":"auto","background-attachment":"scroll","background-type":"","background-media":"","overlay-type":"","overlay-color":"","overlay-opacity":"","overlay-gradient":""},"mobile":{"background-color":"var(--ast-global-color-5)","background-image":"","background-repeat":"repeat","background-position":"center center","background-size":"auto","background-attachment":"scroll","background-type":"","background-media":"","overlay-type":"","overlay-color":"","overlay-opacity":"","overlay-gradient":""}},"footnotes":""},"class_list":["post-2150","page","type-page","status-publish","hentry"],"post_mailing_queue_ids":[],"_links":{"self":[{"href":"https:\/\/agora.xtec.cat\/ies-olivar-gran\/wp-json\/wp\/v2\/pages\/2150","targetHints":{"allow":["GET"]}}],"collection":[{"href":"https:\/\/agora.xtec.cat\/ies-olivar-gran\/wp-json\/wp\/v2\/pages"}],"about":[{"href":"https:\/\/agora.xtec.cat\/ies-olivar-gran\/wp-json\/wp\/v2\/types\/page"}],"author":[{"embeddable":true,"href":"https:\/\/agora.xtec.cat\/ies-olivar-gran\/wp-json\/wp\/v2\/users\/1"}],"replies":[{"embeddable":true,"href":"https:\/\/agora.xtec.cat\/ies-olivar-gran\/wp-json\/wp\/v2\/comments?post=2150"}],"version-history":[{"count":4,"href":"https:\/\/agora.xtec.cat\/ies-olivar-gran\/wp-json\/wp\/v2\/pages\/2150\/revisions"}],"predecessor-version":[{"id":2674,"href":"https:\/\/agora.xtec.cat\/ies-olivar-gran\/wp-json\/wp\/v2\/pages\/2150\/revisions\/2674"}],"up":[{"embeddable":true,"href":"https:\/\/agora.xtec.cat\/ies-olivar-gran\/wp-json\/wp\/v2\/pages\/1731"}],"wp:attachment":[{"href":"https:\/\/agora.xtec.cat\/ies-olivar-gran\/wp-json\/wp\/v2\/media?parent=2150"}],"curies":[{"name":"wp","href":"https:\/\/api.w.org\/{rel}","templated":true}]}}