{"id":21,"date":"2014-09-17T16:14:14","date_gmt":"2014-09-17T16:14:14","guid":{"rendered":"http:\/\/agora.xtec.cat\/ies-olivar-gran\/?page_id=21"},"modified":"2025-01-08T10:04:19","modified_gmt":"2025-01-08T09:04:19","slug":"on-som","status":"publish","type":"page","link":"https:\/\/agora.xtec.cat\/ies-olivar-gran\/linstitut\/on-som\/","title":{"rendered":"On som?"},"content":{"rendered":"<p style=\"color: #666666;\"><span style=\"color: #000000;\"><strong>Institut Olivar Gran<\/strong><\/span><\/p>\n<p style=\"color: #666666;\"><span style=\"color: #000000;\"><span class=\"street-address\">Av. Maria \u00c0ngels Anglada, 11-15<\/span><br \/>\n<\/span><\/p>\n<p>&nbsp;<\/p>\n<p><iframe loading=\"lazy\" src=\"https:\/\/www.google.com\/maps\/embed?pb=!1m18!1m12!1m3!1d1476.5164308267579!2d2.959128056263609!3d42.25647077919402!2m3!1f0!2f0!3f0!3m2!1i1024!2i768!4f13.1!3m3!1m2!1s0x12ba8dbf76f533b1%3A0xdd290682ee8d66cc!2sAv.%20Maria%20Angels%20Anglada%2C%2011%2C%2017600%20Figueres%2C%20Girona!5e0!3m2!1sca!2ses!4v1591616666807!5m2!1sca!2ses\" width=\"600\" height=\"450\" frameborder=\"0\" aria-hidden=\"false\"><\/iframe><\/p>\n<p><span style=\"color: #000000;\"><b>Com arribar-hi:<\/b><\/span><\/p>\n<ul>\n<li><span style=\"color: #000000;\">Les l\u00ednies de bus que s\u2019aturen a prop de l\u2019 Institut Olivar Gran s\u00f3n:\u00a0<a style=\"color: #000000;\" href=\"https:\/\/moovitapp.com\/barcelona-362\/lines\/400\/629543\/2515729\/es?ref=1&amp;poiType=efsite&amp;customerId=4908\">400<\/a>,\u00a0<a style=\"color: #000000;\" href=\"https:\/\/moovitapp.com\/barcelona-362\/lines\/602\/629534\/2515690\/es?ref=1&amp;poiType=efsite&amp;customerId=4908\">602<\/a>.<\/span><\/li>\n<\/ul>\n<p>&nbsp;<\/p>\n<p><span style=\"color: #000000;\"><b>ESCOLES ADSCRITES A L\u2019 INSTITUT<\/b><b>:<\/b><\/span><\/p>\n<p>&nbsp;<\/p>\n<p><b>FIGUERES<\/b><\/p>\n<p><b><br \/>\n<\/b>Escola Anicet de Pag\u00e8s i de Puig<\/p>\n<p>Escola Joaquim Cus\u00ed i Fortunet<\/p>\n<p>Escola Josep Pallach<\/p>\n<p>Escola M. \u00c0ngels Anglada<\/p>\n<p>Escola Salvador Dal\u00ed<\/p>\n<p>Escola Sant Pau<\/p>\n<p>Escola Amistat<\/p>\n<p>Escola Parc de les Aig\u00fces<\/p>\n<p>Escola Carme Guasch i Darn\u00e9<\/p>\n<p>&nbsp;<\/p>\n<p><b>ALTRES MUNICIPIS:<\/b><\/p>\n<p>&nbsp;<\/p>\n<p>Escola Gon\u00e7al Comellas (Avinyonet)<\/p>\n<p>Escola Moss\u00e8n Josep M. Albert &#8211; ZER Empord\u00e0 (Cistella)<\/p>\n<p>Escola Montserrat Vayreda (Llad\u00f3)<\/p>\n<p>Escola de Llers (Llers)<\/p>\n<p>Escola Joaquim Vallmaj\u00f3 (Navata)<\/p>\n<p>Escola Maria Pag\u00e8s i Trayter (Ordis)<\/p>\n<p>Escola Tramuntana \u2013 ZER Empord\u00e0 (Vilanant)<\/p>\n<p>Escola de Llers (Llers)<\/p>\n","protected":false},"excerpt":{"rendered":"<p>Institut Olivar Gran Av. Maria \u00c0ngels Anglada, 11-15 &nbsp; Com arribar-hi: Les l\u00ednies de bus que s\u2019aturen a prop de l\u2019 Institut Olivar Gran s\u00f3n:\u00a0400,\u00a0602. &nbsp; ESCOLES ADSCRITES A L\u2019 INSTITUT: &nbsp; FIGUERES Escola Anicet de Pag\u00e8s i de Puig Escola Joaquim Cus\u00ed i Fortunet Escola Josep Pallach Escola M. \u00c0ngels Anglada Escola Salvador Dal\u00ed [&hellip;]<\/p>\n","protected":false},"author":1,"featured_media":0,"parent":19,"menu_order":10,"comment_status":"closed","ping_status":"closed","template":"page-templates\/side-menu.php","meta":{"_bbp_topic_count":0,"_bbp_reply_count":0,"_bbp_total_topic_count":0,"_bbp_total_reply_count":0,"_bbp_voice_count":0,"_bbp_anonymous_reply_count":0,"_bbp_topic_count_hidden":0,"_bbp_reply_count_hidden":0,"_bbp_forum_subforum_count":0,"site-sidebar-layout":"default","site-content-layout":"","ast-site-content-layout":"","site-content-style":"default","site-sidebar-style":"default","ast-global-header-display":"","ast-banner-title-visibility":"","ast-main-header-display":"","ast-hfb-above-header-display":"","ast-hfb-below-header-display":"","ast-hfb-mobile-header-display":"","site-post-title":"","ast-breadcrumbs-content":"","ast-featured-img":"","footer-sml-layout":"","theme-transparent-header-meta":"","adv-header-id-meta":"","stick-header-meta":"","header-above-stick-meta":"","header-main-stick-meta":"","header-below-stick-meta":"","astra-migrate-meta-layouts":"default","ast-page-background-enabled":"default","ast-page-background-meta":{"desktop":{"background-color":"var(--ast-global-color-4)","background-image":"","background-repeat":"repeat","background-position":"center center","background-size":"auto","background-attachment":"scroll","background-type":"","background-media":"","overlay-type":"","overlay-color":"","overlay-opacity":"","overlay-gradient":""},"tablet":{"background-color":"","background-image":"","background-repeat":"repeat","background-position":"center center","background-size":"auto","background-attachment":"scroll","background-type":"","background-media":"","overlay-type":"","overlay-color":"","overlay-opacity":"","overlay-gradient":""},"mobile":{"background-color":"","background-image":"","background-repeat":"repeat","background-position":"center center","background-size":"auto","background-attachment":"scroll","background-type":"","background-media":"","overlay-type":"","overlay-color":"","overlay-opacity":"","overlay-gradient":""}},"ast-content-background-meta":{"desktop":{"background-color":"var(--ast-global-color-5)","background-image":"","background-repeat":"repeat","background-position":"center center","background-size":"auto","background-attachment":"scroll","background-type":"","background-media":"","overlay-type":"","overlay-color":"","overlay-opacity":"","overlay-gradient":""},"tablet":{"background-color":"var(--ast-global-color-5)","background-image":"","background-repeat":"repeat","background-position":"center center","background-size":"auto","background-attachment":"scroll","background-type":"","background-media":"","overlay-type":"","overlay-color":"","overlay-opacity":"","overlay-gradient":""},"mobile":{"background-color":"var(--ast-global-color-5)","background-image":"","background-repeat":"repeat","background-position":"center center","background-size":"auto","background-attachment":"scroll","background-type":"","background-media":"","overlay-type":"","overlay-color":"","overlay-opacity":"","overlay-gradient":""}},"footnotes":""},"class_list":["post-21","page","type-page","status-publish","hentry"],"post_mailing_queue_ids":[],"_links":{"self":[{"href":"https:\/\/agora.xtec.cat\/ies-olivar-gran\/wp-json\/wp\/v2\/pages\/21","targetHints":{"allow":["GET"]}}],"collection":[{"href":"https:\/\/agora.xtec.cat\/ies-olivar-gran\/wp-json\/wp\/v2\/pages"}],"about":[{"href":"https:\/\/agora.xtec.cat\/ies-olivar-gran\/wp-json\/wp\/v2\/types\/page"}],"author":[{"embeddable":true,"href":"https:\/\/agora.xtec.cat\/ies-olivar-gran\/wp-json\/wp\/v2\/users\/1"}],"replies":[{"embeddable":true,"href":"https:\/\/agora.xtec.cat\/ies-olivar-gran\/wp-json\/wp\/v2\/comments?post=21"}],"version-history":[{"count":4,"href":"https:\/\/agora.xtec.cat\/ies-olivar-gran\/wp-json\/wp\/v2\/pages\/21\/revisions"}],"predecessor-version":[{"id":12887,"href":"https:\/\/agora.xtec.cat\/ies-olivar-gran\/wp-json\/wp\/v2\/pages\/21\/revisions\/12887"}],"up":[{"embeddable":true,"href":"https:\/\/agora.xtec.cat\/ies-olivar-gran\/wp-json\/wp\/v2\/pages\/19"}],"wp:attachment":[{"href":"https:\/\/agora.xtec.cat\/ies-olivar-gran\/wp-json\/wp\/v2\/media?parent=21"}],"curies":[{"name":"wp","href":"https:\/\/api.w.org\/{rel}","templated":true}]}}