{"id":2075,"date":"2020-06-17T15:21:04","date_gmt":"2020-06-17T13:21:04","guid":{"rendered":"https:\/\/agora.xtec.cat\/ies-olivar-gran\/?page_id=2075"},"modified":"2023-05-05T09:20:35","modified_gmt":"2023-05-05T07:20:35","slug":"cfgm-de-forneria-pastisseria-i-confiteria","status":"publish","type":"page","link":"https:\/\/agora.xtec.cat\/ies-olivar-gran\/estudis\/cicles-formatius\/cfgm-de-forneria-pastisseria-i-confiteria\/","title":{"rendered":"CFGM de Forneria, Pastisseria i Confiteria"},"content":{"rendered":"<h3><strong><span style=\"color: #000000;\"><u>FORNERIA, PASTISSERIA I CONFITERIA<\/u><\/span><\/strong><\/h3>\n<p style=\"text-align: justify;\">La compet\u00e8ncia general d&#8217;aquest t\u00edtol consisteix a elaborar i presentar productes de forneria, rebosteria i confiteria, conduint les operacions de producci\u00f3, composici\u00f3 i decoraci\u00f3, en obradors i establiments de restauraci\u00f3, aplicant la legislaci\u00f3 vigent d&#8217;higiene i seguretat aliment\u00e0ria, de protecci\u00f3 ambiental i de prevenci\u00f3 de riscos laborals.<\/p>\n<p>Mira la nostra presentaci\u00f3!<\/p>\n<p><iframe loading=\"lazy\" src=\"https:\/\/www.youtube.com\/embed\/kPlOF58ujCw\" width=\"300\" height=\"200\" frameborder=\"0\"><\/iframe><\/p>\n<p>Enlla\u00e7 Gencat <a href=\"https:\/\/triaeducativa.gencat.cat\/ca\/fp\/families-professionals\/industries-alimentaries\/?p_id=82&amp;estudi\" target=\"_blank\" rel=\"noopener noreferrer\">FORNERIA, PASTISSERIA I CONFITERIA<\/a><\/p>\n<p><strong>MATR\u00cdCULA I DESPESES CFGM FORNERIA, PASTISSERIA I CONFITERIA<\/strong><\/p>\n","protected":false},"excerpt":{"rendered":"<p>FORNERIA, PASTISSERIA I CONFITERIA La compet\u00e8ncia general d&#8217;aquest t\u00edtol consisteix a elaborar i presentar productes de forneria, rebosteria i confiteria, conduint les operacions de producci\u00f3, composici\u00f3 i decoraci\u00f3, en obradors i establiments de restauraci\u00f3, aplicant la legislaci\u00f3 vigent d&#8217;higiene i seguretat aliment\u00e0ria, de protecci\u00f3 ambiental i de prevenci\u00f3 de riscos laborals. Mira la nostra presentaci\u00f3! [&hellip;]<\/p>\n","protected":false},"author":1,"featured_media":0,"parent":2065,"menu_order":3,"comment_status":"closed","ping_status":"closed","template":"page-templates\/side-menu.php","meta":{"_bbp_topic_count":0,"_bbp_reply_count":0,"_bbp_total_topic_count":0,"_bbp_total_reply_count":0,"_bbp_voice_count":0,"_bbp_anonymous_reply_count":0,"_bbp_topic_count_hidden":0,"_bbp_reply_count_hidden":0,"_bbp_forum_subforum_count":0,"site-sidebar-layout":"default","site-content-layout":"","ast-site-content-layout":"","site-content-style":"default","site-sidebar-style":"default","ast-global-header-display":"","ast-banner-title-visibility":"","ast-main-header-display":"","ast-hfb-above-header-display":"","ast-hfb-below-header-display":"","ast-hfb-mobile-header-display":"","site-post-title":"","ast-breadcrumbs-content":"","ast-featured-img":"","footer-sml-layout":"","theme-transparent-header-meta":"","adv-header-id-meta":"","stick-header-meta":"","header-above-stick-meta":"","header-main-stick-meta":"","header-below-stick-meta":"","astra-migrate-meta-layouts":"default","ast-page-background-enabled":"default","ast-page-background-meta":{"desktop":{"background-color":"var(--ast-global-color-4)","background-image":"","background-repeat":"repeat","background-position":"center center","background-size":"auto","background-attachment":"scroll","background-type":"","background-media":"","overlay-type":"","overlay-color":"","overlay-opacity":"","overlay-gradient":""},"tablet":{"background-color":"","background-image":"","background-repeat":"repeat","background-position":"center center","background-size":"auto","background-attachment":"scroll","background-type":"","background-media":"","overlay-type":"","overlay-color":"","overlay-opacity":"","overlay-gradient":""},"mobile":{"background-color":"","background-image":"","background-repeat":"repeat","background-position":"center center","background-size":"auto","background-attachment":"scroll","background-type":"","background-media":"","overlay-type":"","overlay-color":"","overlay-opacity":"","overlay-gradient":""}},"ast-content-background-meta":{"desktop":{"background-color":"var(--ast-global-color-5)","background-image":"","background-repeat":"repeat","background-position":"center center","background-size":"auto","background-attachment":"scroll","background-type":"","background-media":"","overlay-type":"","overlay-color":"","overlay-opacity":"","overlay-gradient":""},"tablet":{"background-color":"var(--ast-global-color-5)","background-image":"","background-repeat":"repeat","background-position":"center center","background-size":"auto","background-attachment":"scroll","background-type":"","background-media":"","overlay-type":"","overlay-color":"","overlay-opacity":"","overlay-gradient":""},"mobile":{"background-color":"var(--ast-global-color-5)","background-image":"","background-repeat":"repeat","background-position":"center center","background-size":"auto","background-attachment":"scroll","background-type":"","background-media":"","overlay-type":"","overlay-color":"","overlay-opacity":"","overlay-gradient":""}},"footnotes":""},"class_list":["post-2075","page","type-page","status-publish","hentry"],"post_mailing_queue_ids":[],"_links":{"self":[{"href":"https:\/\/agora.xtec.cat\/ies-olivar-gran\/wp-json\/wp\/v2\/pages\/2075","targetHints":{"allow":["GET"]}}],"collection":[{"href":"https:\/\/agora.xtec.cat\/ies-olivar-gran\/wp-json\/wp\/v2\/pages"}],"about":[{"href":"https:\/\/agora.xtec.cat\/ies-olivar-gran\/wp-json\/wp\/v2\/types\/page"}],"author":[{"embeddable":true,"href":"https:\/\/agora.xtec.cat\/ies-olivar-gran\/wp-json\/wp\/v2\/users\/1"}],"replies":[{"embeddable":true,"href":"https:\/\/agora.xtec.cat\/ies-olivar-gran\/wp-json\/wp\/v2\/comments?post=2075"}],"version-history":[{"count":3,"href":"https:\/\/agora.xtec.cat\/ies-olivar-gran\/wp-json\/wp\/v2\/pages\/2075\/revisions"}],"predecessor-version":[{"id":10021,"href":"https:\/\/agora.xtec.cat\/ies-olivar-gran\/wp-json\/wp\/v2\/pages\/2075\/revisions\/10021"}],"up":[{"embeddable":true,"href":"https:\/\/agora.xtec.cat\/ies-olivar-gran\/wp-json\/wp\/v2\/pages\/2065"}],"wp:attachment":[{"href":"https:\/\/agora.xtec.cat\/ies-olivar-gran\/wp-json\/wp\/v2\/media?parent=2075"}],"curies":[{"name":"wp","href":"https:\/\/api.w.org\/{rel}","templated":true}]}}