{"id":2073,"date":"2020-06-17T15:19:54","date_gmt":"2020-06-17T13:19:54","guid":{"rendered":"https:\/\/agora.xtec.cat\/ies-olivar-gran\/?page_id=2073"},"modified":"2023-05-05T09:20:02","modified_gmt":"2023-05-05T07:20:02","slug":"cfgm-serveis-en-restauracio","status":"publish","type":"page","link":"https:\/\/agora.xtec.cat\/ies-olivar-gran\/estudis\/cicles-formatius\/cfgm-serveis-en-restauracio\/","title":{"rendered":"CFGM Serveis en Restauraci\u00f3"},"content":{"rendered":"<h3><span style=\"color: #000000;\"><strong><u>SERVEIS EN RESTAURACI\u00d3<\/u><\/strong><\/span><\/h3>\n<p style=\"text-align: justify;\">La compet\u00e8ncia general d&#8217;aquest t\u00edtol consisteix a realitzar les activitats de preparaci\u00f3, presentaci\u00f3 i servei d&#8217;aliments i begudes, aix\u00ed com les d&#8217;atenci\u00f3 al client en l&#8217;\u00e0mbit de la restauraci\u00f3, seguint els protocols de qualitat establerts i actuant segons normes d&#8217;higiene, prevenci\u00f3 de riscos laborals i protecci\u00f3 ambiental.<\/p>\n<p style=\"text-align: justify;\">Mira la nostra presentaci\u00f3!<\/p>\n<p><iframe loading=\"lazy\" src=\"https:\/\/www.youtube.com\/embed\/oMQgjELgcGE\" width=\"300\" height=\"200\" frameborder=\"0\"><\/iframe><\/p>\n<p>Enlla\u00e7 Gencat <a href=\"https:\/\/triaeducativa.gencat.cat\/ca\/fp\/families-professionals\/hoteleria-turisme\/?p_id=84&amp;estudi\" target=\"_blank\" rel=\"noopener noreferrer\">SERVEIS EN RESTAURACI\u00d3<\/a><\/p>\n<p><strong>MATR\u00cdCULA I DESPESES CFGM SERVEIS EN RESTAURACI\u00d3<\/strong><\/p>\n","protected":false},"excerpt":{"rendered":"<p>SERVEIS EN RESTAURACI\u00d3 La compet\u00e8ncia general d&#8217;aquest t\u00edtol consisteix a realitzar les activitats de preparaci\u00f3, presentaci\u00f3 i servei d&#8217;aliments i begudes, aix\u00ed com les d&#8217;atenci\u00f3 al client en l&#8217;\u00e0mbit de la restauraci\u00f3, seguint els protocols de qualitat establerts i actuant segons normes d&#8217;higiene, prevenci\u00f3 de riscos laborals i protecci\u00f3 ambiental. Mira la nostra presentaci\u00f3! Enlla\u00e7 [&hellip;]<\/p>\n","protected":false},"author":1,"featured_media":0,"parent":2065,"menu_order":2,"comment_status":"closed","ping_status":"closed","template":"page-templates\/side-menu.php","meta":{"_bbp_topic_count":0,"_bbp_reply_count":0,"_bbp_total_topic_count":0,"_bbp_total_reply_count":0,"_bbp_voice_count":0,"_bbp_anonymous_reply_count":0,"_bbp_topic_count_hidden":0,"_bbp_reply_count_hidden":0,"_bbp_forum_subforum_count":0,"site-sidebar-layout":"default","site-content-layout":"","ast-site-content-layout":"","site-content-style":"default","site-sidebar-style":"default","ast-global-header-display":"","ast-banner-title-visibility":"","ast-main-header-display":"","ast-hfb-above-header-display":"","ast-hfb-below-header-display":"","ast-hfb-mobile-header-display":"","site-post-title":"","ast-breadcrumbs-content":"","ast-featured-img":"","footer-sml-layout":"","theme-transparent-header-meta":"","adv-header-id-meta":"","stick-header-meta":"","header-above-stick-meta":"","header-main-stick-meta":"","header-below-stick-meta":"","astra-migrate-meta-layouts":"default","ast-page-background-enabled":"default","ast-page-background-meta":{"desktop":{"background-color":"var(--ast-global-color-4)","background-image":"","background-repeat":"repeat","background-position":"center center","background-size":"auto","background-attachment":"scroll","background-type":"","background-media":"","overlay-type":"","overlay-color":"","overlay-opacity":"","overlay-gradient":""},"tablet":{"background-color":"","background-image":"","background-repeat":"repeat","background-position":"center center","background-size":"auto","background-attachment":"scroll","background-type":"","background-media":"","overlay-type":"","overlay-color":"","overlay-opacity":"","overlay-gradient":""},"mobile":{"background-color":"","background-image":"","background-repeat":"repeat","background-position":"center center","background-size":"auto","background-attachment":"scroll","background-type":"","background-media":"","overlay-type":"","overlay-color":"","overlay-opacity":"","overlay-gradient":""}},"ast-content-background-meta":{"desktop":{"background-color":"var(--ast-global-color-5)","background-image":"","background-repeat":"repeat","background-position":"center center","background-size":"auto","background-attachment":"scroll","background-type":"","background-media":"","overlay-type":"","overlay-color":"","overlay-opacity":"","overlay-gradient":""},"tablet":{"background-color":"var(--ast-global-color-5)","background-image":"","background-repeat":"repeat","background-position":"center center","background-size":"auto","background-attachment":"scroll","background-type":"","background-media":"","overlay-type":"","overlay-color":"","overlay-opacity":"","overlay-gradient":""},"mobile":{"background-color":"var(--ast-global-color-5)","background-image":"","background-repeat":"repeat","background-position":"center center","background-size":"auto","background-attachment":"scroll","background-type":"","background-media":"","overlay-type":"","overlay-color":"","overlay-opacity":"","overlay-gradient":""}},"footnotes":""},"class_list":["post-2073","page","type-page","status-publish","hentry"],"post_mailing_queue_ids":[],"_links":{"self":[{"href":"https:\/\/agora.xtec.cat\/ies-olivar-gran\/wp-json\/wp\/v2\/pages\/2073","targetHints":{"allow":["GET"]}}],"collection":[{"href":"https:\/\/agora.xtec.cat\/ies-olivar-gran\/wp-json\/wp\/v2\/pages"}],"about":[{"href":"https:\/\/agora.xtec.cat\/ies-olivar-gran\/wp-json\/wp\/v2\/types\/page"}],"author":[{"embeddable":true,"href":"https:\/\/agora.xtec.cat\/ies-olivar-gran\/wp-json\/wp\/v2\/users\/1"}],"replies":[{"embeddable":true,"href":"https:\/\/agora.xtec.cat\/ies-olivar-gran\/wp-json\/wp\/v2\/comments?post=2073"}],"version-history":[{"count":3,"href":"https:\/\/agora.xtec.cat\/ies-olivar-gran\/wp-json\/wp\/v2\/pages\/2073\/revisions"}],"predecessor-version":[{"id":10019,"href":"https:\/\/agora.xtec.cat\/ies-olivar-gran\/wp-json\/wp\/v2\/pages\/2073\/revisions\/10019"}],"up":[{"embeddable":true,"href":"https:\/\/agora.xtec.cat\/ies-olivar-gran\/wp-json\/wp\/v2\/pages\/2065"}],"wp:attachment":[{"href":"https:\/\/agora.xtec.cat\/ies-olivar-gran\/wp-json\/wp\/v2\/media?parent=2073"}],"curies":[{"name":"wp","href":"https:\/\/api.w.org\/{rel}","templated":true}]}}