{"id":2071,"date":"2020-06-17T15:18:44","date_gmt":"2020-06-17T13:18:44","guid":{"rendered":"https:\/\/agora.xtec.cat\/ies-olivar-gran\/?page_id=2071"},"modified":"2023-05-05T09:20:18","modified_gmt":"2023-05-05T07:20:18","slug":"cfgm-cuina-i-gastronomia","status":"publish","type":"page","link":"https:\/\/agora.xtec.cat\/ies-olivar-gran\/estudis\/cicles-formatius\/cfgm-cuina-i-gastronomia\/","title":{"rendered":"CFGM Cuina i Gastronomia"},"content":{"rendered":"<h3><span style=\"color: #000000;\"><strong><u>CUINA I GASTRONOMIA<\/u><\/strong><\/span><\/h3>\n<p style=\"text-align: justify;\">Aquests estudis donen els coneixements per fer les operacions de manipulaci\u00f3, preparaci\u00f3, conservaci\u00f3 i presentaci\u00f3 de tota classe d&#8217;aliments, i per a la confecci\u00f3 d&#8217;ofertes gastron\u00f2miques i l&#8217;ajut en les activitats de servei.<\/p>\n<p>Mira la nostra presentaci\u00f3!<\/p>\n<p><iframe loading=\"lazy\" src=\"https:\/\/www.youtube.com\/embed\/GSEjkJDaHfA\" width=\"300\" height=\"200\" frameborder=\"0\"><span data-mce-type=\"bookmark\" style=\"display: inline-block; width: 0px; overflow: hidden; line-height: 0;\" class=\"mce_SELRES_start\">\ufeff<\/span><\/iframe><\/p>\n<p>Enlla\u00e7 Gencat <a href=\"https:\/\/triaeducativa.gencat.cat\/ca\/fp\/families-professionals\/hoteleria-turisme\/?p_id=80&amp;estudi\" target=\"_blank\" rel=\"noopener noreferrer\">CUINA I GASTRONOMIA<\/a><\/p>\n<p><strong>MATR\u00cdCULA I DESPESES CFGM CUINA I GASTRONOMIA<\/strong><\/p>\n","protected":false},"excerpt":{"rendered":"<p>CUINA I GASTRONOMIA Aquests estudis donen els coneixements per fer les operacions de manipulaci\u00f3, preparaci\u00f3, conservaci\u00f3 i presentaci\u00f3 de tota classe d&#8217;aliments, i per a la confecci\u00f3 d&#8217;ofertes gastron\u00f2miques i l&#8217;ajut en les activitats de servei. Mira la nostra presentaci\u00f3! \ufeff Enlla\u00e7 Gencat CUINA I GASTRONOMIA MATR\u00cdCULA I DESPESES CFGM CUINA I GASTRONOMIA<\/p>\n","protected":false},"author":1,"featured_media":0,"parent":2065,"menu_order":1,"comment_status":"closed","ping_status":"closed","template":"page-templates\/side-menu.php","meta":{"_bbp_topic_count":0,"_bbp_reply_count":0,"_bbp_total_topic_count":0,"_bbp_total_reply_count":0,"_bbp_voice_count":0,"_bbp_anonymous_reply_count":0,"_bbp_topic_count_hidden":0,"_bbp_reply_count_hidden":0,"_bbp_forum_subforum_count":0,"site-sidebar-layout":"default","site-content-layout":"","ast-site-content-layout":"","site-content-style":"default","site-sidebar-style":"default","ast-global-header-display":"","ast-banner-title-visibility":"","ast-main-header-display":"","ast-hfb-above-header-display":"","ast-hfb-below-header-display":"","ast-hfb-mobile-header-display":"","site-post-title":"","ast-breadcrumbs-content":"","ast-featured-img":"","footer-sml-layout":"","theme-transparent-header-meta":"","adv-header-id-meta":"","stick-header-meta":"","header-above-stick-meta":"","header-main-stick-meta":"","header-below-stick-meta":"","astra-migrate-meta-layouts":"default","ast-page-background-enabled":"default","ast-page-background-meta":{"desktop":{"background-color":"var(--ast-global-color-4)","background-image":"","background-repeat":"repeat","background-position":"center center","background-size":"auto","background-attachment":"scroll","background-type":"","background-media":"","overlay-type":"","overlay-color":"","overlay-opacity":"","overlay-gradient":""},"tablet":{"background-color":"","background-image":"","background-repeat":"repeat","background-position":"center center","background-size":"auto","background-attachment":"scroll","background-type":"","background-media":"","overlay-type":"","overlay-color":"","overlay-opacity":"","overlay-gradient":""},"mobile":{"background-color":"","background-image":"","background-repeat":"repeat","background-position":"center center","background-size":"auto","background-attachment":"scroll","background-type":"","background-media":"","overlay-type":"","overlay-color":"","overlay-opacity":"","overlay-gradient":""}},"ast-content-background-meta":{"desktop":{"background-color":"var(--ast-global-color-5)","background-image":"","background-repeat":"repeat","background-position":"center center","background-size":"auto","background-attachment":"scroll","background-type":"","background-media":"","overlay-type":"","overlay-color":"","overlay-opacity":"","overlay-gradient":""},"tablet":{"background-color":"var(--ast-global-color-5)","background-image":"","background-repeat":"repeat","background-position":"center center","background-size":"auto","background-attachment":"scroll","background-type":"","background-media":"","overlay-type":"","overlay-color":"","overlay-opacity":"","overlay-gradient":""},"mobile":{"background-color":"var(--ast-global-color-5)","background-image":"","background-repeat":"repeat","background-position":"center center","background-size":"auto","background-attachment":"scroll","background-type":"","background-media":"","overlay-type":"","overlay-color":"","overlay-opacity":"","overlay-gradient":""}},"footnotes":""},"class_list":["post-2071","page","type-page","status-publish","hentry"],"post_mailing_queue_ids":[],"_links":{"self":[{"href":"https:\/\/agora.xtec.cat\/ies-olivar-gran\/wp-json\/wp\/v2\/pages\/2071","targetHints":{"allow":["GET"]}}],"collection":[{"href":"https:\/\/agora.xtec.cat\/ies-olivar-gran\/wp-json\/wp\/v2\/pages"}],"about":[{"href":"https:\/\/agora.xtec.cat\/ies-olivar-gran\/wp-json\/wp\/v2\/types\/page"}],"author":[{"embeddable":true,"href":"https:\/\/agora.xtec.cat\/ies-olivar-gran\/wp-json\/wp\/v2\/users\/1"}],"replies":[{"embeddable":true,"href":"https:\/\/agora.xtec.cat\/ies-olivar-gran\/wp-json\/wp\/v2\/comments?post=2071"}],"version-history":[{"count":3,"href":"https:\/\/agora.xtec.cat\/ies-olivar-gran\/wp-json\/wp\/v2\/pages\/2071\/revisions"}],"predecessor-version":[{"id":10020,"href":"https:\/\/agora.xtec.cat\/ies-olivar-gran\/wp-json\/wp\/v2\/pages\/2071\/revisions\/10020"}],"up":[{"embeddable":true,"href":"https:\/\/agora.xtec.cat\/ies-olivar-gran\/wp-json\/wp\/v2\/pages\/2065"}],"wp:attachment":[{"href":"https:\/\/agora.xtec.cat\/ies-olivar-gran\/wp-json\/wp\/v2\/media?parent=2071"}],"curies":[{"name":"wp","href":"https:\/\/api.w.org\/{rel}","templated":true}]}}