{"id":1492,"date":"2020-06-10T02:05:06","date_gmt":"2020-06-10T00:05:06","guid":{"rendered":"https:\/\/agora.xtec.cat\/ies-olivar-gran\/?page_id=1492"},"modified":"2021-09-24T11:37:58","modified_gmt":"2021-09-24T09:37:58","slug":"projecte-escoles-verdes","status":"publish","type":"page","link":"https:\/\/agora.xtec.cat\/ies-olivar-gran\/projectes\/projecte-escoles-verdes\/","title":{"rendered":"Projecte Escoles Verdes"},"content":{"rendered":"<p style=\"text-align: center;\"><span style=\"color: #000000;\"><strong><u>SOM INSTITUT VERD<\/u><\/strong><\/span><\/p>\n<p><span style=\"text-decoration: underline;\"><strong>Documentaci\u00f3 important:<\/strong><\/span><\/p>\n<ul>\n<li><a href=\"https:\/\/agora.xtec.cat\/ies-olivar-gran\/wp-content\/uploads\/usu2116\/2021\/09\/Escoles_Verdes_indicacions_de_sostenibilitat-1.pdf\" target=\"_blank\" rel=\"noopener\">Normativa Escoles Verdes<\/a><\/li>\n<li><a href=\"https:\/\/agora.xtec.cat\/ies-olivar-gran\/wp-content\/uploads\/usu2116\/2021\/09\/Escoles_Verdes_indicacions_de_sostenibilitat.pdf\" target=\"_blank\" rel=\"noopener\">Indicacions de sostenibilitat<\/a><\/li>\n<\/ul>\n<p style=\"text-align: justify;\"><span style=\"color: #000000;\">Ja fa molts anys que l&#8217;institut Olivar Gran de Figueres forma part de la <strong>Xarxa d\u2019Escoles Verdes<\/strong>. Aquesta xarxa sorgeix com un comprom\u00eds per donar suport a tots els centres educatius de Catalunya que volen innovar, incloure, avan\u00e7ar, sistematitzar i organitzar accions educatives que tinguin la finalitat d&#8217;afrontar, des de l&#8217;educaci\u00f3, els nous reptes i valors de la sostenibilitat, per\u00f2 suposa molta paperassa que desincentiva el seu desenvolupament.<\/span><\/p>\n<p style=\"text-align: justify;\"><span style=\"color: #000000;\">I, per tant, es plantegen tres grans objectius:<\/span><\/p>\n<ol>\n<li style=\"text-align: justify;\"><span style=\"color: #000000;\">Ajudar els centres a incorporar els valors de l&#8217;educaci\u00f3 per a la sostenibilitat en tots els \u00e0mbits de la vida del centre (curr\u00edculum, gesti\u00f3, relacions amb l&#8217;entorn, etc.).<\/span><\/li>\n<li style=\"text-align: justify;\"><span style=\"color: #000000;\">Promoure la participaci\u00f3 i la implicaci\u00f3 activa de la comunitat educativa en la millora del seu entorn.<\/span><\/li>\n<li style=\"text-align: justify;\"><span style=\"color: #000000;\">Afavorir l&#8217;intercanvi entre els centres que comparteixen uns mateixos objectius. Fer xarxa.<\/span><\/li>\n<\/ol>\n<p style=\"text-align: justify;\"><span style=\"color: #000000;\">El nostre centre durant tots aquests anys dins de la xarxa d\u2019Escoles Verdes ha impulsat diverses activitats de sensibilitzaci\u00f3 mediambiental per als nostres alumnes i per al conjunt de comunitat educativa. Algunes de les activitats m\u00e9s consolidades s\u00f3n les seg\u00fcents:<\/span><\/p>\n<ul>\n<li style=\"list-style-type: none;\">\n<ul style=\"list-style-type: circle;\">\n<li style=\"text-align: justify;\"><span style=\"color: #000000;\">De manera puntual s\u2019han realitzat <strong>Tutories verdes<\/strong> quan els representats de la Comissi\u00f3 Verda han hagut de comentar algun tema als companys d\u2019aula o ha sortit alguna not\u00edcia mediambiental que necessita una reflexi\u00f3 m\u00e9s profunda per part de l\u2019alumnat (els micropl\u00e0stics, l\u2019origen i el consum del paper d&#8217;alumini, la venda de boc and rolls, etc.).<\/span><\/li>\n<\/ul>\n<\/li>\n<\/ul>\n<ul>\n<li style=\"list-style-type: none;\">\n<ul style=\"list-style-type: circle;\">\n<li style=\"text-align: justify;\"><span style=\"color: #000000;\">La <strong>substituci\u00f3 dels gots de pl\u00e0stic<\/strong> de la cafeteria del centre i de la m\u00e0quina de caf\u00e8 de la sala de professors per gots reutilitzables.<\/span><\/li>\n<\/ul>\n<\/li>\n<\/ul>\n<table class=\" aligncenter\" style=\"height: 110px; border-style: solid; width: 670px; border-color: #fff;\" width=\"670\">\n<tbody>\n<tr>\n<td style=\"width: 331.333px; border-style: solid; border-color: #ffffff;\"><img loading=\"lazy\" decoding=\"async\" class=\"aligncenter size-full wp-image-2311\" src=\"https:\/\/agora.xtec.cat\/ies-olivar-gran\/wp-content\/uploads\/usu2116\/2020\/06\/foto-1-10.png\" alt=\"\" width=\"285\" height=\"214\" srcset=\"https:\/\/agora.xtec.cat\/ies-olivar-gran\/wp-content\/uploads\/usu2116\/2020\/06\/foto-1-10.png 285w, https:\/\/agora.xtec.cat\/ies-olivar-gran\/wp-content\/uploads\/usu2116\/2020\/06\/foto-1-10-200x150.png 200w\" sizes=\"auto, (max-width: 285px) 100vw, 285px\" \/><\/td>\n<td style=\"width: 331.333px; border-style: solid; border-color: #ffffff;\"><img loading=\"lazy\" decoding=\"async\" class=\"aligncenter size-full wp-image-2312\" src=\"https:\/\/agora.xtec.cat\/ies-olivar-gran\/wp-content\/uploads\/usu2116\/2020\/06\/foto-2-11.png\" alt=\"\" width=\"191\" height=\"254\" \/><\/td>\n<\/tr>\n<\/tbody>\n<\/table>\n<p>&nbsp;<\/p>\n<p>&nbsp;<\/p>\n<p>&nbsp;<\/p>\n<p>&nbsp;<\/p>\n<ul>\n<li style=\"list-style-type: none;\">\n<ul>\n<li style=\"text-align: justify;\"><span style=\"color: #000000;\"><strong>Participaci\u00f3 al F\u00f2rum d\u2019Escoles Verdes<\/strong>: Els alumnes del centre participen als F\u00f2rums que la xarxa d\u2019Escoles Verdes organitza i on els diferents centres educatius comparteixen activitats que han dut a terme.<\/span><br \/>\n<table class=\" aligncenter\" style=\"height: 169px; width: 550px; border-style: solid; border-color: #fff;\" width=\"550\">\n<tbody>\n<tr>\n<td style=\"width: 545px; border-style: solid; border-color: #fff;\"><img loading=\"lazy\" decoding=\"async\" class=\"aligncenter size-full wp-image-2315\" src=\"https:\/\/agora.xtec.cat\/ies-olivar-gran\/wp-content\/uploads\/usu2116\/2020\/06\/foto-3-2.png\" alt=\"\" width=\"355\" height=\"226\" srcset=\"https:\/\/agora.xtec.cat\/ies-olivar-gran\/wp-content\/uploads\/usu2116\/2020\/06\/foto-3-2.png 355w, https:\/\/agora.xtec.cat\/ies-olivar-gran\/wp-content\/uploads\/usu2116\/2020\/06\/foto-3-2-300x191.png 300w\" sizes=\"auto, (max-width: 355px) 100vw, 355px\" \/><\/td>\n<\/tr>\n<\/tbody>\n<\/table>\n<\/li>\n<\/ul>\n<\/li>\n<\/ul>\n<p>&nbsp;<\/p>\n<p>&nbsp;<\/p>\n<p>&nbsp;<\/p>\n<ul>\n<li style=\"list-style-type: none;\">\n<ul style=\"list-style-type: circle;\">\n<li><span style=\"color: #000000;\"><strong>Cura de les plantes d\u2019interior i de les jardineres de l\u2019entrada del centre<\/strong>: Els alumnes tenen cura d\u2019aquestes plantes de manera setmanal i han realitzat uns cartells informatius per cadascuna d\u2019elles on s\u2019hi poden veure els seus nom com\u00fa i cient\u00edfic i la quantitat de llum i d\u2019aigua que necessiten.<\/span><br \/>\n<table class=\" aligncenter\" style=\"height: 137px; border-style: solid; width: 689px; border-color: #fff;\" width=\"689\">\n<tbody>\n<tr>\n<td style=\"width: 225.333px; border-style: solid; border-color: #ffffff;\"><img loading=\"lazy\" decoding=\"async\" class=\"aligncenter size-full wp-image-2316\" src=\"https:\/\/agora.xtec.cat\/ies-olivar-gran\/wp-content\/uploads\/usu2116\/2020\/06\/foto-4-2.png\" alt=\"\" width=\"150\" height=\"244\" \/><\/td>\n<td style=\"width: 226.667px; border-style: solid; border-color: #ffffff;\"><img loading=\"lazy\" decoding=\"async\" class=\"aligncenter size-full wp-image-2317\" src=\"https:\/\/agora.xtec.cat\/ies-olivar-gran\/wp-content\/uploads\/usu2116\/2020\/06\/foto-5-1.png\" alt=\"\" width=\"244\" height=\"137\" \/><\/td>\n<td style=\"width: 227.333px; border-style: solid; border-color: #fff;\"><img loading=\"lazy\" decoding=\"async\" class=\"aligncenter wp-image-2318\" src=\"https:\/\/agora.xtec.cat\/ies-olivar-gran\/wp-content\/uploads\/usu2116\/2020\/06\/foto-6-1.png\" alt=\"\" width=\"138\" height=\"244\" \/><\/td>\n<\/tr>\n<\/tbody>\n<\/table>\n<\/li>\n<\/ul>\n<\/li>\n<\/ul>\n<p>&nbsp;<\/p>\n<p>&nbsp;<\/p>\n<p>&nbsp;<\/p>\n<ul>\n<li style=\"list-style-type: none;\">\n<ul style=\"list-style-type: circle;\">\n<li style=\"text-align: justify;\"><span style=\"color: #000000;\"><strong>Disseny i realitzaci\u00f3 de cartells motivadors<\/strong> per tal que els alumnes del centre llencin les deixalles als contenidors corresponents mitjan\u00e7ant el programa de disseny CANVA.<\/span><br \/>\n<table class=\" aligncenter\" style=\"height: 150px; border-style: solid; width: 662px; border-color: #fff;\" width=\"662\">\n<tbody>\n<tr>\n<td style=\"width: 217.333px; border-style: solid; border-color: #ffffff;\"><img loading=\"lazy\" decoding=\"async\" class=\"aligncenter size-full wp-image-2319\" src=\"https:\/\/agora.xtec.cat\/ies-olivar-gran\/wp-content\/uploads\/usu2116\/2020\/06\/foto-7.png\" alt=\"\" width=\"157\" height=\"229\" \/><\/td>\n<td style=\"width: 217.333px; border-style: solid; border-color: #ffffff;\"><img loading=\"lazy\" decoding=\"async\" class=\"aligncenter size-full wp-image-2320\" src=\"https:\/\/agora.xtec.cat\/ies-olivar-gran\/wp-content\/uploads\/usu2116\/2020\/06\/foto-8.png\" alt=\"\" width=\"161\" height=\"228\" \/><\/td>\n<td style=\"width: 218px; border-style: solid; border-color: #ffffff;\"><img loading=\"lazy\" decoding=\"async\" class=\"aligncenter size-full wp-image-2321\" src=\"https:\/\/agora.xtec.cat\/ies-olivar-gran\/wp-content\/uploads\/usu2116\/2020\/06\/foto-9.png\" alt=\"\" width=\"159\" height=\"226\" \/><\/td>\n<\/tr>\n<\/tbody>\n<\/table>\n<\/li>\n<\/ul>\n<\/li>\n<\/ul>\n<p>&nbsp;<\/p>\n<p>&nbsp;<\/p>\n<p>&nbsp;<\/p>\n<ul>\n<li style=\"list-style-type: none;\">\n<ul>\n<li style=\"list-style-type: none;\">\n<ul style=\"list-style-type: circle;\">\n<li style=\"text-align: justify;\"><span style=\"color: #000000;\"><strong>Venda, a preu de cost, de Boc and rolls<\/strong> amb l\u2019objectiu de disminuir la quantitat de paper d\u2019alumini que usa l\u2019alumnat a l\u2019hora del pati.<\/span><br \/>\n<table class=\" aligncenter\" style=\"height: 122px; border-style: solid; width: 584px; border-color: #fff;\" width=\"584\">\n<tbody>\n<tr>\n<td style=\"width: 578.667px; border-style: solid; border-color: #fff;\"><img loading=\"lazy\" decoding=\"async\" class=\"aligncenter size-full wp-image-2324\" src=\"https:\/\/agora.xtec.cat\/ies-olivar-gran\/wp-content\/uploads\/usu2116\/2020\/06\/foto-11.png\" alt=\"\" width=\"193\" height=\"232\" \/><\/td>\n<\/tr>\n<\/tbody>\n<\/table>\n<\/li>\n<\/ul>\n<\/li>\n<\/ul>\n<\/li>\n<\/ul>\n<p>&nbsp;<\/p>\n","protected":false},"excerpt":{"rendered":"<p>SOM INSTITUT VERD Documentaci\u00f3 important: Normativa Escoles Verdes Indicacions de sostenibilitat Ja fa molts anys que l&#8217;institut Olivar Gran de Figueres forma part de la Xarxa d\u2019Escoles Verdes. Aquesta xarxa sorgeix com un comprom\u00eds per donar suport a tots els centres educatius de Catalunya que volen innovar, incloure, avan\u00e7ar, sistematitzar i organitzar accions educatives que [&hellip;]<\/p>\n","protected":false},"author":1,"featured_media":0,"parent":494,"menu_order":4,"comment_status":"closed","ping_status":"closed","template":"page-templates\/side-menu.php","meta":{"_bbp_topic_count":0,"_bbp_reply_count":0,"_bbp_total_topic_count":0,"_bbp_total_reply_count":0,"_bbp_voice_count":0,"_bbp_anonymous_reply_count":0,"_bbp_topic_count_hidden":0,"_bbp_reply_count_hidden":0,"_bbp_forum_subforum_count":0,"site-sidebar-layout":"default","site-content-layout":"","ast-site-content-layout":"","site-content-style":"default","site-sidebar-style":"default","ast-global-header-display":"","ast-banner-title-visibility":"","ast-main-header-display":"","ast-hfb-above-header-display":"","ast-hfb-below-header-display":"","ast-hfb-mobile-header-display":"","site-post-title":"","ast-breadcrumbs-content":"","ast-featured-img":"","footer-sml-layout":"","theme-transparent-header-meta":"","adv-header-id-meta":"","stick-header-meta":"","header-above-stick-meta":"","header-main-stick-meta":"","header-below-stick-meta":"","astra-migrate-meta-layouts":"default","ast-page-background-enabled":"default","ast-page-background-meta":{"desktop":{"background-color":"var(--ast-global-color-4)","background-image":"","background-repeat":"repeat","background-position":"center center","background-size":"auto","background-attachment":"scroll","background-type":"","background-media":"","overlay-type":"","overlay-color":"","overlay-opacity":"","overlay-gradient":""},"tablet":{"background-color":"","background-image":"","background-repeat":"repeat","background-position":"center center","background-size":"auto","background-attachment":"scroll","background-type":"","background-media":"","overlay-type":"","overlay-color":"","overlay-opacity":"","overlay-gradient":""},"mobile":{"background-color":"","background-image":"","background-repeat":"repeat","background-position":"center center","background-size":"auto","background-attachment":"scroll","background-type":"","background-media":"","overlay-type":"","overlay-color":"","overlay-opacity":"","overlay-gradient":""}},"ast-content-background-meta":{"desktop":{"background-color":"var(--ast-global-color-5)","background-image":"","background-repeat":"repeat","background-position":"center center","background-size":"auto","background-attachment":"scroll","background-type":"","background-media":"","overlay-type":"","overlay-color":"","overlay-opacity":"","overlay-gradient":""},"tablet":{"background-color":"var(--ast-global-color-5)","background-image":"","background-repeat":"repeat","background-position":"center center","background-size":"auto","background-attachment":"scroll","background-type":"","background-media":"","overlay-type":"","overlay-color":"","overlay-opacity":"","overlay-gradient":""},"mobile":{"background-color":"var(--ast-global-color-5)","background-image":"","background-repeat":"repeat","background-position":"center center","background-size":"auto","background-attachment":"scroll","background-type":"","background-media":"","overlay-type":"","overlay-color":"","overlay-opacity":"","overlay-gradient":""}},"footnotes":""},"class_list":["post-1492","page","type-page","status-publish","hentry"],"post_mailing_queue_ids":[],"_links":{"self":[{"href":"https:\/\/agora.xtec.cat\/ies-olivar-gran\/wp-json\/wp\/v2\/pages\/1492","targetHints":{"allow":["GET"]}}],"collection":[{"href":"https:\/\/agora.xtec.cat\/ies-olivar-gran\/wp-json\/wp\/v2\/pages"}],"about":[{"href":"https:\/\/agora.xtec.cat\/ies-olivar-gran\/wp-json\/wp\/v2\/types\/page"}],"author":[{"embeddable":true,"href":"https:\/\/agora.xtec.cat\/ies-olivar-gran\/wp-json\/wp\/v2\/users\/1"}],"replies":[{"embeddable":true,"href":"https:\/\/agora.xtec.cat\/ies-olivar-gran\/wp-json\/wp\/v2\/comments?post=1492"}],"version-history":[{"count":4,"href":"https:\/\/agora.xtec.cat\/ies-olivar-gran\/wp-json\/wp\/v2\/pages\/1492\/revisions"}],"predecessor-version":[{"id":6535,"href":"https:\/\/agora.xtec.cat\/ies-olivar-gran\/wp-json\/wp\/v2\/pages\/1492\/revisions\/6535"}],"up":[{"embeddable":true,"href":"https:\/\/agora.xtec.cat\/ies-olivar-gran\/wp-json\/wp\/v2\/pages\/494"}],"wp:attachment":[{"href":"https:\/\/agora.xtec.cat\/ies-olivar-gran\/wp-json\/wp\/v2\/media?parent=1492"}],"curies":[{"name":"wp","href":"https:\/\/api.w.org\/{rel}","templated":true}]}}