{"id":1486,"date":"2020-06-10T02:03:36","date_gmt":"2020-06-10T00:03:36","guid":{"rendered":"https:\/\/agora.xtec.cat\/ies-olivar-gran\/?page_id=1486"},"modified":"2020-06-12T17:50:27","modified_gmt":"2020-06-12T15:50:27","slug":"projecte-salut-i-escola","status":"publish","type":"page","link":"https:\/\/agora.xtec.cat\/ies-olivar-gran\/projectes\/projecte-salut-i-escola\/","title":{"rendered":"Projecte Salut i Escola"},"content":{"rendered":"<h3><span style=\"color: #000000;\"><strong><u>PROJECTE SALUT I ESCOLA<\/u><\/strong><\/span><\/h3>\n<p style=\"text-align: justify;\"><span style=\"color: #000000;\"><img loading=\"lazy\" decoding=\"async\" class=\"alignright size-full wp-image-1792\" src=\"https:\/\/agora.xtec.cat\/ies-olivar-gran\/wp-content\/uploads\/usu2116\/2020\/06\/salut-i-escola.jpg\" alt=\"\" width=\"270\" height=\"164\" \/>L&#8217;objectiu del programa Salut i Escola (PSiE) \u00e9s millorar la salut dels adolescents mitjan\u00e7ant accions de promoci\u00f3 de la salut, de prevenci\u00f3 de les situacions de risc i d&#8217;atenci\u00f3 preco\u00e7 per als problemes relacionats amb la salut mental, la salut afectiva i sexual, el consum de drogues, alcohol i tabac.\u00a0<\/span><\/p>\n<p style=\"text-align: justify;\"><span style=\"color: #000000;\">Com sabeu, durant el curs, una vegada a la setmana venia una infermera el CAP per atendre els alumnes de forma confidencial. A causa de la situaci\u00f3 excepcional que ens ha tocat viure com a societat i at\u00e8s que en els darrers mesos la infermera no ha pogut atendre a ning\u00fa, s&#8217;ha creat un correu <span id=\"correuEnc_7efc0b06ff8190ab77082\"><a>salutiescola<span class=\"atwho-query\">@olivargran.<\/span>cat<\/a><\/span> per tal que tot l&#8217;alumnat que ho requereixi, pugui fer-li arribar les seves consultes.\u00a0<\/span><\/p>\n<p>&nbsp;<\/p>\n","protected":false},"excerpt":{"rendered":"<p>PROJECTE SALUT I ESCOLA L&#8217;objectiu del programa Salut i Escola (PSiE) \u00e9s millorar la salut dels adolescents mitjan\u00e7ant accions de promoci\u00f3 de la salut, de prevenci\u00f3 de les situacions de risc i d&#8217;atenci\u00f3 preco\u00e7 per als problemes relacionats amb la salut mental, la salut afectiva i sexual, el consum de drogues, alcohol i tabac.\u00a0 Com [&hellip;]<\/p>\n","protected":false},"author":1,"featured_media":0,"parent":494,"menu_order":1,"comment_status":"closed","ping_status":"closed","template":"page-templates\/side-menu.php","meta":{"_bbp_topic_count":0,"_bbp_reply_count":0,"_bbp_total_topic_count":0,"_bbp_total_reply_count":0,"_bbp_voice_count":0,"_bbp_anonymous_reply_count":0,"_bbp_topic_count_hidden":0,"_bbp_reply_count_hidden":0,"_bbp_forum_subforum_count":0,"site-sidebar-layout":"default","site-content-layout":"","ast-site-content-layout":"","site-content-style":"default","site-sidebar-style":"default","ast-global-header-display":"","ast-banner-title-visibility":"","ast-main-header-display":"","ast-hfb-above-header-display":"","ast-hfb-below-header-display":"","ast-hfb-mobile-header-display":"","site-post-title":"","ast-breadcrumbs-content":"","ast-featured-img":"","footer-sml-layout":"","theme-transparent-header-meta":"","adv-header-id-meta":"","stick-header-meta":"","header-above-stick-meta":"","header-main-stick-meta":"","header-below-stick-meta":"","astra-migrate-meta-layouts":"default","ast-page-background-enabled":"default","ast-page-background-meta":{"desktop":{"background-color":"var(--ast-global-color-4)","background-image":"","background-repeat":"repeat","background-position":"center center","background-size":"auto","background-attachment":"scroll","background-type":"","background-media":"","overlay-type":"","overlay-color":"","overlay-opacity":"","overlay-gradient":""},"tablet":{"background-color":"","background-image":"","background-repeat":"repeat","background-position":"center center","background-size":"auto","background-attachment":"scroll","background-type":"","background-media":"","overlay-type":"","overlay-color":"","overlay-opacity":"","overlay-gradient":""},"mobile":{"background-color":"","background-image":"","background-repeat":"repeat","background-position":"center center","background-size":"auto","background-attachment":"scroll","background-type":"","background-media":"","overlay-type":"","overlay-color":"","overlay-opacity":"","overlay-gradient":""}},"ast-content-background-meta":{"desktop":{"background-color":"var(--ast-global-color-5)","background-image":"","background-repeat":"repeat","background-position":"center center","background-size":"auto","background-attachment":"scroll","background-type":"","background-media":"","overlay-type":"","overlay-color":"","overlay-opacity":"","overlay-gradient":""},"tablet":{"background-color":"var(--ast-global-color-5)","background-image":"","background-repeat":"repeat","background-position":"center center","background-size":"auto","background-attachment":"scroll","background-type":"","background-media":"","overlay-type":"","overlay-color":"","overlay-opacity":"","overlay-gradient":""},"mobile":{"background-color":"var(--ast-global-color-5)","background-image":"","background-repeat":"repeat","background-position":"center center","background-size":"auto","background-attachment":"scroll","background-type":"","background-media":"","overlay-type":"","overlay-color":"","overlay-opacity":"","overlay-gradient":""}},"footnotes":""},"class_list":["post-1486","page","type-page","status-publish","hentry"],"post_mailing_queue_ids":[],"_links":{"self":[{"href":"https:\/\/agora.xtec.cat\/ies-olivar-gran\/wp-json\/wp\/v2\/pages\/1486","targetHints":{"allow":["GET"]}}],"collection":[{"href":"https:\/\/agora.xtec.cat\/ies-olivar-gran\/wp-json\/wp\/v2\/pages"}],"about":[{"href":"https:\/\/agora.xtec.cat\/ies-olivar-gran\/wp-json\/wp\/v2\/types\/page"}],"author":[{"embeddable":true,"href":"https:\/\/agora.xtec.cat\/ies-olivar-gran\/wp-json\/wp\/v2\/users\/1"}],"replies":[{"embeddable":true,"href":"https:\/\/agora.xtec.cat\/ies-olivar-gran\/wp-json\/wp\/v2\/comments?post=1486"}],"version-history":[{"count":4,"href":"https:\/\/agora.xtec.cat\/ies-olivar-gran\/wp-json\/wp\/v2\/pages\/1486\/revisions"}],"predecessor-version":[{"id":1803,"href":"https:\/\/agora.xtec.cat\/ies-olivar-gran\/wp-json\/wp\/v2\/pages\/1486\/revisions\/1803"}],"up":[{"embeddable":true,"href":"https:\/\/agora.xtec.cat\/ies-olivar-gran\/wp-json\/wp\/v2\/pages\/494"}],"wp:attachment":[{"href":"https:\/\/agora.xtec.cat\/ies-olivar-gran\/wp-json\/wp\/v2\/media?parent=1486"}],"curies":[{"name":"wp","href":"https:\/\/api.w.org\/{rel}","templated":true}]}}