{"id":14804,"date":"2026-03-21T07:26:33","date_gmt":"2026-03-21T06:26:33","guid":{"rendered":"https:\/\/agora.xtec.cat\/ies-olivar-gran\/?page_id=14804"},"modified":"2026-03-21T07:40:42","modified_gmt":"2026-03-21T06:40:42","slug":"punt-dinformacio-i-orientacio-pio-del-servei-dacreditacio-de-competencies-professionals","status":"publish","type":"page","link":"https:\/\/agora.xtec.cat\/ies-olivar-gran\/estudis\/cicles-formatius\/punt-dinformacio-i-orientacio-pio-del-servei-dacreditacio-de-competencies-professionals\/","title":{"rendered":"Punt d\u2019Informaci\u00f3 i Orientaci\u00f3 (PIO) del servei d\u2019acreditaci\u00f3 de compet\u00e8ncies professionals"},"content":{"rendered":"\n<p>Si tens experi\u00e8ncia laboral i\/o formaci\u00f3 sense titulaci\u00f3 oficial, l\u2019acreditaci\u00f3 de compet\u00e8ncies \u00e9s una excel\u00b7lent manera d\u2019obtenir reconeixement per tot all\u00f2 que has apr\u00e8s. Aquest procediment et permet demostrar els coneixements i les habilitats adquirides al llarg de la teva traject\u00f2ria professional i obtenir una acreditaci\u00f3 oficial.<\/p>\n\n\n\n<p>La inscripci\u00f3 \u00e9s gratu\u00efta i est\u00e0 oberta durant tot l\u2019any.<\/p>\n\n\n\n<p>Pots consultar tota la informaci\u00f3 sobre el procediment d\u2019acreditaci\u00f3 de compet\u00e8ncies al portal \u201c<a href=\"https:\/\/fp.gencat.cat\/ca\/acreditacio\/em-vull-acreditar\/index.html\">Em vull acreditar<\/a>\u201d de l\u2019<em>Ag\u00e8ncia P\u00fablica de Formaci\u00f3 i Qualificaci\u00f3 Professionals de Catalunya<\/em>.<\/p>\n\n\n\n<p>Qu\u00e8 t\u2019oferim<\/p>\n\n\n\n<p>Com a Punt d\u2019Informaci\u00f3 i Orientaci\u00f3 (PIO) del Servei d\u2019Acreditaci\u00f3 de Compet\u00e8ncies Professionals, et proporcionem:<\/p>\n\n\n\n<ul class=\"wp-block-list\">\n<li>Una explicaci\u00f3 detallada dels requisits i de les fases del proc\u00e9s<\/li>\n\n\n\n<li>Acompanyament i suport en la inscripci\u00f3 telem\u00e0tica<\/li>\n<\/ul>\n\n\n\n<p>Horari d\u2019atenci\u00f3<\/p>\n\n\n\n<p>L\u2019horari d\u2019atenci\u00f3 \u00e9s de dilluns a divendres, de 9.00 a 13.00 h, entre els mesos de setembre i juliol de cada per\u00edode acad\u00e8mic.<\/p>\n\n\n\n<p><strong>Com contactar<\/strong><\/p>\n\n\n\n<p>Pots posar-te en contacte amb nosaltres a trav\u00e9s de:<\/p>\n\n\n\n<p>&#8211; Correu electr\u00f2nic: <a href=\"mailto:ramon.ferrer@xtec.cat\">ramon.ferrer@xtec.cat<\/a> \/ <a href=\"mailto:gerard.holgueras@xtec.cat\">gerard.holgueras@xtec.cat<\/a><\/p>\n\n\n\n<p>&#8211; Tel\u00e8fon: 972 905 997<\/p>\n\n\n\n<p><a href=\"https:\/\/fp.gencat.cat\/ca\/acreditacio\/em-vull-acreditar\/index.html\">M\u00e9s informaci\u00f3<\/a><\/p>\n\n\n\n<figure class=\"wp-block-image aligncenter size-large\"><a href=\"https:\/\/agora.xtec.cat\/ies-olivar-gran\/wp-content\/uploads\/usu2116\/2026\/03\/Banner-Acreditacio-1200x200-1.png\"><img loading=\"lazy\" decoding=\"async\" width=\"1024\" height=\"113\" src=\"https:\/\/agora.xtec.cat\/ies-olivar-gran\/wp-content\/uploads\/usu2116\/2026\/03\/Banner-Acreditacio-1200x200-1-1024x113.png\" alt=\"\" class=\"wp-image-14800\" srcset=\"https:\/\/agora.xtec.cat\/ies-olivar-gran\/wp-content\/uploads\/usu2116\/2026\/03\/Banner-Acreditacio-1200x200-1-1024x113.png 1024w, https:\/\/agora.xtec.cat\/ies-olivar-gran\/wp-content\/uploads\/usu2116\/2026\/03\/Banner-Acreditacio-1200x200-1-300x33.png 300w, https:\/\/agora.xtec.cat\/ies-olivar-gran\/wp-content\/uploads\/usu2116\/2026\/03\/Banner-Acreditacio-1200x200-1-768x85.png 768w, https:\/\/agora.xtec.cat\/ies-olivar-gran\/wp-content\/uploads\/usu2116\/2026\/03\/Banner-Acreditacio-1200x200-1-1536x170.png 1536w, https:\/\/agora.xtec.cat\/ies-olivar-gran\/wp-content\/uploads\/usu2116\/2026\/03\/Banner-Acreditacio-1200x200-1.png 1821w\" sizes=\"auto, (max-width: 1024px) 100vw, 1024px\" \/><\/a><\/figure>\n\n\n\n<div class=\"wp-block-columns is-layout-flex wp-container-core-columns-is-layout-1 wp-block-columns-is-layout-flex\">\n<div class=\"wp-block-column is-layout-flow wp-block-column-is-layout-flow\">\n<figure class=\"wp-block-image size-full\"><a href=\"https:\/\/agora.xtec.cat\/ies-olivar-gran\/wp-content\/uploads\/usu2116\/2026\/03\/Banner-Acreditacio-775x450-1.png\"><img loading=\"lazy\" decoding=\"async\" width=\"776\" height=\"451\" src=\"https:\/\/agora.xtec.cat\/ies-olivar-gran\/wp-content\/uploads\/usu2116\/2026\/03\/Banner-Acreditacio-775x450-1.png\" alt=\"\" class=\"wp-image-14798\" srcset=\"https:\/\/agora.xtec.cat\/ies-olivar-gran\/wp-content\/uploads\/usu2116\/2026\/03\/Banner-Acreditacio-775x450-1.png 776w, https:\/\/agora.xtec.cat\/ies-olivar-gran\/wp-content\/uploads\/usu2116\/2026\/03\/Banner-Acreditacio-775x450-1-300x174.png 300w, https:\/\/agora.xtec.cat\/ies-olivar-gran\/wp-content\/uploads\/usu2116\/2026\/03\/Banner-Acreditacio-775x450-1-768x446.png 768w\" sizes=\"auto, (max-width: 776px) 100vw, 776px\" \/><\/a><\/figure>\n<\/div>\n\n\n\n<div class=\"wp-block-column is-layout-flow wp-block-column-is-layout-flow\">\n<figure class=\"wp-block-image size-full\"><a href=\"https:\/\/agora.xtec.cat\/ies-olivar-gran\/wp-content\/uploads\/usu2116\/2026\/03\/Banner-Acreditacio-775x450-t.png\"><img loading=\"lazy\" decoding=\"async\" width=\"776\" height=\"451\" src=\"https:\/\/agora.xtec.cat\/ies-olivar-gran\/wp-content\/uploads\/usu2116\/2026\/03\/Banner-Acreditacio-775x450-t.png\" alt=\"\" class=\"wp-image-14797\" srcset=\"https:\/\/agora.xtec.cat\/ies-olivar-gran\/wp-content\/uploads\/usu2116\/2026\/03\/Banner-Acreditacio-775x450-t.png 776w, https:\/\/agora.xtec.cat\/ies-olivar-gran\/wp-content\/uploads\/usu2116\/2026\/03\/Banner-Acreditacio-775x450-t-300x174.png 300w, https:\/\/agora.xtec.cat\/ies-olivar-gran\/wp-content\/uploads\/usu2116\/2026\/03\/Banner-Acreditacio-775x450-t-768x446.png 768w\" sizes=\"auto, (max-width: 776px) 100vw, 776px\" \/><\/a><\/figure>\n<\/div>\n<\/div>\n\n\n\n<div class=\"wp-block-columns is-layout-flex wp-container-core-columns-is-layout-2 wp-block-columns-is-layout-flex\">\n<div class=\"wp-block-column is-layout-flow wp-block-column-is-layout-flow\">\n<figure class=\"wp-block-image size-full\"><a href=\"https:\/\/agora.xtec.cat\/ies-olivar-gran\/wp-content\/uploads\/usu2116\/2026\/03\/topo-Si-ets-professional-fes-ho-oficial-verd-400x400-1.png\"><img loading=\"lazy\" decoding=\"async\" width=\"401\" height=\"401\" src=\"https:\/\/agora.xtec.cat\/ies-olivar-gran\/wp-content\/uploads\/usu2116\/2026\/03\/topo-Si-ets-professional-fes-ho-oficial-verd-400x400-1.png\" alt=\"\" class=\"wp-image-14802\" srcset=\"https:\/\/agora.xtec.cat\/ies-olivar-gran\/wp-content\/uploads\/usu2116\/2026\/03\/topo-Si-ets-professional-fes-ho-oficial-verd-400x400-1.png 401w, https:\/\/agora.xtec.cat\/ies-olivar-gran\/wp-content\/uploads\/usu2116\/2026\/03\/topo-Si-ets-professional-fes-ho-oficial-verd-400x400-1-300x300.png 300w, https:\/\/agora.xtec.cat\/ies-olivar-gran\/wp-content\/uploads\/usu2116\/2026\/03\/topo-Si-ets-professional-fes-ho-oficial-verd-400x400-1-150x150.png 150w\" sizes=\"auto, (max-width: 401px) 100vw, 401px\" \/><\/a><\/figure>\n<\/div>\n\n\n\n<div class=\"wp-block-column is-layout-flow wp-block-column-is-layout-flow\">\n<figure class=\"wp-block-image size-full\"><a href=\"https:\/\/agora.xtec.cat\/ies-olivar-gran\/wp-content\/uploads\/usu2116\/2026\/03\/Banner-Acreditacio-800x600-1.png\"><img loading=\"lazy\" decoding=\"async\" width=\"601\" height=\"801\" src=\"https:\/\/agora.xtec.cat\/ies-olivar-gran\/wp-content\/uploads\/usu2116\/2026\/03\/Banner-Acreditacio-800x600-1.png\" alt=\"\" class=\"wp-image-14799\" srcset=\"https:\/\/agora.xtec.cat\/ies-olivar-gran\/wp-content\/uploads\/usu2116\/2026\/03\/Banner-Acreditacio-800x600-1.png 601w, https:\/\/agora.xtec.cat\/ies-olivar-gran\/wp-content\/uploads\/usu2116\/2026\/03\/Banner-Acreditacio-800x600-1-225x300.png 225w\" sizes=\"auto, (max-width: 601px) 100vw, 601px\" \/><\/a><\/figure>\n<\/div>\n\n\n\n<div class=\"wp-block-column is-layout-flow wp-block-column-is-layout-flow\">\n<figure class=\"wp-block-image size-full\"><a href=\"https:\/\/agora.xtec.cat\/ies-olivar-gran\/wp-content\/uploads\/usu2116\/2026\/03\/Topo-Si-ets-professional-fes-ho-oficial-groc-400x400-1.png\"><img loading=\"lazy\" decoding=\"async\" width=\"401\" height=\"401\" src=\"https:\/\/agora.xtec.cat\/ies-olivar-gran\/wp-content\/uploads\/usu2116\/2026\/03\/Topo-Si-ets-professional-fes-ho-oficial-groc-400x400-1.png\" alt=\"\" class=\"wp-image-14801\" srcset=\"https:\/\/agora.xtec.cat\/ies-olivar-gran\/wp-content\/uploads\/usu2116\/2026\/03\/Topo-Si-ets-professional-fes-ho-oficial-groc-400x400-1.png 401w, https:\/\/agora.xtec.cat\/ies-olivar-gran\/wp-content\/uploads\/usu2116\/2026\/03\/Topo-Si-ets-professional-fes-ho-oficial-groc-400x400-1-300x300.png 300w, https:\/\/agora.xtec.cat\/ies-olivar-gran\/wp-content\/uploads\/usu2116\/2026\/03\/Topo-Si-ets-professional-fes-ho-oficial-groc-400x400-1-150x150.png 150w\" sizes=\"auto, (max-width: 401px) 100vw, 401px\" \/><\/a><\/figure>\n<\/div>\n<\/div>\n","protected":false},"excerpt":{"rendered":"<p>Si tens experi\u00e8ncia laboral i\/o formaci\u00f3 sense titulaci\u00f3 oficial, l\u2019acreditaci\u00f3 de compet\u00e8ncies \u00e9s una excel\u00b7lent manera d\u2019obtenir reconeixement per tot all\u00f2 que has apr\u00e8s. Aquest procediment et permet demostrar els coneixements i les habilitats adquirides al llarg de la teva traject\u00f2ria professional i obtenir una acreditaci\u00f3 oficial. La inscripci\u00f3 \u00e9s gratu\u00efta i est\u00e0 oberta durant [&hellip;]<\/p>\n","protected":false},"author":1,"featured_media":0,"parent":2065,"menu_order":15,"comment_status":"closed","ping_status":"close","template":"","meta":{"_bbp_topic_count":0,"_bbp_reply_count":0,"_bbp_total_topic_count":0,"_bbp_total_reply_count":0,"_bbp_voice_count":0,"_bbp_anonymous_reply_count":0,"_bbp_topic_count_hidden":0,"_bbp_reply_count_hidden":0,"_bbp_forum_subforum_count":0,"site-sidebar-layout":"left-sidebar","site-content-layout":"","ast-site-content-layout":"default","site-content-style":"default","site-sidebar-style":"default","ast-global-header-display":"","ast-banner-title-visibility":"","ast-main-header-display":"","ast-hfb-above-header-display":"","ast-hfb-below-header-display":"","ast-hfb-mobile-header-display":"","site-post-title":"","ast-breadcrumbs-content":"","ast-featured-img":"","footer-sml-layout":"","theme-transparent-header-meta":"","adv-header-id-meta":"","stick-header-meta":"","header-above-stick-meta":"","header-main-stick-meta":"","header-below-stick-meta":"","astra-migrate-meta-layouts":"set","ast-page-background-enabled":"default","ast-page-background-meta":{"desktop":{"background-color":"var(--ast-global-color-4)","background-image":"","background-repeat":"repeat","background-position":"center center","background-size":"auto","background-attachment":"scroll","background-type":"","background-media":"","overlay-type":"","overlay-color":"","overlay-opacity":"","overlay-gradient":""},"tablet":{"background-color":"","background-image":"","background-repeat":"repeat","background-position":"center center","background-size":"auto","background-attachment":"scroll","background-type":"","background-media":"","overlay-type":"","overlay-color":"","overlay-opacity":"","overlay-gradient":""},"mobile":{"background-color":"","background-image":"","background-repeat":"repeat","background-position":"center center","background-size":"auto","background-attachment":"scroll","background-type":"","background-media":"","overlay-type":"","overlay-color":"","overlay-opacity":"","overlay-gradient":""}},"ast-content-background-meta":{"desktop":{"background-color":"var(--ast-global-color-5)","background-image":"","background-repeat":"repeat","background-position":"center center","background-size":"auto","background-attachment":"scroll","background-type":"","background-media":"","overlay-type":"","overlay-color":"","overlay-opacity":"","overlay-gradient":""},"tablet":{"background-color":"var(--ast-global-color-5)","background-image":"","background-repeat":"repeat","background-position":"center center","background-size":"auto","background-attachment":"scroll","background-type":"","background-media":"","overlay-type":"","overlay-color":"","overlay-opacity":"","overlay-gradient":""},"mobile":{"background-color":"var(--ast-global-color-5)","background-image":"","background-repeat":"repeat","background-position":"center center","background-size":"auto","background-attachment":"scroll","background-type":"","background-media":"","overlay-type":"","overlay-color":"","overlay-opacity":"","overlay-gradient":""}},"footnotes":""},"class_list":["post-14804","page","type-page","status-publish","hentry"],"post_mailing_queue_ids":[],"_links":{"self":[{"href":"https:\/\/agora.xtec.cat\/ies-olivar-gran\/wp-json\/wp\/v2\/pages\/14804","targetHints":{"allow":["GET"]}}],"collection":[{"href":"https:\/\/agora.xtec.cat\/ies-olivar-gran\/wp-json\/wp\/v2\/pages"}],"about":[{"href":"https:\/\/agora.xtec.cat\/ies-olivar-gran\/wp-json\/wp\/v2\/types\/page"}],"author":[{"embeddable":true,"href":"https:\/\/agora.xtec.cat\/ies-olivar-gran\/wp-json\/wp\/v2\/users\/1"}],"replies":[{"embeddable":true,"href":"https:\/\/agora.xtec.cat\/ies-olivar-gran\/wp-json\/wp\/v2\/comments?post=14804"}],"version-history":[{"count":3,"href":"https:\/\/agora.xtec.cat\/ies-olivar-gran\/wp-json\/wp\/v2\/pages\/14804\/revisions"}],"predecessor-version":[{"id":14810,"href":"https:\/\/agora.xtec.cat\/ies-olivar-gran\/wp-json\/wp\/v2\/pages\/14804\/revisions\/14810"}],"up":[{"embeddable":true,"href":"https:\/\/agora.xtec.cat\/ies-olivar-gran\/wp-json\/wp\/v2\/pages\/2065"}],"wp:attachment":[{"href":"https:\/\/agora.xtec.cat\/ies-olivar-gran\/wp-json\/wp\/v2\/media?parent=14804"}],"curies":[{"name":"wp","href":"https:\/\/api.w.org\/{rel}","templated":true}]}}