{"id":1475,"date":"2020-06-10T01:49:35","date_gmt":"2020-06-09T23:49:35","guid":{"rendered":"https:\/\/agora.xtec.cat\/ies-olivar-gran\/?page_id=1475"},"modified":"2020-06-10T01:50:48","modified_gmt":"2020-06-09T23:50:48","slug":"etwinning","status":"publish","type":"page","link":"https:\/\/agora.xtec.cat\/ies-olivar-gran\/og-internacional\/cicles\/etwinning\/","title":{"rendered":"eTwinning"},"content":{"rendered":"<h3><span style=\"color: #000000;\"><strong>eTWINNING:<\/strong><\/span><\/h3>\n<p dir=\"ltr\" style=\"text-align: justify;\">eTwinning \u00e9s una plataforma que ofereix als equips educatius dels pa\u00efsos europeus la possibilitat de comunicar-se, col\u00b7laborar i compartir interactuant amb alumnes i professors.<\/p>\n<p dir=\"ltr\" style=\"text-align: justify;\">Est\u00e0 cofinan\u00e7at per <a href=\"http:\/\/www.erasmusplus.gob.es\/\">Erasmus +<\/a>.<\/p>\n<p dir=\"ltr\" style=\"text-align: justify;\">Durant el curs 2018\/2019 els alumnes de CFGM de Fleca, pastisseria i confiteria van participar en un projecte on line amb un centre franc\u00e8s i un d\u2019itali\u00e0. Es van treballar conceptes relatius al m\u00f2dul d\u2019empresa\u00a0 i al de franc\u00e8s ja que era la llengua vehicular del projecte.<\/p>\n<p dir=\"ltr\" style=\"text-align: justify;\">Aquest curs 2019\/2020 s\u2019est\u00e0 portant a terme un altre en col\u00b7laboraci\u00f3 amb B\u00e8lgica i It\u00e0lia. Es realitza al m\u00f2dul de franc\u00e8s i es treballen conceptes de nutrici\u00f3 i cultura gastron\u00f2mica.<\/p>\n<p dir=\"ltr\"><img loading=\"lazy\" decoding=\"async\" class=\"size-full wp-image-1439 aligncenter\" src=\"https:\/\/agora.xtec.cat\/ies-olivar-gran\/wp-content\/uploads\/usu2116\/2020\/06\/erasmus.jpg\" alt=\"\" width=\"800\" height=\"265\" srcset=\"https:\/\/agora.xtec.cat\/ies-olivar-gran\/wp-content\/uploads\/usu2116\/2020\/06\/erasmus.jpg 800w, https:\/\/agora.xtec.cat\/ies-olivar-gran\/wp-content\/uploads\/usu2116\/2020\/06\/erasmus-300x99.jpg 300w, https:\/\/agora.xtec.cat\/ies-olivar-gran\/wp-content\/uploads\/usu2116\/2020\/06\/erasmus-768x254.jpg 768w\" sizes=\"auto, (max-width: 800px) 100vw, 800px\" \/><\/p>\n<p dir=\"ltr\">\n","protected":false},"excerpt":{"rendered":"<p>eTWINNING: eTwinning \u00e9s una plataforma que ofereix als equips educatius dels pa\u00efsos europeus la possibilitat de comunicar-se, col\u00b7laborar i compartir interactuant amb alumnes i professors. Est\u00e0 cofinan\u00e7at per Erasmus +. Durant el curs 2018\/2019 els alumnes de CFGM de Fleca, pastisseria i confiteria van participar en un projecte on line amb un centre franc\u00e8s i [&hellip;]<\/p>\n","protected":false},"author":1,"featured_media":0,"parent":1383,"menu_order":4,"comment_status":"closed","ping_status":"closed","template":"page-templates\/side-menu.php","meta":{"_bbp_topic_count":0,"_bbp_reply_count":0,"_bbp_total_topic_count":0,"_bbp_total_reply_count":0,"_bbp_voice_count":0,"_bbp_anonymous_reply_count":0,"_bbp_topic_count_hidden":0,"_bbp_reply_count_hidden":0,"_bbp_forum_subforum_count":0,"site-sidebar-layout":"default","site-content-layout":"","ast-site-content-layout":"","site-content-style":"default","site-sidebar-style":"default","ast-global-header-display":"","ast-banner-title-visibility":"","ast-main-header-display":"","ast-hfb-above-header-display":"","ast-hfb-below-header-display":"","ast-hfb-mobile-header-display":"","site-post-title":"","ast-breadcrumbs-content":"","ast-featured-img":"","footer-sml-layout":"","theme-transparent-header-meta":"","adv-header-id-meta":"","stick-header-meta":"","header-above-stick-meta":"","header-main-stick-meta":"","header-below-stick-meta":"","astra-migrate-meta-layouts":"default","ast-page-background-enabled":"default","ast-page-background-meta":{"desktop":{"background-color":"var(--ast-global-color-4)","background-image":"","background-repeat":"repeat","background-position":"center center","background-size":"auto","background-attachment":"scroll","background-type":"","background-media":"","overlay-type":"","overlay-color":"","overlay-opacity":"","overlay-gradient":""},"tablet":{"background-color":"","background-image":"","background-repeat":"repeat","background-position":"center center","background-size":"auto","background-attachment":"scroll","background-type":"","background-media":"","overlay-type":"","overlay-color":"","overlay-opacity":"","overlay-gradient":""},"mobile":{"background-color":"","background-image":"","background-repeat":"repeat","background-position":"center center","background-size":"auto","background-attachment":"scroll","background-type":"","background-media":"","overlay-type":"","overlay-color":"","overlay-opacity":"","overlay-gradient":""}},"ast-content-background-meta":{"desktop":{"background-color":"var(--ast-global-color-5)","background-image":"","background-repeat":"repeat","background-position":"center center","background-size":"auto","background-attachment":"scroll","background-type":"","background-media":"","overlay-type":"","overlay-color":"","overlay-opacity":"","overlay-gradient":""},"tablet":{"background-color":"var(--ast-global-color-5)","background-image":"","background-repeat":"repeat","background-position":"center center","background-size":"auto","background-attachment":"scroll","background-type":"","background-media":"","overlay-type":"","overlay-color":"","overlay-opacity":"","overlay-gradient":""},"mobile":{"background-color":"var(--ast-global-color-5)","background-image":"","background-repeat":"repeat","background-position":"center center","background-size":"auto","background-attachment":"scroll","background-type":"","background-media":"","overlay-type":"","overlay-color":"","overlay-opacity":"","overlay-gradient":""}},"footnotes":""},"class_list":["post-1475","page","type-page","status-publish","hentry"],"post_mailing_queue_ids":[],"_links":{"self":[{"href":"https:\/\/agora.xtec.cat\/ies-olivar-gran\/wp-json\/wp\/v2\/pages\/1475","targetHints":{"allow":["GET"]}}],"collection":[{"href":"https:\/\/agora.xtec.cat\/ies-olivar-gran\/wp-json\/wp\/v2\/pages"}],"about":[{"href":"https:\/\/agora.xtec.cat\/ies-olivar-gran\/wp-json\/wp\/v2\/types\/page"}],"author":[{"embeddable":true,"href":"https:\/\/agora.xtec.cat\/ies-olivar-gran\/wp-json\/wp\/v2\/users\/1"}],"replies":[{"embeddable":true,"href":"https:\/\/agora.xtec.cat\/ies-olivar-gran\/wp-json\/wp\/v2\/comments?post=1475"}],"version-history":[{"count":3,"href":"https:\/\/agora.xtec.cat\/ies-olivar-gran\/wp-json\/wp\/v2\/pages\/1475\/revisions"}],"predecessor-version":[{"id":1479,"href":"https:\/\/agora.xtec.cat\/ies-olivar-gran\/wp-json\/wp\/v2\/pages\/1475\/revisions\/1479"}],"up":[{"embeddable":true,"href":"https:\/\/agora.xtec.cat\/ies-olivar-gran\/wp-json\/wp\/v2\/pages\/1383"}],"wp:attachment":[{"href":"https:\/\/agora.xtec.cat\/ies-olivar-gran\/wp-json\/wp\/v2\/media?parent=1475"}],"curies":[{"name":"wp","href":"https:\/\/api.w.org\/{rel}","templated":true}]}}