{"id":1472,"date":"2020-06-10T01:46:42","date_gmt":"2020-06-09T23:46:42","guid":{"rendered":"https:\/\/agora.xtec.cat\/ies-olivar-gran\/?page_id=1472"},"modified":"2020-06-10T01:47:38","modified_gmt":"2020-06-09T23:47:38","slug":"pyirene","status":"publish","type":"page","link":"https:\/\/agora.xtec.cat\/ies-olivar-gran\/og-internacional\/cicles\/pyirene\/","title":{"rendered":"Pyirene"},"content":{"rendered":"<h3><span style=\"color: #000000;\"><strong>PYIRENE:<\/strong><\/span><\/h3>\n<figure id=\"attachment_1473\" aria-describedby=\"caption-attachment-1473\" style=\"width: 250px\" class=\"wp-caption alignright\"><a href=\"https:\/\/projectes.xtec.cat\/pyirenefp\/pyirenefp-3\/\"><img loading=\"lazy\" decoding=\"async\" class=\"wp-image-1473\" src=\"https:\/\/agora.xtec.cat\/ies-olivar-gran\/wp-content\/uploads\/usu2116\/2020\/06\/logo-Pyirene-FP-604x270.jpg\" alt=\"\" width=\"250\" height=\"112\" srcset=\"https:\/\/agora.xtec.cat\/ies-olivar-gran\/wp-content\/uploads\/usu2116\/2020\/06\/logo-Pyirene-FP-604x270.jpg 604w, https:\/\/agora.xtec.cat\/ies-olivar-gran\/wp-content\/uploads\/usu2116\/2020\/06\/logo-Pyirene-FP-604x270-300x134.jpg 300w\" sizes=\"auto, (max-width: 250px) 100vw, 250px\" \/><\/a><figcaption id=\"caption-attachment-1473\" class=\"wp-caption-text\">Clica la imatge per a m\u00e9s informaci\u00f3<\/figcaption><\/figure>\n<p style=\"text-align: justify;\">\u00c9s un projecte europeu de cooperaci\u00f3 transfronterera, dirigit a oferir als joves i a les persones adultes serveis coordinats d\u2019informaci\u00f3 i orientaci\u00f3 professional en relaci\u00f3 a les ofertes de formaci\u00f3 professional i de reconeixement de l\u2019experi\u00e8ncia laboral existents en l\u2019espai transfronterer entre Espanya i Fran\u00e7a.<\/p>\n<p style=\"text-align: justify;\">Aquest projecte s\u2019inclou dins del programa de la Uni\u00f3 Europea Interreg V-A Espanya, Fran\u00e7a, Andorra (POCTEFA 2014-2020) i est\u00e0 cofinan\u00e7at al 65% pel Fons Europeu de Desenvolupament Regional (FEDER)<\/p>\n<p style=\"text-align: justify;\">Durant el curs 2018\/2019 van participar 5 alumnes de CFGM Fleca, pastisseria i confiteria. Aquest van realitzar una estada formativa al centre <a href=\"https:\/\/www.cma66.fr\/\">Chambre de M\u00e9tiers et de l&#8217;Artisanat des Pyr\u00e9n\u00e9es-Orientales<\/a> i una setmana de pr\u00e0ctiques en empreses de Perpiny\u00e0. Tamb\u00e9 van participar dos professors els quals van realitzar una estada formativa d\u2019una setmana al mateix centre.<\/p>\n<p>&nbsp;<\/p>\n","protected":false},"excerpt":{"rendered":"<p>PYIRENE: \u00c9s un projecte europeu de cooperaci\u00f3 transfronterera, dirigit a oferir als joves i a les persones adultes serveis coordinats d\u2019informaci\u00f3 i orientaci\u00f3 professional en relaci\u00f3 a les ofertes de formaci\u00f3 professional i de reconeixement de l\u2019experi\u00e8ncia laboral existents en l\u2019espai transfronterer entre Espanya i Fran\u00e7a. Aquest projecte s\u2019inclou dins del programa de la Uni\u00f3 [&hellip;]<\/p>\n","protected":false},"author":1,"featured_media":0,"parent":1383,"menu_order":3,"comment_status":"closed","ping_status":"closed","template":"page-templates\/side-menu.php","meta":{"_bbp_topic_count":0,"_bbp_reply_count":0,"_bbp_total_topic_count":0,"_bbp_total_reply_count":0,"_bbp_voice_count":0,"_bbp_anonymous_reply_count":0,"_bbp_topic_count_hidden":0,"_bbp_reply_count_hidden":0,"_bbp_forum_subforum_count":0,"site-sidebar-layout":"default","site-content-layout":"","ast-site-content-layout":"","site-content-style":"default","site-sidebar-style":"default","ast-global-header-display":"","ast-banner-title-visibility":"","ast-main-header-display":"","ast-hfb-above-header-display":"","ast-hfb-below-header-display":"","ast-hfb-mobile-header-display":"","site-post-title":"","ast-breadcrumbs-content":"","ast-featured-img":"","footer-sml-layout":"","theme-transparent-header-meta":"","adv-header-id-meta":"","stick-header-meta":"","header-above-stick-meta":"","header-main-stick-meta":"","header-below-stick-meta":"","astra-migrate-meta-layouts":"default","ast-page-background-enabled":"default","ast-page-background-meta":{"desktop":{"background-color":"var(--ast-global-color-4)","background-image":"","background-repeat":"repeat","background-position":"center center","background-size":"auto","background-attachment":"scroll","background-type":"","background-media":"","overlay-type":"","overlay-color":"","overlay-opacity":"","overlay-gradient":""},"tablet":{"background-color":"","background-image":"","background-repeat":"repeat","background-position":"center center","background-size":"auto","background-attachment":"scroll","background-type":"","background-media":"","overlay-type":"","overlay-color":"","overlay-opacity":"","overlay-gradient":""},"mobile":{"background-color":"","background-image":"","background-repeat":"repeat","background-position":"center center","background-size":"auto","background-attachment":"scroll","background-type":"","background-media":"","overlay-type":"","overlay-color":"","overlay-opacity":"","overlay-gradient":""}},"ast-content-background-meta":{"desktop":{"background-color":"var(--ast-global-color-5)","background-image":"","background-repeat":"repeat","background-position":"center center","background-size":"auto","background-attachment":"scroll","background-type":"","background-media":"","overlay-type":"","overlay-color":"","overlay-opacity":"","overlay-gradient":""},"tablet":{"background-color":"var(--ast-global-color-5)","background-image":"","background-repeat":"repeat","background-position":"center center","background-size":"auto","background-attachment":"scroll","background-type":"","background-media":"","overlay-type":"","overlay-color":"","overlay-opacity":"","overlay-gradient":""},"mobile":{"background-color":"var(--ast-global-color-5)","background-image":"","background-repeat":"repeat","background-position":"center center","background-size":"auto","background-attachment":"scroll","background-type":"","background-media":"","overlay-type":"","overlay-color":"","overlay-opacity":"","overlay-gradient":""}},"footnotes":""},"class_list":["post-1472","page","type-page","status-publish","hentry"],"post_mailing_queue_ids":[],"_links":{"self":[{"href":"https:\/\/agora.xtec.cat\/ies-olivar-gran\/wp-json\/wp\/v2\/pages\/1472","targetHints":{"allow":["GET"]}}],"collection":[{"href":"https:\/\/agora.xtec.cat\/ies-olivar-gran\/wp-json\/wp\/v2\/pages"}],"about":[{"href":"https:\/\/agora.xtec.cat\/ies-olivar-gran\/wp-json\/wp\/v2\/types\/page"}],"author":[{"embeddable":true,"href":"https:\/\/agora.xtec.cat\/ies-olivar-gran\/wp-json\/wp\/v2\/users\/1"}],"replies":[{"embeddable":true,"href":"https:\/\/agora.xtec.cat\/ies-olivar-gran\/wp-json\/wp\/v2\/comments?post=1472"}],"version-history":[{"count":1,"href":"https:\/\/agora.xtec.cat\/ies-olivar-gran\/wp-json\/wp\/v2\/pages\/1472\/revisions"}],"predecessor-version":[{"id":1474,"href":"https:\/\/agora.xtec.cat\/ies-olivar-gran\/wp-json\/wp\/v2\/pages\/1472\/revisions\/1474"}],"up":[{"embeddable":true,"href":"https:\/\/agora.xtec.cat\/ies-olivar-gran\/wp-json\/wp\/v2\/pages\/1383"}],"wp:attachment":[{"href":"https:\/\/agora.xtec.cat\/ies-olivar-gran\/wp-json\/wp\/v2\/media?parent=1472"}],"curies":[{"name":"wp","href":"https:\/\/api.w.org\/{rel}","templated":true}]}}