{"id":1465,"date":"2020-06-10T01:37:42","date_gmt":"2020-06-09T23:37:42","guid":{"rendered":"https:\/\/agora.xtec.cat\/ies-olivar-gran\/?page_id=1465"},"modified":"2020-06-10T01:51:35","modified_gmt":"2020-06-09T23:51:35","slug":"erasmus-ka1","status":"publish","type":"page","link":"https:\/\/agora.xtec.cat\/ies-olivar-gran\/og-internacional\/cicles\/erasmus-ka1\/","title":{"rendered":"Erasmus + KA1"},"content":{"rendered":"<h3><span style=\"color: #000000;\"><strong>ERASMUS + KA1:<\/strong><\/span><\/h3>\n<p style=\"text-align: justify;\"><a href=\"http:\/\/sepie.es\/\">Erasmus Plus<\/a>, cofinan\u00e7ament de la UE i gestionat per l\u2019ag\u00e8ncia <a href=\"http:\/\/sepie.es\/\">SEPIE<\/a> (servicio espa\u00f1ol para la internacionalizaci\u00f3n de la educaci\u00f3n).<\/p>\n<p style=\"text-align: justify;\"><a href=\"http:\/\/sepie.es\/formacion-profesional\/index.html\">Erasmus + KA1 <\/a>&#8211; Mobilitats d\u2019aprenentatge per realitzar estudis i pr\u00e0ctiques a l\u2019estranger.<\/p>\n<p style=\"text-align: justify;\">Pr\u00e0ctiques en empreses de l\u2019estranger previstes per al curs 2019\/2020 , a Fran\u00e7a \/ Toulouse i a Polonia \/ Pszczyna, incloses al m\u00f2dul de FCT (formaci\u00f3 en centre de treball).<\/p>\n<p style=\"text-align: justify;\">L\u2019organitzaci\u00f3 del nostre centre preveu la realitzaci\u00f3 del m\u00f2dul de FCT durant el segon curs del CFGM. Els alumnes que es beneficien d\u2019aquestes beques, avancen 100 hores d\u2019aquest m\u00f2dul i les realitzen durant el mes de juny, en finalitzar el primer curs del cicle que realitzin.<\/p>\n<blockquote>\n<ul>\n<li><a href=\"https:\/\/agora.xtec.cat\/ies-olivar-gran\/wp-content\/uploads\/usu2116\/2020\/06\/Carta-de-motivaci\u00f3-E.-3.doc\" target=\"_blank\" rel=\"noopener noreferrer\"><span style=\"color: #000000;\">Carta de presentaci\u00f3 dels alumnes aspirants curs 20\/21<\/span><\/a> <span style=\"color: #999999;\">(Word, 185 kB)<\/span><\/li>\n<li><a href=\"https:\/\/agora.xtec.cat\/ies-olivar-gran\/wp-content\/uploads\/usu2116\/2020\/06\/Sol.-Alumnat-E-20-21.doc\" target=\"_blank\" rel=\"noopener noreferrer\"><span style=\"color: #000000;\">Sol\u00b7licitud alumnat curs 20\/21<\/span><\/a> <span style=\"color: #999999;\">(Word, 186 kB)<\/span><\/li>\n<li><a href=\"https:\/\/agora.xtec.cat\/ies-olivar-gran\/wp-content\/uploads\/usu2116\/2020\/06\/OG-Mobilitat-internacionalitzaci\u00f3-1.pptx\" target=\"_blank\" rel=\"noopener noreferrer\"><span style=\"color: #000000;\">Internacionalitzaci\u00f3 OG<\/span><\/a> <span style=\"color: #999999;\">(PowerPoint, 539 kB)<\/span><\/li>\n<li><span style=\"color: #000000;\">Gui\u00f3 documents alumne <span style=\"color: #999999;\">(Word, 196 kB)<\/span><\/span><\/li>\n<li><span style=\"color: #000000;\">Diari de l&#8217;alumne<\/span><\/li>\n<li><span style=\"color: #000000;\">Assumpci\u00f3 de responsabilitat<\/span><\/li>\n<li><span style=\"color: #000000;\">Autoritzaci\u00f3 drets d&#8217;imatge alumne (major d&#8217;edat)<\/span><\/li>\n<li><span style=\"color: #000000;\">Autoritzaci\u00f3 drets d&#8217;imatge alumne (menor d&#8217;edat)<\/span><\/li>\n<li><span style=\"color: #000000;\">Autoritzaci\u00f3 pares<\/span><\/li>\n<li><span style=\"color: #000000;\">Criteris de selecci\u00f3 dels alumnes<\/span><\/li>\n<\/ul>\n<\/blockquote>\n<p><img loading=\"lazy\" decoding=\"async\" class=\"size-full wp-image-1439 aligncenter\" src=\"https:\/\/agora.xtec.cat\/ies-olivar-gran\/wp-content\/uploads\/usu2116\/2020\/06\/erasmus.jpg\" alt=\"\" width=\"800\" height=\"265\" srcset=\"https:\/\/agora.xtec.cat\/ies-olivar-gran\/wp-content\/uploads\/usu2116\/2020\/06\/erasmus.jpg 800w, https:\/\/agora.xtec.cat\/ies-olivar-gran\/wp-content\/uploads\/usu2116\/2020\/06\/erasmus-300x99.jpg 300w, https:\/\/agora.xtec.cat\/ies-olivar-gran\/wp-content\/uploads\/usu2116\/2020\/06\/erasmus-768x254.jpg 768w\" sizes=\"auto, (max-width: 800px) 100vw, 800px\" \/><\/p>\n","protected":false},"excerpt":{"rendered":"<p>ERASMUS + KA1: Erasmus Plus, cofinan\u00e7ament de la UE i gestionat per l\u2019ag\u00e8ncia SEPIE (servicio espa\u00f1ol para la internacionalizaci\u00f3n de la educaci\u00f3n). Erasmus + KA1 &#8211; Mobilitats d\u2019aprenentatge per realitzar estudis i pr\u00e0ctiques a l\u2019estranger. Pr\u00e0ctiques en empreses de l\u2019estranger previstes per al curs 2019\/2020 , a Fran\u00e7a \/ Toulouse i a Polonia \/ Pszczyna, [&hellip;]<\/p>\n","protected":false},"author":1,"featured_media":0,"parent":1383,"menu_order":1,"comment_status":"closed","ping_status":"closed","template":"page-templates\/side-menu.php","meta":{"_bbp_topic_count":0,"_bbp_reply_count":0,"_bbp_total_topic_count":0,"_bbp_total_reply_count":0,"_bbp_voice_count":0,"_bbp_anonymous_reply_count":0,"_bbp_topic_count_hidden":0,"_bbp_reply_count_hidden":0,"_bbp_forum_subforum_count":0,"site-sidebar-layout":"default","site-content-layout":"","ast-site-content-layout":"","site-content-style":"default","site-sidebar-style":"default","ast-global-header-display":"","ast-banner-title-visibility":"","ast-main-header-display":"","ast-hfb-above-header-display":"","ast-hfb-below-header-display":"","ast-hfb-mobile-header-display":"","site-post-title":"","ast-breadcrumbs-content":"","ast-featured-img":"","footer-sml-layout":"","theme-transparent-header-meta":"","adv-header-id-meta":"","stick-header-meta":"","header-above-stick-meta":"","header-main-stick-meta":"","header-below-stick-meta":"","astra-migrate-meta-layouts":"default","ast-page-background-enabled":"default","ast-page-background-meta":{"desktop":{"background-color":"var(--ast-global-color-4)","background-image":"","background-repeat":"repeat","background-position":"center center","background-size":"auto","background-attachment":"scroll","background-type":"","background-media":"","overlay-type":"","overlay-color":"","overlay-opacity":"","overlay-gradient":""},"tablet":{"background-color":"","background-image":"","background-repeat":"repeat","background-position":"center center","background-size":"auto","background-attachment":"scroll","background-type":"","background-media":"","overlay-type":"","overlay-color":"","overlay-opacity":"","overlay-gradient":""},"mobile":{"background-color":"","background-image":"","background-repeat":"repeat","background-position":"center center","background-size":"auto","background-attachment":"scroll","background-type":"","background-media":"","overlay-type":"","overlay-color":"","overlay-opacity":"","overlay-gradient":""}},"ast-content-background-meta":{"desktop":{"background-color":"var(--ast-global-color-5)","background-image":"","background-repeat":"repeat","background-position":"center center","background-size":"auto","background-attachment":"scroll","background-type":"","background-media":"","overlay-type":"","overlay-color":"","overlay-opacity":"","overlay-gradient":""},"tablet":{"background-color":"var(--ast-global-color-5)","background-image":"","background-repeat":"repeat","background-position":"center center","background-size":"auto","background-attachment":"scroll","background-type":"","background-media":"","overlay-type":"","overlay-color":"","overlay-opacity":"","overlay-gradient":""},"mobile":{"background-color":"var(--ast-global-color-5)","background-image":"","background-repeat":"repeat","background-position":"center center","background-size":"auto","background-attachment":"scroll","background-type":"","background-media":"","overlay-type":"","overlay-color":"","overlay-opacity":"","overlay-gradient":""}},"footnotes":""},"class_list":["post-1465","page","type-page","status-publish","hentry"],"post_mailing_queue_ids":[],"_links":{"self":[{"href":"https:\/\/agora.xtec.cat\/ies-olivar-gran\/wp-json\/wp\/v2\/pages\/1465","targetHints":{"allow":["GET"]}}],"collection":[{"href":"https:\/\/agora.xtec.cat\/ies-olivar-gran\/wp-json\/wp\/v2\/pages"}],"about":[{"href":"https:\/\/agora.xtec.cat\/ies-olivar-gran\/wp-json\/wp\/v2\/types\/page"}],"author":[{"embeddable":true,"href":"https:\/\/agora.xtec.cat\/ies-olivar-gran\/wp-json\/wp\/v2\/users\/1"}],"replies":[{"embeddable":true,"href":"https:\/\/agora.xtec.cat\/ies-olivar-gran\/wp-json\/wp\/v2\/comments?post=1465"}],"version-history":[{"count":2,"href":"https:\/\/agora.xtec.cat\/ies-olivar-gran\/wp-json\/wp\/v2\/pages\/1465\/revisions"}],"predecessor-version":[{"id":1481,"href":"https:\/\/agora.xtec.cat\/ies-olivar-gran\/wp-json\/wp\/v2\/pages\/1465\/revisions\/1481"}],"up":[{"embeddable":true,"href":"https:\/\/agora.xtec.cat\/ies-olivar-gran\/wp-json\/wp\/v2\/pages\/1383"}],"wp:attachment":[{"href":"https:\/\/agora.xtec.cat\/ies-olivar-gran\/wp-json\/wp\/v2\/media?parent=1465"}],"curies":[{"name":"wp","href":"https:\/\/api.w.org\/{rel}","templated":true}]}}