{"id":13989,"date":"2025-09-28T19:11:08","date_gmt":"2025-09-28T17:11:08","guid":{"rendered":"https:\/\/agora.xtec.cat\/ies-olivar-gran\/?page_id=13989"},"modified":"2026-02-13T10:27:57","modified_gmt":"2026-02-13T09:27:57","slug":"complecio-destudis-que-sextingeixen","status":"publish","type":"page","link":"https:\/\/agora.xtec.cat\/ies-olivar-gran\/estudis\/cicles-formatius\/complecio-destudis-que-sextingeixen\/","title":{"rendered":"COMPLECI\u00d3 D\u2019ESTUDIS QUE S\u2019EXTINGEIXEN"},"content":{"rendered":"<h3><\/h3>\n<h5 style=\"text-align: justify;\"><b>Compleci\u00f3 cicles formatius LOE<\/b><\/h5>\n<p style=\"text-align: justify;\"><span style=\"font-weight: 400;\">El 21 de maig es va publicar al DOGC l\u2019Ordre EDF\/74\/2025, de 15 de maig, del procediment per completar els ensenyaments professionalitzadors que s\u2019extingeixen. La compleci\u00f3 \u00e9s un procediment per facilitar que l\u2019alumnat que ha cursat estudis professionalitzadors que s\u2019extingeixen, per\u00f2 no els ha superat, els pugui completar. Aix\u00ed mateix, es podran completar els estudis durant els dos cursos seg\u00fcents a l\u2019extinci\u00f3 (2025-2026 i 2026-2027).<\/span><\/p>\n<p style=\"text-align: justify;\"><b>Inscripci\u00f3 i matr\u00edcula:<\/b><\/p>\n<p style=\"text-align: justify;\"><span style=\"font-weight: 400;\">Informem a tot l\u2019alumnat amb m\u00f2duls i\/o unitats formatives pendents dels cicles formatius en extinci\u00f3 (<\/span><i><span style=\"font-weight: 400;\">LOE)<\/span><\/i><span style=\"font-weight: 400;\"> que s\u2019obrir\u00e0 el per\u00edode de matr\u00edcula per a la convocat\u00f2ria d\u2019<\/span><b><i>ex\u00e0mens extraordinaris i\/o proves d\u2019avaluaci\u00f3 <\/i><\/b><span style=\"font-weight: 400;\">a l\u2019octubre. En el moment de la matr\u00edcula haureu d\u2019especificar de quins m\u00f2duls i\/o unitats formatives us voldreu matricular.<\/span><\/p>\n<p style=\"text-align: justify;\"><span style=\"font-weight: 400;\">Inscripci\u00f3 i matr\u00edcula:<\/span><\/p>\n<p style=\"text-align: justify;\"><span style=\"font-weight: 400;\">La inscripci\u00f3 a les proves d\u2019avaluaci\u00f3 i\/o ex\u00e0mens extraordinaris s\u2019ha de dur a terme:<\/span><\/p>\n<ul style=\"text-align: justify;\">\n<li style=\"font-weight: 400;\" aria-level=\"1\"><span style=\"font-weight: 400;\">a) De l\u20191 al 15 d\u2019octubre. Permet participar en <\/span><b>les<\/b> <b>convocat\u00f2ries de novembre i d\u2019abril.<\/b><\/li>\n<li style=\"font-weight: 400;\" aria-level=\"1\"><span style=\"font-weight: 400;\">b) De l\u20191 al 15 de mar\u00e7. Permet participar en <\/span><b>la convocat\u00f2ria d\u2019abril.<\/b><\/li>\n<\/ul>\n<p style=\"text-align: justify;\"><span style=\"font-weight: 400;\">Documents que cal presentar per poder-se matricular:<\/span><\/p>\n<ul style=\"text-align: justify;\">\n<li style=\"font-weight: 400;\" aria-level=\"1\"><span style=\"font-weight: 400;\">Full de sol\u00b7licitud de matr\u00edcula (Descarrega full)<\/span><\/li>\n<li style=\"font-weight: 400;\" aria-level=\"1\"><span style=\"font-weight: 400;\">Fotoc\u00f2pia del DNI (annexada)<\/span><\/li>\n<li style=\"font-weight: 400;\" aria-level=\"1\"><span style=\"font-weight: 400;\">Ingr\u00e9s del preu p\u00fablic (CFGS). <\/span><b>La ren\u00fancia a la convocat\u00f2ria d\u2019abril no implica la devoluci\u00f3 de la matr\u00edcula.<\/b><\/li>\n<\/ul>\n<p style=\"text-align: justify;\"><b>Convocat\u00f2ries:<\/b><\/p>\n<p style=\"text-align: justify;\"><span style=\"font-weight: 400;\">Les proves d\u2019avaluaci\u00f3 i\/o ex\u00e0mens extraordinaris es duran a terme durant els mesos de novembre i abril d\u2019acord amb el calendari publicat a la web del centre:<\/span><\/p>\n<ul style=\"text-align: justify;\">\n<li style=\"font-weight: 400;\" aria-level=\"1\"><span style=\"font-weight: 400;\">Per a la convocat\u00f2ria de novembre, entre l\u20191 i el 30 de novembre.<\/span><\/li>\n<li style=\"font-weight: 400;\" aria-level=\"1\"><span style=\"font-weight: 400;\">Per a la convocat\u00f2ria d\u2019abril, entre l\u20191 i el 30 d\u2019abril.<\/span><\/li>\n<\/ul>\n<p style=\"text-align: justify;\"><span style=\"font-weight: 400;\">\u00a0<\/span><\/p>\n<p style=\"text-align: justify;\"><span style=\"font-weight: 400;\">L\u2019alumnat que s\u2019inscrigui en el proc\u00e9s de compleci\u00f3 haur\u00e0 de presentar-se a la prova d\u2019avaluaci\u00f3 presencial el dia o dies que s\u2019estableixin d\u2019acord amb els terminis indicats en l\u2019Ordre EDF\/74\/2025 (convocat\u00f2ries de novembre i abril).<\/span><\/p>\n<p style=\"text-align: justify;\"><span style=\"font-weight: 400;\">L\u2019instrument d\u2019avaluaci\u00f3 utilitzat en la prova d\u2019avaluaci\u00f3 l\u2019establir\u00e0 l\u2019equip docent i pot consistir en una prova escrita, una prova pr\u00e0ctica, la presentaci\u00f3 i defensa d\u2019un projecte, una simulaci\u00f3 o altres, i es realitzar\u00e0 el dia establert. En el per\u00edode indicat a l\u2019Ordre per a realitzar les proves d\u2019avaluaci\u00f3 (mes d\u2019abril i mes de novembre) els centres educatius podran programar activitats presencials puntuals per a l\u2019alumnat que es presenti a les proves d\u2019avaluaci\u00f3 i que formaran part d\u2019aquestes.<\/span><\/p>\n<p style=\"text-align: justify;\"><span style=\"font-weight: 400;\">D\u2019altra banda, la inscripci\u00f3 en el proc\u00e9s de compleci\u00f3, un cop extingit el pla d\u2019estudis del cicle formatiu, <\/span><b>no dona dret a assistir a les classes presencials<\/b><span style=\"font-weight: 400;\"> dels m\u00f2duls professionals del nou pla d\u2019estudis.<\/span><\/p>\n<p style=\"text-align: justify;\"><span style=\"font-weight: 400;\">Aix\u00ed mateix, la inscripci\u00f3 per completar el m\u00f2dul professional de Formaci\u00f3 en Centres de Treball (FCT) es podr\u00e0 fer en qualsevol moment del per\u00edode de compleci\u00f3.<\/span><\/p>\n","protected":false},"excerpt":{"rendered":"<p>Compleci\u00f3 cicles formatius LOE El 21 de maig es va publicar al DOGC l\u2019Ordre EDF\/74\/2025, de 15 de maig, del procediment per completar els ensenyaments professionalitzadors que s\u2019extingeixen. La compleci\u00f3 \u00e9s un procediment per facilitar que l\u2019alumnat que ha cursat estudis professionalitzadors que s\u2019extingeixen, per\u00f2 no els ha superat, els pugui completar. Aix\u00ed mateix, es [&hellip;]<\/p>\n","protected":false},"author":1,"featured_media":0,"parent":2065,"menu_order":9,"comment_status":"closed","ping_status":"closed","template":"","meta":{"_bbp_topic_count":0,"_bbp_reply_count":0,"_bbp_total_topic_count":0,"_bbp_total_reply_count":0,"_bbp_voice_count":0,"_bbp_anonymous_reply_count":0,"_bbp_topic_count_hidden":0,"_bbp_reply_count_hidden":0,"_bbp_forum_subforum_count":0,"site-sidebar-layout":"default","site-content-layout":"","ast-site-content-layout":"default","site-content-style":"default","site-sidebar-style":"default","ast-global-header-display":"","ast-banner-title-visibility":"","ast-main-header-display":"","ast-hfb-above-header-display":"","ast-hfb-below-header-display":"","ast-hfb-mobile-header-display":"","site-post-title":"","ast-breadcrumbs-content":"","ast-featured-img":"","footer-sml-layout":"","theme-transparent-header-meta":"","adv-header-id-meta":"","stick-header-meta":"","header-above-stick-meta":"","header-main-stick-meta":"","header-below-stick-meta":"","astra-migrate-meta-layouts":"set","ast-page-background-enabled":"default","ast-page-background-meta":{"desktop":{"background-color":"var(--ast-global-color-4)","background-image":"","background-repeat":"repeat","background-position":"center center","background-size":"auto","background-attachment":"scroll","background-type":"","background-media":"","overlay-type":"","overlay-color":"","overlay-opacity":"","overlay-gradient":""},"tablet":{"background-color":"","background-image":"","background-repeat":"repeat","background-position":"center center","background-size":"auto","background-attachment":"scroll","background-type":"","background-media":"","overlay-type":"","overlay-color":"","overlay-opacity":"","overlay-gradient":""},"mobile":{"background-color":"","background-image":"","background-repeat":"repeat","background-position":"center center","background-size":"auto","background-attachment":"scroll","background-type":"","background-media":"","overlay-type":"","overlay-color":"","overlay-opacity":"","overlay-gradient":""}},"ast-content-background-meta":{"desktop":{"background-color":"var(--ast-global-color-5)","background-image":"","background-repeat":"repeat","background-position":"center center","background-size":"auto","background-attachment":"scroll","background-type":"","background-media":"","overlay-type":"","overlay-color":"","overlay-opacity":"","overlay-gradient":""},"tablet":{"background-color":"var(--ast-global-color-5)","background-image":"","background-repeat":"repeat","background-position":"center center","background-size":"auto","background-attachment":"scroll","background-type":"","background-media":"","overlay-type":"","overlay-color":"","overlay-opacity":"","overlay-gradient":""},"mobile":{"background-color":"var(--ast-global-color-5)","background-image":"","background-repeat":"repeat","background-position":"center center","background-size":"auto","background-attachment":"scroll","background-type":"","background-media":"","overlay-type":"","overlay-color":"","overlay-opacity":"","overlay-gradient":""}},"footnotes":""},"class_list":["post-13989","page","type-page","status-publish","hentry"],"post_mailing_queue_ids":[],"_links":{"self":[{"href":"https:\/\/agora.xtec.cat\/ies-olivar-gran\/wp-json\/wp\/v2\/pages\/13989","targetHints":{"allow":["GET"]}}],"collection":[{"href":"https:\/\/agora.xtec.cat\/ies-olivar-gran\/wp-json\/wp\/v2\/pages"}],"about":[{"href":"https:\/\/agora.xtec.cat\/ies-olivar-gran\/wp-json\/wp\/v2\/types\/page"}],"author":[{"embeddable":true,"href":"https:\/\/agora.xtec.cat\/ies-olivar-gran\/wp-json\/wp\/v2\/users\/1"}],"replies":[{"embeddable":true,"href":"https:\/\/agora.xtec.cat\/ies-olivar-gran\/wp-json\/wp\/v2\/comments?post=13989"}],"version-history":[{"count":6,"href":"https:\/\/agora.xtec.cat\/ies-olivar-gran\/wp-json\/wp\/v2\/pages\/13989\/revisions"}],"predecessor-version":[{"id":14686,"href":"https:\/\/agora.xtec.cat\/ies-olivar-gran\/wp-json\/wp\/v2\/pages\/13989\/revisions\/14686"}],"up":[{"embeddable":true,"href":"https:\/\/agora.xtec.cat\/ies-olivar-gran\/wp-json\/wp\/v2\/pages\/2065"}],"wp:attachment":[{"href":"https:\/\/agora.xtec.cat\/ies-olivar-gran\/wp-json\/wp\/v2\/media?parent=13989"}],"curies":[{"name":"wp","href":"https:\/\/api.w.org\/{rel}","templated":true}]}}