{"id":1294,"date":"2020-06-09T19:59:47","date_gmt":"2020-06-09T17:59:47","guid":{"rendered":"https:\/\/agora.xtec.cat\/ies-olivar-gran\/?page_id=1294"},"modified":"2024-11-13T11:27:54","modified_gmt":"2024-11-13T10:27:54","slug":"informacio-ampa","status":"publish","type":"page","link":"https:\/\/agora.xtec.cat\/ies-olivar-gran\/afa\/informacio-ampa\/","title":{"rendered":"Informaci\u00f3 AFA"},"content":{"rendered":"<h3><strong><span style=\"color: #000000;\">AFA<\/span><\/strong><\/h3>\n<p><strong><span style=\"color: #000000;\">Qui som?<img loading=\"lazy\" decoding=\"async\" class=\"size-medium wp-image-8527 alignright\" src=\"https:\/\/agora.xtec.cat\/ies-olivar-gran\/wp-content\/uploads\/usu2116\/2022\/07\/Matricula-model-28-1-300x300.png\" alt=\"\" width=\"300\" height=\"300\" srcset=\"https:\/\/agora.xtec.cat\/ies-olivar-gran\/wp-content\/uploads\/usu2116\/2022\/07\/Matricula-model-28-1-300x300.png 300w, https:\/\/agora.xtec.cat\/ies-olivar-gran\/wp-content\/uploads\/usu2116\/2022\/07\/Matricula-model-28-1-150x150.png 150w, https:\/\/agora.xtec.cat\/ies-olivar-gran\/wp-content\/uploads\/usu2116\/2022\/07\/Matricula-model-28-1.png 700w\" sizes=\"auto, (max-width: 300px) 100vw, 300px\" \/><\/span><\/strong><\/p>\n<div style=\"text-align: justify;\">La junta de l&#8217;AFA (Associaci\u00f3 de Fam\u00edlies d&#8217;Alumnes) la formen les seg\u00fcents persones, a l&#8217;espera que algun pare\/mare m\u00e9s s&#8217;hi vulgui afegir:<\/div>\n<div><\/div>\n<div><\/div>\n<blockquote>\n<ul>\n<li><span style=\"color: #000000;\"><strong>President<\/strong>: Sr. Sebastian Romero Castillo<\/span><\/li>\n<li><span style=\"color: #000000;\"><strong>Vicepresident<\/strong>: Sra. M. Teresa Ruiz<\/span><\/li>\n<li><span style=\"color: #000000;\"><strong>Secret\u00e0ria<\/strong>: Sra. Maria Alba Garc\u00eda Puignau<\/span><\/li>\n<li><span style=\"color: #000000;\"><strong>Tresorera<\/strong>: Sra. N\u00faria Bosch Gayola<\/span><\/li>\n<li><strong><span style=\"color: #000000;\">Vocals i col\u00b7laboradors<\/span><\/strong><\/li>\n<\/ul>\n<\/blockquote>\n<p style=\"text-align: justify;\"><strong>Qu\u00e8 fem?<\/strong><\/p>\n<p style=\"text-align: justify;\"><span style=\"color: #000000;\">Ens reunim el primer dimarts de cada mes per comentar i organitzar les diverses tasques pr\u00f2pies d\u2019una AFA, pres\u00e8ncia en el Consell Escolar, propostes d\u2019activitats destinades a mares i pares, rebre i compartir informaci\u00f3 amb l\u2019equip docent i directiu. L\u2019AFA participa activament en les reunions interampa que organitza l\u2019Ajuntament de Figueres. Un representant de l\u2019AFA assisteix a les reunions del Consell Escolar Municipal que organitza l\u2019Ajuntament de Figueres. Col\u00b7labora en la preparaci\u00f3 i coordinaci\u00f3 de les activitats (Quina de Nadal, Sant Jordi, espectacles de fi de curs&#8230;) que realitza el centre amb els alumnes per recollir diners pels viatges de fi de curs.<\/span><\/p>\n<p style=\"text-align: justify;\"><span style=\"color: #000000;\"><strong>Qu\u00e8 estem fent i qu\u00e8 hem fet?<\/strong><\/span><\/p>\n<p style=\"text-align: justify;\"><span style=\"color: #000000;\">Amb les aportacions de l\u2019 AFA, aquests darrers anys hem col\u00b7laborat en l\u2019adquisici\u00f3 de material divers per la millora del centre (cortines, pissarres digitals, equips de so per espectacles, piano&#8230;), organitzat concursos de fotografies&#8230; Col\u00b7labora amb l\u2019institut gestionant la compra del llibres per tots els alumnes d\u2019ESO, per poder gaudir d\u2019uns preus m\u00e9s assequibles. Es subvenciona als alumnes SOCIS de 4t d\u2019ESO i 2n de BAT per tal que participin a l\u2019excursi\u00f3 de final de curs; se&#8217;ls subvenciona amb 15\u20ac per cada any que han estat socis. Aix\u00ed, l\u2019alumnat d\u2019ESO que ho hagi estat els quatre anys tindr\u00e0 una subvenci\u00f3 de 60 euros, qui ho hagi estat tres anys ser\u00e0 de 45 euros, qui ho hagi estat dos anys ser\u00e0 de 30 euros i qui ho hagi estat un any aquest import ser\u00e0 de 15 euros, sempre i quant l\u2019\u00faltim any pagat sigui l\u2019any de l\u2019excursi\u00f3 . Els alumnes de BAT rebran 15\u20ac per any amb un total de 30\u20ac si a 2n de BAT continuen sent socis. . Si voleu contactar amb nosaltres podeu fer-ho enviant-nos un escrit a la b\u00fastia de l\u2019AFA:<\/span> <strong><span id=\"correuEnc_b1056984bb1abbb914294\"><a>afa@olivargran.cat<\/a><\/span><\/strong><\/p>\n<p><span style=\"color: #000000;\"><strong>Com fer-nos socis?<\/strong><\/span><\/p>\n<p style=\"text-align: justify;\">La quota de l&#8217;AFA es paga durant la compra de llibres a trav\u00e9s de la plataforma Iddink, ja que \u00e9s l&#8217;AFA qui gestiona la gesti\u00f3.<\/p>\n<p><span style=\"color: #000000;\"><strong>Pagament Quota AFA<\/strong><\/span><\/p>\n<p style=\"text-align: justify;\"><span style=\"color: #000000;\">Aquelles fam\u00edlies que per diversos motius, no han fet la comanda amb IDDINK i, per tant, no han pogut fer el pagament de la quota de l&#8217;AFA de 30\u20ac, i la volen fer, aquest \u00e9s el n\u00famero de compte:<\/span><\/p>\n<p style=\"text-align: justify;\"><span style=\"color: #000000;\">ES33 0081 1863 3000 0100 4906\u00a0 \u00a0 \u00a0 Concepte: Quota AFA Olivar Gran + NOM ALUMNE\/A<\/span><\/p>\n","protected":false},"excerpt":{"rendered":"<p>AFA Qui som? La junta de l&#8217;AFA (Associaci\u00f3 de Fam\u00edlies d&#8217;Alumnes) la formen les seg\u00fcents persones, a l&#8217;espera que algun pare\/mare m\u00e9s s&#8217;hi vulgui afegir: President: Sr. Sebastian Romero Castillo Vicepresident: Sra. M. Teresa Ruiz Secret\u00e0ria: Sra. Maria Alba Garc\u00eda Puignau Tresorera: Sra. N\u00faria Bosch Gayola Vocals i col\u00b7laboradors Qu\u00e8 fem? Ens reunim el primer [&hellip;]<\/p>\n","protected":false},"author":1,"featured_media":0,"parent":8443,"menu_order":1,"comment_status":"closed","ping_status":"closed","template":"page-templates\/side-menu.php","meta":{"_bbp_topic_count":0,"_bbp_reply_count":0,"_bbp_total_topic_count":0,"_bbp_total_reply_count":0,"_bbp_voice_count":0,"_bbp_anonymous_reply_count":0,"_bbp_topic_count_hidden":0,"_bbp_reply_count_hidden":0,"_bbp_forum_subforum_count":0,"site-sidebar-layout":"default","site-content-layout":"","ast-site-content-layout":"","site-content-style":"default","site-sidebar-style":"default","ast-global-header-display":"","ast-banner-title-visibility":"","ast-main-header-display":"","ast-hfb-above-header-display":"","ast-hfb-below-header-display":"","ast-hfb-mobile-header-display":"","site-post-title":"","ast-breadcrumbs-content":"","ast-featured-img":"","footer-sml-layout":"","theme-transparent-header-meta":"","adv-header-id-meta":"","stick-header-meta":"","header-above-stick-meta":"","header-main-stick-meta":"","header-below-stick-meta":"","astra-migrate-meta-layouts":"default","ast-page-background-enabled":"default","ast-page-background-meta":{"desktop":{"background-color":"var(--ast-global-color-4)","background-image":"","background-repeat":"repeat","background-position":"center center","background-size":"auto","background-attachment":"scroll","background-type":"","background-media":"","overlay-type":"","overlay-color":"","overlay-opacity":"","overlay-gradient":""},"tablet":{"background-color":"","background-image":"","background-repeat":"repeat","background-position":"center center","background-size":"auto","background-attachment":"scroll","background-type":"","background-media":"","overlay-type":"","overlay-color":"","overlay-opacity":"","overlay-gradient":""},"mobile":{"background-color":"","background-image":"","background-repeat":"repeat","background-position":"center center","background-size":"auto","background-attachment":"scroll","background-type":"","background-media":"","overlay-type":"","overlay-color":"","overlay-opacity":"","overlay-gradient":""}},"ast-content-background-meta":{"desktop":{"background-color":"var(--ast-global-color-5)","background-image":"","background-repeat":"repeat","background-position":"center center","background-size":"auto","background-attachment":"scroll","background-type":"","background-media":"","overlay-type":"","overlay-color":"","overlay-opacity":"","overlay-gradient":""},"tablet":{"background-color":"var(--ast-global-color-5)","background-image":"","background-repeat":"repeat","background-position":"center center","background-size":"auto","background-attachment":"scroll","background-type":"","background-media":"","overlay-type":"","overlay-color":"","overlay-opacity":"","overlay-gradient":""},"mobile":{"background-color":"var(--ast-global-color-5)","background-image":"","background-repeat":"repeat","background-position":"center center","background-size":"auto","background-attachment":"scroll","background-type":"","background-media":"","overlay-type":"","overlay-color":"","overlay-opacity":"","overlay-gradient":""}},"footnotes":""},"class_list":["post-1294","page","type-page","status-publish","hentry"],"post_mailing_queue_ids":[],"_links":{"self":[{"href":"https:\/\/agora.xtec.cat\/ies-olivar-gran\/wp-json\/wp\/v2\/pages\/1294","targetHints":{"allow":["GET"]}}],"collection":[{"href":"https:\/\/agora.xtec.cat\/ies-olivar-gran\/wp-json\/wp\/v2\/pages"}],"about":[{"href":"https:\/\/agora.xtec.cat\/ies-olivar-gran\/wp-json\/wp\/v2\/types\/page"}],"author":[{"embeddable":true,"href":"https:\/\/agora.xtec.cat\/ies-olivar-gran\/wp-json\/wp\/v2\/users\/1"}],"replies":[{"embeddable":true,"href":"https:\/\/agora.xtec.cat\/ies-olivar-gran\/wp-json\/wp\/v2\/comments?post=1294"}],"version-history":[{"count":6,"href":"https:\/\/agora.xtec.cat\/ies-olivar-gran\/wp-json\/wp\/v2\/pages\/1294\/revisions"}],"predecessor-version":[{"id":12756,"href":"https:\/\/agora.xtec.cat\/ies-olivar-gran\/wp-json\/wp\/v2\/pages\/1294\/revisions\/12756"}],"up":[{"embeddable":true,"href":"https:\/\/agora.xtec.cat\/ies-olivar-gran\/wp-json\/wp\/v2\/pages\/8443"}],"wp:attachment":[{"href":"https:\/\/agora.xtec.cat\/ies-olivar-gran\/wp-json\/wp\/v2\/media?parent=1294"}],"curies":[{"name":"wp","href":"https:\/\/api.w.org\/{rel}","templated":true}]}}