{"id":12936,"date":"2025-01-24T12:28:35","date_gmt":"2025-01-24T11:28:35","guid":{"rendered":"https:\/\/agora.xtec.cat\/ies-olivar-gran\/?page_id=12936"},"modified":"2026-04-06T07:34:01","modified_gmt":"2026-04-06T05:34:01","slug":"homologacio-de-proveidors","status":"publish","type":"page","link":"https:\/\/agora.xtec.cat\/ies-olivar-gran\/linstitut\/homologacio-de-proveidors\/","title":{"rendered":"Homologaci\u00f3 de prove\u00efdors"},"content":{"rendered":"<p style=\"font-weight: 400;\"><u>Homologaci\u00f3 de prove\u00efdors<\/u><\/p>\n<p style=\"font-weight: 400;\">Els prove\u00efdors amb els quals el centre col\u00b7labora s\u00f3n avaluats i homologats anualment segons el seg\u00fcent:<\/p>\n<p style=\"font-weight: 400;\">o\u00a0\u00a0\u00a0\u00a0Preus i condicions econ\u00f2miques<\/p>\n<p style=\"font-weight: 400;\">o\u00a0\u00a0\u00a0\u00a0Facilitat de compra<\/p>\n<p style=\"font-weight: 400;\">o\u00a0\u00a0\u00a0\u00a0Atenci\u00f3 al client<\/p>\n<p style=\"font-weight: 400;\">o\u00a0\u00a0\u00a0\u00a0Qualitat del producte o servei<\/p>\n<p style=\"font-weight: 400;\">Aquests criteris seran revisats en la mesura que el centre cregui convenient.<\/p>\n","protected":false},"excerpt":{"rendered":"<p>Homologaci\u00f3 de prove\u00efdors Els prove\u00efdors amb els quals el centre col\u00b7labora s\u00f3n avaluats i homologats anualment segons el seg\u00fcent: o\u00a0\u00a0\u00a0\u00a0Preus i condicions econ\u00f2miques o\u00a0\u00a0\u00a0\u00a0Facilitat de compra o\u00a0\u00a0\u00a0\u00a0Atenci\u00f3 al client o\u00a0\u00a0\u00a0\u00a0Qualitat del producte o servei Aquests criteris seran revisats en la mesura que el centre cregui convenient.<\/p>\n","protected":false},"author":1,"featured_media":0,"parent":19,"menu_order":71,"comment_status":"closed","ping_status":"closed","template":"page-templates\/side-menu.php","meta":{"_bbp_topic_count":0,"_bbp_reply_count":0,"_bbp_total_topic_count":0,"_bbp_total_reply_count":0,"_bbp_voice_count":0,"_bbp_anonymous_reply_count":0,"_bbp_topic_count_hidden":0,"_bbp_reply_count_hidden":0,"_bbp_forum_subforum_count":0,"site-sidebar-layout":"default","site-content-layout":"","ast-site-content-layout":"default","site-content-style":"default","site-sidebar-style":"default","ast-global-header-display":"","ast-banner-title-visibility":"","ast-main-header-display":"","ast-hfb-above-header-display":"","ast-hfb-below-header-display":"","ast-hfb-mobile-header-display":"","site-post-title":"","ast-breadcrumbs-content":"","ast-featured-img":"","footer-sml-layout":"","theme-transparent-header-meta":"","adv-header-id-meta":"","stick-header-meta":"","header-above-stick-meta":"","header-main-stick-meta":"","header-below-stick-meta":"","astra-migrate-meta-layouts":"set","ast-page-background-enabled":"default","ast-page-background-meta":{"desktop":{"background-color":"var(--ast-global-color-4)","background-image":"","background-repeat":"repeat","background-position":"center center","background-size":"auto","background-attachment":"scroll","background-type":"","background-media":"","overlay-type":"","overlay-color":"","overlay-opacity":"","overlay-gradient":""},"tablet":{"background-color":"","background-image":"","background-repeat":"repeat","background-position":"center center","background-size":"auto","background-attachment":"scroll","background-type":"","background-media":"","overlay-type":"","overlay-color":"","overlay-opacity":"","overlay-gradient":""},"mobile":{"background-color":"","background-image":"","background-repeat":"repeat","background-position":"center center","background-size":"auto","background-attachment":"scroll","background-type":"","background-media":"","overlay-type":"","overlay-color":"","overlay-opacity":"","overlay-gradient":""}},"ast-content-background-meta":{"desktop":{"background-color":"var(--ast-global-color-5)","background-image":"","background-repeat":"repeat","background-position":"center center","background-size":"auto","background-attachment":"scroll","background-type":"","background-media":"","overlay-type":"","overlay-color":"","overlay-opacity":"","overlay-gradient":""},"tablet":{"background-color":"var(--ast-global-color-5)","background-image":"","background-repeat":"repeat","background-position":"center center","background-size":"auto","background-attachment":"scroll","background-type":"","background-media":"","overlay-type":"","overlay-color":"","overlay-opacity":"","overlay-gradient":""},"mobile":{"background-color":"var(--ast-global-color-5)","background-image":"","background-repeat":"repeat","background-position":"center center","background-size":"auto","background-attachment":"scroll","background-type":"","background-media":"","overlay-type":"","overlay-color":"","overlay-opacity":"","overlay-gradient":""}},"footnotes":""},"class_list":["post-12936","page","type-page","status-publish","hentry"],"post_mailing_queue_ids":[],"_links":{"self":[{"href":"https:\/\/agora.xtec.cat\/ies-olivar-gran\/wp-json\/wp\/v2\/pages\/12936","targetHints":{"allow":["GET"]}}],"collection":[{"href":"https:\/\/agora.xtec.cat\/ies-olivar-gran\/wp-json\/wp\/v2\/pages"}],"about":[{"href":"https:\/\/agora.xtec.cat\/ies-olivar-gran\/wp-json\/wp\/v2\/types\/page"}],"author":[{"embeddable":true,"href":"https:\/\/agora.xtec.cat\/ies-olivar-gran\/wp-json\/wp\/v2\/users\/1"}],"replies":[{"embeddable":true,"href":"https:\/\/agora.xtec.cat\/ies-olivar-gran\/wp-json\/wp\/v2\/comments?post=12936"}],"version-history":[{"count":3,"href":"https:\/\/agora.xtec.cat\/ies-olivar-gran\/wp-json\/wp\/v2\/pages\/12936\/revisions"}],"predecessor-version":[{"id":14844,"href":"https:\/\/agora.xtec.cat\/ies-olivar-gran\/wp-json\/wp\/v2\/pages\/12936\/revisions\/14844"}],"up":[{"embeddable":true,"href":"https:\/\/agora.xtec.cat\/ies-olivar-gran\/wp-json\/wp\/v2\/pages\/19"}],"wp:attachment":[{"href":"https:\/\/agora.xtec.cat\/ies-olivar-gran\/wp-json\/wp\/v2\/media?parent=12936"}],"curies":[{"name":"wp","href":"https:\/\/api.w.org\/{rel}","templated":true}]}}