{"id":1228,"date":"2020-06-09T03:10:54","date_gmt":"2020-06-09T01:10:54","guid":{"rendered":"https:\/\/agora.xtec.cat\/ies-olivar-gran\/?page_id=1228"},"modified":"2025-04-04T12:00:03","modified_gmt":"2025-04-04T10:00:03","slug":"prova-obtencio-titol-graduat-eso-2","status":"publish","type":"page","link":"https:\/\/agora.xtec.cat\/ies-olivar-gran\/secretaria\/prova-obtencio-titol-graduat-eso-2\/","title":{"rendered":"Prova obtenci\u00f3 t\u00edtol graduat ESO"},"content":{"rendered":"<h3><strong><span style=\"color: #000000;\">Proves anuals per completar els ensenyaments d&#8217;ESO<\/span><\/strong><\/h3>\n<p style=\"text-align: justify;\"><span style=\"color: #000000;\">Cada any es convoquen proves per a l&#8217;obtenci\u00f3 del t\u00edtol de graduat en educaci\u00f3 secund\u00e0ria obligat\u00f2ria (GESO), per als alumnes que no l&#8217;hagin obtingut en finalitzar l&#8217;etapa. En aquest apartat hi trobareu tota la informaci\u00f3 necess\u00e0ria per a l&#8217;organitzaci\u00f3 d&#8217;aquestes proves.\u00a0<\/span><\/p>\n<p style=\"text-align: justify;\"><span style=\"color: #000000;\"><strong>Centre de realitzaci\u00f3 de les proves<\/strong><\/span><\/p>\n<p style=\"text-align: justify;\"><span style=\"color: #000000;\">El centre sempre ha de ser aquell on es troba l\u2019expedient de l\u2019alumne o alumna.\u00a0<\/span><\/p>\n<p style=\"text-align: justify;\"><span style=\"color: #000000;\">Es recomana que, amb prou antelaci\u00f3, el centre es posi en contacte amb tots els alumnes que van finalitzar l\u2019ESO l\u2019any 2022 o 2023 i no van obtenir el t\u00edtol perqu\u00e8 tenien pendents de qualificaci\u00f3 positiva un m\u00e0xim de cinc mat\u00e8ries. Cal informar-los sobre la possibilitat de conc\u00f3rrer a la prova, aix\u00ed com sobre el calendari i la documentaci\u00f3 que cal presentar.<\/span><\/p>\n<p>&nbsp;<\/p>\n<p><strong><span style=\"color: #000000;\">Alumnes que poden presentar-s&#8217;hi<\/span><\/strong><\/p>\n<ol style=\"text-align: justify;\" start=\"1\" type=\"1\">\n<li style=\"text-align: justify;\">Els alumnes han de complir els dos\u00a0requisits seg\u00fcents per poder presentar-se a aquesta prova l\u2019any 2025:1.\u00a0T\u200benir almenys 18 anys o complir-los dins de l&#8217;any 2025. L\u2019edat requerida es podr\u00e0 rebaixar fins als setze anys sempre que l\u2019alumne o alumna compleixi alguna de les condicions seg\u00fcents:<br \/>\n<blockquote><p>\u00a0&#8211; Tenir un contracte laboral que l\u2019impedeixi assistir al centre en r\u00e8gim ordinari.<\/p>\n<p>&#8211; Trobar-se en proc\u00e9s d&#8217;obtenci\u00f3 d&#8217;un perm\u00eds de treball.<\/p>\n<p>&#8211;\u00a0Ser esportista d&#8217;alt rendiment. En aquest cas, caldr\u00e0 presentar una certifica\u200bci\u00f3 del Consell Catal\u00e0 de l\u2019Esport que acrediti que aquests esportistes figuren en el programa de tecnificaci\u00f3 (ARC) de la federaci\u00f3 catalana corresponent.<\/p>\n<p>&#8211; Tenir un exp\u200bedient d\u2019homologaci\u00f3 obert d\u2019estudis estrangers al t\u00edtol de GESO.<\/p><\/blockquote>\n<p>2.\u00a0Haver finalitzat l\u2019ESO l\u2019any 2023 o 2024 sense haver obtingut el t\u00edtol o haver finalitzat l\u2019equivalent del quart curs de l\u2019educaci\u00f3 secund\u00e0ria obligat\u00f2ria en un sistema educatiu estranger amb mat\u00e8ries amb avaluaci\u00f3 negativa en cursos anteriors.<\/p>\n<p>De manera excepcional, tamb\u00e9 s&#8217;hi poden acollir alumnes amb informe de reconeixement de necessitats educatives especials, em\u00e8s per l&#8217;equip d&#8217;assessorament psicopedag\u00f2gic (EAP), per als quals es va elaborar un pla de suport individualitzat durant el per\u00edode compr\u00e8s entre els cursos 2017-2018 i 2022-2023.<\/p>\n<p>En aplicaci\u00f3 d\u2019aquests requisits, queden exclosos de la prova els alumnes inscrits per repetir quart d\u2019ESO en el present curs 2024-2025.<\/p>\n<p>D\u2019altra banda, els alumnes que estan matriculats en ensenyaments d&#8217;adults o a l&#8217;Institut Obert de Catalunya hi poden conc\u00f3rrer, sempre que compleixin els requisits abans esmentats.<\/li>\n<\/ol>\n<table style=\"height: 315px;\" width=\"740\">\n<tbody>\n<tr style=\"height: 33px;\">\n<td style=\"width: 366px; height: 33px;\">\n<h5><span style=\"color: #000000;\">Tasques<\/span><\/h5>\n<\/td>\n<td style=\"border-color: #000000; width: 366px; height: 33px; background-color: #abb2b9;\"><strong>Calendari 2025<\/strong><\/td>\n<\/tr>\n<tr style=\"height: 33px;\">\n<td style=\"width: 366px; height: 33px;\"><span style=\"font: 400 14px\/24px 'Lato',Helvetica,Arial,sans-serif; text-align: left; color: #000000; text-transform: none; text-indent: 0px; letter-spacing: normal; text-decoration: none; word-spacing: 0px; display: inline !important; white-space: normal; orphans: 2; float: none; -webkit-text-stroke-width: 0px; background-color: #ffffff;\">Publicaci\u00f3 al tauler d&#8217;anuncis del centre o al seu web dels continguts i els criteris d&#8217;avaluaci\u00f3 m\u00ednims exigibles per a la superaci\u00f3 de cadascuna de les mat\u00e8ries<\/span><\/td>\n<td style=\"width: 366px; height: 33px;\"><span style=\"font: 400 14px\/24px 'Lato',Helvetica,Arial,sans-serif; text-align: left; color: #000000; text-transform: none; text-indent: 0px; letter-spacing: normal; text-decoration: none; word-spacing: 0px; display: inline !important; white-space: normal; orphans: 2; float: none; -webkit-text-stroke-width: 0px; background-color: #ffffff;\">Abans d&#8217;obrir-se el per\u00edode d&#8217;inscripci\u00f3<\/span><\/td>\n<\/tr>\n<tr style=\"height: 33px;\">\n<td style=\"width: 366px; height: 33px;\"><span style=\"font: 400 14px\/24px 'Lato',Helvetica,Arial,sans-serif; text-align: left; color: #000000; text-transform: none; text-indent: 0px; letter-spacing: normal; text-decoration: none; word-spacing: 0px; display: inline !important; white-space: normal; orphans: 2; float: none; -webkit-text-stroke-width: 0px; background-color: #ffffff;\">Termini de presentaci\u00f3 de sol\u00b7licituds d&#8217;inscripci\u00f3<\/span><\/td>\n<td style=\"width: 366px; height: 33px;\">Entre el 3 i el 14 de febrer de 2025\u200b\u200b<\/td>\n<\/tr>\n<tr style=\"height: 33px;\">\n<td style=\"width: 366px; height: 33px;\"><span style=\"font: 400 14px\/24px 'Lato',Helvetica,Arial,sans-serif; text-align: left; color: #000000; text-transform: none; text-indent: 0px; letter-spacing: normal; text-decoration: none; word-spacing: 0px; display: inline !important; white-space: normal; orphans: 2; float: none; -webkit-text-stroke-width: 0px; background-color: #ffffff;\">Publicaci\u00f3 al tauler d\u2019anuncis del centre del calendari de les proves i de les llistes d&#8217;admesos i exclosos<\/span><\/td>\n<td style=\"width: 366px; height: 33px;\">Fins al\u00a03 de mar\u00e7 de 2025\u200b<\/td>\n<\/tr>\n<tr style=\"height: 33px;\">\n<td style=\"width: 366px; height: 33px;\"><span style=\"font: 400 14px\/24px 'Lato',Helvetica,Arial,sans-serif; text-align: left; color: #000000; text-transform: none; text-indent: 0px; letter-spacing: normal; text-decoration: none; word-spacing: 0px; display: inline !important; white-space: normal; orphans: 2; float: none; -webkit-text-stroke-width: 0px; background-color: #ffffff;\">Termini de presentaci\u00f3 de reclamacions a les llistes d&#8217;admesos i exclosos<\/span><\/td>\n<td style=\"width: 366px; height: 33px;\">Del 4 al 6 de mar\u00e7 de 2025<\/td>\n<\/tr>\n<tr style=\"height: 33px;\">\n<td style=\"width: 366px; height: 33px;\"><span style=\"font: 400 14px\/24px 'Lato',Helvetica,Arial,sans-serif; text-align: left; color: #000000; text-transform: none; text-indent: 0px; letter-spacing: normal; text-decoration: none; word-spacing: 0px; display: inline !important; white-space: normal; orphans: 2; float: none; -webkit-text-stroke-width: 0px; background-color: #ffffff;\">Realitzaci\u00f3 de les proves<\/span><\/td>\n<td style=\"width: 366px; height: 33px;\"><span style=\"font: 400 14px\/24px 'Lato',Helvetica,Arial,sans-serif; text-align: left; color: #000000; text-transform: none; text-indent: 0px; letter-spacing: normal; text-decoration: none; word-spacing: 0px; display: inline !important; white-space: normal; orphans: 2; float: none; -webkit-text-stroke-width: 0px; background-color: #ffffff;\">26 i 27 de mar\u00e7 de 2025<\/span><\/td>\n<\/tr>\n<tr>\n<td style=\"width: 366px;\">Relaci\u00f3 d\u2019alumnes presentats i de les qualificaci\u200bons obtingudes<span style=\"font: 400 14px\/24px 'Lato',Helvetica,Arial,sans-serif; text-align: left; color: #000000; text-transform: none; text-indent: 0px; letter-spacing: normal; text-decoration: none; word-spacing: 0px; display: inline !important; white-space: normal; orphans: 2; float: none; -webkit-text-stroke-width: 0px; background-color: #ffffff;\"><br \/>\n<\/span><\/td>\n<td style=\"width: 366px;\"><span style=\"font: 400 14px\/24px 'Lato',Helvetica,Arial,sans-serif; text-align: left; color: #000000; text-transform: none; text-indent: 0px; letter-spacing: normal; text-decoration: none; word-spacing: 0px; display: inline !important; white-space: normal; orphans: 2; float: none; -webkit-text-stroke-width: 0px; background-color: #ffffff;\">Deu dies lectius seg\u00fcents a la realitzaci\u00f3 de la prova<\/span><\/td>\n<\/tr>\n<tr>\n<td style=\"width: 366px;\">Termini de presentaci\u00f3 de reclamacions a les qualificacions obtingudes<\/td>\n<td style=\"width: 366px;\"><span style=\"font: 400 14px\/24px 'Lato',Helvetica,Arial,sans-serif; text-align: left; color: #000000; text-transform: none; text-indent: 0px; letter-spacing: normal; text-decoration: none; word-spacing: 0px; display: inline !important; white-space: normal; orphans: 2; float: none; -webkit-text-stroke-width: 0px; background-color: #ffffff;\">Durant els tres dies h\u00e0bils seg\u00fcents a la data d\u2019informaci\u00f3 dels resultats obtinguts<\/span><\/td>\n<\/tr>\n<tr>\n<td style=\"width: 366px;\">\u200bSi hi ha reclamacions, la direcci\u00f3 del centre convoca una reuni\u00f3 extraordin\u00e0ria de la sessi\u00f3 d\u2019avaluaci\u00f3<\/td>\n<td style=\"width: 366px;\"><span style=\"font: 400 14px\/24px 'Lato',Helvetica,Arial,sans-serif; text-align: left; color: #000000; text-transform: none; text-indent: 0px; letter-spacing: normal; text-decoration: none; word-spacing: 0px; display: inline !important; white-space: normal; orphans: 2; float: none; -webkit-text-stroke-width: 0px; background-color: #ffffff;\">En un termini de 48 hores despr\u00e9s que acabi el termini de presentaci\u00f3 de reclamacions\u200b<\/span><\/td>\n<\/tr>\n<\/tbody>\n<\/table>\n<p><span style=\"text-decoration: underline; color: #000000;\"><strong>CONTINGUTS I CRITERIS D&#8217;AVALUACI\u00d3 DE LES MAT\u00c8RIES:<\/strong><\/span><\/p>\n<table style=\"height: 592px; width: 50.0677%; border-collapse: collapse; border-style: solid; border-color: #ffffff;\">\n<tbody>\n<tr style=\"height: 32px;\">\n<td style=\"width: 50%; height: 32px; border-style: solid; border-color: #000000;\"><strong>MAT\u00c8RIA<\/strong><\/td>\n<td style=\"width: 50%; height: 32px; border-style: solid; border-color: #000000; background-color: #abb2b9;\"><\/td>\n<\/tr>\n<tr style=\"height: 48px;\">\n<td style=\"width: 50%; height: 48px; border-style: solid; border-color: #000000;\"><strong>Llengua Catalana i Lengua Castellana<\/strong><\/td>\n<td style=\"width: 50%; height: 48px; border-style: solid; border-color: #000000;\"><a href=\"https:\/\/agora.xtec.cat\/ies-olivar-gran\/wp-content\/uploads\/usu2116\/2025\/02\/CATALA-I-CASTELLA_CONTINGUTS-I-CRITERIS-PROVES-GESO-2025.pdf\" target=\"_blank\" rel=\"noopener\">BAIXA<\/a><\/td>\n<\/tr>\n<tr style=\"height: 32px;\">\n<td style=\"width: 50%; height: 32px; border-style: solid; border-color: #000000;\"><strong>Angl\u00e8s<\/strong><\/td>\n<td style=\"width: 50%; height: 32px; border-style: solid; border-color: #000000;\"><a href=\"https:\/\/agora.xtec.cat\/ies-olivar-gran\/wp-content\/uploads\/usu2116\/2025\/02\/ANGLES_CONTINGUTS-I-CRITERIS-PROVES-GESO-2025.pdf\" target=\"_blank\" rel=\"noopener\">BAIXA<\/a><\/td>\n<\/tr>\n<tr style=\"height: 32px;\">\n<td style=\"width: 50%; height: 32px; border-style: solid; border-color: #000000;\"><strong>Visual i Pl\u00e0stica<\/strong><\/td>\n<td style=\"width: 50%; height: 32px; border-style: solid; border-color: #000000;\"><a href=\"https:\/\/agora.xtec.cat\/ies-olivar-gran\/wp-content\/uploads\/usu2116\/2025\/02\/VISUAL-I-PLASTICA_CONTINGUTS-I-CRITERIS-PROVES-GESO-2025.pdf\" target=\"_blank\" rel=\"noopener\">BAIXA<\/a><\/td>\n<\/tr>\n<tr style=\"height: 32px;\">\n<td style=\"width: 50%; border-style: solid; border-color: #000000; height: 32px;\"><strong>Biologia i Geologia<\/strong><\/td>\n<td style=\"width: 50%; border-style: solid; border-color: #000000; height: 32px;\"><a href=\"https:\/\/agora.xtec.cat\/ies-olivar-gran\/wp-content\/uploads\/usu2116\/2025\/02\/BIOLOGIA-GEOLOGIA_CONTINGUTS-I-CRITERIS-PROVES-GESO-2025.pdf\" target=\"_blank\" rel=\"noopener\">BAIXA<\/a><\/td>\n<\/tr>\n<tr style=\"height: 32px;\">\n<td style=\"width: 50%; border-style: solid; border-color: #000000; height: 32px;\"><strong>Educaci\u00f3 f\u00edsica<\/strong><\/td>\n<td style=\"width: 50%; border-style: solid; border-color: #000000; height: 32px;\"><a href=\"https:\/\/agora.xtec.cat\/ies-olivar-gran\/wp-content\/uploads\/usu2116\/2025\/02\/EDUCACIO-FISICA_CONTINGUTS-I-CRITERIS-PROVES-GESO-2025.pdf\" target=\"_blank\" rel=\"noopener\">BAIXA<\/a><\/td>\n<\/tr>\n<tr style=\"height: 32px;\">\n<td style=\"width: 50%; border-style: solid; border-color: #000000; height: 32px;\"><strong>Emprenedoria<\/strong><\/td>\n<td style=\"width: 50%; border-style: solid; border-color: #000000; height: 32px;\"><a href=\"https:\/\/agora.xtec.cat\/ies-olivar-gran\/wp-content\/uploads\/usu2116\/2025\/02\/EMPRENEDORIA_CONTINGUTS-I-CRITERIS-PROVES-GESO-2025.pdf\" target=\"_blank\" rel=\"noopener\">BAIXA<\/a><\/td>\n<\/tr>\n<tr style=\"height: 32px;\">\n<td style=\"width: 50%; border-style: solid; border-color: #000000; height: 32px;\"><strong>F\u00edsica i Qu\u00edmica<\/strong><\/td>\n<td style=\"width: 50%; border-style: solid; border-color: #000000; height: 32px;\"><a href=\"https:\/\/agora.xtec.cat\/ies-olivar-gran\/wp-content\/uploads\/usu2116\/2025\/02\/FISICA-I-QUIMICA_CONTINGUTS-I-CRITERIS-PROVES-GESO-2025.pdf\" target=\"_blank\" rel=\"noopener\">BAIXA<\/a><\/td>\n<\/tr>\n<tr style=\"height: 32px;\">\n<td style=\"width: 50%; border-style: solid; border-color: #000000; height: 32px;\"><strong>Franc\u00e8s<\/strong><\/td>\n<td style=\"width: 50%; border-style: solid; border-color: #000000; height: 32px;\"><a href=\"https:\/\/agora.xtec.cat\/ies-olivar-gran\/wp-content\/uploads\/usu2116\/2025\/02\/FRANCES_CONTINGUTS-I-CRITERIS-PROVES-GESO-2025.pdf\" target=\"_blank\" rel=\"noopener\">BAIXA<\/a><\/td>\n<\/tr>\n<tr style=\"height: 32px;\">\n<td style=\"width: 50%; border-style: solid; border-color: #000000; height: 32px;\"><strong>Inform\u00e0tica<\/strong><\/td>\n<td style=\"width: 50%; border-style: solid; border-color: #000000; height: 32px;\"><a href=\"https:\/\/agora.xtec.cat\/ies-olivar-gran\/wp-content\/uploads\/usu2116\/2025\/02\/INFORMATICA_CONTINGUTS-I-CRITERIS-PROVES-GESO-2025.pdf\" target=\"_blank\" rel=\"noopener\">BAIXA<\/a><\/td>\n<\/tr>\n<tr style=\"height: 32px;\">\n<td style=\"width: 50%; border-style: solid; border-color: #000000; height: 32px;\"><strong>Llat\u00ed<\/strong><\/td>\n<td style=\"width: 50%; border-style: solid; border-color: #000000; height: 32px;\"><a href=\"https:\/\/agora.xtec.cat\/ies-olivar-gran\/wp-content\/uploads\/usu2116\/2025\/02\/LLATI_CONTINGUTS-I-CRITERIS-PROVES-GESO-2025.pdf\" target=\"_blank\" rel=\"noopener\">BAIXA<\/a><\/td>\n<\/tr>\n<tr style=\"height: 32px;\">\n<td style=\"width: 50%; border-style: solid; border-color: #000000; height: 32px;\"><strong>Matem\u00e0tiques<\/strong><\/td>\n<td style=\"width: 50%; border-style: solid; border-color: #000000; height: 32px;\"><a href=\"https:\/\/agora.xtec.cat\/ies-olivar-gran\/wp-content\/uploads\/usu2116\/2025\/02\/MATEMATIQUES_CONTINGUTS-I-CRITERIS-PROVES-GESO-2025.pdf\" target=\"_blank\" rel=\"noopener\">BAIXA<\/a><\/td>\n<\/tr>\n<tr style=\"height: 32px;\">\n<td style=\"width: 50%; border-style: solid; border-color: #000000; height: 32px;\"><strong>M\u00fasica<\/strong><\/td>\n<td style=\"width: 50%; border-style: solid; border-color: #000000; height: 32px;\"><a href=\"https:\/\/agora.xtec.cat\/ies-olivar-gran\/wp-content\/uploads\/usu2116\/2025\/02\/MUSICA_ARTS-ESCENICA_CONTINGUTS-I-CRITERIS-PROVES-GESO-2025.pdf\" target=\"_blank\" rel=\"noopener\">BAIXA<\/a><\/td>\n<\/tr>\n<tr style=\"height: 32px;\">\n<td style=\"width: 50%; border-style: solid; border-color: #000000; height: 32px;\"><strong>Religi\u00f3<\/strong><\/td>\n<td style=\"width: 50%; border-style: solid; border-color: #000000; height: 32px;\"><a href=\"https:\/\/agora.xtec.cat\/ies-olivar-gran\/wp-content\/uploads\/usu2116\/2025\/02\/RELIGIO_CONTINGUTS-I-CRITERIS-PROVES-GESO-2025.pdf\" target=\"_blank\" rel=\"noopener\">BAIXA<\/a><\/td>\n<\/tr>\n<tr style=\"height: 32px;\">\n<td style=\"width: 50%; border-style: solid; border-color: #000000; height: 32px;\"><strong>Tecnologia<\/strong><\/td>\n<td style=\"width: 50%; border-style: solid; border-color: #000000; height: 32px;\"><a href=\"https:\/\/agora.xtec.cat\/ies-olivar-gran\/wp-content\/uploads\/usu2116\/2025\/02\/TECNOLOGIA_CONTINGUTS-I-CRITERIS-PROVES-GESO-2025.pdf\" target=\"_blank\" rel=\"noopener\">BAIXA<\/a><\/td>\n<\/tr>\n<tr style=\"height: 32px;\">\n<td style=\"width: 50%; border-style: solid; border-color: #000000; height: 32px;\"><strong>Filosofia<\/strong><\/td>\n<td style=\"width: 50%; border-style: solid; border-color: #000000; height: 32px;\"><a href=\"https:\/\/agora.xtec.cat\/ies-olivar-gran\/wp-content\/uploads\/usu2116\/2025\/02\/GESO-FILOSOFIA.pdf\" target=\"_blank\" rel=\"noopener\">BAIXA<\/a><\/td>\n<\/tr>\n<tr style=\"height: 32px;\">\n<td style=\"width: 50%; border-style: solid; border-color: #000000; height: 32px;\"><strong>\u00c8tica<\/strong><\/td>\n<td style=\"width: 50%; border-style: solid; border-color: #000000; height: 32px;\"><a href=\"https:\/\/agora.xtec.cat\/ies-olivar-gran\/wp-content\/uploads\/usu2116\/2025\/02\/GESO-VALORS-ETICS.pdf\" target=\"_blank\" rel=\"noopener\">BAIXA<\/a><\/td>\n<\/tr>\n<tr style=\"height: 32px;\">\n<td style=\"width: 50%; border-style: solid; border-color: #000000; height: 32px;\"><strong>Ci\u00e8ncies Socials<\/strong><\/td>\n<td style=\"width: 50%; border-style: solid; border-color: #000000; height: 32px;\"><a href=\"https:\/\/agora.xtec.cat\/ies-olivar-gran\/wp-content\/uploads\/usu2116\/2025\/02\/CIENCIES-SOCIALS_CONTINGUTS-I-CRITERIS-PROVES-GESO-2025.pdf\" target=\"_blank\" rel=\"noopener\">BAIXA<\/a><\/td>\n<\/tr>\n<\/tbody>\n<\/table>\n<p><span style=\"text-decoration: underline; color: #000000;\"><strong>MATERIAL QUE CAL PORTAR:<\/strong><\/span><\/p>\n<ul>\n<li>\n<div class=\"gmail_default\"><b>Visual i Pl\u00e0stica<\/b><\/div>\n<div class=\"gmail_default\"><span style=\"font-family: georgia, serif;\">&#8211; Joc d&#8217;escaires<\/span><\/div>\n<p><span style=\"font-family: georgia, serif;\">&#8211; Comp\u00e0s<br \/>\n&#8211; llapis de dibuix, goma, maquineta<br \/>\n&#8211; Retoladors de colors (hi ha d&#8217;haver els 3 colors primaris com a m\u00ednim)<br \/>\n&#8211; Llapis de colors (hi ha d&#8217;haver els 3 colors primaris com a m\u00ednim)<\/span><\/li>\n<\/ul>\n<p>Llistat admesos i exclosos: <a href=\"https:\/\/agora.xtec.cat\/ies-olivar-gran\/wp-content\/uploads\/usu2116\/2025\/02\/Llista-admesos.doc\" target=\"_blank\" rel=\"noopener\">BAIXA<\/a><\/p>\n<p>Calendari de les proves: <a href=\"https:\/\/agora.xtec.cat\/ies-olivar-gran\/wp-content\/uploads\/usu2116\/2025\/02\/Dies-i-hores-examen.docx\" target=\"_blank\" rel=\"noopener\">BAIXA<\/a><\/p>\n<p>Orientacions sobre la prova: <a href=\"https:\/\/agora.xtec.cat\/ies-olivar-gran\/wp-content\/uploads\/usu2116\/2025\/01\/20250115-Orientacions-prova-obtencio-GESO.pdf\" target=\"_blank\" rel=\"noopener\">BAIXA<\/a><\/p>\n<p><a href=\"https:\/\/agora.xtec.cat\/ies-olivar-gran\/wp-content\/uploads\/usu2116\/2025\/04\/Resultats-proves-per-a-lobtencio-del-titol-de-graduada-en-ESO-curs-24-25.pdf\" target=\"_blank\" rel=\"noopener\">Resultats proves ESO 24-25<\/a><\/p>\n<p><span style=\"text-decoration: underline;\"><strong>CALENDARI DE LES PROVES<\/strong><\/span><\/p>\n<p><strong>Dimecres 26 de mar\u00e7\u00a0<\/strong><\/p>\n<p><strong>Dijous 27 de mar\u00e7<\/strong><\/p>\n<p><strong>Lloc: Aula del centre<\/strong><\/p>\n<p><span style=\"color: #000000;\">Per a m\u00e9s informaci\u00f3, podeu consultar la p\u00e0gina web del Departament d&#8217;Ensenyament clicant a la seg\u00fcent imatge:<\/span><\/p>\n<p><img loading=\"lazy\" decoding=\"async\" class=\"size-medium wp-image-12488 alignleft\" src=\"https:\/\/agora.xtec.cat\/ies-olivar-gran\/wp-content\/uploads\/usu2116\/2024\/08\/educacio_h2-300x63.jpg\" alt=\"\" width=\"300\" height=\"63\" srcset=\"https:\/\/agora.xtec.cat\/ies-olivar-gran\/wp-content\/uploads\/usu2116\/2024\/08\/educacio_h2-300x63.jpg 300w, https:\/\/agora.xtec.cat\/ies-olivar-gran\/wp-content\/uploads\/usu2116\/2024\/08\/educacio_h2.jpg 701w\" sizes=\"auto, (max-width: 300px) 100vw, 300px\" \/><\/p>\n<p>&nbsp;<\/p>\n<p>&nbsp;<\/p>\n<p>&nbsp;<\/p>\n<p>&nbsp;<\/p>\n","protected":false},"excerpt":{"rendered":"<p>Proves anuals per completar els ensenyaments d&#8217;ESO Cada any es convoquen proves per a l&#8217;obtenci\u00f3 del t\u00edtol de graduat en educaci\u00f3 secund\u00e0ria obligat\u00f2ria (GESO), per als alumnes que no l&#8217;hagin obtingut en finalitzar l&#8217;etapa. En aquest apartat hi trobareu tota la informaci\u00f3 necess\u00e0ria per a l&#8217;organitzaci\u00f3 d&#8217;aquestes proves.\u00a0 Centre de realitzaci\u00f3 de les proves El [&hellip;]<\/p>\n","protected":false},"author":1,"featured_media":0,"parent":81,"menu_order":10,"comment_status":"closed","ping_status":"closed","template":"page-templates\/side-menu.php","meta":{"_bbp_topic_count":0,"_bbp_reply_count":0,"_bbp_total_topic_count":0,"_bbp_total_reply_count":0,"_bbp_voice_count":0,"_bbp_anonymous_reply_count":0,"_bbp_topic_count_hidden":0,"_bbp_reply_count_hidden":0,"_bbp_forum_subforum_count":0,"site-sidebar-layout":"default","site-content-layout":"","ast-site-content-layout":"","site-content-style":"default","site-sidebar-style":"default","ast-global-header-display":"","ast-banner-title-visibility":"","ast-main-header-display":"","ast-hfb-above-header-display":"","ast-hfb-below-header-display":"","ast-hfb-mobile-header-display":"","site-post-title":"","ast-breadcrumbs-content":"","ast-featured-img":"","footer-sml-layout":"","theme-transparent-header-meta":"","adv-header-id-meta":"","stick-header-meta":"","header-above-stick-meta":"","header-main-stick-meta":"","header-below-stick-meta":"","astra-migrate-meta-layouts":"default","ast-page-background-enabled":"default","ast-page-background-meta":{"desktop":{"background-color":"var(--ast-global-color-4)","background-image":"","background-repeat":"repeat","background-position":"center center","background-size":"auto","background-attachment":"scroll","background-type":"","background-media":"","overlay-type":"","overlay-color":"","overlay-opacity":"","overlay-gradient":""},"tablet":{"background-color":"","background-image":"","background-repeat":"repeat","background-position":"center center","background-size":"auto","background-attachment":"scroll","background-type":"","background-media":"","overlay-type":"","overlay-color":"","overlay-opacity":"","overlay-gradient":""},"mobile":{"background-color":"","background-image":"","background-repeat":"repeat","background-position":"center center","background-size":"auto","background-attachment":"scroll","background-type":"","background-media":"","overlay-type":"","overlay-color":"","overlay-opacity":"","overlay-gradient":""}},"ast-content-background-meta":{"desktop":{"background-color":"var(--ast-global-color-5)","background-image":"","background-repeat":"repeat","background-position":"center center","background-size":"auto","background-attachment":"scroll","background-type":"","background-media":"","overlay-type":"","overlay-color":"","overlay-opacity":"","overlay-gradient":""},"tablet":{"background-color":"var(--ast-global-color-5)","background-image":"","background-repeat":"repeat","background-position":"center center","background-size":"auto","background-attachment":"scroll","background-type":"","background-media":"","overlay-type":"","overlay-color":"","overlay-opacity":"","overlay-gradient":""},"mobile":{"background-color":"var(--ast-global-color-5)","background-image":"","background-repeat":"repeat","background-position":"center center","background-size":"auto","background-attachment":"scroll","background-type":"","background-media":"","overlay-type":"","overlay-color":"","overlay-opacity":"","overlay-gradient":""}},"footnotes":""},"class_list":["post-1228","page","type-page","status-publish","hentry"],"post_mailing_queue_ids":[],"_links":{"self":[{"href":"https:\/\/agora.xtec.cat\/ies-olivar-gran\/wp-json\/wp\/v2\/pages\/1228","targetHints":{"allow":["GET"]}}],"collection":[{"href":"https:\/\/agora.xtec.cat\/ies-olivar-gran\/wp-json\/wp\/v2\/pages"}],"about":[{"href":"https:\/\/agora.xtec.cat\/ies-olivar-gran\/wp-json\/wp\/v2\/types\/page"}],"author":[{"embeddable":true,"href":"https:\/\/agora.xtec.cat\/ies-olivar-gran\/wp-json\/wp\/v2\/users\/1"}],"replies":[{"embeddable":true,"href":"https:\/\/agora.xtec.cat\/ies-olivar-gran\/wp-json\/wp\/v2\/comments?post=1228"}],"version-history":[{"count":7,"href":"https:\/\/agora.xtec.cat\/ies-olivar-gran\/wp-json\/wp\/v2\/pages\/1228\/revisions"}],"predecessor-version":[{"id":13412,"href":"https:\/\/agora.xtec.cat\/ies-olivar-gran\/wp-json\/wp\/v2\/pages\/1228\/revisions\/13412"}],"up":[{"embeddable":true,"href":"https:\/\/agora.xtec.cat\/ies-olivar-gran\/wp-json\/wp\/v2\/pages\/81"}],"wp:attachment":[{"href":"https:\/\/agora.xtec.cat\/ies-olivar-gran\/wp-json\/wp\/v2\/media?parent=1228"}],"curies":[{"name":"wp","href":"https:\/\/api.w.org\/{rel}","templated":true}]}}