{"id":11425,"date":"2024-01-27T15:27:28","date_gmt":"2024-01-27T14:27:28","guid":{"rendered":"https:\/\/agora.xtec.cat\/ies-olivar-gran\/?page_id=11425"},"modified":"2026-01-08T11:26:29","modified_gmt":"2026-01-08T10:26:29","slug":"objectes-perduts","status":"publish","type":"page","link":"https:\/\/agora.xtec.cat\/ies-olivar-gran\/objectes-perduts\/","title":{"rendered":"Objectes perduts"},"content":{"rendered":"\n<p>Per reclamar un objecte perdut cal enviar un correu a la seg\u00fcent adre\u00e7a: <a href=\"mailto:consergeria@olivargran.cat\">consergeria@olivargran.cat<\/a> i cal incloure la seg\u00fcent informaci\u00f3:<\/p>\n\n\n\n<ul class=\"wp-block-list\">\n<li>Noms i cognoms de l&#8217;alumne\/a<\/li>\n\n\n\n<li>Curs i classe<\/li>\n\n\n\n<li>N\u00famero de codi de l&#8217;objecte (el trobaran a les fotografies)<\/li>\n<\/ul>\n\n\n\n<figure class=\"wp-block-table\"><table class=\"has-fixed-layout\"><tbody><tr><td class=\"has-text-align-center\" data-align=\"center\"><a href=\"https:\/\/drive.google.com\/drive\/folders\/1I5Tgun8qcdhxi98EB_Zv9lspREyTDKvD?usp=sharing\" target=\"_blank\" rel=\"noopener\"><span style=\"text-decoration: underline;\"><span style=\"font-size: 14pt;\"><strong>JAQUETES<\/strong><\/span><\/span><\/a><\/td><td class=\"has-text-align-center\" data-align=\"center\"><a href=\"https:\/\/drive.google.com\/drive\/folders\/1xJKUr_4QkrWkZN6qZfmsNDtW1eTT8YD9?usp=sharing\" target=\"_blank\" rel=\"noopener\"><span style=\"text-decoration: underline; font-size: 14pt;\"><strong>DESSUOADORES \/ JERSEIS<\/strong><\/span><\/a><\/td><td class=\"has-text-align-center\" data-align=\"center\"><a href=\"https:\/\/drive.google.com\/drive\/folders\/1nfcwgVt2lhv3veu4QRS6n25tAQqXk_sr?usp=sharing\" target=\"_blank\" rel=\"noopener\"><span style=\"text-decoration: underline;\"><strong><span style=\"font-size: 14pt;\">SAMARRETES<\/span><\/strong><\/span><\/a><\/td><\/tr><tr><td class=\"has-text-align-center\" data-align=\"center\"><a href=\"https:\/\/drive.google.com\/drive\/folders\/1pEzSs3uvYClsVNBT8PQlxuC-rttSYqnG?usp=sharing\" target=\"_blank\" rel=\"noopener\"><span style=\"text-decoration: underline;\"><strong><span style=\"font-size: 14pt;\">PANTALONS<\/span><\/strong><\/span><\/a><\/td><td class=\"has-text-align-center\" data-align=\"center\" colspan=\"2\"><a href=\"https:\/\/drive.google.com\/drive\/folders\/1qVmCJT3nA31II56drYYQTvZnNjn32EQW?usp=sharing\" target=\"_blank\" rel=\"noopener\"><span style=\"text-decoration: underline; font-size: 14pt;\"><strong>ALTRES COMPLEMENTS<\/strong><\/span><\/a><\/td><\/tr><\/tbody><\/table><\/figure>\n","protected":false},"excerpt":{"rendered":"<p>Per reclamar un objecte perdut cal enviar un correu a la seg\u00fcent adre\u00e7a: consergeria@olivargran.cat i cal incloure la seg\u00fcent informaci\u00f3: JAQUETES DESSUOADORES \/ JERSEIS SAMARRETES PANTALONS ALTRES COMPLEMENTS<\/p>\n","protected":false},"author":1,"featured_media":0,"parent":0,"menu_order":0,"comment_status":"closed","ping_status":"closed","template":"","meta":{"_bbp_topic_count":0,"_bbp_reply_count":0,"_bbp_total_topic_count":0,"_bbp_total_reply_count":0,"_bbp_voice_count":0,"_bbp_anonymous_reply_count":0,"_bbp_topic_count_hidden":0,"_bbp_reply_count_hidden":0,"_bbp_forum_subforum_count":0,"site-sidebar-layout":"default","site-content-layout":"","ast-site-content-layout":"default","site-content-style":"default","site-sidebar-style":"default","ast-global-header-display":"","ast-banner-title-visibility":"","ast-main-header-display":"","ast-hfb-above-header-display":"","ast-hfb-below-header-display":"","ast-hfb-mobile-header-display":"","site-post-title":"","ast-breadcrumbs-content":"","ast-featured-img":"","footer-sml-layout":"","theme-transparent-header-meta":"","adv-header-id-meta":"","stick-header-meta":"","header-above-stick-meta":"","header-main-stick-meta":"","header-below-stick-meta":"","astra-migrate-meta-layouts":"set","ast-page-background-enabled":"default","ast-page-background-meta":{"desktop":{"background-color":"var(--ast-global-color-4)","background-image":"","background-repeat":"repeat","background-position":"center center","background-size":"auto","background-attachment":"scroll","background-type":"","background-media":"","overlay-type":"","overlay-color":"","overlay-opacity":"","overlay-gradient":""},"tablet":{"background-color":"","background-image":"","background-repeat":"repeat","background-position":"center center","background-size":"auto","background-attachment":"scroll","background-type":"","background-media":"","overlay-type":"","overlay-color":"","overlay-opacity":"","overlay-gradient":""},"mobile":{"background-color":"","background-image":"","background-repeat":"repeat","background-position":"center center","background-size":"auto","background-attachment":"scroll","background-type":"","background-media":"","overlay-type":"","overlay-color":"","overlay-opacity":"","overlay-gradient":""}},"ast-content-background-meta":{"desktop":{"background-color":"var(--ast-global-color-5)","background-image":"","background-repeat":"repeat","background-position":"center center","background-size":"auto","background-attachment":"scroll","background-type":"","background-media":"","overlay-type":"","overlay-color":"","overlay-opacity":"","overlay-gradient":""},"tablet":{"background-color":"var(--ast-global-color-5)","background-image":"","background-repeat":"repeat","background-position":"center center","background-size":"auto","background-attachment":"scroll","background-type":"","background-media":"","overlay-type":"","overlay-color":"","overlay-opacity":"","overlay-gradient":""},"mobile":{"background-color":"var(--ast-global-color-5)","background-image":"","background-repeat":"repeat","background-position":"center center","background-size":"auto","background-attachment":"scroll","background-type":"","background-media":"","overlay-type":"","overlay-color":"","overlay-opacity":"","overlay-gradient":""}},"footnotes":""},"class_list":["post-11425","page","type-page","status-publish","hentry"],"post_mailing_queue_ids":[],"_links":{"self":[{"href":"https:\/\/agora.xtec.cat\/ies-olivar-gran\/wp-json\/wp\/v2\/pages\/11425","targetHints":{"allow":["GET"]}}],"collection":[{"href":"https:\/\/agora.xtec.cat\/ies-olivar-gran\/wp-json\/wp\/v2\/pages"}],"about":[{"href":"https:\/\/agora.xtec.cat\/ies-olivar-gran\/wp-json\/wp\/v2\/types\/page"}],"author":[{"embeddable":true,"href":"https:\/\/agora.xtec.cat\/ies-olivar-gran\/wp-json\/wp\/v2\/users\/1"}],"replies":[{"embeddable":true,"href":"https:\/\/agora.xtec.cat\/ies-olivar-gran\/wp-json\/wp\/v2\/comments?post=11425"}],"version-history":[{"count":6,"href":"https:\/\/agora.xtec.cat\/ies-olivar-gran\/wp-json\/wp\/v2\/pages\/11425\/revisions"}],"predecessor-version":[{"id":14460,"href":"https:\/\/agora.xtec.cat\/ies-olivar-gran\/wp-json\/wp\/v2\/pages\/11425\/revisions\/14460"}],"wp:attachment":[{"href":"https:\/\/agora.xtec.cat\/ies-olivar-gran\/wp-json\/wp\/v2\/media?parent=11425"}],"curies":[{"name":"wp","href":"https:\/\/api.w.org\/{rel}","templated":true}]}}