{"id":10693,"date":"2023-07-12T13:14:48","date_gmt":"2023-07-12T11:14:48","guid":{"rendered":"https:\/\/agora.xtec.cat\/ies-olivar-gran\/?page_id=10693"},"modified":"2026-01-08T11:31:55","modified_gmt":"2026-01-08T10:31:55","slug":"presentacio-reunions-informatives-families","status":"publish","type":"page","link":"https:\/\/agora.xtec.cat\/ies-olivar-gran\/presentacio-reunions-informatives-families\/","title":{"rendered":"Presentaci\u00f3 reunions informatives fam\u00edlies"},"content":{"rendered":"<p><strong>Documents curs 25-26<\/strong><\/p>\n<table style=\"width: 67.1908%; border-collapse: collapse; border-style: solid; border-color: #000000; height: 160px;\">\n<tbody>\n<tr style=\"height: 32px;\">\n<td style=\"width: 34.2749%; border-style: solid; border-color: #000000; height: 32px; text-align: center;\"><strong>PFI-PIP<\/strong><\/td>\n<td style=\"width: 80.9619%; border-style: solid; border-color: #000000; height: 32px; text-align: center;\">BAIXA LA PRESENTACI\u00d3<\/td>\n<\/tr>\n<tr style=\"height: 32px;\">\n<td style=\"width: 34.2749%; border-style: solid; border-color: #000000; height: 32px; text-align: center;\"><strong>CF GRAU B\u00c0SIC<\/strong><\/td>\n<td style=\"width: 80.9619%; border-style: solid; border-color: #000000; height: 32px; text-align: center;\">BAIXA LA PRESENTACI\u00d3<\/td>\n<\/tr>\n<tr style=\"height: 32px;\">\n<td style=\"width: 34.2749%; border-style: solid; border-color: #000000; height: 32px; text-align: center;\"><strong>1r ESO<\/strong><\/td>\n<td style=\"width: 80.9619%; border-style: solid; border-color: #000000; height: 32px; text-align: center;\">BAIXA LA PRESENTACI\u00d3<\/td>\n<\/tr>\n<tr style=\"height: 32px;\">\n<td style=\"width: 34.2749%; border-style: solid; border-color: #000000; height: 32px; text-align: center;\"><strong>IFE<\/strong><\/td>\n<td style=\"width: 80.9619%; border-style: solid; border-color: #000000; height: 32px; text-align: center;\">BAIXA LA PRESENTACI\u00d3<\/td>\n<\/tr>\n<\/tbody>\n<\/table>\n","protected":false},"excerpt":{"rendered":"<p>Documents curs 25-26 PFI-PIP BAIXA LA PRESENTACI\u00d3 CF GRAU B\u00c0SIC BAIXA LA PRESENTACI\u00d3 1r ESO BAIXA LA PRESENTACI\u00d3 IFE BAIXA LA PRESENTACI\u00d3<\/p>\n","protected":false},"author":1,"featured_media":0,"parent":0,"menu_order":0,"comment_status":"closed","ping_status":"closed","template":"","meta":{"_bbp_topic_count":0,"_bbp_reply_count":0,"_bbp_total_topic_count":0,"_bbp_total_reply_count":0,"_bbp_voice_count":0,"_bbp_anonymous_reply_count":0,"_bbp_topic_count_hidden":0,"_bbp_reply_count_hidden":0,"_bbp_forum_subforum_count":0,"site-sidebar-layout":"default","site-content-layout":"","ast-site-content-layout":"default","site-content-style":"default","site-sidebar-style":"default","ast-global-header-display":"","ast-banner-title-visibility":"","ast-main-header-display":"","ast-hfb-above-header-display":"","ast-hfb-below-header-display":"","ast-hfb-mobile-header-display":"","site-post-title":"","ast-breadcrumbs-content":"","ast-featured-img":"","footer-sml-layout":"","theme-transparent-header-meta":"","adv-header-id-meta":"","stick-header-meta":"","header-above-stick-meta":"","header-main-stick-meta":"","header-below-stick-meta":"","astra-migrate-meta-layouts":"set","ast-page-background-enabled":"default","ast-page-background-meta":{"desktop":{"background-color":"var(--ast-global-color-4)","background-image":"","background-repeat":"repeat","background-position":"center center","background-size":"auto","background-attachment":"scroll","background-type":"","background-media":"","overlay-type":"","overlay-color":"","overlay-opacity":"","overlay-gradient":""},"tablet":{"background-color":"","background-image":"","background-repeat":"repeat","background-position":"center center","background-size":"auto","background-attachment":"scroll","background-type":"","background-media":"","overlay-type":"","overlay-color":"","overlay-opacity":"","overlay-gradient":""},"mobile":{"background-color":"","background-image":"","background-repeat":"repeat","background-position":"center center","background-size":"auto","background-attachment":"scroll","background-type":"","background-media":"","overlay-type":"","overlay-color":"","overlay-opacity":"","overlay-gradient":""}},"ast-content-background-meta":{"desktop":{"background-color":"var(--ast-global-color-5)","background-image":"","background-repeat":"repeat","background-position":"center center","background-size":"auto","background-attachment":"scroll","background-type":"","background-media":"","overlay-type":"","overlay-color":"","overlay-opacity":"","overlay-gradient":""},"tablet":{"background-color":"var(--ast-global-color-5)","background-image":"","background-repeat":"repeat","background-position":"center center","background-size":"auto","background-attachment":"scroll","background-type":"","background-media":"","overlay-type":"","overlay-color":"","overlay-opacity":"","overlay-gradient":""},"mobile":{"background-color":"var(--ast-global-color-5)","background-image":"","background-repeat":"repeat","background-position":"center center","background-size":"auto","background-attachment":"scroll","background-type":"","background-media":"","overlay-type":"","overlay-color":"","overlay-opacity":"","overlay-gradient":""}},"footnotes":""},"class_list":["post-10693","page","type-page","status-publish","hentry"],"post_mailing_queue_ids":[],"_links":{"self":[{"href":"https:\/\/agora.xtec.cat\/ies-olivar-gran\/wp-json\/wp\/v2\/pages\/10693","targetHints":{"allow":["GET"]}}],"collection":[{"href":"https:\/\/agora.xtec.cat\/ies-olivar-gran\/wp-json\/wp\/v2\/pages"}],"about":[{"href":"https:\/\/agora.xtec.cat\/ies-olivar-gran\/wp-json\/wp\/v2\/types\/page"}],"author":[{"embeddable":true,"href":"https:\/\/agora.xtec.cat\/ies-olivar-gran\/wp-json\/wp\/v2\/users\/1"}],"replies":[{"embeddable":true,"href":"https:\/\/agora.xtec.cat\/ies-olivar-gran\/wp-json\/wp\/v2\/comments?post=10693"}],"version-history":[{"count":6,"href":"https:\/\/agora.xtec.cat\/ies-olivar-gran\/wp-json\/wp\/v2\/pages\/10693\/revisions"}],"predecessor-version":[{"id":14465,"href":"https:\/\/agora.xtec.cat\/ies-olivar-gran\/wp-json\/wp\/v2\/pages\/10693\/revisions\/14465"}],"wp:attachment":[{"href":"https:\/\/agora.xtec.cat\/ies-olivar-gran\/wp-json\/wp\/v2\/media?parent=10693"}],"curies":[{"name":"wp","href":"https:\/\/api.w.org\/{rel}","templated":true}]}}