{"id":1040,"date":"2020-06-08T03:24:10","date_gmt":"2020-06-08T01:24:10","guid":{"rendered":"https:\/\/agora.xtec.cat\/ies-olivar-gran\/?page_id=1040"},"modified":"2026-01-29T17:17:53","modified_gmt":"2026-01-29T16:17:53","slug":"sollicituds","status":"publish","type":"page","link":"https:\/\/agora.xtec.cat\/ies-olivar-gran\/secretaria\/sollicituds\/","title":{"rendered":"Sol\u00b7licituds"},"content":{"rendered":"<h3 lang=\"es-ES\" style=\"text-align: justify;\" align=\"CENTER\"><strong><span style=\"color: #000000;\">SOL\u00b7LICITUDS<\/span><\/strong><\/h3>\n<p lang=\"es-ES\" style=\"text-align: justify;\"><strong><u>Tramitaci\u00f3<\/u><\/strong><\/p>\n<p lang=\"es-ES\" style=\"text-align: justify;\">P<span style=\"color: #000000;\">er poder fer tr\u00e0mits a l\u2019Administraci\u00f3 del centre, com ara:<img loading=\"lazy\" decoding=\"async\" class=\"size-full wp-image-1278 alignright\" src=\"https:\/\/agora.xtec.cat\/ies-olivar-gran\/wp-content\/uploads\/usu2116\/2020\/06\/constancia.jpg\" alt=\"\" width=\"220\" height=\"222\" srcset=\"https:\/\/agora.xtec.cat\/ies-olivar-gran\/wp-content\/uploads\/usu2116\/2020\/06\/constancia.jpg 220w, https:\/\/agora.xtec.cat\/ies-olivar-gran\/wp-content\/uploads\/usu2116\/2020\/06\/constancia-150x150.jpg 150w\" sizes=\"auto, (max-width: 220px) 100vw, 220px\" \/><\/span><\/p>\n<blockquote>\n<ul>\n<li style=\"text-align: justify;\"><span style=\"color: #000000;\">Petici\u00f3 de convalidacions i exempcions al Batxillerat o a l&#8217;ESO<\/span><\/li>\n<li lang=\"es-ES\" style=\"text-align: justify;\"><span style=\"color: #000000;\">Petici\u00f3 d&#8217;exempci\u00f3 de l&#8217;FCT als Cicles Formatius<\/span><\/li>\n<li lang=\"es-ES\" style=\"text-align: justify;\"><span style=\"color: #000000;\">Petici\u00f3 alumne oient Batxillerat (nom\u00e9s a principi de curs)<\/span><\/li>\n<li lang=\"es-ES\" style=\"text-align: justify;\"><span style=\"color: #000000;\">Petici\u00f3 canvi mat\u00e8ries Batxillerat (nom\u00e9s a principi de curs)<\/span><\/li>\n<li lang=\"es-ES\" style=\"text-align: justify;\"><span style=\"color: #000000;\">Altres tr\u00e0mits gen\u00e8rics, reclamacions, queixes&#8230;\u00a0<\/span><\/li>\n<\/ul>\n<\/blockquote>\n<p>Disposeu del seg\u00fcent model de sol\u00b7licitud gen\u00e8rica:<\/p>\n<ul>\n<li><a href=\"https:\/\/agora.xtec.cat\/ies-olivar-gran\/wp-content\/uploads\/usu2116\/2026\/01\/Sol.licitud-generica-1_v2.pdf\" target=\"_blank\" rel=\"noopener\">Model de sol\u00b7licitud <\/a><span style=\"color: #999999;\">(PDF, 157 kB)<\/span><\/li>\n<\/ul>\n<p style=\"text-align: justify;\"><span style=\"color: #b01200; font-family: 'Lato',Helvetica,Arial,sans-serif;\"><span style=\"display: inline !important; float: none; background-color: #ffffff; color: #222222; cursor: text; direction: ltr; font-family: 'Helvetica Neue','Helvetica',Helvetica,Arial,sans-serif; font-size: 16px; font-style: normal; font-variant: normal; font-weight: 400; letter-spacing: normal; orphans: 2; text-align: left; text-decoration: none; text-indent: 0px; text-transform: none; -webkit-text-stroke-width: 0px; white-space: normal; word-spacing: 0px;\">Per tal de tramitar la sol\u00b7licitud de convalidaci\u00f3 de m\u00f2duls de Cicles Formatius, disposeu del seg\u00fcent model:\u00a0<\/span><\/span><\/p>\n<ul>\n<li><a href=\"https:\/\/agora.xtec.cat\/ies-olivar-gran\/wp-content\/uploads\/usu2116\/2020\/06\/Sol.licitud-de-convalidaci\u00f3-m\u00f2duls-CF.pdf\" target=\"_blank\" rel=\"noopener noreferrer\">Sol\u00b7licitud convalidaci\u00f3 de m\u00f2duls de Cicles Formatius<\/a> <span style=\"color: #999999;\">(PDF, 123 kB)<\/span><\/li>\n<\/ul>\n","protected":false},"excerpt":{"rendered":"<p>SOL\u00b7LICITUDS Tramitaci\u00f3 Per poder fer tr\u00e0mits a l\u2019Administraci\u00f3 del centre, com ara: Petici\u00f3 de convalidacions i exempcions al Batxillerat o a l&#8217;ESO Petici\u00f3 d&#8217;exempci\u00f3 de l&#8217;FCT als Cicles Formatius Petici\u00f3 alumne oient Batxillerat (nom\u00e9s a principi de curs) Petici\u00f3 canvi mat\u00e8ries Batxillerat (nom\u00e9s a principi de curs) Altres tr\u00e0mits gen\u00e8rics, reclamacions, queixes&#8230;\u00a0 Disposeu del seg\u00fcent [&hellip;]<\/p>\n","protected":false},"author":1,"featured_media":0,"parent":81,"menu_order":7,"comment_status":"closed","ping_status":"closed","template":"page-templates\/side-menu.php","meta":{"_bbp_topic_count":0,"_bbp_reply_count":0,"_bbp_total_topic_count":0,"_bbp_total_reply_count":0,"_bbp_voice_count":0,"_bbp_anonymous_reply_count":0,"_bbp_topic_count_hidden":0,"_bbp_reply_count_hidden":0,"_bbp_forum_subforum_count":0,"site-sidebar-layout":"default","site-content-layout":"","ast-site-content-layout":"default","site-content-style":"default","site-sidebar-style":"default","ast-global-header-display":"","ast-banner-title-visibility":"","ast-main-header-display":"","ast-hfb-above-header-display":"","ast-hfb-below-header-display":"","ast-hfb-mobile-header-display":"","site-post-title":"","ast-breadcrumbs-content":"","ast-featured-img":"","footer-sml-layout":"","theme-transparent-header-meta":"","adv-header-id-meta":"","stick-header-meta":"","header-above-stick-meta":"","header-main-stick-meta":"","header-below-stick-meta":"","astra-migrate-meta-layouts":"set","ast-page-background-enabled":"default","ast-page-background-meta":{"desktop":{"background-color":"var(--ast-global-color-4)","background-image":"","background-repeat":"repeat","background-position":"center center","background-size":"auto","background-attachment":"scroll","background-type":"","background-media":"","overlay-type":"","overlay-color":"","overlay-opacity":"","overlay-gradient":""},"tablet":{"background-color":"","background-image":"","background-repeat":"repeat","background-position":"center center","background-size":"auto","background-attachment":"scroll","background-type":"","background-media":"","overlay-type":"","overlay-color":"","overlay-opacity":"","overlay-gradient":""},"mobile":{"background-color":"","background-image":"","background-repeat":"repeat","background-position":"center center","background-size":"auto","background-attachment":"scroll","background-type":"","background-media":"","overlay-type":"","overlay-color":"","overlay-opacity":"","overlay-gradient":""}},"ast-content-background-meta":{"desktop":{"background-color":"var(--ast-global-color-5)","background-image":"","background-repeat":"repeat","background-position":"center center","background-size":"auto","background-attachment":"scroll","background-type":"","background-media":"","overlay-type":"","overlay-color":"","overlay-opacity":"","overlay-gradient":""},"tablet":{"background-color":"var(--ast-global-color-5)","background-image":"","background-repeat":"repeat","background-position":"center center","background-size":"auto","background-attachment":"scroll","background-type":"","background-media":"","overlay-type":"","overlay-color":"","overlay-opacity":"","overlay-gradient":""},"mobile":{"background-color":"var(--ast-global-color-5)","background-image":"","background-repeat":"repeat","background-position":"center center","background-size":"auto","background-attachment":"scroll","background-type":"","background-media":"","overlay-type":"","overlay-color":"","overlay-opacity":"","overlay-gradient":""}},"footnotes":""},"class_list":["post-1040","page","type-page","status-publish","hentry"],"post_mailing_queue_ids":[],"_links":{"self":[{"href":"https:\/\/agora.xtec.cat\/ies-olivar-gran\/wp-json\/wp\/v2\/pages\/1040","targetHints":{"allow":["GET"]}}],"collection":[{"href":"https:\/\/agora.xtec.cat\/ies-olivar-gran\/wp-json\/wp\/v2\/pages"}],"about":[{"href":"https:\/\/agora.xtec.cat\/ies-olivar-gran\/wp-json\/wp\/v2\/types\/page"}],"author":[{"embeddable":true,"href":"https:\/\/agora.xtec.cat\/ies-olivar-gran\/wp-json\/wp\/v2\/users\/1"}],"replies":[{"embeddable":true,"href":"https:\/\/agora.xtec.cat\/ies-olivar-gran\/wp-json\/wp\/v2\/comments?post=1040"}],"version-history":[{"count":4,"href":"https:\/\/agora.xtec.cat\/ies-olivar-gran\/wp-json\/wp\/v2\/pages\/1040\/revisions"}],"predecessor-version":[{"id":14618,"href":"https:\/\/agora.xtec.cat\/ies-olivar-gran\/wp-json\/wp\/v2\/pages\/1040\/revisions\/14618"}],"up":[{"embeddable":true,"href":"https:\/\/agora.xtec.cat\/ies-olivar-gran\/wp-json\/wp\/v2\/pages\/81"}],"wp:attachment":[{"href":"https:\/\/agora.xtec.cat\/ies-olivar-gran\/wp-json\/wp\/v2\/media?parent=1040"}],"curies":[{"name":"wp","href":"https:\/\/api.w.org\/{rel}","templated":true}]}}