{"id":1038,"date":"2020-06-08T03:23:40","date_gmt":"2020-06-08T01:23:40","guid":{"rendered":"https:\/\/agora.xtec.cat\/ies-olivar-gran\/?page_id=1038"},"modified":"2025-05-12T12:03:20","modified_gmt":"2025-05-12T10:03:20","slug":"titols","status":"publish","type":"page","link":"https:\/\/agora.xtec.cat\/ies-olivar-gran\/secretaria\/titols\/","title":{"rendered":"T\u00edtols"},"content":{"rendered":"<h3 lang=\"es-ES\" style=\"text-align: justify;\" align=\"CENTER\"><strong><span style=\"color: #000000;\">SOL\u00b7LICITUD I RECOLLIDA DE T\u00cdTOLS<\/span><\/strong><\/h3>\n<p><span style=\"text-decoration: underline; font-size: 14pt; color: #000000;\"><strong>CANVI DE NORMATIVA DE LA SOL\u00b7LICITUD DE T\u00cdTOLS (BATXILLERAT I\/O DUPLICATS O ACTUALTIZACI\u00d3 T\u00cdTOL D&#8217;ESO)<\/strong><\/span><\/p>\n<p style=\"text-align: justify;\"><span style=\"color: #000000;\"><u><strong>Sol\u00b7licitud<img loading=\"lazy\" decoding=\"async\" class=\"alignright wp-image-1271\" src=\"https:\/\/agora.xtec.cat\/ies-olivar-gran\/wp-content\/uploads\/usu2116\/2020\/06\/titols.jpg\" alt=\"\" width=\"350\" height=\"155\" srcset=\"https:\/\/agora.xtec.cat\/ies-olivar-gran\/wp-content\/uploads\/usu2116\/2020\/06\/titols.jpg 484w, https:\/\/agora.xtec.cat\/ies-olivar-gran\/wp-content\/uploads\/usu2116\/2020\/06\/titols-300x133.jpg 300w\" sizes=\"auto, (max-width: 350px) 100vw, 350px\" \/><\/strong><\/u><\/span><\/p>\n<ul>\n<li>Consulteu les instruccions per sol\u00b7licitar el vostre t\u00edtol en el seg\u00fcent enlla\u00e7: <strong><span style=\"text-decoration: underline;\"><a href=\"https:\/\/web.gencat.cat\/web\/shared\/OVT\/Departaments\/ENS\/TramitOVT\/tramitacio-titols\/instruccions-aplicacio.pdf\" target=\"_blank\" rel=\"noopener\">aqu\u00ed<\/a><\/span><\/strong>.<\/li>\n<li><span style=\"color: #000000;\">Els alumnes poden sol\u00b7licitar a trav\u00e9s del tr\u00e0mit en l\u00ednia que s&#8217;expedeix, \u00e9s dupliqui o s&#8217;actualitzi el seu t\u00edtol: <strong><span style=\"text-decoration: underline;\"><a style=\"color: #000000; text-decoration: underline;\" href=\"https:\/\/web.gencat.cat\/ca\/tramits\/tramits-temes\/titols-academics-no-universitaris?category=742b7874-a82c-11e3-a972-000c29052e2c\" target=\"_blank\" rel=\"noopener\">aqu\u00ed<\/a><\/span><\/strong>.\u00a0<\/span><\/li>\n<\/ul>\n","protected":false},"excerpt":{"rendered":"<p>SOL\u00b7LICITUD I RECOLLIDA DE T\u00cdTOLS CANVI DE NORMATIVA DE LA SOL\u00b7LICITUD DE T\u00cdTOLS (BATXILLERAT I\/O DUPLICATS O ACTUALTIZACI\u00d3 T\u00cdTOL D&#8217;ESO) Sol\u00b7licitud Consulteu les instruccions per sol\u00b7licitar el vostre t\u00edtol en el seg\u00fcent enlla\u00e7: aqu\u00ed. Els alumnes poden sol\u00b7licitar a trav\u00e9s del tr\u00e0mit en l\u00ednia que s&#8217;expedeix, \u00e9s dupliqui o s&#8217;actualitzi el seu t\u00edtol: aqu\u00ed.\u00a0<\/p>\n","protected":false},"author":1,"featured_media":0,"parent":81,"menu_order":6,"comment_status":"closed","ping_status":"closed","template":"page-templates\/side-menu.php","meta":{"_bbp_topic_count":0,"_bbp_reply_count":0,"_bbp_total_topic_count":0,"_bbp_total_reply_count":0,"_bbp_voice_count":0,"_bbp_anonymous_reply_count":0,"_bbp_topic_count_hidden":0,"_bbp_reply_count_hidden":0,"_bbp_forum_subforum_count":0,"site-sidebar-layout":"default","site-content-layout":"","ast-site-content-layout":"","site-content-style":"default","site-sidebar-style":"default","ast-global-header-display":"","ast-banner-title-visibility":"","ast-main-header-display":"","ast-hfb-above-header-display":"","ast-hfb-below-header-display":"","ast-hfb-mobile-header-display":"","site-post-title":"","ast-breadcrumbs-content":"","ast-featured-img":"","footer-sml-layout":"","theme-transparent-header-meta":"","adv-header-id-meta":"","stick-header-meta":"","header-above-stick-meta":"","header-main-stick-meta":"","header-below-stick-meta":"","astra-migrate-meta-layouts":"default","ast-page-background-enabled":"default","ast-page-background-meta":{"desktop":{"background-color":"var(--ast-global-color-4)","background-image":"","background-repeat":"repeat","background-position":"center center","background-size":"auto","background-attachment":"scroll","background-type":"","background-media":"","overlay-type":"","overlay-color":"","overlay-opacity":"","overlay-gradient":""},"tablet":{"background-color":"","background-image":"","background-repeat":"repeat","background-position":"center center","background-size":"auto","background-attachment":"scroll","background-type":"","background-media":"","overlay-type":"","overlay-color":"","overlay-opacity":"","overlay-gradient":""},"mobile":{"background-color":"","background-image":"","background-repeat":"repeat","background-position":"center center","background-size":"auto","background-attachment":"scroll","background-type":"","background-media":"","overlay-type":"","overlay-color":"","overlay-opacity":"","overlay-gradient":""}},"ast-content-background-meta":{"desktop":{"background-color":"var(--ast-global-color-5)","background-image":"","background-repeat":"repeat","background-position":"center center","background-size":"auto","background-attachment":"scroll","background-type":"","background-media":"","overlay-type":"","overlay-color":"","overlay-opacity":"","overlay-gradient":""},"tablet":{"background-color":"var(--ast-global-color-5)","background-image":"","background-repeat":"repeat","background-position":"center center","background-size":"auto","background-attachment":"scroll","background-type":"","background-media":"","overlay-type":"","overlay-color":"","overlay-opacity":"","overlay-gradient":""},"mobile":{"background-color":"var(--ast-global-color-5)","background-image":"","background-repeat":"repeat","background-position":"center center","background-size":"auto","background-attachment":"scroll","background-type":"","background-media":"","overlay-type":"","overlay-color":"","overlay-opacity":"","overlay-gradient":""}},"footnotes":""},"class_list":["post-1038","page","type-page","status-publish","hentry"],"post_mailing_queue_ids":[],"_links":{"self":[{"href":"https:\/\/agora.xtec.cat\/ies-olivar-gran\/wp-json\/wp\/v2\/pages\/1038","targetHints":{"allow":["GET"]}}],"collection":[{"href":"https:\/\/agora.xtec.cat\/ies-olivar-gran\/wp-json\/wp\/v2\/pages"}],"about":[{"href":"https:\/\/agora.xtec.cat\/ies-olivar-gran\/wp-json\/wp\/v2\/types\/page"}],"author":[{"embeddable":true,"href":"https:\/\/agora.xtec.cat\/ies-olivar-gran\/wp-json\/wp\/v2\/users\/1"}],"replies":[{"embeddable":true,"href":"https:\/\/agora.xtec.cat\/ies-olivar-gran\/wp-json\/wp\/v2\/comments?post=1038"}],"version-history":[{"count":6,"href":"https:\/\/agora.xtec.cat\/ies-olivar-gran\/wp-json\/wp\/v2\/pages\/1038\/revisions"}],"predecessor-version":[{"id":13543,"href":"https:\/\/agora.xtec.cat\/ies-olivar-gran\/wp-json\/wp\/v2\/pages\/1038\/revisions\/13543"}],"up":[{"embeddable":true,"href":"https:\/\/agora.xtec.cat\/ies-olivar-gran\/wp-json\/wp\/v2\/pages\/81"}],"wp:attachment":[{"href":"https:\/\/agora.xtec.cat\/ies-olivar-gran\/wp-json\/wp\/v2\/media?parent=1038"}],"curies":[{"name":"wp","href":"https:\/\/api.w.org\/{rel}","templated":true}]}}