{"id":1036,"date":"2020-06-08T03:23:12","date_gmt":"2020-06-08T01:23:12","guid":{"rendered":"https:\/\/agora.xtec.cat\/ies-olivar-gran\/?page_id=1036"},"modified":"2021-03-04T18:12:04","modified_gmt":"2021-03-04T17:12:04","slug":"certificats","status":"publish","type":"page","link":"https:\/\/agora.xtec.cat\/ies-olivar-gran\/secretaria\/certificats\/","title":{"rendered":"Certificats"},"content":{"rendered":"<h3><span style=\"color: #000000;\"><strong><span style=\"text-align: center; text-transform: none; line-height: normal; text-indent: 0px; letter-spacing: normal; font-family: 'Lato',Helvetica,Arial,sans-serif; font-size: 1.3em; font-style: normal; font-variant: normal; text-decoration: none; word-spacing: 0px; display: inline !important; white-space: normal; orphans: 2; float: none; -webkit-text-stroke-width: 0px; background-color: #ffffff;\">CERTIFICATS<\/span><\/strong><\/span><\/h3>\n<p lang=\"es-ES\" style=\"text-align: justify;\"><strong><u><span style=\"color: #000000;\">Tramitaci\u00f3<img loading=\"lazy\" decoding=\"async\" class=\"wp-image-1252 alignright\" src=\"https:\/\/agora.xtec.cat\/ies-olivar-gran\/wp-content\/uploads\/usu2116\/2020\/06\/certificats-1.png\" alt=\"\" width=\"350\" height=\"347\" srcset=\"https:\/\/agora.xtec.cat\/ies-olivar-gran\/wp-content\/uploads\/usu2116\/2020\/06\/certificats-1.png 410w, https:\/\/agora.xtec.cat\/ies-olivar-gran\/wp-content\/uploads\/usu2116\/2020\/06\/certificats-1-150x150.png 150w, https:\/\/agora.xtec.cat\/ies-olivar-gran\/wp-content\/uploads\/usu2116\/2020\/06\/certificats-1-300x297.png 300w\" sizes=\"auto, (max-width: 350px) 100vw, 350px\" \/><\/span><\/u><\/strong><\/p>\n<p lang=\"es-ES\" style=\"text-align: justify;\">L\u2019alumne\/a ha de passar per Administraci\u00f3 personalment o b\u00e9 demanar el certificat utilitzant el correu electr\u00f2nic <span id=\"correuEnc_d1c4fdbcb0c9ae1112453\"><a>administracio<span class=\"atwho-query\">@o<\/span>livargran.cat<\/a><\/span>. En aquest correu haur\u00e0 d\u2019indicar totes les seves dades personals <span style=\"color: #000000;\">(nom, cognoms, DNI, &#8230;), tipus de certificat que demana i de quins estudis.<\/span><\/p>\n<p lang=\"es-ES\" style=\"text-align: justify;\"><span style=\"color: #000000;\">Existeixen diversos tipus de certificats, els m\u00e9s habituals s\u00f3n:<\/span><\/p>\n<p lang=\"es-ES\" style=\"text-align: justify;\"><span style=\"color: #000000;\">\u00a0\u00a0\u00a0\u00a0 &#8211;\u00a0\u00a0\u00a0 Certificat de matr\u00edcula<\/span><br \/>\n<span style=\"color: #000000;\">\u00a0\u00a0\u00a0\u00a0 &#8211;\u00a0\u00a0\u00a0 Certificat de qualificacions<\/span><\/p>\n<p lang=\"es-ES\" style=\"text-align: justify;\"><span style=\"color: #000000;\">El certificat es podr\u00e0 recollir a Administraci\u00f3 dos dies despr\u00e9s d\u2019haver-lo sol\u00b7licitat.<\/span><\/p>\n<p lang=\"es-ES\">Per demanar el certificat de catal\u00e0 de nivell C1 heu d&#8217;anar al seg\u00fcent <a href=\"https:\/\/agora.xtec.cat\/ies-olivar-gran\/secretaria\/nivell-de-catala\/\">enlla\u00e7<\/a>.<\/p>\n<p lang=\"es-ES\" style=\"text-align: justify;\"><span style=\"color: #000000;\">Podeu descarregar-vos-el clicant a l&#8217;enlla\u00e7 seg\u00fcent:<\/span><\/p>\n<ul>\n<li lang=\"es-ES\"><a href=\"https:\/\/agora.xtec.cat\/ies-olivar-gran\/wp-content\/uploads\/usu2116\/2020\/06\/Sol.licitud-gen\u00e8rica.pdf\" target=\"_blank\" rel=\"noopener noreferrer\">Model de sol\u00b7licitud<\/a> <span style=\"color: #999999;\">(PDF, 157 kB)<\/span><\/li>\n<\/ul>\n","protected":false},"excerpt":{"rendered":"<p>CERTIFICATS Tramitaci\u00f3 L\u2019alumne\/a ha de passar per Administraci\u00f3 personalment o b\u00e9 demanar el certificat utilitzant el correu electr\u00f2nic administracio@olivargran.cat. En aquest correu haur\u00e0 d\u2019indicar totes les seves dades personals (nom, cognoms, DNI, &#8230;), tipus de certificat que demana i de quins estudis. Existeixen diversos tipus de certificats, els m\u00e9s habituals s\u00f3n: \u00a0\u00a0\u00a0\u00a0 &#8211;\u00a0\u00a0\u00a0 Certificat de [&hellip;]<\/p>\n","protected":false},"author":1,"featured_media":0,"parent":81,"menu_order":5,"comment_status":"closed","ping_status":"closed","template":"page-templates\/side-menu.php","meta":{"_bbp_topic_count":0,"_bbp_reply_count":0,"_bbp_total_topic_count":0,"_bbp_total_reply_count":0,"_bbp_voice_count":0,"_bbp_anonymous_reply_count":0,"_bbp_topic_count_hidden":0,"_bbp_reply_count_hidden":0,"_bbp_forum_subforum_count":0,"site-sidebar-layout":"default","site-content-layout":"","ast-site-content-layout":"","site-content-style":"default","site-sidebar-style":"default","ast-global-header-display":"","ast-banner-title-visibility":"","ast-main-header-display":"","ast-hfb-above-header-display":"","ast-hfb-below-header-display":"","ast-hfb-mobile-header-display":"","site-post-title":"","ast-breadcrumbs-content":"","ast-featured-img":"","footer-sml-layout":"","theme-transparent-header-meta":"","adv-header-id-meta":"","stick-header-meta":"","header-above-stick-meta":"","header-main-stick-meta":"","header-below-stick-meta":"","astra-migrate-meta-layouts":"default","ast-page-background-enabled":"default","ast-page-background-meta":{"desktop":{"background-color":"var(--ast-global-color-4)","background-image":"","background-repeat":"repeat","background-position":"center center","background-size":"auto","background-attachment":"scroll","background-type":"","background-media":"","overlay-type":"","overlay-color":"","overlay-opacity":"","overlay-gradient":""},"tablet":{"background-color":"","background-image":"","background-repeat":"repeat","background-position":"center center","background-size":"auto","background-attachment":"scroll","background-type":"","background-media":"","overlay-type":"","overlay-color":"","overlay-opacity":"","overlay-gradient":""},"mobile":{"background-color":"","background-image":"","background-repeat":"repeat","background-position":"center center","background-size":"auto","background-attachment":"scroll","background-type":"","background-media":"","overlay-type":"","overlay-color":"","overlay-opacity":"","overlay-gradient":""}},"ast-content-background-meta":{"desktop":{"background-color":"var(--ast-global-color-5)","background-image":"","background-repeat":"repeat","background-position":"center center","background-size":"auto","background-attachment":"scroll","background-type":"","background-media":"","overlay-type":"","overlay-color":"","overlay-opacity":"","overlay-gradient":""},"tablet":{"background-color":"var(--ast-global-color-5)","background-image":"","background-repeat":"repeat","background-position":"center center","background-size":"auto","background-attachment":"scroll","background-type":"","background-media":"","overlay-type":"","overlay-color":"","overlay-opacity":"","overlay-gradient":""},"mobile":{"background-color":"var(--ast-global-color-5)","background-image":"","background-repeat":"repeat","background-position":"center center","background-size":"auto","background-attachment":"scroll","background-type":"","background-media":"","overlay-type":"","overlay-color":"","overlay-opacity":"","overlay-gradient":""}},"footnotes":""},"class_list":["post-1036","page","type-page","status-publish","hentry"],"post_mailing_queue_ids":[],"_links":{"self":[{"href":"https:\/\/agora.xtec.cat\/ies-olivar-gran\/wp-json\/wp\/v2\/pages\/1036","targetHints":{"allow":["GET"]}}],"collection":[{"href":"https:\/\/agora.xtec.cat\/ies-olivar-gran\/wp-json\/wp\/v2\/pages"}],"about":[{"href":"https:\/\/agora.xtec.cat\/ies-olivar-gran\/wp-json\/wp\/v2\/types\/page"}],"author":[{"embeddable":true,"href":"https:\/\/agora.xtec.cat\/ies-olivar-gran\/wp-json\/wp\/v2\/users\/1"}],"replies":[{"embeddable":true,"href":"https:\/\/agora.xtec.cat\/ies-olivar-gran\/wp-json\/wp\/v2\/comments?post=1036"}],"version-history":[{"count":4,"href":"https:\/\/agora.xtec.cat\/ies-olivar-gran\/wp-json\/wp\/v2\/pages\/1036\/revisions"}],"predecessor-version":[{"id":4466,"href":"https:\/\/agora.xtec.cat\/ies-olivar-gran\/wp-json\/wp\/v2\/pages\/1036\/revisions\/4466"}],"up":[{"embeddable":true,"href":"https:\/\/agora.xtec.cat\/ies-olivar-gran\/wp-json\/wp\/v2\/pages\/81"}],"wp:attachment":[{"href":"https:\/\/agora.xtec.cat\/ies-olivar-gran\/wp-json\/wp\/v2\/media?parent=1036"}],"curies":[{"name":"wp","href":"https:\/\/api.w.org\/{rel}","templated":true}]}}