{"id":10099,"date":"2023-05-25T09:26:08","date_gmt":"2023-05-25T07:26:08","guid":{"rendered":"https:\/\/agora.xtec.cat\/ies-olivar-gran\/?page_id=10099"},"modified":"2023-06-22T10:56:01","modified_gmt":"2023-06-22T08:56:01","slug":"despeses-cicles-formatius-ife-i-cf-grau-basic","status":"publish","type":"page","link":"https:\/\/agora.xtec.cat\/ies-olivar-gran\/estudis\/cicles-formatius\/despeses-cicles-formatius-ife-i-cf-grau-basic\/","title":{"rendered":"Despeses Cicles Formatius, IFE i CF Grau B\u00e0sic"},"content":{"rendered":"<p><span style=\"text-decoration: underline; font-size: 14pt;\"><span style=\"color: #000000; font-family: 'arial black', sans-serif;\"><strong>DESPESES IFE:<\/strong><\/span><\/span><\/p>\n<table style=\"border-collapse: collapse; width: 100%; height: 32px;\">\n<tbody>\n<tr style=\"height: 32px;\">\n<td style=\"width: 33.3333%; height: 32px; border-style: solid; border-color: #000000; background-color: #f9e79f;\"><span style=\"font-size: 12pt;\"><strong>IFE<\/strong><\/span><\/td>\n<td style=\"width: 8.33335%; height: 32px; border-style: solid; border-color: #000000; text-align: center; background-color: #f9e79f;\"><a href=\"https:\/\/agora.xtec.cat\/ies-olivar-gran\/wp-content\/uploads\/usu2116\/2023\/06\/DESPESES-IFE-1r-curs.pdf\" target=\"_blank\" rel=\"noopener\"><strong>1r CURS<\/strong><\/a><\/td>\n<td style=\"width: 7.46212%; border-style: solid; border-color: #000000; text-align: center; background-color: #f9e79f;\"><a href=\"https:\/\/agora.xtec.cat\/ies-olivar-gran\/wp-content\/uploads\/usu2116\/2023\/06\/DESPESES-IFE_2n-curs_23_24_.pdf\" target=\"_blank\" rel=\"noopener\"><strong>2n CURS<\/strong><\/a><\/td>\n<td style=\"width: 8.48481%; border-style: solid; border-color: #000000; text-align: center; background-color: #f9e79f;\"><a href=\"https:\/\/agora.xtec.cat\/ies-olivar-gran\/wp-content\/uploads\/usu2116\/2023\/06\/DESPESES-IFE-3r-curs.pdf\" target=\"_blank\" rel=\"noopener\"><strong>3r CURS<\/strong><\/a><\/td>\n<td style=\"width: 25.7197%; height: 32px; border-style: solid; border-color: #ffffff; background-color: #ffffff;\"><\/td>\n<\/tr>\n<\/tbody>\n<\/table>\n<p><span style=\"text-decoration: underline; font-size: 14pt;\"><span style=\"color: #000000; font-family: 'arial black', sans-serif;\"><strong>DESPESES CF GRAU B\u00c0SIC<\/strong><\/span><\/span><\/p>\n<table style=\"border-collapse: collapse; width: 37.2065%;\">\n<tbody>\n<tr style=\"height: 32px;\">\n<td style=\"width: 66.5428%; height: 32px; border-style: solid; border-color: #000000; background-color: #f9e79f;\"><span style=\"font-size: 12pt;\"><strong>CF GRAU B\u00c0SIC<\/strong><\/span><\/td>\n<td style=\"width: 55.0186%; height: 32px; border-style: solid; border-color: #000000; text-align: center; background-color: #f9e79f;\"><a href=\"https:\/\/agora.xtec.cat\/ies-olivar-gran\/wp-content\/uploads\/usu2116\/2023\/05\/DESPESES-CICLE-FORMATIU-GRAU-BASIC-1r-i-2n.pdf\" target=\"_blank\" rel=\"noopener\"><strong>1r i 2n CURS<\/strong><\/a><\/td>\n<\/tr>\n<\/tbody>\n<\/table>\n<p><span style=\"text-decoration: underline; font-size: 14pt;\"><span style=\"color: #000000; font-family: 'arial black', sans-serif;\"><strong>DESPESES CICLES FORMATIUS DE GRAU MIG:<\/strong><\/span><\/span><\/p>\n<table style=\"height: 157px; width: 60.1137%; border-collapse: collapse; border-style: solid; border-color: #ffffff;\">\n<tbody>\n<tr style=\"height: 32px;\">\n<td style=\"width: 33.3333%; height: 32px; border-style: solid; border-color: #000000; background-color: #f7dc6f;\"><span style=\"font-size: 12pt;\"><strong>Cuina i Gastronomia<\/strong><\/span><\/td>\n<td style=\"width: 1.13636%; height: 32px; border-style: solid; border-color: #000000; background-color: #f7dc6f; text-align: center;\" colspan=\"2\"><a href=\"https:\/\/agora.xtec.cat\/ies-olivar-gran\/wp-content\/uploads\/usu2116\/2023\/05\/DESPESES-CUINA-I-GASTRONOMIA-5.pdf\" target=\"_blank\" rel=\"noopener\"><strong>CURS 23-24<\/strong><\/a><\/td>\n<\/tr>\n<tr style=\"height: 32px;\">\n<td style=\"width: 33.3333%; height: 32px; border-style: solid; border-color: #000000; background-color: #f1c40f;\"><span style=\"font-size: 12pt;\"><strong>Serveis en restauraci\u00f3<\/strong><\/span><\/td>\n<td style=\"width: 1.13636%; height: 32px; text-align: center; border-style: solid; border-color: #000000; background-color: #f1c40f;\" colspan=\"2\"><a href=\"https:\/\/agora.xtec.cat\/ies-olivar-gran\/wp-content\/uploads\/usu2116\/2023\/06\/DESPESES-SERVEIS-EN-RESTAURACIO-6_230614_222228.pdf\" target=\"_blank\" rel=\"noopener\"><strong>CURS 23-24<\/strong><\/a><\/td>\n<\/tr>\n<tr style=\"height: 32px;\">\n<td style=\"width: 33.3333%; height: 32px; border-style: solid; border-color: #000000; background-color: #b7950b;\"><span style=\"font-size: 12pt;\"><strong>Forneria, Pastisseria i Confiteria<\/strong><\/span><\/td>\n<td style=\"width: 1.13636%; height: 32px; text-align: center; border-style: solid; border-color: #000000; background-color: #b7950b;\" colspan=\"2\"><a href=\"https:\/\/agora.xtec.cat\/ies-olivar-gran\/wp-content\/uploads\/usu2116\/2023\/05\/DESPESES-CFGM-Forneria-pastisseria-i-confiteria-3.pdf\" target=\"_blank\" rel=\"noopener\"><strong>CURS 23-24<\/strong><\/a><\/td>\n<\/tr>\n<\/tbody>\n<\/table>\n<p><span style=\"text-decoration: underline; font-size: 14pt;\"><span style=\"color: #000000; font-family: 'arial black', sans-serif;\"><strong>DESPESES CICLES FORMATIUS DE GRAU SUPERIOR:<\/strong><\/span><\/span><\/p>\n<table style=\"width: 60.4545%; border-collapse: collapse; border-style: solid; border-color: #ffffff; height: 32px;\">\n<tbody>\n<tr style=\"height: 32px;\">\n<td style=\"width: 17.6678%; border-style: solid; border-color: #000000; background-color: #b7950b; height: 32px;\"><strong><span style=\"font-size: 12pt;\">Direcci\u00f3 de Cuina DUAL<\/span><\/strong><\/td>\n<td style=\"width: 9.45345%; border-style: solid; border-color: #000000; background-color: #b7950b; text-align: center; height: 32px;\"><a href=\"https:\/\/agora.xtec.cat\/ies-olivar-gran\/wp-content\/uploads\/usu2116\/2023\/05\/DESPESES-GS-DIRECCIO-DE-CUINA-2.pdf\" target=\"_blank\" rel=\"noopener\"><strong>CURS 23-24<\/strong><\/a><\/td>\n<\/tr>\n<\/tbody>\n<\/table>\n","protected":false},"excerpt":{"rendered":"<p>DESPESES IFE: IFE 1r CURS 2n CURS 3r CURS DESPESES CF GRAU B\u00c0SIC CF GRAU B\u00c0SIC 1r i 2n CURS DESPESES CICLES FORMATIUS DE GRAU MIG: Cuina i Gastronomia CURS 23-24 Serveis en restauraci\u00f3 CURS 23-24 Forneria, Pastisseria i Confiteria CURS 23-24 DESPESES CICLES FORMATIUS DE GRAU SUPERIOR: Direcci\u00f3 de Cuina DUAL CURS 23-24<\/p>\n","protected":false},"author":1,"featured_media":0,"parent":2065,"menu_order":0,"comment_status":"closed","ping_status":"closed","template":"page-templates\/side-menu.php","meta":{"_bbp_topic_count":0,"_bbp_reply_count":0,"_bbp_total_topic_count":0,"_bbp_total_reply_count":0,"_bbp_voice_count":0,"_bbp_anonymous_reply_count":0,"_bbp_topic_count_hidden":0,"_bbp_reply_count_hidden":0,"_bbp_forum_subforum_count":0,"site-sidebar-layout":"default","site-content-layout":"","ast-site-content-layout":"","site-content-style":"default","site-sidebar-style":"default","ast-global-header-display":"","ast-banner-title-visibility":"","ast-main-header-display":"","ast-hfb-above-header-display":"","ast-hfb-below-header-display":"","ast-hfb-mobile-header-display":"","site-post-title":"","ast-breadcrumbs-content":"","ast-featured-img":"","footer-sml-layout":"","theme-transparent-header-meta":"","adv-header-id-meta":"","stick-header-meta":"","header-above-stick-meta":"","header-main-stick-meta":"","header-below-stick-meta":"","astra-migrate-meta-layouts":"default","ast-page-background-enabled":"default","ast-page-background-meta":{"desktop":{"background-color":"var(--ast-global-color-4)","background-image":"","background-repeat":"repeat","background-position":"center center","background-size":"auto","background-attachment":"scroll","background-type":"","background-media":"","overlay-type":"","overlay-color":"","overlay-opacity":"","overlay-gradient":""},"tablet":{"background-color":"","background-image":"","background-repeat":"repeat","background-position":"center center","background-size":"auto","background-attachment":"scroll","background-type":"","background-media":"","overlay-type":"","overlay-color":"","overlay-opacity":"","overlay-gradient":""},"mobile":{"background-color":"","background-image":"","background-repeat":"repeat","background-position":"center center","background-size":"auto","background-attachment":"scroll","background-type":"","background-media":"","overlay-type":"","overlay-color":"","overlay-opacity":"","overlay-gradient":""}},"ast-content-background-meta":{"desktop":{"background-color":"var(--ast-global-color-5)","background-image":"","background-repeat":"repeat","background-position":"center center","background-size":"auto","background-attachment":"scroll","background-type":"","background-media":"","overlay-type":"","overlay-color":"","overlay-opacity":"","overlay-gradient":""},"tablet":{"background-color":"var(--ast-global-color-5)","background-image":"","background-repeat":"repeat","background-position":"center center","background-size":"auto","background-attachment":"scroll","background-type":"","background-media":"","overlay-type":"","overlay-color":"","overlay-opacity":"","overlay-gradient":""},"mobile":{"background-color":"var(--ast-global-color-5)","background-image":"","background-repeat":"repeat","background-position":"center center","background-size":"auto","background-attachment":"scroll","background-type":"","background-media":"","overlay-type":"","overlay-color":"","overlay-opacity":"","overlay-gradient":""}},"footnotes":""},"class_list":["post-10099","page","type-page","status-publish","hentry"],"post_mailing_queue_ids":[],"_links":{"self":[{"href":"https:\/\/agora.xtec.cat\/ies-olivar-gran\/wp-json\/wp\/v2\/pages\/10099","targetHints":{"allow":["GET"]}}],"collection":[{"href":"https:\/\/agora.xtec.cat\/ies-olivar-gran\/wp-json\/wp\/v2\/pages"}],"about":[{"href":"https:\/\/agora.xtec.cat\/ies-olivar-gran\/wp-json\/wp\/v2\/types\/page"}],"author":[{"embeddable":true,"href":"https:\/\/agora.xtec.cat\/ies-olivar-gran\/wp-json\/wp\/v2\/users\/1"}],"replies":[{"embeddable":true,"href":"https:\/\/agora.xtec.cat\/ies-olivar-gran\/wp-json\/wp\/v2\/comments?post=10099"}],"version-history":[{"count":3,"href":"https:\/\/agora.xtec.cat\/ies-olivar-gran\/wp-json\/wp\/v2\/pages\/10099\/revisions"}],"predecessor-version":[{"id":10599,"href":"https:\/\/agora.xtec.cat\/ies-olivar-gran\/wp-json\/wp\/v2\/pages\/10099\/revisions\/10599"}],"up":[{"embeddable":true,"href":"https:\/\/agora.xtec.cat\/ies-olivar-gran\/wp-json\/wp\/v2\/pages\/2065"}],"wp:attachment":[{"href":"https:\/\/agora.xtec.cat\/ies-olivar-gran\/wp-json\/wp\/v2\/media?parent=10099"}],"curies":[{"name":"wp","href":"https:\/\/api.w.org\/{rel}","templated":true}]}}