{"id":57,"date":"2014-09-17T17:01:07","date_gmt":"2014-09-17T17:01:07","guid":{"rendered":"http:\/\/agora.xtec.cat\/ies-montjuic\/?page_id=57"},"modified":"2023-09-21T18:55:48","modified_gmt":"2023-09-21T16:55:48","slug":"institut","status":"publish","type":"page","link":"https:\/\/agora.xtec.cat\/ies-montjuic\/elcentre\/institut\/","title":{"rendered":"L&#8217;institut"},"content":{"rendered":"<h4><img loading=\"lazy\" decoding=\"async\" class=\"alignnone wp-image-527\" src=\"http:\/\/agora.xtec.cat\/ies-montjuic\/wp-content\/uploads\/usu1274\/2017\/06\/0.888833001488463949.jpeg\" alt=\"\" width=\"444\" height=\"209\" \/><\/h4>\n<h4><span style=\"font-family: inherit; font-size: 1em;\">Qui som<\/span><\/h4>\n<p><span style=\"font-family: inherit; font-size: 1em;\">Som un institut p\u00fablic d\u2019ensenyament secundari i batxillerat arrelat al barri de la Marina i comprom\u00e8s amb la seva gent.<\/span><\/p>\n<p><strong>TREBALLEM<\/strong> per donar una formaci\u00f3 integral que tingui en compte emocions, coneixements i orientaci\u00f3 en la presa de decisions de futur.<br \/>\n<strong>OFERIM<\/strong> dos grups per nivell a l\u2019etapa ESO i una l\u00ednia al Batxillerat. Aquestes dimensions redu\u00efdes ens permeten la proximitat amb tots els nostres alumnes i les seves fam\u00edlies.<br \/>\n<strong>GUIEM<\/strong> amb especial cura el nostre alumnat de 1r d\u2019ESO. Tenim com a prioritat seguir atentament el proc\u00e9s d\u2019adaptaci\u00f3 dels m\u00e9s joves en coordinaci\u00f3 amb les escoles de prim\u00e0ria.<\/p>\n<p><img loading=\"lazy\" decoding=\"async\" class=\"alignnone size-full wp-image-1117\" src=\"http:\/\/agora.xtec.cat\/ies-montjuic\/wp-content\/uploads\/usu1274\/2014\/09\/Xarxa_logo_300_0.jpg\" alt=\"\" width=\"300\" height=\"210\" \/><\/p>\n<h4>Innovaci\u00f3 i tecnologia<\/h4>\n<p><strong>INNOVACI\u00d3 METODOL\u00d2GICA:<\/strong> Som membres de la xarxa de renovaci\u00f3 pedag\u00f2gica EINES PER AL CANVI i rebem l\u2019assessorament de SPARKLING STRATEGIES per a una visi\u00f3 sist\u00e8mica i global de centre .<br \/>\n<strong>TREBALL PER PROJECTES (PBL),<\/strong> una metodologia que organitza els contin-guts curriculars amb un enfocament globalitzador.<br \/>\n\u00das de<strong> NOVES TECNOLOGIES<\/strong> amb projectors, pissarres digitals i connexi\u00f3 a internet a totes les aules.<br \/>\nTreballem la <strong>CREATIVITAT I L\u2019ESPERIT CR\u00cdTIC<\/strong> en col\u00b7laboraci\u00f3 amb artistes del programa <strong><a href=\"http:\/\/www.enresidencia.org\/ca\">CREADORS EN RESID\u00c8NCIA<\/a>, <a href=\"http:\/\/www.cinemaencurs.org\/\">CINEMA EN CURS<\/a> I <a href=\"http:\/\/www.labascula.cat\/\">LA B\u00c0SCULA<\/a>\u00a0i amb altres entitats com <a href=\"http:\/\/desos.santboi.net\/servei-alumnat-arriba-al-barri\/\">DESOS<\/a>\u00a0(Cooperaci\u00f3 i desenvolupament sostenible), <a href=\"http:\/\/niuniformesnietiquetes.esy.es\/category\/institut-montjuic\/\">Akwaba Fundaci\u00f3<\/a>, etc.<\/strong><\/p>\n<p><a href=\"http:\/\/www.enresidencia.org\/ca\"><img loading=\"lazy\" decoding=\"async\" class=\"alignnone wp-image-1303\" src=\"http:\/\/agora.xtec.cat\/ies-montjuic\/wp-content\/uploads\/usu1274\/2014\/09\/enresidencia.png\" alt=\"\" width=\"104\" height=\"78\" \/><\/a>\u00a0 \u00a0 \u00a0 <a href=\"http:\/\/www.cinemaencurs.org\/\"><img loading=\"lazy\" decoding=\"async\" class=\"alignnone wp-image-1302\" src=\"http:\/\/agora.xtec.cat\/ies-montjuic\/wp-content\/uploads\/usu1274\/2014\/09\/cinemaencurs.png\" alt=\"\" width=\"194\" height=\"61\" srcset=\"https:\/\/agora.xtec.cat\/ies-montjuic\/wp-content\/uploads\/usu1274\/2014\/09\/cinemaencurs.png 401w, https:\/\/agora.xtec.cat\/ies-montjuic\/wp-content\/uploads\/usu1274\/2014\/09\/cinemaencurs-300x94.png 300w\" sizes=\"auto, (max-width: 194px) 100vw, 194px\" \/><\/a>\u00a0 \u00a0\u00a0<a href=\"http:\/\/www.labascula.cat\/\"><img loading=\"lazy\" decoding=\"async\" class=\"alignnone wp-image-1304\" src=\"http:\/\/agora.xtec.cat\/ies-montjuic\/wp-content\/uploads\/usu1274\/2014\/09\/labascula.jpeg\" alt=\"\" width=\"56\" height=\"56\" srcset=\"https:\/\/agora.xtec.cat\/ies-montjuic\/wp-content\/uploads\/usu1274\/2014\/09\/labascula.jpeg 400w, https:\/\/agora.xtec.cat\/ies-montjuic\/wp-content\/uploads\/usu1274\/2014\/09\/labascula-150x150.jpeg 150w, https:\/\/agora.xtec.cat\/ies-montjuic\/wp-content\/uploads\/usu1274\/2014\/09\/labascula-300x300.jpeg 300w\" sizes=\"auto, (max-width: 56px) 100vw, 56px\" \/><\/a>\u00a0 \u00a0 \u00a0 \u00a0<a href=\"http:\/\/desos.santboi.net\/servei-alumnat-arriba-al-barri\/\"><img loading=\"lazy\" decoding=\"async\" class=\"alignnone wp-image-1307\" src=\"http:\/\/agora.xtec.cat\/ies-montjuic\/wp-content\/uploads\/usu1274\/2014\/09\/logo_desos.jpg\" alt=\"\" width=\"81\" height=\"81\" srcset=\"https:\/\/agora.xtec.cat\/ies-montjuic\/wp-content\/uploads\/usu1274\/2014\/09\/logo_desos.jpg 400w, https:\/\/agora.xtec.cat\/ies-montjuic\/wp-content\/uploads\/usu1274\/2014\/09\/logo_desos-150x150.jpg 150w, https:\/\/agora.xtec.cat\/ies-montjuic\/wp-content\/uploads\/usu1274\/2014\/09\/logo_desos-300x300.jpg 300w\" sizes=\"auto, (max-width: 81px) 100vw, 81px\" \/><\/a>\u00a0 \u00a0 \u00a0\u00a0<a href=\"http:\/\/niuniformesnietiquetes.esy.es\/category\/institut-montjuic\/\"><img loading=\"lazy\" decoding=\"async\" class=\"alignnone wp-image-1310\" src=\"http:\/\/agora.xtec.cat\/ies-montjuic\/wp-content\/uploads\/usu1274\/2014\/09\/akwaba_logo.jpg\" alt=\"\" width=\"120\" height=\"34\" \/><\/a><\/p>\n<h4>Atenci\u00f3 individualitzada<\/h4>\n<p><strong>GRUPS REDU\u00cfTS<\/strong> per a les assignatures instrumentals a 1r d\u2019ESO: angl\u00e8s, castell\u00e0, catal\u00e0 i matem\u00e0tiques.<br \/>\nSuport de <strong>PROGRAMES ESPEC\u00cdFICS:<\/strong><br \/>\n<strong>\u00c8XIT 1<\/strong> proporciona refor\u00e7 escolar gratu\u00eft al centre a tota l\u2019etapa ESO.<br \/>\n<strong>\u00c8XIT 2<\/strong> ofereix un taller anual de Teatre i mostra el m\u00f3n laboral amb Estades a empreses i tallers d\u2019Oficis de la ciutat.<br \/>\nSessions espec\u00edfiques i personalitzades d\u2019<strong>ORIENTACI\u00d3<\/strong> al llarg de 4rt d\u2019ESO. L\u2019escola disposa d\u2019una T\u00e8cnica d\u2019Integraci\u00f3 Social a temps complet i d\u2019una Promotora Escolar.<\/p>\n<h4>Comunicaci\u00f3 amb les fam\u00edlies<\/h4>\n<p><strong>ACTIVITATS EXTRAESCOLARS:<\/strong> HOQUEI i DANSA. Organitza el Consell de l\u2019Esport Escolar i l\u2019AMPA.<br \/>\n<strong>IDDINK<\/strong> ofereix un servei de lloguer i reciclatge de llibres de text.<br \/>\n<strong><a href=\"http:\/\/www.dinantia.com\/ca\/\">DINANTIA<\/a>,<\/strong> sistema telem\u00e0tic de comunicaci\u00f3 entre institut i fam\u00edlies.<\/p>\n<h4>\u00a0<a href=\"http:\/\/www.dinantia.com\/ca\/\"><img loading=\"lazy\" decoding=\"async\" class=\"alignnone wp-image-1300\" src=\"http:\/\/agora.xtec.cat\/ies-montjuic\/wp-content\/uploads\/usu1274\/2014\/09\/logodinantia.png\" alt=\"\" width=\"195\" height=\"57\" \/><\/a><\/h4>\n","protected":false},"excerpt":{"rendered":"<p>Qui som<br \/>\nSom un institut p\u00fablic d\u2019ensenyament secundari i batxillerat arrelat al barri de la Marina i comprom\u00e8s amb la seva gent.<br \/>\nTREBALLEM per donar una formaci\u00f3 integral que tingui en compte emocions, coneixements i orientaci\u00f3 en la presa de decisions de futur.<br \/>\nOFERIM dos grups per nivell&hellip;  <a href=\"https:\/\/agora.xtec.cat\/ies-montjuic\/elcentre\/institut\/\" title=\"Read L&#8217;institut\">Llegeix m\u00e9s\u00bb<\/a><\/p>\n","protected":false},"author":1,"featured_media":0,"parent":19,"menu_order":0,"comment_status":"closed","ping_status":"closed","template":"","meta":{"_bbp_topic_count":0,"_bbp_reply_count":0,"_bbp_total_topic_count":0,"_bbp_total_reply_count":0,"_bbp_voice_count":0,"_bbp_anonymous_reply_count":0,"_bbp_topic_count_hidden":0,"_bbp_reply_count_hidden":0,"_bbp_forum_subforum_count":0,"footnotes":""},"class_list":["post-57","page","type-page","status-publish","hentry"],"post_mailing_queue_ids":[],"_links":{"self":[{"href":"https:\/\/agora.xtec.cat\/ies-montjuic\/wp-json\/wp\/v2\/pages\/57","targetHints":{"allow":["GET"]}}],"collection":[{"href":"https:\/\/agora.xtec.cat\/ies-montjuic\/wp-json\/wp\/v2\/pages"}],"about":[{"href":"https:\/\/agora.xtec.cat\/ies-montjuic\/wp-json\/wp\/v2\/types\/page"}],"author":[{"embeddable":true,"href":"https:\/\/agora.xtec.cat\/ies-montjuic\/wp-json\/wp\/v2\/users\/1"}],"replies":[{"embeddable":true,"href":"https:\/\/agora.xtec.cat\/ies-montjuic\/wp-json\/wp\/v2\/comments?post=57"}],"version-history":[{"count":4,"href":"https:\/\/agora.xtec.cat\/ies-montjuic\/wp-json\/wp\/v2\/pages\/57\/revisions"}],"predecessor-version":[{"id":4425,"href":"https:\/\/agora.xtec.cat\/ies-montjuic\/wp-json\/wp\/v2\/pages\/57\/revisions\/4425"}],"up":[{"embeddable":true,"href":"https:\/\/agora.xtec.cat\/ies-montjuic\/wp-json\/wp\/v2\/pages\/19"}],"wp:attachment":[{"href":"https:\/\/agora.xtec.cat\/ies-montjuic\/wp-json\/wp\/v2\/media?parent=57"}],"curies":[{"name":"wp","href":"https:\/\/api.w.org\/{rel}","templated":true}]}}