{"id":5251,"date":"2026-03-04T10:50:25","date_gmt":"2026-03-04T09:50:25","guid":{"rendered":"https:\/\/agora.xtec.cat\/ies-montjuic\/?page_id=5251"},"modified":"2026-04-09T12:34:43","modified_gmt":"2026-04-09T10:34:43","slug":"preinscripcio-26-27","status":"publish","type":"page","link":"https:\/\/agora.xtec.cat\/ies-montjuic\/preinscripcio-26-27\/","title":{"rendered":"Preinscripci\u00f3 telem\u00e0tica curs 26-27"},"content":{"rendered":"<p style=\"text-align: justify;\" data-start=\"121\" data-end=\"222\">Abans d\u2019iniciar el proc\u00e9s de preinscripci\u00f3, \u00e9s important que tingueu en compte la informaci\u00f3 seg\u00fcent:<\/p>\n<h5 style=\"text-align: justify;\" data-start=\"224\" data-end=\"245\">A. Informaci\u00f3 pr\u00e8via<\/h5>\n<p style=\"text-align: justify;\" data-start=\"246\" data-end=\"447\">Us recomanem consultar la p\u00e0gina oficial de la Generalitat, on trobareu tota la informaci\u00f3 actualitzada sobre el proc\u00e9s, calendari i requisits:\u00a0<a class=\"decorated-link\" href=\"https:\/\/preinscripcio.gencat.cat\/ca\/estudis\/eso\/inici\/\" target=\"_new\" rel=\"noopener\" data-start=\"393\" data-end=\"447\">https:\/\/preinscripcio.gencat.cat\/ca\/estudis\/eso\/inici\/<\/a><\/p>\n<h5 style=\"text-align: justify;\" data-start=\"449\" data-end=\"475\">B. Suport a la tramitaci\u00f3<\/h5>\n<p style=\"text-align: justify;\" data-start=\"476\" data-end=\"674\">Les fam\u00edlies que necessitin ajuda per realitzar la preinscripci\u00f3 digital poden demanar cita pr\u00e8via a l\u2019Oficina d\u2019Escolaritzaci\u00f3 de Sants-Montju\u00efc (IMEB), situada a la pla\u00e7a d\u2019Espanya, 5 (1a planta).<\/p>\n<p style=\"text-align: justify;\" data-start=\"676\" data-end=\"699\">Podeu sol\u00b7licitar cita:<\/p>\n<ul style=\"text-align: justify;\" data-start=\"700\" data-end=\"829\">\n<li data-start=\"700\" data-end=\"736\">\n<p data-start=\"702\" data-end=\"736\">Trucant al 012 o al 93 551 10 00<\/p>\n<\/li>\n<li data-start=\"737\" data-end=\"829\">\n<p data-start=\"739\" data-end=\"829\">O a trav\u00e9s del seg\u00fcent enlla\u00e7:\u00a0<a class=\"decorated-link\" href=\"https:\/\/preinscripcio.gencat.cat\/ca\/estudis\/eso\/ajuda\/\" target=\"_new\" rel=\"noopener\" data-start=\"775\" data-end=\"829\">https:\/\/preinscripcio.gencat.cat\/ca\/estudis\/eso\/ajuda\/<\/a><\/p>\n<\/li>\n<\/ul>\n<h5 style=\"text-align: justify;\" data-start=\"831\" data-end=\"859\">C. Oferta inicial de places<\/h5>\n<p style=\"text-align: justify;\" data-start=\"860\" data-end=\"1106\">Ja es pot consultar la publicaci\u00f3 de l\u2019oferta inicial de places per al curs 2026\u20132027. Recordeu que aquesta oferta pot estar subjecta a modificacions, per la qual cosa cal revisar tamb\u00e9 la publicaci\u00f3 de l\u2019oferta final segons el calendari oficial.<\/p>\n<p style=\"text-align: justify;\" data-start=\"1108\" data-end=\"1254\">Podeu consultar el document complet aqu\u00ed:<br data-start=\"1152\" data-end=\"1155\" \/><a href=\"https:\/\/drive.google.com\/file\/d\/1SPUuQy8ioMeX8kybRpju6vaJnHH9EbBX\/view?usp=sharing\"><span class=\"\" data-state=\"closed\">Descarregar oferta de places (PDF)<\/span><\/a><\/p>\n<p><a href=\"https:\/\/agora.xtec.cat\/ies-montjuic\/wp-content\/uploads\/usu1274\/2026\/03\/istockphoto-1363841854-612x612-1.jpg\"><img loading=\"lazy\" decoding=\"async\" class=\"size-full wp-image-5257 aligncenter\" src=\"https:\/\/agora.xtec.cat\/ies-montjuic\/wp-content\/uploads\/usu1274\/2026\/03\/istockphoto-1363841854-612x612-1.jpg\" alt=\"\" width=\"612\" height=\"490\" \/><\/a><\/p>\n","protected":false},"excerpt":{"rendered":"<p>Abans d\u2019iniciar el proc\u00e9s de preinscripci\u00f3, \u00e9s important que tingueu en compte la informaci\u00f3 seg\u00fcent:<br \/>\nA. Informaci\u00f3 pr\u00e8via<br \/>\nUs recomanem consultar la p\u00e0gina oficial de la Generalitat, on trobareu tota la informaci\u00f3 actualitzada sobre el proc\u00e9s, calendari i requisits:\u00a0<a class=\"decorated-link\" href=\"https:\/\/preinscripcio.gencat.cat\/ca\/estudis\/eso\/inici\/\" target=\"_new\" rel=\"noopener\" data-start=\"393\" data-end=\"447\">https:\/\/preinscripcio.gencat.cat\/ca\/estudis\/eso\/inici\/<\/a><br \/>\nB. Suport a&hellip;  <a href=\"https:\/\/agora.xtec.cat\/ies-montjuic\/preinscripcio-26-27\/\" title=\"Read Preinscripci\u00f3 telem\u00e0tica curs 26-27\">Llegeix m\u00e9s\u00bb<\/a><\/p>\n","protected":false},"author":22,"featured_media":0,"parent":0,"menu_order":0,"comment_status":"closed","ping_status":"closed","template":"","meta":{"_bbp_topic_count":0,"_bbp_reply_count":0,"_bbp_total_topic_count":0,"_bbp_total_reply_count":0,"_bbp_voice_count":0,"_bbp_anonymous_reply_count":0,"_bbp_topic_count_hidden":0,"_bbp_reply_count_hidden":0,"_bbp_forum_subforum_count":0,"footnotes":""},"class_list":["post-5251","page","type-page","status-publish","hentry"],"post_mailing_queue_ids":[],"_links":{"self":[{"href":"https:\/\/agora.xtec.cat\/ies-montjuic\/wp-json\/wp\/v2\/pages\/5251","targetHints":{"allow":["GET"]}}],"collection":[{"href":"https:\/\/agora.xtec.cat\/ies-montjuic\/wp-json\/wp\/v2\/pages"}],"about":[{"href":"https:\/\/agora.xtec.cat\/ies-montjuic\/wp-json\/wp\/v2\/types\/page"}],"author":[{"embeddable":true,"href":"https:\/\/agora.xtec.cat\/ies-montjuic\/wp-json\/wp\/v2\/users\/22"}],"replies":[{"embeddable":true,"href":"https:\/\/agora.xtec.cat\/ies-montjuic\/wp-json\/wp\/v2\/comments?post=5251"}],"version-history":[{"count":4,"href":"https:\/\/agora.xtec.cat\/ies-montjuic\/wp-json\/wp\/v2\/pages\/5251\/revisions"}],"predecessor-version":[{"id":5431,"href":"https:\/\/agora.xtec.cat\/ies-montjuic\/wp-json\/wp\/v2\/pages\/5251\/revisions\/5431"}],"wp:attachment":[{"href":"https:\/\/agora.xtec.cat\/ies-montjuic\/wp-json\/wp\/v2\/media?parent=5251"}],"curies":[{"name":"wp","href":"https:\/\/api.w.org\/{rel}","templated":true}]}}