{"id":4925,"date":"2025-11-04T11:30:28","date_gmt":"2025-11-04T10:30:28","guid":{"rendered":"https:\/\/agora.xtec.cat\/ies-montjuic\/?page_id=4925"},"modified":"2025-11-28T11:06:42","modified_gmt":"2025-11-28T10:06:42","slug":"projecte-linguistic-pl","status":"publish","type":"page","link":"https:\/\/agora.xtec.cat\/ies-montjuic\/com-treballem\/projecte-linguistic-pl\/","title":{"rendered":"Projecte ling\u00fcistic (PL)"},"content":{"rendered":"<p>A continuaci\u00f3 es presenta una s\u00edntesi dels principals aspectes del Projecte Ling\u00fc\u00edstic de Centre (PLC) de l\u2019Institut Montju\u00efc. Aquest resum reflecteix l\u2019ess\u00e8ncia del projecte: garantir una educaci\u00f3 pluriling\u00fce, inclusiva i cohesionada, que promou la compet\u00e8ncia comunicativa en catal\u00e0, castell\u00e0 i lleng\u00fces estrangeres, tot respectant la diversitat ling\u00fc\u00edstica i cultural de l\u2019alumnat.<\/p>\n<h3>Objectius i fonaments del projecte<\/h3>\n<p>L\u2019Institut Montju\u00efc assumeix el catal\u00e0 com a llengua vehicular i d\u2019aprenentatge, en coher\u00e8ncia amb la normativa educativa de Catalunya i amb la seva funci\u00f3 social com a eina de cohesi\u00f3 i inclusi\u00f3. El centre assegura que tot l\u2019alumnat adquireixi una compet\u00e8ncia plena en les dues lleng\u00fces oficials i desenvolupi tamb\u00e9 habilitats comunicatives en lleng\u00fces estrangeres, especialment en angl\u00e8s.<\/p>\n<p><strong>Principis clau:<\/strong><\/p>\n<ul>\n<li>\u00das del catal\u00e0 com a llengua vehicular i de comunicaci\u00f3 institucional.<\/li>\n<li>Pres\u00e8ncia equilibrada del castell\u00e0 per garantir la compet\u00e8ncia plena en ambdues lleng\u00fces oficials.<\/li>\n<li>Impuls de l\u2019aprenentatge d\u2019angl\u00e8s i d\u2019altres lleng\u00fces estrangeres amb enfocament comunicatiu.<\/li>\n<li>Aplicaci\u00f3 de programes d\u2019acollida ling\u00fc\u00edstica per a l\u2019alumnat nouvingut.<\/li>\n<li>Promoci\u00f3 del pluriling\u00fcisme i respecte per la diversitat ling\u00fc\u00edstica familiar.<\/li>\n<li>Integraci\u00f3 de les TIC per fomentar la lectura, l\u2019expressi\u00f3 oral i escrita.<\/li>\n<li>Coordinaci\u00f3 entre departaments per garantir la coher\u00e8ncia metodol\u00f2gica i el treball transversal.<\/li>\n<\/ul>\n<p>&nbsp;<\/p>\n<h3>Valors i projecci\u00f3<\/h3>\n<p>El Projecte Ling\u00fc\u00edstic de l\u2019Institut Montju\u00efc ent\u00e9n la llengua com una eina de conviv\u00e8ncia, aprenentatge i identitat. L\u2019objectiu \u00e9s formar ciutadans competents, cr\u00edtics i respectuosos amb la diversitat cultural i ling\u00fc\u00edstica, tot refor\u00e7ant el comprom\u00eds del centre amb una educaci\u00f3 oberta, inclusiva i de qualitat.<\/p>\n<p>&nbsp;<\/p>\n<p>Per consultar el Projecte Ling\u00fc\u00edstic de Centre (PLC) complet de l\u2019Institut Montju\u00efc, podeu accedir-hi a trav\u00e9s del seg\u00fcent enlla\u00e7:<\/p>\n<p><a href=\"https:\/\/drive.google.com\/file\/d\/10SaLlxR7JYDp8Su8YowpCf6oB3du_f1S\/view\">Veure el document original del PLC de l\u2019Institut Montju\u00efc<\/a><\/p>\n","protected":false},"excerpt":{"rendered":"<p>A continuaci\u00f3 es presenta una s\u00edntesi dels principals aspectes del Projecte Ling\u00fc\u00edstic de Centre (PLC) de l\u2019Institut Montju\u00efc. Aquest resum reflecteix l\u2019ess\u00e8ncia del projecte: garantir una educaci\u00f3 pluriling\u00fce, inclusiva i cohesionada, que promou la compet\u00e8ncia comunicativa en catal\u00e0, castell\u00e0 i lleng\u00fces estrangeres, tot respectant la&hellip;  <a href=\"https:\/\/agora.xtec.cat\/ies-montjuic\/com-treballem\/projecte-linguistic-pl\/\" title=\"Read Projecte ling\u00fcistic (PL)\">Llegeix m\u00e9s\u00bb<\/a><\/p>\n","protected":false},"author":22,"featured_media":0,"parent":4901,"menu_order":0,"comment_status":"closed","ping_status":"closed","template":"","meta":{"_bbp_topic_count":0,"_bbp_reply_count":0,"_bbp_total_topic_count":0,"_bbp_total_reply_count":0,"_bbp_voice_count":0,"_bbp_anonymous_reply_count":0,"_bbp_topic_count_hidden":0,"_bbp_reply_count_hidden":0,"_bbp_forum_subforum_count":0,"footnotes":""},"class_list":["post-4925","page","type-page","status-publish","hentry"],"post_mailing_queue_ids":[],"_links":{"self":[{"href":"https:\/\/agora.xtec.cat\/ies-montjuic\/wp-json\/wp\/v2\/pages\/4925","targetHints":{"allow":["GET"]}}],"collection":[{"href":"https:\/\/agora.xtec.cat\/ies-montjuic\/wp-json\/wp\/v2\/pages"}],"about":[{"href":"https:\/\/agora.xtec.cat\/ies-montjuic\/wp-json\/wp\/v2\/types\/page"}],"author":[{"embeddable":true,"href":"https:\/\/agora.xtec.cat\/ies-montjuic\/wp-json\/wp\/v2\/users\/22"}],"replies":[{"embeddable":true,"href":"https:\/\/agora.xtec.cat\/ies-montjuic\/wp-json\/wp\/v2\/comments?post=4925"}],"version-history":[{"count":2,"href":"https:\/\/agora.xtec.cat\/ies-montjuic\/wp-json\/wp\/v2\/pages\/4925\/revisions"}],"predecessor-version":[{"id":4949,"href":"https:\/\/agora.xtec.cat\/ies-montjuic\/wp-json\/wp\/v2\/pages\/4925\/revisions\/4949"}],"up":[{"embeddable":true,"href":"https:\/\/agora.xtec.cat\/ies-montjuic\/wp-json\/wp\/v2\/pages\/4901"}],"wp:attachment":[{"href":"https:\/\/agora.xtec.cat\/ies-montjuic\/wp-json\/wp\/v2\/media?parent=4925"}],"curies":[{"name":"wp","href":"https:\/\/api.w.org\/{rel}","templated":true}]}}