{"id":4915,"date":"2025-11-28T13:15:44","date_gmt":"2025-11-28T12:15:44","guid":{"rendered":"https:\/\/agora.xtec.cat\/ies-montjuic\/?page_id=4915"},"modified":"2026-03-04T11:06:40","modified_gmt":"2026-03-04T10:06:40","slug":"normes-dorganitzacio-i-funcionament-del-centre-nofc","status":"publish","type":"page","link":"https:\/\/agora.xtec.cat\/ies-montjuic\/com-treballem\/normes-dorganitzacio-i-funcionament-del-centre-nofc\/","title":{"rendered":"Normativa (NOFC)"},"content":{"rendered":"<p data-start=\"274\" data-end=\"656\">A continuaci\u00f3 es presenta una s\u00edntesi dels aspectes m\u00e9s rellevants de les Normes d\u2019Organitzaci\u00f3 i Funcionament de l\u2019Institut Montju\u00efc. Aquest document estableix l\u2019estructura organitzativa, les funcions dels diferents \u00f2rgans, els criteris pedag\u00f2gics i les normes de conviv\u00e8ncia que garanteixen un funcionament educatiu de qualitat i coherent amb el Projecte Educatiu de Centre (PEC).<\/p>\n<h3 data-start=\"658\" data-end=\"694\"><strong data-start=\"661\" data-end=\"692\">1. Estructura organitzativa<\/strong><\/h3>\n<p data-start=\"695\" data-end=\"819\">L\u2019Institut es regeix per una organitzaci\u00f3 que combina direcci\u00f3 pedag\u00f2gica, gesti\u00f3 administrativa i participaci\u00f3 democr\u00e0tica.<\/p>\n<p data-start=\"821\" data-end=\"854\"><strong data-start=\"821\" data-end=\"854\">Principals \u00f2rgans del centre:<\/strong><\/p>\n<ul data-start=\"855\" data-end=\"1197\">\n<li data-start=\"855\" data-end=\"940\">\n<p data-start=\"857\" data-end=\"940\"><strong data-start=\"857\" data-end=\"875\">Equip directiu<\/strong>: direcci\u00f3, cap d\u2019estudis, secretaria i coordinaci\u00f3 pedag\u00f2gica.<\/p>\n<\/li>\n<li data-start=\"941\" data-end=\"1027\">\n<p data-start=\"943\" data-end=\"1027\"><strong data-start=\"943\" data-end=\"981\">\u00d2rgans col\u00b7legiats de participaci\u00f3<\/strong>: Consell Escolar i Claustre de professorat.<\/p>\n<\/li>\n<li data-start=\"1028\" data-end=\"1197\">\n<p data-start=\"1030\" data-end=\"1197\"><strong data-start=\"1030\" data-end=\"1060\">Coordinacions espec\u00edfiques<\/strong>: ESO, Batxillerat, acci\u00f3 tutorial, conviv\u00e8ncia i benestar, TIC, mediaci\u00f3, llengua i cohesi\u00f3 social, prevenci\u00f3 de riscos, entre d\u2019altres.<\/p>\n<\/li>\n<\/ul>\n<p data-start=\"1199\" data-end=\"1327\">Tots aquests \u00f2rgans treballen conjuntament per garantir un funcionament transparent, efica\u00e7 i orientat al benestar de l\u2019alumnat.<\/p>\n<h3 data-start=\"1329\" data-end=\"1364\"><strong data-start=\"1332\" data-end=\"1362\">2. Organitzaci\u00f3 pedag\u00f2gica<\/strong><\/h3>\n<p data-start=\"1365\" data-end=\"1397\">La tasca docent es fonamenta en:<\/p>\n<ul data-start=\"1398\" data-end=\"1750\">\n<li data-start=\"1398\" data-end=\"1489\">\n<p data-start=\"1400\" data-end=\"1489\"><strong data-start=\"1400\" data-end=\"1418\">Equips docents<\/strong> que coordinen l\u2019avaluaci\u00f3, el seguiment i l\u2019atenci\u00f3 a la diversitat.<\/p>\n<\/li>\n<li data-start=\"1490\" data-end=\"1554\">\n<p data-start=\"1492\" data-end=\"1554\"><strong data-start=\"1492\" data-end=\"1520\">Departaments i seminaris<\/strong> estructurats per especialitats.<\/p>\n<\/li>\n<li data-start=\"1555\" data-end=\"1640\">\n<p data-start=\"1557\" data-end=\"1640\"><strong data-start=\"1557\" data-end=\"1583\">Plans individualitzats<\/strong> i mesures de suport per a l\u2019alumnat que ho requereixi.<\/p>\n<\/li>\n<li data-start=\"1641\" data-end=\"1750\">\n<p data-start=\"1643\" data-end=\"1750\"><strong data-start=\"1643\" data-end=\"1680\">Coordinaci\u00f3 pedag\u00f2gica i tutorial<\/strong> que assegura coher\u00e8ncia en el treball educatiu i en l\u2019acci\u00f3 tutorial.<\/p>\n<\/li>\n<\/ul>\n<h3 data-start=\"1752\" data-end=\"1801\"><strong data-start=\"1755\" data-end=\"1799\">3. Conviv\u00e8ncia i resoluci\u00f3 de conflictes<\/strong><\/h3>\n<p data-start=\"1802\" data-end=\"1855\">El centre promou un clima positiu i segur mitjan\u00e7ant:<\/p>\n<ul data-start=\"1856\" data-end=\"2168\">\n<li data-start=\"1856\" data-end=\"1929\">\n<p data-start=\"1858\" data-end=\"1929\"><strong data-start=\"1858\" data-end=\"1882\">Mesures de prevenci\u00f3<\/strong>, educaci\u00f3 en valors i programes de mediaci\u00f3.<\/p>\n<\/li>\n<li data-start=\"1930\" data-end=\"2016\">\n<p data-start=\"1932\" data-end=\"2016\"><strong data-start=\"1932\" data-end=\"1972\">Comissi\u00f3 de conviv\u00e8ncia i disciplina<\/strong>, que vetlla pel compliment de les normes.<\/p>\n<\/li>\n<li data-start=\"2017\" data-end=\"2168\">\n<p data-start=\"2019\" data-end=\"2168\"><strong data-start=\"2019\" data-end=\"2043\">Protocols d\u2019actuaci\u00f3<\/strong> davant conductes contr\u00e0ries o greument perjudicials.<br data-start=\"2096\" data-end=\"2099\" \/>Les intervencions tenen sempre una finalitat pedag\u00f2gica i reparadora.<\/p>\n<\/li>\n<\/ul>\n<h3 data-start=\"2170\" data-end=\"2196\"><strong data-start=\"2173\" data-end=\"2194\">4. Drets i deures<\/strong><\/h3>\n<p data-start=\"2197\" data-end=\"2286\">La NOFC recull els drets i deures de tota la comunitat educativa, amb especial atenci\u00f3 a:<\/p>\n<ul data-start=\"2287\" data-end=\"2612\">\n<li data-start=\"2287\" data-end=\"2387\">\n<p data-start=\"2289\" data-end=\"2387\"><strong data-start=\"2289\" data-end=\"2311\">Drets de l\u2019alumnat<\/strong>: respecte, participaci\u00f3, igualtat d\u2019oportunitats, orientaci\u00f3 i protecci\u00f3.<\/p>\n<\/li>\n<li data-start=\"2388\" data-end=\"2612\">\n<p data-start=\"2390\" data-end=\"2612\"><strong data-start=\"2390\" data-end=\"2400\">Deures<\/strong>: assist\u00e8ncia, responsabilitat, respecte a les normes, a les persones i als recursos del centre.<br data-start=\"2496\" data-end=\"2499\" \/>Tamb\u00e9 s\u2019hi especifiquen les funcions i responsabilitats del professorat i del personal d\u2019administraci\u00f3 i serveis.<\/p>\n<\/li>\n<\/ul>\n<h3 data-start=\"2614\" data-end=\"2657\"><strong data-start=\"2617\" data-end=\"2655\">5. Funcionament general del centre<\/strong><\/h3>\n<p data-start=\"2658\" data-end=\"2690\">El document regula aspectes com:<\/p>\n<ul data-start=\"2691\" data-end=\"2971\">\n<li data-start=\"2691\" data-end=\"2726\">\n<p data-start=\"2693\" data-end=\"2726\">Entrades i sortides del centre.<\/p>\n<\/li>\n<li data-start=\"2727\" data-end=\"2755\">\n<p data-start=\"2729\" data-end=\"2755\">Abs\u00e8ncies i puntualitat.<\/p>\n<\/li>\n<li data-start=\"2756\" data-end=\"2789\">\n<p data-start=\"2758\" data-end=\"2789\">Comunicaci\u00f3 amb les fam\u00edlies.<\/p>\n<\/li>\n<li data-start=\"2790\" data-end=\"2817\">\n<p data-start=\"2792\" data-end=\"2817\">\u00das d\u2019espais i recursos.<\/p>\n<\/li>\n<li data-start=\"2818\" data-end=\"2865\">\n<p data-start=\"2820\" data-end=\"2865\">Activitats complement\u00e0ries i extraescolars.<\/p>\n<\/li>\n<li data-start=\"2866\" data-end=\"2927\">\n<p data-start=\"2868\" data-end=\"2927\">Procediments de queixes, reclamacions i revisi\u00f3 de notes.<\/p>\n<\/li>\n<li data-start=\"2928\" data-end=\"2971\">\n<p data-start=\"2930\" data-end=\"2971\">Normes de seguretat, salut i emerg\u00e8ncies.<\/p>\n<\/li>\n<\/ul>\n<hr data-start=\"2973\" data-end=\"2976\" \/>\n<h3 data-start=\"2978\" data-end=\"3005\"><strong data-start=\"2982\" data-end=\"3003\">Document original<\/strong><\/h3>\n<p data-start=\"3006\" data-end=\"3256\">Per consultar les Normes d\u2019Organitzaci\u00f3 i Funcionament del Centre (NOFC) completes de l\u2019Institut Montju\u00efc, podeu accedir-hi a trav\u00e9s del seg\u00fcent enlla\u00e7:<br data-start=\"3158\" data-end=\"3161\" \/><a href=\"https:\/\/drive.google.com\/file\/d\/1GD5H2tZj_008hxjOvq0jSAeWLWANvRHK\/view?usp=sharing\">Veure el document original de les NOFC de l\u2019Institut Montju\u00efc<\/a><\/p>\n","protected":false},"excerpt":{"rendered":"<p>A continuaci\u00f3 es presenta una s\u00edntesi dels aspectes m\u00e9s rellevants de les Normes d\u2019Organitzaci\u00f3 i Funcionament de l\u2019Institut Montju\u00efc. Aquest document estableix l\u2019estructura organitzativa, les funcions dels diferents \u00f2rgans, els criteris pedag\u00f2gics i les normes de conviv\u00e8ncia que garanteixen un funcionament educatiu de qualitat i&hellip;  <a href=\"https:\/\/agora.xtec.cat\/ies-montjuic\/com-treballem\/normes-dorganitzacio-i-funcionament-del-centre-nofc\/\" title=\"Read Normativa (NOFC)\">Llegeix m\u00e9s\u00bb<\/a><\/p>\n","protected":false},"author":22,"featured_media":0,"parent":4901,"menu_order":0,"comment_status":"closed","ping_status":"closed","template":"","meta":{"_bbp_topic_count":0,"_bbp_reply_count":0,"_bbp_total_topic_count":0,"_bbp_total_reply_count":0,"_bbp_voice_count":0,"_bbp_anonymous_reply_count":0,"_bbp_topic_count_hidden":0,"_bbp_reply_count_hidden":0,"_bbp_forum_subforum_count":0,"footnotes":""},"class_list":["post-4915","page","type-page","status-publish","hentry"],"post_mailing_queue_ids":[],"_links":{"self":[{"href":"https:\/\/agora.xtec.cat\/ies-montjuic\/wp-json\/wp\/v2\/pages\/4915","targetHints":{"allow":["GET"]}}],"collection":[{"href":"https:\/\/agora.xtec.cat\/ies-montjuic\/wp-json\/wp\/v2\/pages"}],"about":[{"href":"https:\/\/agora.xtec.cat\/ies-montjuic\/wp-json\/wp\/v2\/types\/page"}],"author":[{"embeddable":true,"href":"https:\/\/agora.xtec.cat\/ies-montjuic\/wp-json\/wp\/v2\/users\/22"}],"replies":[{"embeddable":true,"href":"https:\/\/agora.xtec.cat\/ies-montjuic\/wp-json\/wp\/v2\/comments?post=4915"}],"version-history":[{"count":5,"href":"https:\/\/agora.xtec.cat\/ies-montjuic\/wp-json\/wp\/v2\/pages\/4915\/revisions"}],"predecessor-version":[{"id":5275,"href":"https:\/\/agora.xtec.cat\/ies-montjuic\/wp-json\/wp\/v2\/pages\/4915\/revisions\/5275"}],"up":[{"embeddable":true,"href":"https:\/\/agora.xtec.cat\/ies-montjuic\/wp-json\/wp\/v2\/pages\/4901"}],"wp:attachment":[{"href":"https:\/\/agora.xtec.cat\/ies-montjuic\/wp-json\/wp\/v2\/media?parent=4915"}],"curies":[{"name":"wp","href":"https:\/\/api.w.org\/{rel}","templated":true}]}}