{"id":943,"date":"2015-02-26T12:43:07","date_gmt":"2015-02-26T12:43:07","guid":{"rendered":"http:\/\/institutmollerussa.com\/?page_id=943"},"modified":"2015-02-26T12:43:07","modified_gmt":"2015-02-26T12:43:07","slug":"estudis-ensenyaments-especials","status":"publish","type":"page","link":"https:\/\/agora.xtec.cat\/ies-mollerussa\/estudis-ensenyaments-especials\/","title":{"rendered":"Estudis ensenyaments especials"},"content":{"rendered":"<p>\t\t\t\t<img loading=\"lazy\" decoding=\"async\" class=\"alignright wp-image-948 size-full\" src=\"http:\/\/institutmollerussa.com\/wp-content\/uploads\/2015\/02\/tdi.jpg\" alt=\"tdi\" width=\"427\" height=\"80\" \/><\/p>\n<h3><strong>T\u00e8cnic en disciplines h\u00edpiques<\/strong><\/h3>\n<p>&nbsp;<\/p>\n<p>Instal\u00b7lacions i equipaments:<\/p>\n<ul>\n<li>Pista exterior<\/li>\n<li>Boxes<\/li>\n<li>Aula<\/li>\n<li>Vestidors<\/li>\n<li>Dutxes<\/li>\n<li>Magatzem material<\/li>\n<\/ul>\n<p>Documents:<\/p>\n<p><a href=\"http:\/\/institutmollerussa.com\/wp-content\/uploads\/2019\/10\/AR60Tecnic.pdf\"><img loading=\"lazy\" decoding=\"async\" class=\"alignnone size-full wp-image-4103\" src=\"http:\/\/institutmollerussa.com\/wp-content\/uploads\/2019\/10\/AR60Tecnic.jpg\" alt=\"\" width=\"189\" height=\"219\" \/><\/a> <a href=\"http:\/\/institutmollerussa.com\/wp-content\/uploads\/2019\/10\/AR60TecnicsDossier.pdf\"><img loading=\"lazy\" decoding=\"async\" class=\"alignnone size-full wp-image-4104\" src=\"http:\/\/institutmollerussa.com\/wp-content\/uploads\/2019\/10\/AR60TecnicsDossier.jpg\" alt=\"\" width=\"189\" height=\"219\" \/><\/a> <a href=\"http:\/\/institutmollerussa.com\/wp-content\/uploads\/2019\/10\/DossierTecnics2019-20.pdf\"><img loading=\"lazy\" decoding=\"async\" class=\"alignnone size-full wp-image-4105\" src=\"http:\/\/institutmollerussa.com\/wp-content\/uploads\/2019\/10\/DossierTecnics2019-2020.jpg\" alt=\"\" width=\"189\" height=\"219\" \/><\/a><\/p>\n<ul>\n<li><a href=\"http:\/\/www.insmollerussa.cat\/fotos\/2014-02-11%20Hipica\/LLEI_PROFESSIONS_ESPORT_5_2008.pdf\" target=\"_blank\" rel=\"noopener noreferrer\">Llei de les professions de l\u2019esport (PDF)<\/a><\/li>\n<\/ul>\n<p>M\u00e9s not\u00edcies relacionades amb aquests estudis a\u00a0 <a href=\"http:\/\/institutmollerussa.com\/category\/hipica\/\">novetats secci\u00f3 h\u00edpica<\/a><\/p>\n<hr \/>\n<h1 class=\"column-header-image\">Oferta formativa i plans d\u2019estudi oficials<\/h1>\n<ul>\n<li>T\u00e8cnic esportiu en disciplines h\u00edpiques de resist\u00e8ncia, orientaci\u00f3 i turisme eq\u00fcestre (<a href=\"http:\/\/queestudiar.gencat.cat\/ca\/estudis\/cercador-estudis\/cercador-resultats\/?p_id=993&amp;estudi\" target=\"_blank\" rel=\"noopener noreferrer\">GM TEGM EQ20<\/a>)<\/li>\n<li>T\u00e8cnic esportiu en disciplines h\u00edpiques de salt, doma i concurs complert (<a href=\"http:\/\/queestudiar.gencat.cat\/ca\/estudis\/cercador-estudis\/cercador-resultats\/?p_id=992&amp;estudi\" target=\"_blank\" rel=\"noopener noreferrer\">GM TEGM EQ10<\/a>)<\/li>\n<\/ul>\n","protected":false},"excerpt":{"rendered":"<p>\t\t\t\t\t\t&hellip;  <a href=\"https:\/\/agora.xtec.cat\/ies-mollerussa\/estudis-ensenyaments-especials\/\" title=\"Read Estudis ensenyaments especials\">Llegeix m\u00e9s\u00bb<\/a><\/p>\n","protected":false},"author":1,"featured_media":0,"parent":0,"menu_order":0,"comment_status":"closed","ping_status":"open","template":"","meta":{"_bbp_topic_count":0,"_bbp_reply_count":0,"_bbp_total_topic_count":0,"_bbp_total_reply_count":0,"_bbp_voice_count":0,"_bbp_anonymous_reply_count":0,"_bbp_topic_count_hidden":0,"_bbp_reply_count_hidden":0,"_bbp_forum_subforum_count":0,"footnotes":""},"class_list":["post-943","page","type-page","status-publish","hentry"],"post_mailing_queue_ids":[],"_links":{"self":[{"href":"https:\/\/agora.xtec.cat\/ies-mollerussa\/wp-json\/wp\/v2\/pages\/943","targetHints":{"allow":["GET"]}}],"collection":[{"href":"https:\/\/agora.xtec.cat\/ies-mollerussa\/wp-json\/wp\/v2\/pages"}],"about":[{"href":"https:\/\/agora.xtec.cat\/ies-mollerussa\/wp-json\/wp\/v2\/types\/page"}],"author":[{"embeddable":true,"href":"https:\/\/agora.xtec.cat\/ies-mollerussa\/wp-json\/wp\/v2\/users\/1"}],"replies":[{"embeddable":true,"href":"https:\/\/agora.xtec.cat\/ies-mollerussa\/wp-json\/wp\/v2\/comments?post=943"}],"version-history":[{"count":1,"href":"https:\/\/agora.xtec.cat\/ies-mollerussa\/wp-json\/wp\/v2\/pages\/943\/revisions"}],"predecessor-version":[{"id":5528,"href":"https:\/\/agora.xtec.cat\/ies-mollerussa\/wp-json\/wp\/v2\/pages\/943\/revisions\/5528"}],"wp:attachment":[{"href":"https:\/\/agora.xtec.cat\/ies-mollerussa\/wp-json\/wp\/v2\/media?parent=943"}],"curies":[{"name":"wp","href":"https:\/\/api.w.org\/{rel}","templated":true}]}}