{"id":918,"date":"2015-02-26T11:15:24","date_gmt":"2015-02-26T11:15:24","guid":{"rendered":"http:\/\/institutmollerussa.com\/?page_id=918"},"modified":"2021-07-23T00:29:46","modified_gmt":"2021-07-22T22:29:46","slug":"estudis-informatica","status":"publish","type":"page","link":"https:\/\/agora.xtec.cat\/ies-mollerussa\/estudis-informatica\/","title":{"rendered":"Estudis inform\u00e0tica"},"content":{"rendered":"<p>Els estudis d&#8217;inform\u00e0tica ofereixen moltes possibilitats que t\u2019ajudaran en la teva inserci\u00f3 laboral, tant si et dediques professionalment a la inform\u00e0tica com en d&#8217;altres especialitats professionals on aplicar-la.<\/p>\n<p>Uns estudis polivalents amb moltes possibilitats que t\u2019ajudaran en la teva inserci\u00f3 laboral.<br \/>\nDiverteix-te mentre estudies i et procures un futur!<\/p>\n<hr \/>\n<h3><\/h3>\n<p><img loading=\"lazy\" decoding=\"async\" class=\"wp-image-5679 size-medium alignright\" src=\"https:\/\/agora.xtec.cat\/ies-mollerussa\/wp-content\/uploads\/usu2499\/2021\/07\/SMX-SistemesMicroinformatics-300x200.jpg\" alt=\"\" width=\"300\" height=\"200\" srcset=\"https:\/\/agora.xtec.cat\/ies-mollerussa\/wp-content\/uploads\/usu2499\/2021\/07\/SMX-SistemesMicroinformatics-300x200.jpg 300w, https:\/\/agora.xtec.cat\/ies-mollerussa\/wp-content\/uploads\/usu2499\/2021\/07\/SMX-SistemesMicroinformatics-1024x682.jpg 1024w, https:\/\/agora.xtec.cat\/ies-mollerussa\/wp-content\/uploads\/usu2499\/2021\/07\/SMX-SistemesMicroinformatics-768x512.jpg 768w, https:\/\/agora.xtec.cat\/ies-mollerussa\/wp-content\/uploads\/usu2499\/2021\/07\/SMX-SistemesMicroinformatics.jpg 1280w\" sizes=\"auto, (max-width: 300px) 100vw, 300px\" \/><\/p>\n<h3>Sistemes Microinform\u00e0tics i Xarxes (GM)<\/h3>\n<p>T\u2019agrada la inform\u00e0tica? Si vols aprendre a reparar ordinadors i muntar el teu propi <strong>modding<\/strong>, configurar una xarxa, instal\u00b7lar sistemes operatius i servidor d\u2019Internet, de correu electr\u00f2nic, crear portals, p\u00e0gines web i un llarg etc\u00e8tera, prematriculat al cicle d\u2019inform\u00e0tica SMX (Sistemes microinform\u00e0tics i Xarxes).<\/p>\n<p><a href=\"https:\/\/agora.xtec.cat\/ies-mollerussa\/wp-content\/uploads\/usu2499\/2021\/07\/smx.pdf\"><img loading=\"lazy\" decoding=\"async\" class=\"alignnone wp-image-5674\" style=\"vertical-align: middle;\" src=\"https:\/\/agora.xtec.cat\/ies-mollerussa\/wp-content\/uploads\/usu2499\/2021\/07\/triptic_ico-150x150.jpg\" alt=\"\" width=\"80\" height=\"64\" srcset=\"https:\/\/agora.xtec.cat\/ies-mollerussa\/wp-content\/uploads\/usu2499\/2021\/07\/triptic_ico-300x240.jpg 300w, https:\/\/agora.xtec.cat\/ies-mollerussa\/wp-content\/uploads\/usu2499\/2021\/07\/triptic_ico.jpg 400w\" sizes=\"auto, (max-width: 80px) 100vw, 80px\" \/><\/a><a href=\"https:\/\/agora.xtec.cat\/ies-mollerussa\/wp-content\/uploads\/usu2499\/2021\/07\/smx.pdf\">Descarregar tr\u00edptic<\/a><\/p>\n<hr \/>\n<h3>Desenvolupament d\u2019Aplicacions Web (GS)<\/h3>\n<p><img loading=\"lazy\" decoding=\"async\" class=\"wp-image-5678 size-medium alignright\" style=\"margin: 20px;\" src=\"https:\/\/agora.xtec.cat\/ies-mollerussa\/wp-content\/uploads\/usu2499\/2021\/07\/DAW-DesenvolupamentAppsWeb-300x200.jpg\" alt=\"\" width=\"300\" height=\"200\" srcset=\"https:\/\/agora.xtec.cat\/ies-mollerussa\/wp-content\/uploads\/usu2499\/2021\/07\/DAW-DesenvolupamentAppsWeb-300x200.jpg 300w, https:\/\/agora.xtec.cat\/ies-mollerussa\/wp-content\/uploads\/usu2499\/2021\/07\/DAW-DesenvolupamentAppsWeb-768x511.jpg 768w, https:\/\/agora.xtec.cat\/ies-mollerussa\/wp-content\/uploads\/usu2499\/2021\/07\/DAW-DesenvolupamentAppsWeb.jpg 849w\" sizes=\"auto, (max-width: 300px) 100vw, 300px\" \/><\/p>\n<p>Ets una persona amb idees? Vols crear el teu propi portal web? vine a formar-te en una professi\u00f3 que t\u2019ofereix moltes opcions i possibilitats. Aprendr\u00e0s a:<\/p>\n<ul>\n<li>Crear aplicacions web adaptatives a m\u00f2bil i <em>tablets<\/em>.<\/li>\n<li>Dissenyar portals webs amb HTML5, CSS3 i Frameworks.<\/li>\n<li>Treballar al Cloud amb Web Services de Google, PHP, jQuery, Javascript, Bases de dades.<\/li>\n<\/ul>\n<div>\n<p>Vine i titulat com a T\u00e8cnic Superior en Desenvolupament d\u2019Aplicacions Web. Descobreix del que ets capa\u00e7!<\/p>\n<\/div>\n<p><a href=\"https:\/\/agora.xtec.cat\/ies-mollerussa\/wp-content\/uploads\/usu2499\/2021\/07\/daw.pdf\"><img loading=\"lazy\" decoding=\"async\" class=\"alignnone wp-image-5674\" style=\"vertical-align: middle;\" src=\"https:\/\/agora.xtec.cat\/ies-mollerussa\/wp-content\/uploads\/usu2499\/2021\/07\/triptic_ico-150x150.jpg\" alt=\"\" width=\"80\" height=\"64\" srcset=\"https:\/\/agora.xtec.cat\/ies-mollerussa\/wp-content\/uploads\/usu2499\/2021\/07\/triptic_ico-300x240.jpg 300w, https:\/\/agora.xtec.cat\/ies-mollerussa\/wp-content\/uploads\/usu2499\/2021\/07\/triptic_ico.jpg 400w\" sizes=\"auto, (max-width: 80px) 100vw, 80px\" \/>Descarregar tr\u00edptic<\/a><\/p>\n<hr \/>\n<p><img loading=\"lazy\" decoding=\"async\" class=\"size-medium wp-image-5688 alignright\" src=\"https:\/\/agora.xtec.cat\/ies-mollerussa\/wp-content\/uploads\/usu2499\/2021\/07\/ASIX-AdminSistemesInformatics-300x200.jpg\" alt=\"\" width=\"300\" height=\"200\" srcset=\"https:\/\/agora.xtec.cat\/ies-mollerussa\/wp-content\/uploads\/usu2499\/2021\/07\/ASIX-AdminSistemesInformatics-300x200.jpg 300w, https:\/\/agora.xtec.cat\/ies-mollerussa\/wp-content\/uploads\/usu2499\/2021\/07\/ASIX-AdminSistemesInformatics-1024x682.jpg 1024w, https:\/\/agora.xtec.cat\/ies-mollerussa\/wp-content\/uploads\/usu2499\/2021\/07\/ASIX-AdminSistemesInformatics-768x512.jpg 768w, https:\/\/agora.xtec.cat\/ies-mollerussa\/wp-content\/uploads\/usu2499\/2021\/07\/ASIX-AdminSistemesInformatics.jpg 1280w\" sizes=\"auto, (max-width: 300px) 100vw, 300px\" \/><\/p>\n<h3 class=\"column-header-image\">Administraci\u00f3 sistemes inform\u00e0tics en xarxa (GS)<\/h3>\n<p>Aquest estudis capaciten per configurar, administrar i mantenir sistemes inform\u00e0tics, garantint la funcionalitat, la integritat dels recursos i serveis del sistema, amb la qualitat exigida i complint la reglamentaci\u00f3 vigent. Aprendr\u00e0s a:<\/p>\n<ul>\n<li>Configuraci\u00f3 avan\u00e7ada de servidors lliures\/propietaris<\/li>\n<li>Automatitzaci\u00f3 de processos de sistema.<\/li>\n<li>Desenvolupar aplicacions de servidor basades en web<\/li>\n<li>Dissenyar, gestionar i mantenir Bases de dades.<\/li>\n<li>Configurar xarxes d&#8217;ordinadors complexes en sistemes locals i internet.<\/li>\n<\/ul>\n<p>Vine i titulat com a T\u00e8cnic Superior en Administraci\u00f3 de Sistemes inform\u00e0tics i xarxes.<\/p>\n<p><a href=\"https:\/\/agora.xtec.cat\/ies-mollerussa\/wp-content\/uploads\/usu2499\/2021\/07\/daw-asix.pdf\"><img loading=\"lazy\" decoding=\"async\" class=\"alignnone wp-image-5674\" style=\"vertical-align: middle;\" src=\"https:\/\/agora.xtec.cat\/ies-mollerussa\/wp-content\/uploads\/usu2499\/2021\/07\/triptic_ico-150x150.jpg\" alt=\"\" width=\"80\" height=\"64\" srcset=\"https:\/\/agora.xtec.cat\/ies-mollerussa\/wp-content\/uploads\/usu2499\/2021\/07\/triptic_ico-300x240.jpg 300w, https:\/\/agora.xtec.cat\/ies-mollerussa\/wp-content\/uploads\/usu2499\/2021\/07\/triptic_ico.jpg 400w\" sizes=\"auto, (max-width: 80px) 100vw, 80px\" \/>Descarregar tr\u00edptic<\/a><\/p>\n<p>&nbsp;<\/p>\n","protected":false},"excerpt":{"rendered":"<p>\t\t\t\t\t\t&hellip;  <a href=\"https:\/\/agora.xtec.cat\/ies-mollerussa\/estudis-informatica\/\" title=\"Read Estudis inform\u00e0tica\">Llegeix m\u00e9s\u00bb<\/a><\/p>\n","protected":false},"author":1,"featured_media":0,"parent":0,"menu_order":0,"comment_status":"closed","ping_status":"open","template":"","meta":{"_bbp_topic_count":0,"_bbp_reply_count":0,"_bbp_total_topic_count":0,"_bbp_total_reply_count":0,"_bbp_voice_count":0,"_bbp_anonymous_reply_count":0,"_bbp_topic_count_hidden":0,"_bbp_reply_count_hidden":0,"_bbp_forum_subforum_count":0,"footnotes":""},"class_list":["post-918","page","type-page","status-publish","hentry"],"post_mailing_queue_ids":[],"_links":{"self":[{"href":"https:\/\/agora.xtec.cat\/ies-mollerussa\/wp-json\/wp\/v2\/pages\/918","targetHints":{"allow":["GET"]}}],"collection":[{"href":"https:\/\/agora.xtec.cat\/ies-mollerussa\/wp-json\/wp\/v2\/pages"}],"about":[{"href":"https:\/\/agora.xtec.cat\/ies-mollerussa\/wp-json\/wp\/v2\/types\/page"}],"author":[{"embeddable":true,"href":"https:\/\/agora.xtec.cat\/ies-mollerussa\/wp-json\/wp\/v2\/users\/1"}],"replies":[{"embeddable":true,"href":"https:\/\/agora.xtec.cat\/ies-mollerussa\/wp-json\/wp\/v2\/comments?post=918"}],"version-history":[{"count":4,"href":"https:\/\/agora.xtec.cat\/ies-mollerussa\/wp-json\/wp\/v2\/pages\/918\/revisions"}],"predecessor-version":[{"id":5694,"href":"https:\/\/agora.xtec.cat\/ies-mollerussa\/wp-json\/wp\/v2\/pages\/918\/revisions\/5694"}],"wp:attachment":[{"href":"https:\/\/agora.xtec.cat\/ies-mollerussa\/wp-json\/wp\/v2\/media?parent=918"}],"curies":[{"name":"wp","href":"https:\/\/api.w.org\/{rel}","templated":true}]}}