{"id":2822,"date":"2017-06-08T08:19:32","date_gmt":"2017-06-08T10:19:32","guid":{"rendered":"http:\/\/institutmollerussa.com\/?page_id=2822"},"modified":"2021-06-22T21:59:50","modified_gmt":"2021-06-22T19:59:50","slug":"industries-extractives","status":"publish","type":"page","link":"https:\/\/agora.xtec.cat\/ies-mollerussa\/industries-extractives\/","title":{"rendered":"Ind\u00fastries extractives"},"content":{"rendered":"<p style=\"text-align:right\">Atenci\u00f3 personalitzada, truca&#8217;ns o envia un Whatsapp<br \/>\n<a href=\"tel:606792797\"><img decoding=\"async\" style=\"vertical-align: middle; width: 40px;\" src=\"https:\/\/agora.xtec.cat\/ies-mollerussa\/wp-content\/uploads\/usu2499\/2021\/06\/bt_telf.png\" \/> 606792797<\/a><\/p>\n<p>Gr\u00e0cies a la col\u00b7laboraci\u00f3 de moltes empreses i entitats del sector, i als espais i equips de maquin\u00e0ria de qu\u00e8 disposem al nostre centre, us podem oferir les dues formacions seg\u00fcents, que gaudeixen d\u2019un ALT GRAU D\u2019INSERCI\u00d3 LABORAL.<\/p>\n<hr \/>\n<p>&nbsp;<\/p>\n<p><img loading=\"lazy\" decoding=\"async\" class=\"alignleft wp-image-2823 size-full\" src=\"https:\/\/agora.xtec.cat\/ies-mollerussa\/wp-content\/uploads\/usu2499\/2021\/06\/giratoria.jpg\" alt=\"\" width=\"300\" height=\"225\" \/><\/p>\n<h3 class=\"column-header-image\">Excavacions i Sondatges (GM)<\/h3>\n<p style=\"text-align: justify;\">Aquests estudis capaciten per fer excavacions per a l&#8217;extracci\u00f3 de recursos minerals o per a la construcci\u00f3 d&#8217;obres subterr\u00e0nies i a cel obert, perforar per fer sondejos de prospecci\u00f3 minera i d&#8217;investigaci\u00f3 geot\u00e8cnica, muntant i mantenint les instal\u00b7lacions i la maquin\u00e0ria i aplicant la legislaci\u00f3 de protecci\u00f3 ambiental i de prevenci\u00f3 de riscos laborals<\/p>\n<p><a href=\"https:\/\/agora.xtec.cat\/ies-mollerussa\/wp-content\/uploads\/usu2499\/2021\/06\/Excavacions-i-Sondatges.pdf\" target=\"_blank\" rel=\"noopener noreferrer\">+informaci\u00f3 catal\u00e0<\/a>\u00a0\u00a0\u00a0\u00a0\u00a0\u00a0\u00a0\u00a0\u00a0\u00a0\u00a0\u00a0 <a href=\"https:\/\/agora.xtec.cat\/ies-mollerussa\/wp-content\/uploads\/usu2499\/2021\/06\/Excavaciones-y-Sondeos.pdf\" target=\"_blank\" rel=\"noopener noreferrer\">+informaci\u00f3n espa\u00f1ol<\/a><\/p>\n<p>&nbsp;<\/p>\n<hr \/>\n<p>&nbsp;<\/p>\n<h3 class=\"column-header-image\"><img loading=\"lazy\" decoding=\"async\" class=\"alignleft wp-image-2825 size-full\" src=\"https:\/\/agora.xtec.cat\/ies-mollerussa\/wp-content\/uploads\/usu2499\/2021\/06\/pedranatural.jpg\" alt=\"\" width=\"300\" height=\"225\" \/>Pedra Natural (GM)<\/h3>\n<p style=\"text-align: justify;\">Aquests estudis capaciten per extreure i elaborar pedra natural segons les t\u00e8cniques i processos establerts, aix\u00ed com per col\u00b7locar-la\u00a0 i restaurar-la,\u00a0 manejant i mantenint eines\u00a0 i\u00a0 maquin\u00e0ria,\u00a0 i\u00a0 complint\u00a0 les\u00a0 especificacions de\u00a0 qualitat,\u00a0 seguretat\u00a0 laboral\u00a0 i protecci\u00f3 ambiental.<\/p>\n<p><a href=\"https:\/\/agora.xtec.cat\/ies-mollerussa\/wp-content\/uploads\/usu2499\/2021\/06\/Pedra-Natural-1.pdf\">+informaci\u00f3 catal\u00e0<\/a>\u00a0\u00a0 \u00a0 \u00a0 \u00a0 \u00a0\u00a0 <a href=\"https:\/\/agora.xtec.cat\/ies-mollerussa\/wp-content\/uploads\/usu2499\/2021\/06\/Piedra-Natural.pdf\" target=\"_blank\" rel=\"noopener noreferrer\">+informaci\u00f3n espa\u00f1ol<\/a><\/p>\n<p>&nbsp;<\/p>\n","protected":false},"excerpt":{"rendered":"<p>\t\t\t\t\t\t&hellip;  <a href=\"https:\/\/agora.xtec.cat\/ies-mollerussa\/industries-extractives\/\" title=\"Read Ind\u00fastries extractives\">Llegeix m\u00e9s\u00bb<\/a><\/p>\n","protected":false},"author":1,"featured_media":0,"parent":0,"menu_order":0,"comment_status":"closed","ping_status":"closed","template":"","meta":{"_bbp_topic_count":0,"_bbp_reply_count":0,"_bbp_total_topic_count":0,"_bbp_total_reply_count":0,"_bbp_voice_count":0,"_bbp_anonymous_reply_count":0,"_bbp_topic_count_hidden":0,"_bbp_reply_count_hidden":0,"_bbp_forum_subforum_count":0,"footnotes":""},"class_list":["post-2822","page","type-page","status-publish","hentry"],"post_mailing_queue_ids":[],"_links":{"self":[{"href":"https:\/\/agora.xtec.cat\/ies-mollerussa\/wp-json\/wp\/v2\/pages\/2822","targetHints":{"allow":["GET"]}}],"collection":[{"href":"https:\/\/agora.xtec.cat\/ies-mollerussa\/wp-json\/wp\/v2\/pages"}],"about":[{"href":"https:\/\/agora.xtec.cat\/ies-mollerussa\/wp-json\/wp\/v2\/types\/page"}],"author":[{"embeddable":true,"href":"https:\/\/agora.xtec.cat\/ies-mollerussa\/wp-json\/wp\/v2\/users\/1"}],"replies":[{"embeddable":true,"href":"https:\/\/agora.xtec.cat\/ies-mollerussa\/wp-json\/wp\/v2\/comments?post=2822"}],"version-history":[{"count":3,"href":"https:\/\/agora.xtec.cat\/ies-mollerussa\/wp-json\/wp\/v2\/pages\/2822\/revisions"}],"predecessor-version":[{"id":5577,"href":"https:\/\/agora.xtec.cat\/ies-mollerussa\/wp-json\/wp\/v2\/pages\/2822\/revisions\/5577"}],"wp:attachment":[{"href":"https:\/\/agora.xtec.cat\/ies-mollerussa\/wp-json\/wp\/v2\/media?parent=2822"}],"curies":[{"name":"wp","href":"https:\/\/api.w.org\/{rel}","templated":true}]}}