{"id":9386,"date":"2024-05-25T21:07:25","date_gmt":"2024-05-25T19:07:25","guid":{"rendered":"https:\/\/agora.xtec.cat\/ies-miquel-tarradell\/?page_id=9386"},"modified":"2025-07-07T14:58:56","modified_gmt":"2025-07-07T12:58:56","slug":"coneix-la-nostra-oferta-publica-be_pro","status":"publish","type":"page","link":"https:\/\/agora.xtec.cat\/ies-miquel-tarradell\/futur-alumnat\/coneix-la-nostra-oferta-publica-be_pro\/","title":{"rendered":"Oferta p\u00fablica d&#8217;ensenyaments professionalitzadors Be_Pro"},"content":{"rendered":"\n<h3 class=\"wp-block-heading\">Coneix la nostra oferta <strong>p\u00fablica<\/strong> de cicles formatius de la <strong>xarxa Be_Pro<\/strong> &#8211; Barcelona Ensenyaments Professionalitzadors de l&#8217;INS Miquel Tarradell<\/h3>\n\n\n\n<ul class=\"wp-block-list\">\n<li><a href=\"https:\/\/agora.xtec.cat\/ies-miquel-tarradell\/estudis-ofertats\/cicles-formatius\/tapsd\/\" target=\"_blank\" rel=\"noopener\">Cicle Formatiu de <strong>Grau Mitj\u00e0 d&#8217;Atenci\u00f3 a Persones en Situaci\u00f3 de Depend\u00e8ncia<\/strong><\/a><\/li>\n\n\n\n<li><a href=\"https:\/\/agora.xtec.cat\/ies-miquel-tarradell\/estudis-ofertats\/cicles-formatius\/tis\/\" target=\"_blank\" rel=\"noopener\">Cicle Formatiu de <strong>Grau Superior d&#8217;Integraci\u00f3 Social<\/strong><\/a><\/li>\n\n\n\n<li><a href=\"https:\/\/agora.xtec.cat\/ies-miquel-tarradell\/estudis-ofertats\/cicles-formatius\/tei\/\" target=\"_blank\" rel=\"noopener\">Cicle Formatiu de <strong>Grau Superior d&#8217;Educaci\u00f3 Infantil<\/strong><\/a><\/li>\n<\/ul>\n\n\n\n<center><\/center>\n\n\n\n<center><iframe loading=\"lazy\" title=\"YouTube video player\" src=\"https:\/\/www.youtube.com\/embed\/pMCeFH0uwJE\" width=\"560\" height=\"315\" frameborder=\"0\" allowfullscreen=\"allowfullscreen\"><\/iframe><\/center>\n\n\n\n<center><iframe loading=\"lazy\" title=\"YouTube video player\" src=\"https:\/\/www.youtube.com\/embed\/wSV9egfFe5M\" width=\"560\" height=\"315\" frameborder=\"0\" allowfullscreen=\"allowfullscreen\"><\/iframe><\/center>\n\n\n\n<center><iframe loading=\"lazy\" title=\"YouTube video player\" src=\"https:\/\/www.youtube.com\/embed\/RnLsDgiDrno\" width=\"560\" height=\"315\" frameborder=\"0\" allowfullscreen=\"allowfullscreen\"><\/iframe><\/center>\n\n\n\n<h6 class=\"wp-block-heading has-text-align-center\">\u00a0Coneix l&#8217;INS Miquel Tarradell<\/h6>\n\n\n\n<p class=\"has-text-align-center\"><iframe loading=\"lazy\" title=\"YouTube video player\" src=\"https:\/\/www.youtube.com\/embed\/pyTb5Oar8Lk\" width=\"560\" height=\"315\" frameborder=\"0\" allowfullscreen=\"allowfullscreen\"><\/iframe><\/p>\n","protected":false},"excerpt":{"rendered":"<p>Coneix la nostra oferta p\u00fablica de cicles formatius de la xarxa Be_Pro &#8211; Barcelona Ensenyaments Professionalitzadors de l&#8217;INS Miquel Tarradell \u00a0Coneix l&#8217;INS Miquel Tarradell<\/p>\n","protected":false},"author":1,"featured_media":0,"parent":741,"menu_order":0,"comment_status":"closed","ping_status":"closed","template":"","meta":{"_bbp_topic_count":0,"_bbp_reply_count":0,"_bbp_total_topic_count":0,"_bbp_total_reply_count":0,"_bbp_voice_count":0,"_bbp_anonymous_reply_count":0,"_bbp_topic_count_hidden":0,"_bbp_reply_count_hidden":0,"_bbp_forum_subforum_count":0,"site-sidebar-layout":"default","site-content-layout":"","ast-site-content-layout":"default","site-content-style":"default","site-sidebar-style":"default","ast-global-header-display":"","ast-banner-title-visibility":"","ast-main-header-display":"","ast-hfb-above-header-display":"","ast-hfb-below-header-display":"","ast-hfb-mobile-header-display":"","site-post-title":"","ast-breadcrumbs-content":"","ast-featured-img":"","footer-sml-layout":"","theme-transparent-header-meta":"","adv-header-id-meta":"","stick-header-meta":"","header-above-stick-meta":"","header-main-stick-meta":"","header-below-stick-meta":"","astra-migrate-meta-layouts":"set","ast-page-background-enabled":"default","ast-page-background-meta":{"desktop":{"background-color":"var(--ast-global-color-4)","background-image":"","background-repeat":"repeat","background-position":"center center","background-size":"auto","background-attachment":"scroll","background-type":"","background-media":"","overlay-type":"","overlay-color":"","overlay-opacity":"","overlay-gradient":""},"tablet":{"background-color":"","background-image":"","background-repeat":"repeat","background-position":"center center","background-size":"auto","background-attachment":"scroll","background-type":"","background-media":"","overlay-type":"","overlay-color":"","overlay-opacity":"","overlay-gradient":""},"mobile":{"background-color":"","background-image":"","background-repeat":"repeat","background-position":"center center","background-size":"auto","background-attachment":"scroll","background-type":"","background-media":"","overlay-type":"","overlay-color":"","overlay-opacity":"","overlay-gradient":""}},"ast-content-background-meta":{"desktop":{"background-color":"var(--ast-global-color-5)","background-image":"","background-repeat":"repeat","background-position":"center center","background-size":"auto","background-attachment":"scroll","background-type":"","background-media":"","overlay-type":"","overlay-color":"","overlay-opacity":"","overlay-gradient":""},"tablet":{"background-color":"var(--ast-global-color-5)","background-image":"","background-repeat":"repeat","background-position":"center center","background-size":"auto","background-attachment":"scroll","background-type":"","background-media":"","overlay-type":"","overlay-color":"","overlay-opacity":"","overlay-gradient":""},"mobile":{"background-color":"var(--ast-global-color-5)","background-image":"","background-repeat":"repeat","background-position":"center center","background-size":"auto","background-attachment":"scroll","background-type":"","background-media":"","overlay-type":"","overlay-color":"","overlay-opacity":"","overlay-gradient":""}},"footnotes":""},"class_list":["post-9386","page","type-page","status-publish","hentry"],"post_mailing_queue_ids":[],"_links":{"self":[{"href":"https:\/\/agora.xtec.cat\/ies-miquel-tarradell\/wp-json\/wp\/v2\/pages\/9386","targetHints":{"allow":["GET"]}}],"collection":[{"href":"https:\/\/agora.xtec.cat\/ies-miquel-tarradell\/wp-json\/wp\/v2\/pages"}],"about":[{"href":"https:\/\/agora.xtec.cat\/ies-miquel-tarradell\/wp-json\/wp\/v2\/types\/page"}],"author":[{"embeddable":true,"href":"https:\/\/agora.xtec.cat\/ies-miquel-tarradell\/wp-json\/wp\/v2\/users\/1"}],"replies":[{"embeddable":true,"href":"https:\/\/agora.xtec.cat\/ies-miquel-tarradell\/wp-json\/wp\/v2\/comments?post=9386"}],"version-history":[{"count":7,"href":"https:\/\/agora.xtec.cat\/ies-miquel-tarradell\/wp-json\/wp\/v2\/pages\/9386\/revisions"}],"predecessor-version":[{"id":10079,"href":"https:\/\/agora.xtec.cat\/ies-miquel-tarradell\/wp-json\/wp\/v2\/pages\/9386\/revisions\/10079"}],"up":[{"embeddable":true,"href":"https:\/\/agora.xtec.cat\/ies-miquel-tarradell\/wp-json\/wp\/v2\/pages\/741"}],"wp:attachment":[{"href":"https:\/\/agora.xtec.cat\/ies-miquel-tarradell\/wp-json\/wp\/v2\/media?parent=9386"}],"curies":[{"name":"wp","href":"https:\/\/api.w.org\/{rel}","templated":true}]}}