{"id":8948,"date":"2024-02-28T20:03:10","date_gmt":"2024-02-28T19:03:10","guid":{"rendered":"https:\/\/agora.xtec.cat\/ies-miquel-tarradell\/?page_id=8948"},"modified":"2025-04-03T09:29:20","modified_gmt":"2025-04-03T07:29:20","slug":"portes-obertes-a-estudis-de-batxillerat","status":"publish","type":"page","link":"https:\/\/agora.xtec.cat\/ies-miquel-tarradell\/portes-obertes\/portes-obertes-a-estudis-de-batxillerat\/","title":{"rendered":"Portes obertes a estudis de Batxillerat"},"content":{"rendered":"<p>Us convidem a la jornada de portes obertes de <strong>Batxillerat<\/strong> del nostre institut. Ser\u00e0 una oportunitat per con\u00e8ixer el nostre projecte educatiu, les instal\u00b7lacions i resoldre qualsevol dubte sobre el proc\u00e9s de preinscripci\u00f3.<\/p>\n<p><strong>Batxillerat Human\u00edstic-social i Cient\u00edfic-tecnol\u00f2gic:<\/strong><\/p>\n<p>\ud83d\udcc5 Data: Dimarts, 25 de mar\u00e7 de 2025<br \/>\n\ud83d\udd60 Hora: 16:00 h<br \/>\n\ud83d\udccd Lloc: Institut Miquel Tarradell \u2013 Carrer dels \u00c0ngels, 1 bis, Barcelona<br \/>\n\u270d\ufe0f Inscripci\u00f3 pr\u00e8via obligat\u00f2ria mitjan\u00e7ant el formulari seg\u00fcent:\u00a0<a href=\"https:\/\/docs.google.com\/forms\/d\/e\/1FAIpQLSeztvFSaFl2vmbHo42AhC2rXv1huF9HVqis8-ZIyd2If_cWPw\/viewform\">Enlla\u00e7 al formulari<\/a><\/p>\n<p><strong>Batxillerat Professionalitzador Serveis a la Comunitat:<\/strong><\/p>\n<p>\ud83d\udcc5 Data: Dimarts, 25 de mar\u00e7 de 2025<br \/>\n\ud83d\udd60 Hora: 17:30 h<br \/>\n\ud83d\udccd Lloc: Institut Miquel Tarradell \u2013 Carrer dels \u00c0ngels, 1 bis, Barcelona<br \/>\n\u270d\ufe0f Inscripci\u00f3 pr\u00e8via obligat\u00f2ria mitjan\u00e7ant el formulari seg\u00fcent:\u00a0<a href=\"https:\/\/docs.google.com\/forms\/d\/e\/1FAIpQLSeztvFSaFl2vmbHo42AhC2rXv1huF9HVqis8-ZIyd2If_cWPw\/viewform\">Enlla\u00e7 al formulari<\/a><\/p>\n<hr \/>\n<p>Per a saber m\u00e9s informaci\u00f3:<\/p>\n<ul>\n<li>Informaci\u00f3 sobre la preinscripci\u00f3 pel curs 2025-26 ==&gt; <strong style=\"font-family: inherit; font-size: 1em;\"><a href=\"https:\/\/www.edubcn.cat\/ca\/alumnat_i_familia\/informacio_general_matriculacio\/preinscripcio_info\">enlla\u00e7<\/a><\/strong><\/li>\n<li>Correu consultes de l&#8217;institut: portesobertes@instarradell.cat<\/li>\n<\/ul>\n<hr \/>\n<div>\n<h4 style=\"text-align: left;\"><strong>Consulta els itineraris del Batxillerat a l&#8217;INS Miquel Tarradell: <\/strong><\/h4>\n<ul>\n<li style=\"text-align: left;\"><span style=\"color: #000000;\"><a style=\"color: #000000;\" href=\"https:\/\/agora.xtec.cat\/ies-miquel-tarradell\/wp-content\/uploads\/usu83\/2025\/03\/Informacio-Batxi.pdf\">Informaci\u00f3 Batxillerat<\/a><\/span><\/li>\n<\/ul>\n<\/div>\n<div style=\"position: relative; width: 100%; height: 0; padding-top: 56.2500%; padding-bottom: 0; box-shadow: 0 2px 8px 0 rgba(63,69,81,0.16); margin-top: 1.6em; margin-bottom: 0.9em; overflow: hidden; border-radius: 8px; will-change: transform;\"><iframe style=\"position: absolute; width: 100%; height: 100%; top: 0; left: 0; border: none; padding: 0; margin: 0;\" src=\"https:\/\/www.canva.com\/design\/DAD8DrYZgho\/Sp-G1zYu_qd6fPz55VQm7Q\/view?embed\" allowfullscreen=\"allowfullscreen\"><br \/>\n<\/iframe><\/div>\n<h3><\/h3>\n<hr \/>\n<h4 style=\"text-align: left;\"><strong>El Batxillerat a l&#8217;INS Miquel Tarradell<\/strong><\/h4>\n<h4 style=\"text-align: left;\"><iframe loading=\"lazy\" title=\"YouTube video player\" src=\"https:\/\/www.youtube.com\/embed\/cSq_AUHAKpU\" width=\"560\" height=\"315\" frameborder=\"0\" allowfullscreen=\"allowfullscreen\"><\/iframe><\/h4>\n<h4 style=\"text-align: left;\"><\/h4>\n<p style=\"text-align: center;\">\n","protected":false},"excerpt":{"rendered":"<p>Us convidem a la jornada de portes obertes de Batxillerat del nostre institut. Ser\u00e0 una oportunitat per con\u00e8ixer el nostre projecte educatiu, les instal\u00b7lacions i resoldre qualsevol dubte sobre el proc\u00e9s de preinscripci\u00f3. Batxillerat Human\u00edstic-social i Cient\u00edfic-tecnol\u00f2gic: \ud83d\udcc5 Data: Dimarts, 25 de mar\u00e7 de 2025 \ud83d\udd60 Hora: 16:00 h \ud83d\udccd Lloc: Institut Miquel Tarradell \u2013 [&hellip;]<\/p>\n","protected":false},"author":1,"featured_media":0,"parent":745,"menu_order":5,"comment_status":"closed","ping_status":"closed","template":"page-templates\/side-menu.php","meta":{"_bbp_topic_count":0,"_bbp_reply_count":0,"_bbp_total_topic_count":0,"_bbp_total_reply_count":0,"_bbp_voice_count":0,"_bbp_anonymous_reply_count":0,"_bbp_topic_count_hidden":0,"_bbp_reply_count_hidden":0,"_bbp_forum_subforum_count":0,"site-sidebar-layout":"default","site-content-layout":"","ast-site-content-layout":"","site-content-style":"default","site-sidebar-style":"default","ast-global-header-display":"","ast-banner-title-visibility":"","ast-main-header-display":"","ast-hfb-above-header-display":"","ast-hfb-below-header-display":"","ast-hfb-mobile-header-display":"","site-post-title":"","ast-breadcrumbs-content":"","ast-featured-img":"","footer-sml-layout":"","theme-transparent-header-meta":"","adv-header-id-meta":"","stick-header-meta":"","header-above-stick-meta":"","header-main-stick-meta":"","header-below-stick-meta":"","astra-migrate-meta-layouts":"default","ast-page-background-enabled":"default","ast-page-background-meta":{"desktop":{"background-color":"var(--ast-global-color-4)","background-image":"","background-repeat":"repeat","background-position":"center center","background-size":"auto","background-attachment":"scroll","background-type":"","background-media":"","overlay-type":"","overlay-color":"","overlay-opacity":"","overlay-gradient":""},"tablet":{"background-color":"","background-image":"","background-repeat":"repeat","background-position":"center center","background-size":"auto","background-attachment":"scroll","background-type":"","background-media":"","overlay-type":"","overlay-color":"","overlay-opacity":"","overlay-gradient":""},"mobile":{"background-color":"","background-image":"","background-repeat":"repeat","background-position":"center center","background-size":"auto","background-attachment":"scroll","background-type":"","background-media":"","overlay-type":"","overlay-color":"","overlay-opacity":"","overlay-gradient":""}},"ast-content-background-meta":{"desktop":{"background-color":"var(--ast-global-color-5)","background-image":"","background-repeat":"repeat","background-position":"center center","background-size":"auto","background-attachment":"scroll","background-type":"","background-media":"","overlay-type":"","overlay-color":"","overlay-opacity":"","overlay-gradient":""},"tablet":{"background-color":"var(--ast-global-color-5)","background-image":"","background-repeat":"repeat","background-position":"center center","background-size":"auto","background-attachment":"scroll","background-type":"","background-media":"","overlay-type":"","overlay-color":"","overlay-opacity":"","overlay-gradient":""},"mobile":{"background-color":"var(--ast-global-color-5)","background-image":"","background-repeat":"repeat","background-position":"center center","background-size":"auto","background-attachment":"scroll","background-type":"","background-media":"","overlay-type":"","overlay-color":"","overlay-opacity":"","overlay-gradient":""}},"footnotes":""},"class_list":["post-8948","page","type-page","status-publish","hentry"],"post_mailing_queue_ids":[],"_links":{"self":[{"href":"https:\/\/agora.xtec.cat\/ies-miquel-tarradell\/wp-json\/wp\/v2\/pages\/8948","targetHints":{"allow":["GET"]}}],"collection":[{"href":"https:\/\/agora.xtec.cat\/ies-miquel-tarradell\/wp-json\/wp\/v2\/pages"}],"about":[{"href":"https:\/\/agora.xtec.cat\/ies-miquel-tarradell\/wp-json\/wp\/v2\/types\/page"}],"author":[{"embeddable":true,"href":"https:\/\/agora.xtec.cat\/ies-miquel-tarradell\/wp-json\/wp\/v2\/users\/1"}],"replies":[{"embeddable":true,"href":"https:\/\/agora.xtec.cat\/ies-miquel-tarradell\/wp-json\/wp\/v2\/comments?post=8948"}],"version-history":[{"count":6,"href":"https:\/\/agora.xtec.cat\/ies-miquel-tarradell\/wp-json\/wp\/v2\/pages\/8948\/revisions"}],"predecessor-version":[{"id":9934,"href":"https:\/\/agora.xtec.cat\/ies-miquel-tarradell\/wp-json\/wp\/v2\/pages\/8948\/revisions\/9934"}],"up":[{"embeddable":true,"href":"https:\/\/agora.xtec.cat\/ies-miquel-tarradell\/wp-json\/wp\/v2\/pages\/745"}],"wp:attachment":[{"href":"https:\/\/agora.xtec.cat\/ies-miquel-tarradell\/wp-json\/wp\/v2\/media?parent=8948"}],"curies":[{"name":"wp","href":"https:\/\/api.w.org\/{rel}","templated":true}]}}