{"id":830,"date":"2020-06-15T18:59:37","date_gmt":"2020-06-15T16:59:37","guid":{"rendered":"http:\/\/agora.xtec.cat\/ies-miquel-tarradell\/?page_id=830"},"modified":"2026-02-12T11:18:56","modified_gmt":"2026-02-12T10:18:56","slug":"projecte-de-lectura","status":"publish","type":"page","link":"https:\/\/agora.xtec.cat\/ies-miquel-tarradell\/projectes\/projectes-eso\/projecte-de-lectura\/","title":{"rendered":"Projecte de lectura"},"content":{"rendered":"\n<h2 class=\"wp-block-heading has-ast-global-color-1-color has-text-color has-link-color wp-elements-b5973ed03bc89fe2a3c0f75bd283c6ca\">Projecte de lectura<\/h2>\n\n\n\n<figure class=\"wp-block-image alignleft is-resized has-custom-border\"><img loading=\"lazy\" decoding=\"async\" width=\"636\" height=\"322\" src=\"https:\/\/agora.xtec.cat\/ies-miquel-tarradell\/wp-content\/uploads\/usu83\/2022\/12\/Captura-de-pantalla-2020-04-16-a-las-17.47.41.png\" alt=\"\" class=\"wp-image-6810\" style=\"border-width:4px;width:284px;height:auto\" srcset=\"https:\/\/agora.xtec.cat\/ies-miquel-tarradell\/wp-content\/uploads\/usu83\/2022\/12\/Captura-de-pantalla-2020-04-16-a-las-17.47.41.png 636w, https:\/\/agora.xtec.cat\/ies-miquel-tarradell\/wp-content\/uploads\/usu83\/2022\/12\/Captura-de-pantalla-2020-04-16-a-las-17.47.41-300x152.png 300w\" sizes=\"auto, (max-width: 636px) 100vw, 636px\" \/><\/figure>\n\n\n\n<p class=\"has-medium-font-size\">Tot l\u2019alumnat d&#8217;ESO i Batxillerat als matins a l&#8217;INS Miquel Tarradell t\u00e9 incl\u00f2s en el seu horari lectiu mitja hora di\u00e0ria de lectura. Depenent del nivel educatiu, aquesta mitja hora \u00e9s gestionada i dinamitzada de manera diferent. El temps durant aquesta franja \u00e9s exclusivament dedicat a llegir o a una activitat relacionada amb la lectura.<\/p>\n\n\n\n<p class=\"has-medium-font-size\">L&#8217;activitat desenvolupada per l&#8217;alumnat en aquesta mitja hora de lectura varia en funci\u00f3 del nivell.<\/p>\n\n\n\n<p class=\"has-medium-font-size\">A l&#8217;ESO , la nostra coordinadora de lectura recull les demandes per tutories, va a comprar els llibres amb alguns alumnes i despr\u00e9s es presenten les novetats a les classes&nbsp; .Tamb\u00e9 participen de clubs de lectura: autors a les aules, BCNegra , on a m\u00e9s de llegir tenen la possibilita de comentar amb l\u2019autor de l\u2019obra.<\/p>\n\n\n\n<p class=\"has-medium-font-size\">A Batxillerat &nbsp;aprofitem per fer la lectura comentada d\u2019aquelles obres oblig\u00e0tories de catal\u00e0, castell\u00e0 i angl\u00e8s d\u2019aquest nivel educatiu.<\/p>\n","protected":false},"excerpt":{"rendered":"<p>Projecte de lectura Tot l\u2019alumnat d&#8217;ESO i Batxillerat als matins a l&#8217;INS Miquel Tarradell t\u00e9 incl\u00f2s en el seu horari lectiu mitja hora di\u00e0ria de lectura. Depenent del nivel educatiu, aquesta mitja hora \u00e9s gestionada i dinamitzada de manera diferent. El temps durant aquesta franja \u00e9s exclusivament dedicat a llegir o a una activitat relacionada [&hellip;]<\/p>\n","protected":false},"author":1,"featured_media":0,"parent":1423,"menu_order":3,"comment_status":"closed","ping_status":"closed","template":"","meta":{"_bbp_topic_count":0,"_bbp_reply_count":0,"_bbp_total_topic_count":0,"_bbp_total_reply_count":0,"_bbp_voice_count":0,"_bbp_anonymous_reply_count":0,"_bbp_topic_count_hidden":0,"_bbp_reply_count_hidden":0,"_bbp_forum_subforum_count":0,"site-sidebar-layout":"default","site-content-layout":"","ast-site-content-layout":"default","site-content-style":"default","site-sidebar-style":"default","ast-global-header-display":"","ast-banner-title-visibility":"","ast-main-header-display":"","ast-hfb-above-header-display":"","ast-hfb-below-header-display":"","ast-hfb-mobile-header-display":"","site-post-title":"disabled","ast-breadcrumbs-content":"","ast-featured-img":"","footer-sml-layout":"","theme-transparent-header-meta":"","adv-header-id-meta":"","stick-header-meta":"","header-above-stick-meta":"","header-main-stick-meta":"","header-below-stick-meta":"","astra-migrate-meta-layouts":"set","ast-page-background-enabled":"default","ast-page-background-meta":{"desktop":{"background-color":"var(--ast-global-color-4)","background-image":"","background-repeat":"repeat","background-position":"center center","background-size":"auto","background-attachment":"scroll","background-type":"","background-media":"","overlay-type":"","overlay-color":"","overlay-opacity":"","overlay-gradient":""},"tablet":{"background-color":"","background-image":"","background-repeat":"repeat","background-position":"center center","background-size":"auto","background-attachment":"scroll","background-type":"","background-media":"","overlay-type":"","overlay-color":"","overlay-opacity":"","overlay-gradient":""},"mobile":{"background-color":"","background-image":"","background-repeat":"repeat","background-position":"center center","background-size":"auto","background-attachment":"scroll","background-type":"","background-media":"","overlay-type":"","overlay-color":"","overlay-opacity":"","overlay-gradient":""}},"ast-content-background-meta":{"desktop":{"background-color":"var(--ast-global-color-5)","background-image":"","background-repeat":"repeat","background-position":"center center","background-size":"auto","background-attachment":"scroll","background-type":"","background-media":"","overlay-type":"","overlay-color":"","overlay-opacity":"","overlay-gradient":""},"tablet":{"background-color":"var(--ast-global-color-5)","background-image":"","background-repeat":"repeat","background-position":"center center","background-size":"auto","background-attachment":"scroll","background-type":"","background-media":"","overlay-type":"","overlay-color":"","overlay-opacity":"","overlay-gradient":""},"mobile":{"background-color":"var(--ast-global-color-5)","background-image":"","background-repeat":"repeat","background-position":"center center","background-size":"auto","background-attachment":"scroll","background-type":"","background-media":"","overlay-type":"","overlay-color":"","overlay-opacity":"","overlay-gradient":""}},"footnotes":""},"class_list":["post-830","page","type-page","status-publish","hentry"],"post_mailing_queue_ids":[],"_links":{"self":[{"href":"https:\/\/agora.xtec.cat\/ies-miquel-tarradell\/wp-json\/wp\/v2\/pages\/830","targetHints":{"allow":["GET"]}}],"collection":[{"href":"https:\/\/agora.xtec.cat\/ies-miquel-tarradell\/wp-json\/wp\/v2\/pages"}],"about":[{"href":"https:\/\/agora.xtec.cat\/ies-miquel-tarradell\/wp-json\/wp\/v2\/types\/page"}],"author":[{"embeddable":true,"href":"https:\/\/agora.xtec.cat\/ies-miquel-tarradell\/wp-json\/wp\/v2\/users\/1"}],"replies":[{"embeddable":true,"href":"https:\/\/agora.xtec.cat\/ies-miquel-tarradell\/wp-json\/wp\/v2\/comments?post=830"}],"version-history":[{"count":6,"href":"https:\/\/agora.xtec.cat\/ies-miquel-tarradell\/wp-json\/wp\/v2\/pages\/830\/revisions"}],"predecessor-version":[{"id":11263,"href":"https:\/\/agora.xtec.cat\/ies-miquel-tarradell\/wp-json\/wp\/v2\/pages\/830\/revisions\/11263"}],"up":[{"embeddable":true,"href":"https:\/\/agora.xtec.cat\/ies-miquel-tarradell\/wp-json\/wp\/v2\/pages\/1423"}],"wp:attachment":[{"href":"https:\/\/agora.xtec.cat\/ies-miquel-tarradell\/wp-json\/wp\/v2\/media?parent=830"}],"curies":[{"name":"wp","href":"https:\/\/api.w.org\/{rel}","templated":true}]}}