{"id":828,"date":"2020-06-15T18:59:09","date_gmt":"2020-06-15T16:59:09","guid":{"rendered":"http:\/\/agora.xtec.cat\/ies-miquel-tarradell\/?page_id=828"},"modified":"2026-02-23T19:46:47","modified_gmt":"2026-02-23T18:46:47","slug":"erasmus","status":"publish","type":"page","link":"https:\/\/agora.xtec.cat\/ies-miquel-tarradell\/projectes\/projectes-cicles-formatius\/erasmus\/","title":{"rendered":"Mobilitat internacional &#8211; ERASMUS +"},"content":{"rendered":"\n<figure class=\"wp-block-image is-resized\"><a href=\"https:\/\/agora.xtec.cat\/ies-miquel-tarradell\/wp-content\/uploads\/usu83\/2021\/02\/EU-flag-Erasmus.png\"><img loading=\"lazy\" decoding=\"async\" width=\"943\" height=\"269\" src=\"https:\/\/agora.xtec.cat\/ies-miquel-tarradell\/wp-content\/uploads\/usu83\/2021\/02\/EU-flag-Erasmus.png\" alt=\"\" class=\"wp-image-2649\" style=\"width:302px;height:auto\" srcset=\"https:\/\/agora.xtec.cat\/ies-miquel-tarradell\/wp-content\/uploads\/usu83\/2021\/02\/EU-flag-Erasmus.png 943w, https:\/\/agora.xtec.cat\/ies-miquel-tarradell\/wp-content\/uploads\/usu83\/2021\/02\/EU-flag-Erasmus-300x86.png 300w, https:\/\/agora.xtec.cat\/ies-miquel-tarradell\/wp-content\/uploads\/usu83\/2021\/02\/EU-flag-Erasmus-768x219.png 768w\" sizes=\"auto, (max-width: 943px) 100vw, 943px\" \/><\/a><\/figure>\n\n\n\n<p><a href=\"https:\/\/agora.xtec.cat\/ies-miquel-tarradell\/projectes\/projectes-cicles-formatius\/erasmus\/carta-eche\/\"><strong>ECHE (Erasmus Charter for Higher Education \/ Carta Erasmus d&#8217;Educaci\u00f3 Superior) : clica aqu\u00ed<\/strong><\/a><\/p>\n\n\n\n<p><strong>Places Erasmus + (2025-26) : 2 places pel CFGS Integraci\u00f3 Social, 2 places pel CFGS d&#8217;Educaci\u00f3 Infantil i 2 places per CFGM d&#8217;Atenci\u00f3 a Persones en Situaci\u00f3 de Depend\u00e8ncia a  les ciutats europees : Lisboa, Nuremberg i Bolonya. <\/strong><\/p>\n\n\n\n<div class=\"wp-block-columns are-vertically-aligned-center has-white-color has-ast-global-color-1-background-color has-text-color has-background has-link-color has-small-font-size wp-elements-b06b49dfb2a42a0c2776ddba2c8d0123 is-layout-flex wp-container-core-columns-is-layout-1 wp-block-columns-is-layout-flex\" style=\"padding-top:var(--wp--preset--spacing--20);padding-bottom:var(--wp--preset--spacing--20)\">\n<div class=\"wp-block-column is-vertically-aligned-center has-medium-font-size is-layout-flow wp-block-column-is-layout-flow\" style=\"flex-basis:33.33%\">\n<p class=\"has-text-align-center has-medium-font-size\">Resultats selecci\u00f3 alumnat beques ERASMUS+<\/p>\n\n\n\n<p class=\"has-text-align-center has-medium-font-size\">Publicaci\u00f3: Febrer de 2026<\/p>\n<\/div>\n\n\n\n<div class=\"wp-block-column is-vertically-aligned-center has-cyan-bluish-gray-background-color has-background has-medium-font-size is-layout-flow wp-block-column-is-layout-flow\" style=\"flex-basis:66.66%\">\n<ul class=\"wp-block-list\">\n<li> <a href=\"https:\/\/drive.google.com\/file\/d\/1UH2x5mvkaXYSO9a2DKvZfFYdauqfDxY0\/view?usp=sharing\" target=\"_blank\" rel=\"noreferrer noopener\">Resultats selecci\u00f3 alumnat Beques Departament  CFGS Educaci\u00f3 Infantil<\/a> <\/li>\n\n\n\n<li> <a href=\"https:\/\/drive.google.com\/file\/d\/1f5o07D0QpZa6CkLngCkw0TsvkLdHRpal\/view?usp=sharing\" target=\"_blank\" rel=\"noreferrer noopener\">Resultats selecci\u00f3 alumnat Beques Departament CFGS Integraci\u00f3 Social <\/a><\/li>\n<\/ul>\n<\/div>\n<\/div>\n\n\n\n<hr class=\"wp-block-separator has-alpha-channel-opacity\"\/>\n\n\n\n<p>Entenem que la mobilitat en els processos formatius \u00e9s una estrat\u00e8gia fonamental que permet a les persones que hi participen millorar les seves compet\u00e8ncies professionals i personals, aix\u00ed com millorar la seva ocupabilitat les compet\u00e8ncies ling\u00fc\u00edstiques. La mobilitat d\u2019estudiants i professors \u00e9s una de les eines fonamentals per a la modernitzaci\u00f3 de l\u2019educaci\u00f3 i la millora de la qualitat educativa.<\/p>\n\n\n\n<p>Des del curs 2007, l\u2019INS Miquel Tarradell disposa de la Carta ERASMUS, el que ens permet oferir beques per a que alguns dels nostres alumnes dels cicles formatius de grau mitj\u00e0 i superior del nostre institut puguin realitzar part del m\u00f2dul professional de Formaci\u00f3 en Centres de Treball (pr\u00e0ctiques) en empreses de pa\u00efsos de la Uni\u00f3 Europea. El curs 2016-2017 hem iniciat els nostres projectes propis: organitzaci\u00f3 de forma aut\u00f2noma d&#8217;algunes estades ERASMUS+.<\/p>\n\n\n\n<p>L\u2019institut tamb\u00e9 \u00e9s soci de dos consorcis: Departament d\u2019Ensenyament (\u201cRegional Ministry of Education\u201d) i consorci Erasmus per a pr\u00e0ctiques en empreses, coordinat per la Fundaci\u00f3 BCN Formaci\u00f3 Professional. Aquests dos consorcis proposen i desenvolupen diferents Projectes de mobilitat i formaci\u00f3 als quals tamb\u00e9 tenen acc\u00e9s el nostre alumnat de cicles formatius tant de grau mitj\u00e0 com de grau superior.<\/p>\n\n\n\n<figure class=\"wp-block-image aligncenter\"><a href=\"https:\/\/agora.xtec.cat\/ies-miquel-tarradell\/wp-content\/uploads\/usu83\/2020\/06\/Erasmus.jpg\"><img loading=\"lazy\" decoding=\"async\" width=\"800\" height=\"449\" src=\"https:\/\/agora.xtec.cat\/ies-miquel-tarradell\/wp-content\/uploads\/usu83\/2020\/06\/Erasmus.jpg\" alt=\"\" class=\"wp-image-853\" srcset=\"https:\/\/agora.xtec.cat\/ies-miquel-tarradell\/wp-content\/uploads\/usu83\/2020\/06\/Erasmus.jpg 800w, https:\/\/agora.xtec.cat\/ies-miquel-tarradell\/wp-content\/uploads\/usu83\/2020\/06\/Erasmus-300x168.jpg 300w, https:\/\/agora.xtec.cat\/ies-miquel-tarradell\/wp-content\/uploads\/usu83\/2020\/06\/Erasmus-768x431.jpg 768w\" sizes=\"auto, (max-width: 800px) 100vw, 800px\" \/><\/a><\/figure>\n\n\n\n<p><\/p>\n\n\n\n\r\n\t<div class=\"slideshow_container slideshow_container_style-light\" style=\"height: 200px; \" data-slideshow-id=\"2193\" data-style-name=\"style-light\" data-style-version=\"2.3.1\" data-settings=\"{&quot;animation&quot;:&quot;slide&quot;,&quot;slideSpeed&quot;:&quot;1&quot;,&quot;descriptionSpeed&quot;:&quot;0.4&quot;,&quot;intervalSpeed&quot;:&quot;5&quot;,&quot;slidesPerView&quot;:&quot;4&quot;,&quot;maxWidth&quot;:&quot;0&quot;,&quot;aspectRatio&quot;:&quot;3:1&quot;,&quot;height&quot;:&quot;200&quot;,&quot;imageBehaviour&quot;:&quot;crop&quot;,&quot;showDescription&quot;:&quot;false&quot;,&quot;hideDescription&quot;:&quot;true&quot;,&quot;preserveSlideshowDimensions&quot;:&quot;false&quot;,&quot;enableResponsiveness&quot;:&quot;true&quot;,&quot;play&quot;:&quot;true&quot;,&quot;loop&quot;:&quot;true&quot;,&quot;pauseOnHover&quot;:&quot;true&quot;,&quot;controllable&quot;:&quot;true&quot;,&quot;hideNavigationButtons&quot;:&quot;true&quot;,&quot;showPagination&quot;:&quot;true&quot;,&quot;hidePagination&quot;:&quot;true&quot;,&quot;controlPanel&quot;:&quot;true&quot;,&quot;hideControlPanel&quot;:&quot;true&quot;,&quot;waitUntilLoaded&quot;:&quot;true&quot;,&quot;showLoadingIcon&quot;:&quot;true&quot;,&quot;random&quot;:&quot;false&quot;,&quot;avoidFilter&quot;:&quot;true&quot;}\">\r\n\r\n\t\t\t\t\t<div class=\"slideshow_loading_icon\"><\/div>\r\n\t\t\r\n\t\t<div class=\"slideshow_content\" style=\"display: none;\">\r\n\r\n\t\t\t<div class=\"slideshow_view\">\r\n\t\t\t\t<div class=\"slideshow_slide slideshow_slide_image\">\r\n\t\t\t\t\t\t\t\t\t\t\t<img src=\"https:\/\/agora.xtec.cat\/ies-miquel-tarradell\/wp-content\/uploads\/usu83\/2021\/02\/IMG_20190530_132644.jpg\" alt=\"IMG_20190530_132644\" width=\"1944\" height=\"2592\" \/>\r\n\t\t\t\t\t\t\t\t\t\t<div class=\"slideshow_description_box slideshow_transparent\">\r\n\t\t\t\t\t\t<div class=\"slideshow_title\">IMG_20190530_132644<\/div>\t\t\t\t\t\t\t\t\t\t\t<\/div>\r\n\t\t\t\t<\/div>\r\n\r\n\t\t\t\t\t\t\r\n\t\t\t\t<div class=\"slideshow_slide slideshow_slide_image\">\r\n\t\t\t\t\t\t\t\t\t\t\t<img src=\"https:\/\/agora.xtec.cat\/ies-miquel-tarradell\/wp-content\/uploads\/usu83\/2021\/02\/IMG_20190502_215513.jpg\" alt=\"IMG_20190502_215513\" width=\"3264\" height=\"2448\" \/>\r\n\t\t\t\t\t\t\t\t\t\t<div class=\"slideshow_description_box slideshow_transparent\">\r\n\t\t\t\t\t\t<div class=\"slideshow_title\">IMG_20190502_215513<\/div>\t\t\t\t\t\t\t\t\t\t\t<\/div>\r\n\t\t\t\t<\/div>\r\n\r\n\t\t\t\t\t\t\r\n\t\t\t\t<div class=\"slideshow_slide slideshow_slide_image\">\r\n\t\t\t\t\t\t\t\t\t\t\t<img src=\"https:\/\/agora.xtec.cat\/ies-miquel-tarradell\/wp-content\/uploads\/usu83\/2021\/02\/IMG_20180529_203453.jpg\" alt=\"IMG_20180529_203453\" width=\"3264\" height=\"2448\" \/>\r\n\t\t\t\t\t\t\t\t\t\t<div class=\"slideshow_description_box slideshow_transparent\">\r\n\t\t\t\t\t\t<div class=\"slideshow_title\">IMG_20180529_203453<\/div>\t\t\t\t\t\t\t\t\t\t\t<\/div>\r\n\t\t\t\t<\/div>\r\n\r\n\t\t\t\t\t\t\r\n\t\t\t\t<div class=\"slideshow_slide slideshow_slide_image\">\r\n\t\t\t\t\t\t\t\t\t\t\t<img src=\"https:\/\/agora.xtec.cat\/ies-miquel-tarradell\/wp-content\/uploads\/usu83\/2021\/02\/IMG_20180529_055055.jpg\" alt=\"IMG_20180529_055055\" width=\"2592\" height=\"1944\" \/>\r\n\t\t\t\t\t\t\t\t\t\t<div class=\"slideshow_description_box slideshow_transparent\">\r\n\t\t\t\t\t\t<div class=\"slideshow_title\">IMG_20180529_055055<\/div>\t\t\t\t\t\t\t\t\t\t\t<\/div>\r\n\t\t\t\t<\/div>\r\n\r\n\t\t\t\t\t\t<div style=\"clear: both;\"><\/div><\/div>\r\n\t\t<\/div>\r\n\r\n\t\t<div class=\"slideshow_controlPanel slideshow_transparent\" style=\"display: none;\"><ul><li class=\"slideshow_togglePlay\" data-play-text=\"Visualitza\" data-pause-text=\"Pausa\"><\/li><\/ul><\/div>\r\n\r\n\t\t<div class=\"slideshow_button slideshow_previous slideshow_transparent\" role=\"button\" data-previous-text=\"Anterior\" style=\"display: none;\"><\/div>\r\n\t\t<div class=\"slideshow_button slideshow_next slideshow_transparent\" role=\"button\" data-next-text=\"Seg\u00fcent\" style=\"display: none;\"><\/div>\r\n\r\n\t\t<div class=\"slideshow_pagination\" style=\"display: none;\" data-go-to-text=\"V\u00e9s a la diapositiva\"><div class=\"slideshow_pagination_center\"><\/div><\/div>\r\n\r\n\t\t<!-- WordPress Slideshow Version 2.3.1 -->\r\n\r\n\t\t\t<\/div>\r\n\r\n\n\n\n\n<p><strong>Projectes de mobilitat internacional finan\u00e7ats per:<\/strong><br><a href=\"https:\/\/agora.xtec.cat\/ies-miquel-tarradell\/wp-content\/uploads\/usu83\/2021\/01\/logo_color.jpg\"><img loading=\"lazy\" decoding=\"async\" class=\"alignnone wp-image-2099\" src=\"https:\/\/agora.xtec.cat\/ies-miquel-tarradell\/wp-content\/uploads\/usu83\/2021\/01\/logo_color.jpg\" alt=\"\" width=\"207\" height=\"35\" srcset=\"https:\/\/agora.xtec.cat\/ies-miquel-tarradell\/wp-content\/uploads\/usu83\/2021\/01\/logo_color.jpg 754w, https:\/\/agora.xtec.cat\/ies-miquel-tarradell\/wp-content\/uploads\/usu83\/2021\/01\/logo_color-300x51.jpg 300w\" sizes=\"auto, (max-width: 207px) 100vw, 207px\" \/><\/a> <a href=\"https:\/\/agora.xtec.cat\/ies-miquel-tarradell\/wp-content\/uploads\/usu83\/2021\/01\/FSE_amb_lema1.jpg_156532666.jpg\"><img loading=\"lazy\" decoding=\"async\" class=\"alignnone wp-image-2098\" src=\"https:\/\/agora.xtec.cat\/ies-miquel-tarradell\/wp-content\/uploads\/usu83\/2021\/01\/FSE_amb_lema1.jpg_156532666.jpg\" alt=\"\" width=\"181\" height=\"42\" srcset=\"https:\/\/agora.xtec.cat\/ies-miquel-tarradell\/wp-content\/uploads\/usu83\/2021\/01\/FSE_amb_lema1.jpg_156532666.jpg 500w, https:\/\/agora.xtec.cat\/ies-miquel-tarradell\/wp-content\/uploads\/usu83\/2021\/01\/FSE_amb_lema1.jpg_156532666-300x70.jpg 300w\" sizes=\"auto, (max-width: 181px) 100vw, 181px\" \/><\/a> <a href=\"https:\/\/agora.xtec.cat\/ies-miquel-tarradell\/wp-content\/uploads\/usu83\/2021\/01\/1024px-Logotipo_del_Ministerio_de_Educaci\u00f3n_y_Formaci\u00f3n_Profesional.svg_.png\"><img loading=\"lazy\" decoding=\"async\" class=\"alignnone wp-image-2097\" src=\"https:\/\/agora.xtec.cat\/ies-miquel-tarradell\/wp-content\/uploads\/usu83\/2021\/01\/1024px-Logotipo_del_Ministerio_de_Educaci\u00f3n_y_Formaci\u00f3n_Profesional.svg_-1024x256.png\" alt=\"\" width=\"176\" height=\"44\" srcset=\"https:\/\/agora.xtec.cat\/ies-miquel-tarradell\/wp-content\/uploads\/usu83\/2021\/01\/1024px-Logotipo_del_Ministerio_de_Educaci\u00f3n_y_Formaci\u00f3n_Profesional.svg_.png 1024w, https:\/\/agora.xtec.cat\/ies-miquel-tarradell\/wp-content\/uploads\/usu83\/2021\/01\/1024px-Logotipo_del_Ministerio_de_Educaci\u00f3n_y_Formaci\u00f3n_Profesional.svg_-300x75.png 300w, https:\/\/agora.xtec.cat\/ies-miquel-tarradell\/wp-content\/uploads\/usu83\/2021\/01\/1024px-Logotipo_del_Ministerio_de_Educaci\u00f3n_y_Formaci\u00f3n_Profesional.svg_-768x192.png 768w\" sizes=\"auto, (max-width: 176px) 100vw, 176px\" \/><\/a> <a href=\"https:\/\/agora.xtec.cat\/ies-miquel-tarradell\/wp-content\/uploads\/usu83\/2021\/01\/Logo-FBCNFP.jpg\"><img loading=\"lazy\" decoding=\"async\" class=\"alignnone wp-image-2104\" src=\"https:\/\/agora.xtec.cat\/ies-miquel-tarradell\/wp-content\/uploads\/usu83\/2021\/01\/Logo-FBCNFP.jpg\" alt=\"\" width=\"79\" height=\"73\"><\/a><\/p>\n","protected":false},"excerpt":{"rendered":"<p>ECHE (Erasmus Charter for Higher Education \/ Carta Erasmus d&#8217;Educaci\u00f3 Superior) : clica aqu\u00ed Places Erasmus + (2025-26) : 2 places pel CFGS Integraci\u00f3 Social, 2 places pel CFGS d&#8217;Educaci\u00f3 Infantil i 2 places per CFGM d&#8217;Atenci\u00f3 a Persones en Situaci\u00f3 de Depend\u00e8ncia a les ciutats europees : Lisboa, Nuremberg i Bolonya. Resultats selecci\u00f3 alumnat [&hellip;]<\/p>\n","protected":false},"author":1,"featured_media":0,"parent":1425,"menu_order":0,"comment_status":"closed","ping_status":"closed","template":"","meta":{"_bbp_topic_count":0,"_bbp_reply_count":0,"_bbp_total_topic_count":0,"_bbp_total_reply_count":0,"_bbp_voice_count":0,"_bbp_anonymous_reply_count":0,"_bbp_topic_count_hidden":0,"_bbp_reply_count_hidden":0,"_bbp_forum_subforum_count":0,"site-sidebar-layout":"default","site-content-layout":"","ast-site-content-layout":"default","site-content-style":"default","site-sidebar-style":"default","ast-global-header-display":"","ast-banner-title-visibility":"","ast-main-header-display":"","ast-hfb-above-header-display":"","ast-hfb-below-header-display":"","ast-hfb-mobile-header-display":"","site-post-title":"","ast-breadcrumbs-content":"","ast-featured-img":"","footer-sml-layout":"","theme-transparent-header-meta":"","adv-header-id-meta":"","stick-header-meta":"","header-above-stick-meta":"","header-main-stick-meta":"","header-below-stick-meta":"","astra-migrate-meta-layouts":"set","ast-page-background-enabled":"default","ast-page-background-meta":{"desktop":{"background-color":"var(--ast-global-color-4)","background-image":"","background-repeat":"repeat","background-position":"center center","background-size":"auto","background-attachment":"scroll","background-type":"","background-media":"","overlay-type":"","overlay-color":"","overlay-opacity":"","overlay-gradient":""},"tablet":{"background-color":"","background-image":"","background-repeat":"repeat","background-position":"center center","background-size":"auto","background-attachment":"scroll","background-type":"","background-media":"","overlay-type":"","overlay-color":"","overlay-opacity":"","overlay-gradient":""},"mobile":{"background-color":"","background-image":"","background-repeat":"repeat","background-position":"center center","background-size":"auto","background-attachment":"scroll","background-type":"","background-media":"","overlay-type":"","overlay-color":"","overlay-opacity":"","overlay-gradient":""}},"ast-content-background-meta":{"desktop":{"background-color":"var(--ast-global-color-5)","background-image":"","background-repeat":"repeat","background-position":"center center","background-size":"auto","background-attachment":"scroll","background-type":"","background-media":"","overlay-type":"","overlay-color":"","overlay-opacity":"","overlay-gradient":""},"tablet":{"background-color":"var(--ast-global-color-5)","background-image":"","background-repeat":"repeat","background-position":"center center","background-size":"auto","background-attachment":"scroll","background-type":"","background-media":"","overlay-type":"","overlay-color":"","overlay-opacity":"","overlay-gradient":""},"mobile":{"background-color":"var(--ast-global-color-5)","background-image":"","background-repeat":"repeat","background-position":"center center","background-size":"auto","background-attachment":"scroll","background-type":"","background-media":"","overlay-type":"","overlay-color":"","overlay-opacity":"","overlay-gradient":""}},"footnotes":""},"class_list":["post-828","page","type-page","status-publish","hentry"],"post_mailing_queue_ids":[],"_links":{"self":[{"href":"https:\/\/agora.xtec.cat\/ies-miquel-tarradell\/wp-json\/wp\/v2\/pages\/828","targetHints":{"allow":["GET"]}}],"collection":[{"href":"https:\/\/agora.xtec.cat\/ies-miquel-tarradell\/wp-json\/wp\/v2\/pages"}],"about":[{"href":"https:\/\/agora.xtec.cat\/ies-miquel-tarradell\/wp-json\/wp\/v2\/types\/page"}],"author":[{"embeddable":true,"href":"https:\/\/agora.xtec.cat\/ies-miquel-tarradell\/wp-json\/wp\/v2\/users\/1"}],"replies":[{"embeddable":true,"href":"https:\/\/agora.xtec.cat\/ies-miquel-tarradell\/wp-json\/wp\/v2\/comments?post=828"}],"version-history":[{"count":6,"href":"https:\/\/agora.xtec.cat\/ies-miquel-tarradell\/wp-json\/wp\/v2\/pages\/828\/revisions"}],"predecessor-version":[{"id":11348,"href":"https:\/\/agora.xtec.cat\/ies-miquel-tarradell\/wp-json\/wp\/v2\/pages\/828\/revisions\/11348"}],"up":[{"embeddable":true,"href":"https:\/\/agora.xtec.cat\/ies-miquel-tarradell\/wp-json\/wp\/v2\/pages\/1425"}],"wp:attachment":[{"href":"https:\/\/agora.xtec.cat\/ies-miquel-tarradell\/wp-json\/wp\/v2\/media?parent=828"}],"curies":[{"name":"wp","href":"https:\/\/api.w.org\/{rel}","templated":true}]}}